{"id":10967,"date":"2025-04-26T22:18:11","date_gmt":"2025-04-26T19:18:11","guid":{"rendered":"https:\/\/www.joinusexcursions.com\/?post_type=product&#038;p=10967"},"modified":"2026-04-13T20:42:44","modified_gmt":"2026-04-13T17:42:44","slug":"kemer-tazi-kanyonu-rafting","status":"publish","type":"product","link":"https:\/\/joinusexcursions.com\/tr\/tours\/kemer-tazi-canyon-rafting\/","title":{"rendered":"Kemer'den Taz\u0131 Kanyonu - Rafting Kombine Turu"},"content":{"rendered":"<p class=\"\" data-start=\"366\" data-end=\"418\"><strong data-start=\"366\" data-end=\"418\">Unutulmaz Bir Do\u011fa ve Macera Deneyimi<\/strong><\/p>\n<p class=\"\" data-start=\"420\" data-end=\"718\">Aksiyon, do\u011fa ve nefes kesici manzaralarla dolu bir g\u00fcne haz\u0131r olun! Bu tur, vah\u015fi g\u00fczelli\u011fi bir araya getiriyor <strong data-start=\"526\" data-end=\"541\">Taz\u0131 Kanyonu<\/strong>, heyecan\u0131 <strong data-start=\"557\" data-end=\"580\">Akarsu raftingi<\/strong> i\u00e7inde <strong data-start=\"584\" data-end=\"602\">K\u00f6pr\u00fcl\u00fc Kanyon<\/strong>, ve e\u011flencesi <strong data-start=\"621\" data-end=\"640\">4x4 Ciple Safari<\/strong> Toros Da\u011flar\u0131'ndan ge\u00e7erek \u2014 hepsi Kemer'den unutulmaz bir macera.<\/p>\n<hr class=\"\" data-start=\"720\" data-end=\"723\" \/>\n<p class=\"mhm-jue-internal-links\">B\u00f6lgede daha fazla macera m\u0131 ar\u0131yorsunuz? Tam listemizi ke\u015ffedin <a href=\"\/tr\/destinasyon\/kemer-turlari\/\">Kemer turlar\u0131<\/a> veya \u015funlara g\u00f6z at\u0131n <a href=\"\/tr\/turlar-2\/kemer-suluada-gunbatimi-tekne\/\">Kemer: Suluada Adas\u0131 G\u00fcn Bat\u0131m\u0131 Tekne Turu Ak\u015fam Yeme\u011fi Dahil<\/a> ba\u015fka unutulmaz bir deneyim i\u00e7in.<\/p>\n<p class=\"mhm-jue-external-link\">Hedef hakk\u0131nda daha fazla bilgi edinin <a href=\"https:\/\/en.wikipedia.org\/wiki\/K%C3%B6pr%C3%BCl%C3%BC_Canyon_National_Park\" target=\"_blank\" rel=\"noopener\">K\u00f6pr\u00fcl\u00fc Kanyon Mill\u00ee Park\u0131 Vikipedi sayfas\u0131<\/a>.<\/p>\n<h2>What to Expect on the Kemer Taz\u0131 Canyon Rafting Combo Tour<\/h2>\n<p class=\"\" data-start=\"3149\" data-end=\"3361\">Fiyatlar sezona ve grup b\u00fcy\u00fckl\u00fc\u011f\u00fcne g\u00f6re de\u011fi\u015fiklik g\u00f6sterebilir.<br data-start=\"3196\" data-end=\"3199\" \/><strong data-start=\"3199\" data-end=\"3229\">\u015eimdi rezervasyon yap\u0131n tur g\u00fcn\u00fcnde \u00f6deyin<\/strong> \u2013 En iyi fiyatlar i\u00e7in erken rezervasyon \u00f6nerilir.<br data-start=\"3277\" data-end=\"3280\" \/>\ud83d\udcf1 <strong data-start=\"3283\" data-end=\"3329\">WhatsApp, Telegram veya Viber \u00fczerinden bize ula\u015f\u0131n<\/strong> rezervasyon ve daha fazla bilgi i\u00e7in.<\/p>","protected":false},"excerpt":{"rendered":"<p>An Unforgettable Nature and Adventure Experience Get ready for a full day of action, nature, and breathtaking views! This tour combines the wild beauty of Taz\u0131 Canyon, the thrill of white-water rafting in K\u00f6pr\u00fcl\u00fc Canyon, and the fun of a 4&#215;4 Jeep Safari through the Taurus Mountains \u2014 all in one unforgettable adventure from Kemer. [&hellip;]<\/p>\n","protected":false},"featured_media":11117,"comment_status":"open","ping_status":"closed","template":"","meta":{"_acf_changed":false},"product_brand":[],"product_cat":[37],"product_tag":[65],"class_list":{"0":"post-10967","1":"product","2":"type-product","3":"status-publish","4":"has-post-thumbnail","6":"product_cat-kemer","7":"product_tag-kemer","9":"first","10":"instock","11":"featured","12":"shipping-taxable","13":"purchasable","14":"product-type-ovabrw_car_rental"},"acf":[],"aioseo_notices":[],"_links":{"self":[{"href":"https:\/\/joinusexcursions.com\/tr\/wp-json\/wp\/v2\/product\/10967","targetHints":{"allow":["GET"]}}],"collection":[{"href":"https:\/\/joinusexcursions.com\/tr\/wp-json\/wp\/v2\/product"}],"about":[{"href":"https:\/\/joinusexcursions.com\/tr\/wp-json\/wp\/v2\/types\/product"}],"replies":[{"embeddable":true,"href":"https:\/\/joinusexcursions.com\/tr\/wp-json\/wp\/v2\/comments?post=10967"}],"wp:featuredmedia":[{"embeddable":true,"href":"https:\/\/joinusexcursions.com\/tr\/wp-json\/wp\/v2\/media\/11117"}],"wp:attachment":[{"href":"https:\/\/joinusexcursions.com\/tr\/wp-json\/wp\/v2\/media?parent=10967"}],"wp:term":[{"taxonomy":"product_brand","embeddable":true,"href":"https:\/\/joinusexcursions.com\/tr\/wp-json\/wp\/v2\/product_brand?post=10967"},{"taxonomy":"product_cat","embeddable":true,"href":"https:\/\/joinusexcursions.com\/tr\/wp-json\/wp\/v2\/product_cat?post=10967"},{"taxonomy":"product_tag","embeddable":true,"href":"https:\/\/joinusexcursions.com\/tr\/wp-json\/wp\/v2\/product_tag?post=10967"}],"curies":[{"name":"wp","href":"https:\/\/api.w.org\/{rel}","templated":true}]}}