{"id":10968,"date":"2025-04-26T22:19:36","date_gmt":"2025-04-26T19:19:36","guid":{"rendered":"https:\/\/www.joinusexcursions.com\/?post_type=product&#038;p=10968"},"modified":"2026-04-18T05:24:37","modified_gmt":"2026-04-18T02:24:37","slug":"antalya-koprulu-kanyon-rafting","status":"publish","type":"product","link":"https:\/\/joinusexcursions.com\/tr\/tours\/antalya-rafting-koprulu-canyon\/","title":{"rendered":"K\u00f6pr\u00fcl\u00fc Kanyon'da Antalya Rafting Turu"},"content":{"rendered":"<p>Antalya'dan K\u00f6pr\u00fcl\u00fc Kanyon'un vah\u015fi ge\u00e7itlerinde heyecan verici bir rafting maceras\u0131n\u0131n tad\u0131n\u0131 \u00e7\u0131kar\u0131n. 14 kilometrelik nehir rotas\u0131nda 10 heyecan verici \u015felalede k\u00fcrek \u00e7ekin, kristal berrakl\u0131\u011f\u0131nda nehir havuzlar\u0131nda y\u00fcz\u00fcn ve anlatacak hikayelerle d\u00f6n\u00fcn - hepsi otel transferi ve nehir kenar\u0131nda \u00f6\u011fle yeme\u011fi dahil.<\/p>\n<h2>\ud83d\udef6 Overview of the Antalya Rafting Tour<\/h2>\n<p>Antalya'dan UNESCO taraf\u0131ndan listelenmi\u015f ve Toros Da\u011flar\u0131'nda yer alan do\u011fal bir harika olan K\u00f6pr\u00fcl\u00fc Kanyon'a tam g\u00fcnl\u00fck beyaz su rafting turuna kat\u0131l\u0131n. \u00c7am ormanlar\u0131 ve da\u011f k\u00f6ylerinden ge\u00e7en 1,5 saatlik manzaral\u0131 bir yolculu\u011fun ard\u0131ndan kanyonun ana kamp\u0131na varacak, giyinin ve T\u00fcrkiye'nin en iyi rafting rotalar\u0131ndan birine \u00e7\u0131kacaks\u0131n\u0131z. 14 km'lik rota, 10 e\u011flenceli ak\u0131nt\u0131 ile (sakin ak\u0131nt\u0131lardan heyecan verici ini\u015flere kadar) hem y\u00fczme molalar\u0131 hem de iste\u011fe ba\u011fl\u0131 zipline dura\u011f\u0131 ve nehir kenar\u0131nda doyurucu bir \u00f6\u011fle yeme\u011fi i\u00e7eriyor. Yeni ba\u015flayanlar ve aileler i\u00e7in uygundur; deneyim gerekmez.<\/p>\n<h3>\ud83c\udf1f \u00d6ne \u00c7\u0131kanlar<\/h3>\n<p><span style=\"color: #ff0000;\"><strong>\u2022<\/strong> <\/span>Toros Da\u011flar\u0131'ndan Antalya'ya 1,5 saatlik manzaral\u0131 s\u00fcr\u00fc\u015f<br \/>\n<span style=\"color: #ff0000;\"><strong>\u2022<\/strong> <\/span>K\u00f6pr\u00fcl\u00fc Kanyon'da 10 heyecan verici rotas\u0131 olan 14 km'lik rafting parkuru<br \/>\n<span style=\"color: #ff0000;\"><strong>\u2022<\/strong> <\/span>Akarsuyun girdaplar\u0131 aras\u0131nda sakin, berrak havuzlarda y\u00fcz\u00fcn<br \/>\n<span style=\"color: #ff0000;\"><strong>\u2022<\/strong> <\/span>Kanyon \u00fczerindeki antik Roma k\u00f6pr\u00fclerinin manzaralar\u0131<br \/>\n<span style=\"color: #ff0000;\"><strong>\u2022<\/strong> <\/span>\u0130ste\u011fe ba\u011fl\u0131 zipline ve macera aktiviteleri mevcuttur<br \/>\n<span style=\"color: #ff0000;\"><strong>\u2022<\/strong> <\/span>Nehirk\u0131y\u0131s\u0131nda otantik \u00f6\u011fle yeme\u011fi<br \/>\n<span style=\"color: #ff0000;\"><strong>\u2022<\/strong> <\/span>Profesyonel rehberler ve tam g\u00fcvenlik ekipman\u0131<br \/>\n<span style=\"color: #ff0000;\"><strong>\u2022<\/strong> <\/span>Antalya otelinden alma ve b\u0131rakma dahildir<\/p>\n<h2>What to Expect on the Antalya Rafting Tour<\/h2>\n<p>Macera, Antalya'da rahat bir otelden al\u0131nman\u0131zla ba\u015fl\u0131yor. K\u00f6pr\u00fcl\u00fc Kanyonu'na yolculuk yakla\u015f\u0131k 1,5 saat s\u00fcrer - Tauros Da\u011flar\u0131'n\u0131n eteklerinden ge\u00e7en, pencereden da\u011f k\u00f6ylerinin, meyve bah\u00e7elerinin ve \u00e7am ormanlar\u0131n\u0131n ge\u00e7ti\u011fi manzaral\u0131 bir s\u00fcr\u00fc\u015f. Bu yolculu\u011fa de\u011fer.<\/p>\n<p>Varmak <strong>kanyon ana kamp<\/strong>, rehberlerinizle tan\u0131\u015facak ve kapsaml\u0131 bir g\u00fcvenlik brifingi alacaks\u0131n\u0131z. Kasklar, can yelekleri ve k\u00fcrekler da\u011f\u0131t\u0131l\u0131p ayarlanacak ve rehberiniz k\u00fcrek komutlar\u0131n\u0131 ve ak\u0131nt\u0131larla nas\u0131l ba\u015fa \u00e7\u0131k\u0131laca\u011f\u0131n\u0131 a\u00e7\u0131klayacakt\u0131r. \u00d6nceden deneyim gerekmez - her g\u00fcn her ya\u015ftan ve her yetenekteki gruplar bu rotay\u0131 a\u015fmaktad\u0131r.<\/p>\n<p>Rafting parkuru \u015fu kadar uzunluktad\u0131r: <strong>14 km<\/strong> kanyonun i\u00e7inden, kar\u015f\u0131la\u015farak <strong>10 \u015felale<\/strong> farkl\u0131 yo\u011funluklarda. Baz\u0131lar\u0131 dramatik kaya duvarlar\u0131n\u0131n yan\u0131nda nazik\u00e7e s\u00fcz\u00fclmeler; di\u011ferleri ise t\u00fcm botun heyecanla \u00e7\u0131\u011fl\u0131k atmas\u0131n\u0131 sa\u011flayacak ger\u00e7ek beyaz su d\u00fc\u015f\u00fc\u015fleri. H\u0131zl\u0131 ak\u0131nt\u0131lar aras\u0131nda nehir, y\u00fczmek i\u00e7in m\u00fckemmel olan g\u00fczel turkuaz havuzlara sakinle\u015fir. \u0130\u00e7eri atlay\u0131n, s\u0131rt\u00fcst\u00fc uzan\u0131n ve \u00fczerinize y\u00fckselen kanyon duvarlar\u0131na bak\u0131n.<\/p>\n<p>Rota ortas\u0131nda, bir durak var <strong>macera alan\u0131<\/strong> zipline, kanyoning ve ek \u00fccret kar\u015f\u0131l\u0131\u011f\u0131nda sunulan ek aktiviteler sunar. Rehberlerinizin i\u00e7ecekler ve yerel at\u0131\u015ft\u0131rmal\u0131klarla enerjinizi yenilerken yeni bir \u015feyler deneyin.<\/p>\n<p>A <strong>geleneksel T\u00fcrk \u00f6\u011fle yeme\u011fi<\/strong> nehir kenar\u0131ndaki bir restoranda sunulur \u2014 bol ve taze haz\u0131rlanm\u0131\u015f. Yemekten sonra, rotan\u0131n ikinci yar\u0131s\u0131na devam etmeden \u00f6nce nehir kenar\u0131nda dinlenmek i\u00e7in serbest zaman vard\u0131r.<\/p>\n<p>Rafting sonunda, \u015funlar\u0131 sat\u0131n alabilirsiniz: <strong>video ve foto\u011fraf paketi<\/strong> Rapitteki en iyi anlar\u0131n\u0131z\u0131 yakalamak. D\u00f6n\u00fc\u015f transferi sizi Antalya'ya geri g\u00f6t\u00fcr\u00fcr ve ak\u015fam \u00fczeri var\u0131rs\u0131n\u0131z.<\/p>\n<p class=\"mhm-jue-internal-links\">B\u00f6lgede daha fazla macera m\u0131 ar\u0131yorsunuz? Tam listemizi ke\u015ffedin <a href=\"\/tr\/destinasyon\/antalya-turlari\/\">Antalya turlar\u0131<\/a> veya \u015funlara g\u00f6z at\u0131n <a href=\"\/tr\/turlar-2\/antalya-suluada-gunbatimi-tekne\/\">Antalya'dan Suluada Adas\u0131 G\u00fcn Bat\u0131m\u0131 Tekne Turu ve Ak\u015fam Yeme\u011fi<\/a> ba\u015fka unutulmaz bir deneyim i\u00e7in.<\/p>\n<h3>\ud83d\uddd3\ufe0f Tur Program\u0131<\/h3>\n<p><span style=\"color: #ff0000;\"><strong>\u2022<\/strong> <\/span>Antalya ve \u00e7evresindeki otellerden alma<br \/>\n<span style=\"color: #ff0000;\"><strong>\u2022<\/strong> <\/span>K\u00f6pr\u00fcl\u00fc Kanyon'a manzaral\u0131 s\u00fcr\u00fc\u015f (yakla\u015f\u0131k 1,5 saat)<br \/>\n<span style=\"color: #ff0000;\"><strong>\u2022<\/strong> <\/span>Ana kampa var\u0131\u015f \u2014 g\u00fcvenlik brifingi ve ekipman<br \/>\n<span style=\"color: #ff0000;\"><strong>\u2022<\/strong> <\/span>10 \u015felale ve y\u00fczme molas\u0131 ile 14 km rafting rotas\u0131<br \/>\n<span style=\"color: #ff0000;\"><strong>\u2022<\/strong> <\/span>\u0130ste\u011fe ba\u011fl\u0131 zipline ve macera aktiviteleri<br \/>\n<span style=\"color: #ff0000;\"><strong>\u2022<\/strong> <\/span>Yerel restoranda nehir kenar\u0131nda \u00f6\u011fle yeme\u011fi<br \/>\n<span style=\"color: #ff0000;\"><strong>\u2022<\/strong> <\/span>Biti\u015f noktas\u0131na kadar rafting yapmaya devam edin<br \/>\n<span style=\"color: #ff0000;\"><strong>\u2022<\/strong> <\/span>Antalya otellerine gidi\u015f d\u00f6n\u00fc\u015f transferi<\/p>\n<h3>\u2139\ufe0f Faydal\u0131 Bilgiler<\/h3>\n<p><span style=\"color: #ff0000;\"><strong>\u2022<\/strong> <\/span>Rafting deneyimi gerekmez - yeni ba\u015flayanlar i\u00e7in uygundur<br \/>\n<span style=\"color: #ff0000;\"><strong>\u2022<\/strong> <\/span>Standart 10 ki\u015filik grup sal\u0131 kullan\u0131ld\u0131<br \/>\n<span style=\"color: #ff0000;\"><strong>\u2022<\/strong> <\/span>Ek \u00fccret kar\u015f\u0131l\u0131\u011f\u0131nda 2 ki\u015filik \u00f6zel sal mevcuttur<br \/>\n<span style=\"color: #ff0000;\"><strong>\u2022<\/strong> <\/span>Aileler, \u00e7iftler ve macera gruplar\u0131 i\u00e7in uygundur<br \/>\n<span style=\"color: #ff0000;\"><strong>\u2022<\/strong> <\/span>Hava veya nehir ko\u015fullar\u0131 nedeniyle programda k\u00fc\u00e7\u00fck de\u011fi\u015fiklikler olabilir<br \/>\n<span style=\"color: #ff0000;\"><strong>\u2022<\/strong> <\/span>Tam g\u00fcnl\u00fck tur (transferler dahil yakla\u015f\u0131k 10-11 saat)<\/p>\n<p class=\"mhm-jue-external-link\">Hedef hakk\u0131nda daha fazla bilgi edinin <a href=\"https:\/\/en.wikipedia.org\/wiki\/K%C3%B6pr%C3%BCl%C3%BC_Canyon_National_Park\" target=\"_blank\" rel=\"noopener\">K\u00f6pr\u00fcl\u00fc Kanyon Mill\u00ee Park\u0131 Vikipedi sayfas\u0131<\/a>.<\/p>\n<h3>\ud83c\udf92 Getirilecekler<\/h3>\n<p><span style=\"color: #ff0000;\"><strong>\u2022<\/strong> <\/span>Mayo ve havlu<br \/>\n<span style=\"color: #ff0000;\"><strong>\u2022<\/strong> <\/span>Islanmas\u0131nda mahzur g\u00f6rmeyece\u011finiz ayakkab\u0131lar (spor ayakkab\u0131 veya su ayakkab\u0131s\u0131)<br \/>\n<span style=\"color: #ff0000;\"><strong>\u2022<\/strong> <\/span>G\u00fcne\u015f kremi ve \u015fapka<br \/>\n<span style=\"color: #ff0000;\"><strong>\u2022<\/strong> <\/span>D\u00f6n\u00fc\u015f yolculu\u011fu i\u00e7in kuru k\u0131yafet de\u011fi\u015fikli\u011fi<br \/>\n<span style=\"color: #ff0000;\"><strong>\u2022<\/strong> <\/span>\u0130ste\u011fe ba\u011fl\u0131 aktiviteler, i\u00e7ecekler veya foto\u011fraf paketi i\u00e7in nakit<\/p>\n<h3>\ud83d\udeab Uygun De\u011fil<\/h3>\n<p><span style=\"color: #ff0000;\"><strong>\u2022<\/strong> <\/span>Hamile kad\u0131nlar<br \/>\n<span style=\"color: #ff0000;\"><strong>\u2022<\/strong> <\/span>Ciddi kalp rahats\u0131zl\u0131\u011f\u0131 veya hareket sorunlar\u0131 olan misafirler<br \/>\n<span style=\"color: #ff0000;\"><strong>\u2022<\/strong> <\/span>7 ya\u015f alt\u0131 \u00e7ocuklar<\/p>\n<h3>\ud83d\udcb8 Fiyat ve Rezervasyon<\/h3>\n<p><span style=\"color: #ff0000;\"><strong>\u2022<\/strong> <\/span>Fiyatlar sezona g\u00f6re de\u011fi\u015fiklik g\u00f6sterebilir \u2014 g\u00fcncel fiyatlar\u0131 rezervasyon formundan kontrol edin<br \/>\n<span style=\"color: #ff0000;\"><strong>\u2022<\/strong> <\/span>\u015eimdi rezervasyon yap\u0131n ve tur g\u00fcn\u00fc \u00f6deme yap\u0131n<br \/>\n<span style=\"color: #ff0000;\"><strong>\u2022<\/strong> <\/span>WhatsApp, Telegram veya Viber \u00fczerinden bizimle ileti\u015fime ge\u00e7in veya a\u015fa\u011f\u0131daki rezervasyon formunu doldurun<\/p>","protected":false},"excerpt":{"rendered":"<p>Enjoy an Antalya Rafting K\u00f6pr\u00fcl\u00fc Canyon adventure \u2013 paddle 14 km through 10 rapids, swim in crystal-clear river pools with riverside lunch &amp; hotel transfer included.<\/p>","protected":false},"featured_media":11122,"comment_status":"open","ping_status":"closed","template":"","meta":{"_acf_changed":false},"product_brand":[],"product_cat":[32],"product_tag":[69],"class_list":{"0":"post-10968","1":"product","2":"type-product","3":"status-publish","4":"has-post-thumbnail","6":"product_cat-antalya","7":"product_tag-antalya","9":"first","10":"instock","11":"featured","12":"shipping-taxable","13":"purchasable","14":"product-type-ovabrw_car_rental"},"acf":[],"aioseo_notices":[],"_links":{"self":[{"href":"https:\/\/joinusexcursions.com\/tr\/wp-json\/wp\/v2\/product\/10968","targetHints":{"allow":["GET"]}}],"collection":[{"href":"https:\/\/joinusexcursions.com\/tr\/wp-json\/wp\/v2\/product"}],"about":[{"href":"https:\/\/joinusexcursions.com\/tr\/wp-json\/wp\/v2\/types\/product"}],"replies":[{"embeddable":true,"href":"https:\/\/joinusexcursions.com\/tr\/wp-json\/wp\/v2\/comments?post=10968"}],"wp:featuredmedia":[{"embeddable":true,"href":"https:\/\/joinusexcursions.com\/tr\/wp-json\/wp\/v2\/media\/11122"}],"wp:attachment":[{"href":"https:\/\/joinusexcursions.com\/tr\/wp-json\/wp\/v2\/media?parent=10968"}],"wp:term":[{"taxonomy":"product_brand","embeddable":true,"href":"https:\/\/joinusexcursions.com\/tr\/wp-json\/wp\/v2\/product_brand?post=10968"},{"taxonomy":"product_cat","embeddable":true,"href":"https:\/\/joinusexcursions.com\/tr\/wp-json\/wp\/v2\/product_cat?post=10968"},{"taxonomy":"product_tag","embeddable":true,"href":"https:\/\/joinusexcursions.com\/tr\/wp-json\/wp\/v2\/product_tag?post=10968"}],"curies":[{"name":"wp","href":"https:\/\/api.w.org\/{rel}","templated":true}]}}