{"id":10969,"date":"2025-04-26T22:26:10","date_gmt":"2025-04-26T19:26:10","guid":{"rendered":"https:\/\/www.joinusexcursions.com\/?post_type=product&#038;p=10969"},"modified":"2026-04-13T23:10:12","modified_gmt":"2026-04-13T20:10:12","slug":"kemer-koprulu-kanyon-rafting","status":"publish","type":"product","link":"https:\/\/joinusexcursions.com\/tr\/tours\/kemer-rafting-koprulu-canyon\/","title":{"rendered":"Kemer'den K\u00f6pr\u00fcl\u00fc Kanyon'da \u00d6\u011fle Yemekli Rafting Turu"},"content":{"rendered":"<p>Kat\u0131l <strong>Kemer Rafting K\u00f6pr\u00fcl\u00fc Kanyon<\/strong> tur: UNESCO listesindeki bir kanyonda 14 km'lik beyaz su rotas\u0131nda k\u00fcrek \u00e7ekin, turkuaz havuzlarda y\u00fcz\u00fcn, nehir kenar\u0131nda \u00f6\u011fle yeme\u011finin tad\u0131n\u0131 \u00e7\u0131kar\u0131n ve ak\u015fam erken saatlerde Kemer otelinize d\u00f6n\u00fcn.<\/p>\n<h2>\ud83d\udef6 Kemer Rafting K\u00f6pr\u00fcl\u00fc Kanyon Turu Genel Bak\u0131\u015f<\/h2>\n<p>Kemer'in konumu, K\u00f6pr\u00fcl\u00fc Kanyon'da rafting i\u00e7in en iyi ba\u015flang\u0131\u00e7 noktalar\u0131ndan biri olmas\u0131n\u0131 sa\u011flar. Kanyona arabayla yakla\u015f\u0131k 45 dakika uzakl\u0131kta olmas\u0131, otob\u00fcste daha az, suda daha \u00e7ok vakit ge\u00e7irmenize olanak tan\u0131r. Kemer, Beldibi veya Tekirova'dan tam g\u00fcnl\u00fck bir rafting turuna kat\u0131l\u0131n ve Toros Da\u011flar\u0131'n\u0131n dramatik ge\u00e7itlerinden ge\u00e7en 14 km'lik beyaz su rotas\u0131nda ilerleyin. Hi\u00e7bir deneyim gerekmez, profesyonel rehberler size e\u015flik eder ve t\u00fcm deneyim \u2014 co\u015fkulu ak\u0131nt\u0131lardan nehirde y\u00fczmeye ve lezzetli bir \u00f6\u011fle yeme\u011fine kadar \u2014 tatilinizin en \u00f6nemli an\u0131 olacak \u015fekilde tasarlanm\u0131\u015ft\u0131r.<\/p>\n<h3>\ud83c\udf1f \u00d6ne \u00c7\u0131kanlar<\/h3>\n<p><span style=\"color: #ff0000;\"><strong>\u2022<\/strong> <\/span>Kemer'den K\u00f6pr\u00fcl\u00fc Kanyon'a 45 dakikal\u0131k k\u0131sa transfer<br \/>\n<span style=\"color: #ff0000;\"><strong>\u2022<\/strong> <\/span>G\u00f6rkemli bir kanyon ge\u00e7idinde 10 \u015felale ile 14 km'lik rafting parkuru<br \/>\n<span style=\"color: #ff0000;\"><strong>\u2022<\/strong> <\/span>Ak\u0131nt\u0131lar aras\u0131ndaki sakin turkuaz havuzlarda y\u00fcz\u00fcn<br \/>\n<span style=\"color: #ff0000;\"><strong>\u2022<\/strong> <\/span>Kanyon \u00fczerine in\u015fa edilmi\u015f antik Roma k\u00f6pr\u00fclerinin manzaralar\u0131<br \/>\n<span style=\"color: #ff0000;\"><strong>\u2022<\/strong> <\/span>\u0130ste\u011fe ba\u011fl\u0131 zipline ve u\u00e7urumdan atlama dura\u011f\u0131<br \/>\n<span style=\"color: #ff0000;\"><strong>\u2022<\/strong> <\/span>Yerel bir restoranda nehir kenar\u0131nda \u00f6\u011fle yeme\u011fi<br \/>\n<span style=\"color: #ff0000;\"><strong>\u2022<\/strong> <\/span>Profesyonel rehberler ve tam g\u00fcvenlik te\u00e7hizat\u0131<br \/>\n<span style=\"color: #ff0000;\"><strong>\u2022<\/strong> <\/span>Kemer'de otele al\u0131m ve b\u0131rakma dahildir<\/p>\n<h2>Kemer Rafting Turunda Neler Beklemeli<\/h2>\n<p>Sabah\u0131n\u0131z Kemer, Beldibi veya Tekirova'daki bir otelden al\u0131nman\u0131zla ba\u015fl\u0131yor. S\u00fcr\u00fc\u015f <strong>K\u00f6pr\u00fcl\u00fc Kanyon<\/strong> yakla\u015f\u0131k 45 dakika s\u00fcrer \u2014 k\u0131y\u0131 \u00e7am ormanlar\u0131ndan ge\u00e7ip Toros Da\u011flar\u0131'na do\u011fru ilerleyen h\u0131zl\u0131 ve manzaral\u0131 bir yolculuktur. Bu yak\u0131nl\u0131k, Kemer'den ba\u015flaman\u0131n avantajlar\u0131ndan biridir: g\u00fcn\u00fcn daha fazla b\u00f6l\u00fcm\u00fc Kanyon'da ge\u00e7irilir, yolda daha az zaman harcan\u0131r.<\/p>\n<p>\u015eurada <strong>ana kamp<\/strong>, rehberleriniz grubu kar\u015f\u0131lar ve tam bir g\u00fcvenlik brifingi verir. Herkese kask, can yele\u011fi ve k\u00fcrek verilir. E\u011fitmenler, k\u00fcrek \u00e7ekme tekniklerini ve h\u0131zl\u0131 ak\u0131nt\u0131lar\u0131 y\u00f6nlendirmek i\u00e7in kullan\u0131lan komutlar\u0131 a\u00e7\u0131klar. Her ya\u015ftan ve yetenekteki gruplar bu rotay\u0131 yapar - deneyim gerekmez.<\/p>\n<p>B <strong>14 km rafting parkuru<\/strong> ge\u00e7er <strong>10 \u015felale<\/strong>. Baz\u0131lar\u0131 nazik b\u00f6l\u00fcmler olup, 200 metre y\u00fcksekli\u011findeki kanyon duvarlar\u0131n\u0131 hayranl\u0131kla izlemek i\u00e7in zaman tan\u0131r; di\u011ferleri ise t\u00fcm sal\u0131n kalkan\u0131p ne\u015feyle \u00e7arpt\u0131\u011f\u0131 h\u0131zl\u0131, girdapl\u0131 d\u00fc\u015f\u00fc\u015flerdir. Bu heyecan\u0131n aras\u0131nda nehir derinliklere a\u00e7\u0131l\u0131r <strong>turkuaz havuzlar<\/strong> \u2014 kusursuz derecede berrak da\u011f sular\u0131nda y\u00fczmek i\u00e7in atlay\u0131n. Bu kesimdeki kanyon ayn\u0131 zamanda antik <strong>Roma k\u00f6pr\u00fcleri<\/strong>, baz\u0131lar\u0131 hala sa\u011flam bir \u015fekilde duruyor, kesme ta\u015f kemerleri nehri m\u00fckemmel bir \u015fekilde \u00e7er\u00e7eveliyor.<\/p>\n<p>Yolun yar\u0131s\u0131nda, mola <strong>macera alan\u0131<\/strong> zipline, cliff diving ve ek \u00fccrete tabi di\u011fer ekstra aktiviteler sunulmaktad\u0131r. \u0130\u00e7ecek ve krep bulunmaktad\u0131r. Adrenalin yat\u0131\u015ft\u0131ktan sonra nehir kenar\u0131ndaki restorana tam bir ak\u015fam yeme\u011fi i\u00e7in sal ile devam edin. <strong>T\u00fcrk \u00f6\u011fle yeme\u011fi<\/strong>.<\/p>\n<p>\u00d6\u011fle yeme\u011finden sonra, nehrin son b\u00f6l\u00fcm\u00fc sizi biti\u015f noktas\u0131na getirir. \u0130ste\u011fe ba\u011fl\u0131 <strong>Rafting videolar\u0131 ve foto\u011fraflar\u0131<\/strong> sat\u0131n al\u0131nabilir. Kemer'e d\u00f6n\u00fc\u015f transferi yakla\u015f\u0131k 45 dakika s\u00fcrer ve \u00f6\u011fleden sonra hala devam ederken otelinize geri d\u00f6nmenizi sa\u011flar.<\/p>\n<p class=\"mhm-jue-internal-links\">B\u00f6lgede daha fazla macera m\u0131 ar\u0131yorsunuz? Tam listemizi ke\u015ffedin <a href=\"\/tr\/destinasyon\/kemer-turlari\/\">Kemer turlar\u0131<\/a> veya \u015funlara g\u00f6z at\u0131n <a href=\"\/tr\/turlar-2\/kemer-suluada-gunbatimi-tekne\/\">Kemer: Suluada Adas\u0131 G\u00fcn Bat\u0131m\u0131 Tekne Turu Ak\u015fam Yeme\u011fi Dahil<\/a> ba\u015fka unutulmaz bir deneyim i\u00e7in.<\/p>\n<h3>\ud83d\uddd3\ufe0f Tur Program\u0131<\/h3>\n<p><span style=\"color: #ff0000;\"><strong>\u2022<\/strong> <\/span>Kemer &amp; \u00e7evresinden (Beldibi, Tekirova) otel kar\u015f\u0131lama<br \/>\n<span style=\"color: #ff0000;\"><strong>\u2022<\/strong> <\/span>K\u00f6pr\u00fcl\u00fc Kanyon'a manzaral\u0131 s\u00fcr\u00fc\u015f (yakla\u015f\u0131k 45 dakika)<br \/>\n<span style=\"color: #ff0000;\"><strong>\u2022<\/strong> <\/span>Ana kampa var\u0131\u015f \u2014 g\u00fcvenlik brifingi ve ekipman<br \/>\n<span style=\"color: #ff0000;\"><strong>\u2022<\/strong> <\/span>10 \u015felale ve y\u00fczme molas\u0131 ile 14 km rafting rotas\u0131<br \/>\n<span style=\"color: #ff0000;\"><strong>\u2022<\/strong> <\/span>\u0130ste\u011fe ba\u011fl\u0131 zipline ve macera molas\u0131<br \/>\n<span style=\"color: #ff0000;\"><strong>\u2022<\/strong> <\/span>Yerel restoranda nehir kenar\u0131nda \u00f6\u011fle yeme\u011fi<br \/>\n<span style=\"color: #ff0000;\"><strong>\u2022<\/strong> <\/span>Biti\u015f noktas\u0131na kadar rafting yapmaya devam edin<br \/>\n<span style=\"color: #ff0000;\"><strong>\u2022<\/strong> <\/span>Kemer otellerine gidi\u015f d\u00f6n\u00fc\u015f transferi<\/p>\n<h3>\u2139\ufe0f Faydal\u0131 Bilgiler<\/h3>\n<p><span style=\"color: #ff0000;\"><strong>\u2022<\/strong> <\/span>Rafting deneyimi gerekmez \u2014 yeni ba\u015flayanlar i\u00e7in uygundur<br \/>\n<span style=\"color: #ff0000;\"><strong>\u2022<\/strong> <\/span>Standart 10 ki\u015filik grup sal\u0131 kullan\u0131ld\u0131<br \/>\n<span style=\"color: #ff0000;\"><strong>\u2022<\/strong> <\/span>Ek \u00fccret kar\u015f\u0131l\u0131\u011f\u0131nda 2 ki\u015filik \u00f6zel sal mevcuttur<br \/>\n<span style=\"color: #ff0000;\"><strong>\u2022<\/strong> <\/span>Aileler, \u00e7iftler ve macera gruplar\u0131 i\u00e7in uygundur<br \/>\n<span style=\"color: #ff0000;\"><strong>\u2022<\/strong> <\/span>Tam g\u00fcn tur (Kemer'den transferler dahil yakla\u015f\u0131k 8-9 saat)<br \/>\n<span style=\"color: #ff0000;\"><strong>\u2022<\/strong> <\/span>Hava veya nehir ko\u015fullar\u0131na ba\u011fl\u0131 olarak program de\u011fi\u015febilir<\/p>\n<p class=\"mhm-jue-external-link\">Hedef hakk\u0131nda daha fazla bilgi edinin <a href=\"https:\/\/en.wikipedia.org\/wiki\/K%C3%B6pr%C3%BCl%C3%BC_Canyon_National_Park\" target=\"_blank\" rel=\"noopener\">K\u00f6pr\u00fcl\u00fc Kanyon Mill\u00ee Park\u0131 Vikipedi sayfas\u0131<\/a>.<\/p>\n<h3>\ud83c\udf92 Getirilecekler<\/h3>\n<p><span style=\"color: #ff0000;\"><strong>\u2022<\/strong> <\/span>Mayo ve havlu<br \/>\n<span style=\"color: #ff0000;\"><strong>\u2022<\/strong> <\/span>Islanabilen ayakkab\u0131lar (spor ayakkab\u0131 veya su ayakkab\u0131s\u0131)<br \/>\n<span style=\"color: #ff0000;\"><strong>\u2022<\/strong> <\/span>G\u00fcne\u015f kremi ve \u015fapka<br \/>\n<span style=\"color: #ff0000;\"><strong>\u2022<\/strong> <\/span>D\u00f6n\u00fc\u015f i\u00e7in kuru k\u0131yafet<br \/>\n<span style=\"color: #ff0000;\"><strong>\u2022<\/strong> <\/span>\u0130ste\u011fe ba\u011fl\u0131 etkinlikler veya foto\u011fraf paketi i\u00e7in nakit<\/p>\n<h3>\ud83d\udeab Uygun De\u011fil<\/h3>\n<p><span style=\"color: #ff0000;\"><strong>\u2022<\/strong> <\/span>Hamile kad\u0131nlar<br \/>\n<span style=\"color: #ff0000;\"><strong>\u2022<\/strong> <\/span>Ciddi kalp rahats\u0131zl\u0131\u011f\u0131 veya hareket sorunlar\u0131 olan misafirler<br \/>\n<span style=\"color: #ff0000;\"><strong>\u2022<\/strong> <\/span>7 ya\u015f alt\u0131 \u00e7ocuklar<\/p>\n<h3>\ud83d\udcb8 Fiyat ve Rezervasyon<\/h3>\n<p><span style=\"color: #ff0000;\"><strong>\u2022<\/strong> <\/span>Fiyatlar sezona g\u00f6re de\u011fi\u015fiklik g\u00f6sterebilir \u2014 g\u00fcncel fiyatlar\u0131 rezervasyon formundan kontrol edin<br \/>\n<span style=\"color: #ff0000;\"><strong>\u2022<\/strong> <\/span>\u015eimdi rezervasyon yap\u0131n ve tur g\u00fcn\u00fc \u00f6deme yap\u0131n<br \/>\n<span style=\"color: #ff0000;\"><strong>\u2022<\/strong> <\/span>WhatsApp, Telegram veya Viber \u00fczerinden bizimle ileti\u015fime ge\u00e7in veya a\u015fa\u011f\u0131daki rezervasyon formunu doldurun<\/p>","protected":false},"excerpt":{"rendered":"<p>Join a Kemer Rafting Koprulu Canyon tour: paddle a 14 km whitewater route through a UNESCO-listed gorge, swim in turquoise pools, enjoy a riverside lunch and return to your Kemer hotel by early evening. \ud83d\udef6 Overview of the Kemer Rafting Koprulu Canyon Tour Kemer&#8217;s location makes it one of the best starting points for a [&hellip;]<\/p>\n","protected":false},"featured_media":10776,"comment_status":"open","ping_status":"closed","template":"","meta":{"_acf_changed":false},"product_brand":[],"product_cat":[37],"product_tag":[65],"class_list":{"0":"post-10969","1":"product","2":"type-product","3":"status-publish","4":"has-post-thumbnail","6":"product_cat-kemer","7":"product_tag-kemer","9":"first","10":"instock","11":"featured","12":"shipping-taxable","13":"purchasable","14":"product-type-ovabrw_car_rental"},"acf":[],"aioseo_notices":[],"_links":{"self":[{"href":"https:\/\/joinusexcursions.com\/tr\/wp-json\/wp\/v2\/product\/10969","targetHints":{"allow":["GET"]}}],"collection":[{"href":"https:\/\/joinusexcursions.com\/tr\/wp-json\/wp\/v2\/product"}],"about":[{"href":"https:\/\/joinusexcursions.com\/tr\/wp-json\/wp\/v2\/types\/product"}],"replies":[{"embeddable":true,"href":"https:\/\/joinusexcursions.com\/tr\/wp-json\/wp\/v2\/comments?post=10969"}],"wp:featuredmedia":[{"embeddable":true,"href":"https:\/\/joinusexcursions.com\/tr\/wp-json\/wp\/v2\/media\/10776"}],"wp:attachment":[{"href":"https:\/\/joinusexcursions.com\/tr\/wp-json\/wp\/v2\/media?parent=10969"}],"wp:term":[{"taxonomy":"product_brand","embeddable":true,"href":"https:\/\/joinusexcursions.com\/tr\/wp-json\/wp\/v2\/product_brand?post=10969"},{"taxonomy":"product_cat","embeddable":true,"href":"https:\/\/joinusexcursions.com\/tr\/wp-json\/wp\/v2\/product_cat?post=10969"},{"taxonomy":"product_tag","embeddable":true,"href":"https:\/\/joinusexcursions.com\/tr\/wp-json\/wp\/v2\/product_tag?post=10969"}],"curies":[{"name":"wp","href":"https:\/\/api.w.org\/{rel}","templated":true}]}}