{"id":10970,"date":"2025-04-26T22:27:44","date_gmt":"2025-04-26T19:27:44","guid":{"rendered":"https:\/\/www.joinusexcursions.com\/?post_type=product&#038;p=10970"},"modified":"2026-04-18T05:20:47","modified_gmt":"2026-04-18T02:20:47","slug":"antalya-pamukkale-balon","status":"publish","type":"product","link":"https:\/\/joinusexcursions.com\/tr\/tours\/antalya-pamukkale-balloon\/","title":{"rendered":"Antalya'dan Pamukkale S\u0131cak Hava Balonu Turu"},"content":{"rendered":"<p>Antalya'dan Pamukkale \u00fczerinde s\u0131cak hava balonuyla u\u00e7un. T\u00fcrkiye'nin en ola\u011fan\u00fcst\u00fc deneyimlerinden biri olan, ikonik beyaz traverten teraslar\u0131n\u0131n ve Hierapolis'in antik kal\u0131nt\u0131lar\u0131n\u0131n \u00fczerindeki g\u00fcne\u015fin do\u011fu\u015funu yukar\u0131dan izleyin; hepsi otelden alma ve transferler dahil.<\/p>\n<h2>\ud83c\udf05 Overview of the Antalya Pamukkale Balloon Tour<\/h2>\n<p>Bu, mutlaka yap\u0131lmas\u0131 gereken bir deneyim. Antalya'daki otelinizden havan\u0131n ayd\u0131nlanmas\u0131ndan \u00f6nceki bir saatte al\u0131n\u0131\u015f\u0131n\u0131z, Anadolu k\u0131rsal\u0131nda manzaral\u0131 3-4 saatlik bir yolculuk ve ard\u0131ndan ufukta beliren Pamukkale'nin kar beyaz\u0131 kalsiyum teraslar\u0131n\u0131n o tarifsiz g\u00f6r\u00fcnt\u00fcs\u00fc. \u0130ni\u015fin ard\u0131ndan balonunuza binecek ve sessizce sabaha kar\u015f\u0131 g\u00f6ky\u00fcz\u00fcne y\u00fckseleceksiniz. Yakla\u015f\u0131k bir saat boyunca UNESCO'nun en g\u00f6rkemli yerlerinden biri, Pamuk Kale'nin \u00fczerinde s\u00fcz\u00fclerek teraslar\u0131n sabah\u0131n erken \u0131\u015f\u0131klar\u0131nda par\u0131lday\u0131\u015f\u0131n\u0131 ve Hierapolis antik kentinin ayaklar\u0131n\u0131z\u0131n alt\u0131nda serili\u015fini izleyeceksiniz. \u0130ni\u015fte yap\u0131lan bir \u015fampanya kadehi toku\u015fturma, Hierapolis harabeleri ve teraslar\u0131n kendisini ziyareti, ard\u0131ndan Antalya'ya geri transfer bu T\u00fcrkiye tatilinin en unutulmaz tam g\u00fcn\u00fc olacakt\u0131r.<\/p>\n<h3>\ud83c\udf1f Antalya Pamukkale Ballon Tour Highlights<\/h3>\n<p><span style=\"color: #ff0000;\"><strong>\u2022<\/strong> <\/span>Pamukkale ve Hierapolis \u00fczerinde yakla\u015f\u0131k 1 saatlik s\u0131cak hava balonu u\u00e7u\u015fu<br \/>\n<span style=\"color: #ff0000;\"><strong>\u2022<\/strong> <\/span>Beyaz traverten teraslar\u0131n\u0131n yukar\u0131dan g\u00fcn do\u011fumu manzaralar\u0131<br \/>\n<span style=\"color: #ff0000;\"><strong>\u2022<\/strong> <\/span>\u0130ni\u015fte \u015fampanya kadehi<br \/>\n<span style=\"color: #ff0000;\"><strong>\u2022<\/strong> <\/span>Hierapolis Antik Kenti kal\u0131nt\u0131lar\u0131n\u0131 ziyaret<br \/>\n<span style=\"color: #ff0000;\"><strong>\u2022<\/strong> <\/span>Pamukkale traverten teraslar\u0131nda y\u00fcr\u00fcy\u00fcn<br \/>\n<span style=\"color: #ff0000;\"><strong>\u2022<\/strong> <\/span>Deneyimli sertifikal\u0131 pilot \u2014 en y\u00fcksek g\u00fcvenlik standartlar\u0131<br \/>\n<span style=\"color: #ff0000;\"><strong>\u2022<\/strong> <\/span>Antalya dahil otel kar\u015f\u0131lama ve d\u00f6n\u00fc\u015f transferi<\/p>\n<h2>What to Expect on the Antalya Hot Air Balloon<\/h2>\n<p>G\u00fcn\u00fcn\u00fcz \u00e7ok erken ba\u015fl\u0131yor \u2014 otelinizden Antalya'da al\u0131nman\u0131z genellikle \u015fu saatlerde olur <strong>04:00\u201305:00<\/strong> Pamukkale'ye yolculuk sabah saatlerindeki balon gezisinden en iyi \u015fekilde yararlanmak i\u00e7in yakla\u015f\u0131k olarak <strong>3\u20134 saat<\/strong>, G\u00f6ky\u00fcz\u00fc Western Anadolu'nun ovalar\u0131 ve k\u00f6ylerinden ge\u00e7erken ayd\u0131nlan\u0131rken. Bu ger\u00e7ek bir macera; k\u0131sa bir s\u0131\u00e7rama de\u011fil, var\u0131\u015f\u0131n hakkedilmi\u015f hissini veren bir yolculuk.<\/p>\n<p>F\u0131rlatma alan\u0131na vard\u0131\u011f\u0131n\u0131zda, yer ekibi hen\u00fcz g\u00fcn a\u011farmadan balonun havas\u0131n\u0131 \u015fi\u015firiyor. G\u00fcvenlik prosed\u00fcrleri ve bini\u015f hakk\u0131nda bilgilendirilirsiniz ve ard\u0131ndan sepet dolar \u2013 genellikle sertifikal\u0131 bir pilotla birlikte 8 ila 12 yolcu. Br\u00fcl\u00f6r ate\u015flenir, balon y\u00fckselir ve sonra sessizlik.<\/p>\n<p>Yakla\u015f\u0131k olarak <strong>bir saat<\/strong>, pamukkale manzaras\u0131n\u0131n \u00fczerinde s\u00fcz\u00fcl\u00fcyorsunuz. A\u015fa\u011f\u0131da, <strong>beyaz traverten teraslar<\/strong> \u2014 kire\u00e7 a\u00e7\u0131s\u0131ndan zengin kaynak suyuyla binlerce y\u0131lda olu\u015fmu\u015f \u2014 sabah\u0131n ilk \u0131\u015f\u0131klar\u0131n\u0131 yakalar ve ola\u011fan\u00fcst\u00fc beyaz-pembe renkte parlar. Harabeler <strong>Hierapolis<\/strong> Platonun \u00fczerinde yay\u0131lm\u0131\u015f, tepeden g\u00f6r\u00fclebilen s\u00fctunlar ve tiyatro duvarlar\u0131. Balon esintiyle nazik\u00e7e s\u00fcz\u00fcl\u00fcyor. Pilotunuz, her konu\u011fa en iyi manzaray\u0131 sunmak i\u00e7in yorumlarda bulunuyor ve manevralar yap\u0131yor.<\/p>\n<p>\u0130ni\u015ften sonra bir <strong>\u015fampanya kadehi toku\u015fturma<\/strong> kutlamay\u0131 i\u015faret eder. Balonla u\u00e7u\u015funuzu tamamlad\u0131\u011f\u0131n\u0131z\u0131n geleneksel i\u015fareti olan u\u00e7u\u015f sertifikan\u0131z\u0131 al\u0131rs\u0131n\u0131z. Kahvalt\u0131dan sonra yola \u00e7\u0131k\u0131l\u0131r <strong>Hierapolis Arkeolojik Alan\u0131<\/strong> \u2014 antik Roma hamamlar\u0131, iyi korunmu\u015f tiyatro, nekropol ve \u00fcnl\u00fc <strong>Antika Havuz<\/strong> Roma s\u00fctunlar\u0131 aras\u0131nda y\u00fczebilece\u011finiz (giri\u015f \u00fccretli). UNESCO deneyimini tamamlamak i\u00e7in Pamukkale travertenlerinde bir y\u00fcr\u00fcy\u00fc\u015f ve ard\u0131ndan Antalya'ya d\u00f6n\u00fc\u015f transferi.<\/p>\n<p class=\"mhm-jue-internal-links\">B\u00f6lgede daha fazla macera m\u0131 ar\u0131yorsunuz? Tam listemizi ke\u015ffedin <a href=\"\/tr\/destinasyon\/antalya-turlari\/\">Antalya turlar\u0131<\/a> veya \u015funlara g\u00f6z at\u0131n <a href=\"\/tr\/turlar-2\/antalya-suluada-gunbatimi-tekne\/\">Antalya'dan Suluada Adas\u0131 G\u00fcn Bat\u0131m\u0131 Tekne Turu ve Ak\u015fam Yeme\u011fi<\/a> ba\u015fka unutulmaz bir deneyim i\u00e7in.<\/p>\n<h3>\ud83d\uddd3\ufe0f Tur Program\u0131<\/h3>\n<p><span style=\"color: #ff0000;\"><strong>\u2022<\/strong> <\/span>Antalya'da otelden alma (yakla\u015f\u0131k 04:00\u201305:00)<br \/>\n<span style=\"color: #ff0000;\"><strong>\u2022<\/strong> <\/span>Pamukkale'ye transfer (yakla\u015f\u0131k 3\u20134 saat)<br \/>\n<span style=\"color: #ff0000;\"><strong>\u2022<\/strong> <\/span>F\u0131rlatma alan\u0131na var\u0131\u015f \u2014 brifing ve bini\u015f<br \/>\n<span style=\"color: #ff0000;\"><strong>\u2022<\/strong> <\/span>S\u0131cak hava balonu u\u00e7u\u015fu (yakla\u015f\u0131k 1 saat)<br \/>\n<span style=\"color: #ff0000;\"><strong>\u2022<\/strong> <\/span>\u015eampanya kadehi ve u\u00e7u\u015f sertifikas\u0131 ini\u015fte<br \/>\n<span style=\"color: #ff0000;\"><strong>\u2022<\/strong> <\/span>Kahvalt\u0131<br \/>\n<span style=\"color: #ff0000;\"><strong>\u2022<\/strong> <\/span>Pamukkale Hierapolis Antik Kenti Ziyareti<br \/>\n<span style=\"color: #ff0000;\"><strong>\u2022<\/strong> <\/span>Pamukkale travertenlerinde y\u00fcr\u00fcy\u00fcn<br \/>\n<span style=\"color: #ff0000;\"><strong>\u2022<\/strong> <\/span>Antalya otellerine gidi\u015f d\u00f6n\u00fc\u015f transferi<\/p>\n<h3>\u2139\ufe0f Faydal\u0131 Bilgiler<\/h3>\n<p><span style=\"color: #ff0000;\"><strong>\u2022<\/strong> <\/span>\u00c7ok erken ba\u015flang\u0131\u00e7 \u2014 alma yakla\u015f\u0131k 04:30\u201305:00<br \/>\n<span style=\"color: #ff0000;\"><strong>\u2022<\/strong> <\/span>Tam g\u00fcnl\u00fck tur (transferler dahil yakla\u015f\u0131k 14-15 saat)<br \/>\n<span style=\"color: #ff0000;\"><strong>\u2022<\/strong> <\/span>Balon u\u00e7u\u015flar\u0131 hava ko\u015fullar\u0131na ba\u011fl\u0131 olarak ger\u00e7ekle\u015ftirilir<br \/>\n<span style=\"color: #ff0000;\"><strong>\u2022<\/strong> <\/span>Minimum ya\u015f: 6 ya\u015f (\u00e7ocuklar ebeveyn e\u015fli\u011finde olmal\u0131d\u0131r)<br \/>\n<span style=\"color: #ff0000;\"><strong>\u2022<\/strong> <\/span>Hierapolis giri\u015f bileti ayr\u0131ca yerinde sat\u0131n al\u0131n\u0131r<\/p>\n<p class=\"mhm-jue-external-link\">Hedef hakk\u0131nda daha fazla bilgi edinin <a href=\"https:\/\/en.wikipedia.org\/wiki\/Pamukkale\" target=\"_blank\" rel=\"noopener\">Pamukkale Wikipedia page<\/a>.<\/p>\n<h3>\ud83c\udf92 Getirilecekler<\/h3>\n<p><span style=\"color: #ff0000;\"><strong>\u2022<\/strong> <\/span>Sabah\u0131n erken saatleri ve balon u\u00e7u\u015fu i\u00e7in s\u0131cak tutan bir katman (y\u00fcksekte serin olabilir)<br \/>\n<span style=\"color: #ff0000;\"><strong>\u2022<\/strong> <\/span>Rahat y\u00fcr\u00fcy\u00fc\u015f ayakkab\u0131lar\u0131<br \/>\n<span style=\"color: #ff0000;\"><strong>\u2022<\/strong> <\/span>Kamera veya ak\u0131ll\u0131 telefon<br \/>\n<span style=\"color: #ff0000;\"><strong>\u2022<\/strong> <\/span>Pamukkale giri\u015f \u00fccreti, Antik Havuz ve ki\u015fisel al\u0131\u015fveri\u015fler i\u00e7in nakit<\/p>\n<h3>\ud83d\udeab Uygun De\u011fil<\/h3>\n<p><span style=\"color: #ff0000;\"><strong>\u2022<\/strong> <\/span>Hamile kad\u0131nlar<br \/>\n<span style=\"color: #ff0000;\"><strong>\u2022<\/strong> <\/span>Ciddi kalp rahats\u0131zl\u0131\u011f\u0131 olan misafirler<br \/>\n<span style=\"color: #ff0000;\"><strong>\u2022<\/strong> <\/span>Y\u00fcksekten korkusu olan misafirler<\/p>\n<h3>\ud83d\udcb8 Fiyat ve Rezervasyon<\/h3>\n<p><span style=\"color: #ff0000;\"><strong>\u2022<\/strong> <\/span>Fiyatlar sezona g\u00f6re de\u011fi\u015fiklik g\u00f6sterebilir \u2014 g\u00fcncel fiyatlar\u0131 rezervasyon formundan kontrol edin<br \/>\n<span style=\"color: #ff0000;\"><strong>\u2022<\/strong> <\/span>Yerlerin s\u0131n\u0131rl\u0131 olmas\u0131 nedeniyle erken rezervasyon \u015fiddetle tavsiye edilir<br \/>\n<span style=\"color: #ff0000;\"><strong>\u2022<\/strong> <\/span>\u015eimdi rezervasyon yap\u0131n ve tur g\u00fcn\u00fc \u00f6deme yap\u0131n<br \/>\n<span style=\"color: #ff0000;\"><strong>\u2022<\/strong> <\/span>WhatsApp, Telegram veya Viber \u00fczerinden bizimle ileti\u015fime ge\u00e7in veya a\u015fa\u011f\u0131daki rezervasyon formunu doldurun<\/p>","protected":false},"excerpt":{"rendered":"<p>Join the Antalya Pamukkale Balloon Tour \u2013 soar over UNESCO white travertines at sunrise, explore Hierapolis ruins &amp; celebrate with champagne. Hotel transfer &amp; breakfast included.<\/p>","protected":false},"featured_media":10740,"comment_status":"open","ping_status":"closed","template":"","meta":{"_acf_changed":false},"product_brand":[],"product_cat":[32],"product_tag":[69],"class_list":{"0":"post-10970","1":"product","2":"type-product","3":"status-publish","4":"has-post-thumbnail","6":"product_cat-antalya","7":"product_tag-antalya","9":"first","10":"instock","11":"featured","12":"shipping-taxable","13":"purchasable","14":"product-type-ovabrw_car_rental"},"acf":[],"aioseo_notices":[],"_links":{"self":[{"href":"https:\/\/joinusexcursions.com\/tr\/wp-json\/wp\/v2\/product\/10970","targetHints":{"allow":["GET"]}}],"collection":[{"href":"https:\/\/joinusexcursions.com\/tr\/wp-json\/wp\/v2\/product"}],"about":[{"href":"https:\/\/joinusexcursions.com\/tr\/wp-json\/wp\/v2\/types\/product"}],"replies":[{"embeddable":true,"href":"https:\/\/joinusexcursions.com\/tr\/wp-json\/wp\/v2\/comments?post=10970"}],"wp:featuredmedia":[{"embeddable":true,"href":"https:\/\/joinusexcursions.com\/tr\/wp-json\/wp\/v2\/media\/10740"}],"wp:attachment":[{"href":"https:\/\/joinusexcursions.com\/tr\/wp-json\/wp\/v2\/media?parent=10970"}],"wp:term":[{"taxonomy":"product_brand","embeddable":true,"href":"https:\/\/joinusexcursions.com\/tr\/wp-json\/wp\/v2\/product_brand?post=10970"},{"taxonomy":"product_cat","embeddable":true,"href":"https:\/\/joinusexcursions.com\/tr\/wp-json\/wp\/v2\/product_cat?post=10970"},{"taxonomy":"product_tag","embeddable":true,"href":"https:\/\/joinusexcursions.com\/tr\/wp-json\/wp\/v2\/product_tag?post=10970"}],"curies":[{"name":"wp","href":"https:\/\/api.w.org\/{rel}","templated":true}]}}