{"id":10971,"date":"2025-04-26T22:28:44","date_gmt":"2025-04-26T19:28:44","guid":{"rendered":"https:\/\/www.joinusexcursions.com\/?post_type=product&#038;p=10971"},"modified":"2026-04-13T23:05:32","modified_gmt":"2026-04-13T20:05:32","slug":"kemer-pamukkale-balon","status":"publish","type":"product","link":"https:\/\/joinusexcursions.com\/tr\/tours\/kemer-pamukkale-balloon\/","title":{"rendered":"Kemer'den Pamukkale S\u0131cak Hava Balonu Turu"},"content":{"rendered":"<p>B <strong>Kemer Pamukkale Balloon<\/strong> tour takes you on a sunrise hot air flight over the white travertine terraces and Hierapolis ruins, with hotel transfers included. Watch the sunrise illuminate the white travertine terraces from above, float over the ancient ruins of Hierapolis and return to your Kemer hotel with memories that will last a lifetime \u2014 all with transfers included.<\/p>\n<h2>\ud83c\udf05 Overview of the Kemer Pamukkale Balloon Tour<\/h2>\n<p>Pamukkale, d\u00fcnyan\u0131n harika do\u011fal g\u00fczelliklerinden biridir ve g\u00fcn do\u011fumunda s\u0131cak hava balonundan onu izlemek ba\u015fka hi\u00e7bir yerde bulamayaca\u011f\u0131n\u0131z t\u00fcrden bir deneyimdir. Ege k\u0131rsal\u0131nda manzaral\u0131 3 saatlik bir s\u00fcr\u00fc\u015fle Kemer'den ba\u015flay\u0131p, bu tam g\u00fcnl\u00fck tur sizi T\u00fcrkiye'nin UNESCO D\u00fcnya Miras\u0131 Alanlar\u0131ndan birinin kalbine g\u00f6t\u00fcrecektir. Pamuk Kale'nin ikonik beyaz teraslar\u0131 ve Hierapolis'in yay\u0131lm\u0131\u015f kal\u0131nt\u0131lar\u0131 \u00fczerinde yakla\u015f\u0131k bir saat havada s\u00fcz\u00fcl\u00fcn, \u015fampanya kadeh kald\u0131rma ve antik kenti ke\u015ffederek ge\u00e7en bir sabahla d\u00fcnyaya inin. Bu, T\u00fcrk Rivieras\u0131 tatilinin en \u00f6nemli olay\u0131d\u0131r.<\/p>\n<h3>\ud83c\udf1f \u00d6ne \u00c7\u0131kanlar<\/h3>\n<p><span style=\"color: #ff0000;\"><strong>\u2022<\/strong> <\/span>Pamukkale ve Hierapolis \u00fczerinde yakla\u015f\u0131k 1 saatlik s\u0131cak hava balonu u\u00e7u\u015fu<br \/>\n<span style=\"color: #ff0000;\"><strong>\u2022<\/strong> <\/span>Rak\u0131mdan beyaz traverten teraslar\u0131n g\u00fcn do\u011fumu manzaralar\u0131<br \/>\n<span style=\"color: #ff0000;\"><strong>\u2022<\/strong> <\/span>\u015eampanya kadehi ve u\u00e7u\u015f sertifikas\u0131 ini\u015fte<br \/>\n<span style=\"color: #ff0000;\"><strong>\u2022<\/strong> <\/span>Hierapolis Antik Kenti kal\u0131nt\u0131lar\u0131n\u0131 ziyaret<br \/>\n<span style=\"color: #ff0000;\"><strong>\u2022<\/strong> <\/span>\u0130konik beyaz traverten teraslarda y\u00fcr\u00fcy\u00fcn<br \/>\n<span style=\"color: #ff0000;\"><strong>\u2022<\/strong> <\/span>Sertifikal\u0131 deneyimli pilot \u2014 tam g\u00fcvenlik uyumlulu\u011fu<br \/>\n<span style=\"color: #ff0000;\"><strong>\u2022<\/strong> <\/span>Kemer'den otele alma ve otele b\u0131rakma transferi dahildir<\/p>\n<h2>What to Expect on the Kemer Hot Air Balloon<\/h2>\n<p>G\u00fcn\u00fcn\u00fcz \u015fafaktan \u00f6nce ba\u015flar - Kemer'deki otelden al\u0131n\u0131\u015f\u0131n\u0131z genellikle \u015fu saatlere do\u011frudur <strong>04:30\u201305:00<\/strong>. Pamukkale'ye yolculuk yakla\u015f\u0131k <strong>3 saat<\/strong>, Antalya'dan biraz daha k\u0131sa bir yolculukla, karayolundan k\u0131rsala de\u011fi\u015fen manzara e\u015fli\u011finde Ege B\u00f6lgesi'nin i\u00e7 kesimlerindeki tepeler ve pamuk tarlalar\u0131 aras\u0131ndan ge\u00e7erek.<\/p>\n<p>F\u0131rlatma alan\u0131na vard\u0131\u011f\u0131n\u0131zda, Pamukkale platosu \u015fafak \u00f6ncesi \u0131\u015f\u0131\u011f\u0131nda zaten hafif\u00e7e par\u0131ldamaktad\u0131r. Geldi\u011finizde yer ekibi balonu \u015fi\u015firiyor. G\u00fcvenlik brifinginden sonra, yolcular sertifikal\u0131 pilotla birlikte sepete biniyor. Yak\u0131c\u0131lar ate\u015flenir, balon y\u00fckselir ve yerin sesleri uzakla\u015f\u0131r.<\/p>\n<p>B <strong>bir saatlik u\u00e7u\u015f<\/strong> Sizi T\u00fcrkiye'nin en \u00e7ok foto\u011fraflanan manzaralar\u0131ndan birinin \u00fczerinden g\u00f6t\u00fcr\u00fcyor. <strong>traverten teraslar<\/strong> y\u00fczy\u0131llard\u0131r kalsiyum a\u00e7\u0131s\u0131ndan zengin termal suyla a\u011fart\u0131lm\u0131\u015f bembeyaz \u2014 her ge\u00e7en dakika de\u011fi\u015fen erken sabah \u0131\u015f\u0131\u011f\u0131n\u0131 yakal\u0131yor. A\u015fa\u011f\u0131 bakt\u0131\u011f\u0131n\u0131zda, antik sokaklar\u0131 takip edebilirsiniz <strong>Hierapolis<\/strong>S\u00fctunlu cadde, yamaca oyulmu\u015f tiyatro, \u015fehir duvarlar\u0131n\u0131n \u00f6tesine yay\u0131lan devasa nekropol. Yukar\u0131dan bak\u0131ld\u0131\u011f\u0131nda, bir zamanlar antik d\u00fcnyan\u0131n en m\u00fcreffeh \u015fehirlerinden birinin tam \u00f6l\u00e7e\u011fi ortaya \u00e7\u0131k\u0131yor.<\/p>\n<p>\u0130ni\u015ften sonra bir kadeh kald\u0131r\u0131n \u2014 <strong>\u015fampanya ikram ediliyor<\/strong> U\u00e7u\u015fu kutlamak i\u00e7in. Pilotunuz u\u00e7u\u015f sertifikan\u0131z\u0131 size verir. Rehberli b\u00f6l\u00fcm ba\u015flamadan \u00f6nce kahvalt\u0131 yap\u0131l\u0131r.<\/p>\n<p>Ziyaret edeceksin <strong>Hierapolis Arkeolojik Alan\u0131<\/strong> \u2014 mermer d\u00f6\u015feli sokaklarda y\u00fcr\u00fcyen, tiyatroyu ziyaret eden ve tam deneyim isteyenler i\u00e7in y\u00fcz\u00fclen <strong>Antika Havuz<\/strong>, Roma d\u00f6nemine ait s\u00fctunlar\u0131n \u0131l\u0131k maden suyunda batt\u0131\u011f\u0131 (ayr\u0131 bir giri\u015f ge\u00e7erlidir) yer. Son olarak, me\u015fhur \u00fczerinden bir y\u00fcr\u00fcy\u00fc\u015f <strong>Pamukkale travertenleri<\/strong> \u2014 foto\u011fraf makinelerinin bile hakk\u0131n\u0131 veremedi\u011fi parlak beyaz kalsiyum havuzlar\u0131.<\/p>\n<p>Kemer'e d\u00f6n\u00fc\u015f transferi yakla\u015f\u0131k 3 saat s\u00fcrmekte olup ak\u015fam saatlerinde var\u0131lacakt\u0131r. Her dakikas\u0131na de\u011fecek uzun bir g\u00fcn.<\/p>\n<p class=\"mhm-jue-internal-links\">B\u00f6lgede daha fazla macera m\u0131 ar\u0131yorsunuz? Tam listemizi ke\u015ffedin <a href=\"\/tr\/destinasyon\/kemer-turlari\/\">Kemer turlar\u0131<\/a> veya \u015funlara g\u00f6z at\u0131n <a href=\"\/tr\/turlar-2\/kemer-suluada-gunbatimi-tekne\/\">Kemer: Suluada Adas\u0131 G\u00fcn Bat\u0131m\u0131 Tekne Turu Ak\u015fam Yeme\u011fi Dahil<\/a> ba\u015fka unutulmaz bir deneyim i\u00e7in.<\/p>\n<h3>\ud83d\uddd3\ufe0f Tur Program\u0131<\/h3>\n<p><span style=\"color: #ff0000;\"><strong>\u2022<\/strong> <\/span>Kemer'de otelden alma (yakla\u015f\u0131k 04:30\u201305:00)<br \/>\n<span style=\"color: #ff0000;\"><strong>\u2022<\/strong> <\/span>Pamukkale'ye transfer (yakla\u015f\u0131k 3 saat)<br \/>\n<span style=\"color: #ff0000;\"><strong>\u2022<\/strong> <\/span>F\u0131rlatma alan\u0131na var\u0131\u015f \u2014 g\u00fcvenlik brifingi<br \/>\n<span style=\"color: #ff0000;\"><strong>\u2022<\/strong> <\/span>S\u0131cak hava balonu u\u00e7u\u015fu (yakla\u015f\u0131k 1 saat)<br \/>\n<span style=\"color: #ff0000;\"><strong>\u2022<\/strong> <\/span>\u015eampanya kadehi ve u\u00e7u\u015f sertifikas\u0131<br \/>\n<span style=\"color: #ff0000;\"><strong>\u2022<\/strong> <\/span>Kahvalt\u0131<br \/>\n<span style=\"color: #ff0000;\"><strong>\u2022<\/strong> <\/span>Pamukkale Hierapolis Antik Kenti Ziyareti<br \/>\n<span style=\"color: #ff0000;\"><strong>\u2022<\/strong> <\/span>Pamukkale travertenlerinde y\u00fcr\u00fcy\u00fcn<br \/>\n<span style=\"color: #ff0000;\"><strong>\u2022<\/strong> <\/span>Kemer otellerine gidi\u015f d\u00f6n\u00fc\u015f transferi<\/p>\n<h3>\u2139\ufe0f Faydal\u0131 Bilgiler<\/h3>\n<p><span style=\"color: #ff0000;\"><strong>\u2022<\/strong> <\/span>\u00c7ok erken ba\u015flang\u0131\u00e7 \u2014 alma yakla\u015f\u0131k 04:30\u201305:00<br \/>\n<span style=\"color: #ff0000;\"><strong>\u2022<\/strong> <\/span>Tam g\u00fcnl\u00fck tur (Kemer'den yakla\u015f\u0131k 13-14 saat)<br \/>\n<span style=\"color: #ff0000;\"><strong>\u2022<\/strong> <\/span>Hava ko\u015fullar\u0131na ba\u011fl\u0131 balon u\u00e7u\u015flar\u0131<br \/>\n<span style=\"color: #ff0000;\"><strong>\u2022<\/strong> <\/span>Minimum ya\u015f: 6 ya\u015f (ebeveyn e\u015fli\u011finde \u00e7ocuklar)<br \/>\n<span style=\"color: #ff0000;\"><strong>\u2022<\/strong> <\/span>Hierapolis giri\u015f bileti ayr\u0131ca yerinde sat\u0131n al\u0131n\u0131r<\/p>\n<p class=\"mhm-jue-external-link\">Hedef hakk\u0131nda daha fazla bilgi edinin <a href=\"https:\/\/en.wikipedia.org\/wiki\/Pamukkale\" target=\"_blank\" rel=\"noopener\">Pamukkale Wikipedia page<\/a>.<\/p>\n<h3>\ud83c\udf92 Getirilecekler<\/h3>\n<p><span style=\"color: #ff0000;\"><strong>\u2022<\/strong> <\/span>Sabah erken saatler ve u\u00e7u\u015f i\u00e7in (y\u00fckseklikte serin olur) s\u0131cak tutacak bir kat<br \/>\n<span style=\"color: #ff0000;\"><strong>\u2022<\/strong> <\/span>Rahat y\u00fcr\u00fcy\u00fc\u015f ayakkab\u0131lar\u0131<br \/>\n<span style=\"color: #ff0000;\"><strong>\u2022<\/strong> <\/span>Kamera veya ak\u0131ll\u0131 telefon<br \/>\n<span style=\"color: #ff0000;\"><strong>\u2022<\/strong> <\/span>Hierapolis giri\u015f \u00fccreti, Antik Havuz veya al\u0131\u015fveri\u015f<\/p>\n<h3>\ud83d\udeab Uygun De\u011fil<\/h3>\n<p><span style=\"color: #ff0000;\"><strong>\u2022<\/strong> <\/span>Hamile kad\u0131nlar<br \/>\n<span style=\"color: #ff0000;\"><strong>\u2022<\/strong> <\/span>Ciddi kalp rahats\u0131zl\u0131\u011f\u0131 olan misafirler<br \/>\n<span style=\"color: #ff0000;\"><strong>\u2022<\/strong> <\/span>Y\u00fckseklik korkusu olan misafirler<\/p>\n<h3>\ud83d\udcb8 Fiyat ve Rezervasyon<\/h3>\n<p><span style=\"color: #ff0000;\"><strong>\u2022<\/strong> <\/span>Fiyatlar sezona g\u00f6re de\u011fi\u015fiklik g\u00f6sterebilir \u2014 g\u00fcncel fiyatlar\u0131 rezervasyon formundan kontrol edin<br \/>\n<span style=\"color: #ff0000;\"><strong>\u2022<\/strong> <\/span>Yerlerin s\u0131n\u0131rl\u0131 olmas\u0131 nedeniyle erken rezervasyon \u015fiddetle tavsiye edilir<br \/>\n<span style=\"color: #ff0000;\"><strong>\u2022<\/strong> <\/span>\u015eimdi rezervasyon yap\u0131n ve tur g\u00fcn\u00fc \u00f6deme yap\u0131n<br \/>\n<span style=\"color: #ff0000;\"><strong>\u2022<\/strong> <\/span>WhatsApp, Telegram veya Viber \u00fczerinden bizimle ileti\u015fime ge\u00e7in veya a\u015fa\u011f\u0131daki rezervasyon formunu doldurun<\/p>","protected":false},"excerpt":{"rendered":"<p>The Kemer Pamukkale Balloon tour takes you on a sunrise hot air flight over the white travertine terraces and Hierapolis ruins, with hotel transfers included. Watch the sunrise illuminate the white travertine terraces from above, float over the ancient ruins of Hierapolis and return to your Kemer hotel with memories that will last a lifetime [&hellip;]<\/p>\n","protected":false},"featured_media":10740,"comment_status":"open","ping_status":"closed","template":"","meta":{"_acf_changed":false},"product_brand":[],"product_cat":[37],"product_tag":[65],"class_list":{"0":"post-10971","1":"product","2":"type-product","3":"status-publish","4":"has-post-thumbnail","6":"product_cat-kemer","7":"product_tag-kemer","9":"first","10":"instock","11":"featured","12":"shipping-taxable","13":"purchasable","14":"product-type-ovabrw_car_rental"},"acf":[],"aioseo_notices":[],"_links":{"self":[{"href":"https:\/\/joinusexcursions.com\/tr\/wp-json\/wp\/v2\/product\/10971","targetHints":{"allow":["GET"]}}],"collection":[{"href":"https:\/\/joinusexcursions.com\/tr\/wp-json\/wp\/v2\/product"}],"about":[{"href":"https:\/\/joinusexcursions.com\/tr\/wp-json\/wp\/v2\/types\/product"}],"replies":[{"embeddable":true,"href":"https:\/\/joinusexcursions.com\/tr\/wp-json\/wp\/v2\/comments?post=10971"}],"wp:featuredmedia":[{"embeddable":true,"href":"https:\/\/joinusexcursions.com\/tr\/wp-json\/wp\/v2\/media\/10740"}],"wp:attachment":[{"href":"https:\/\/joinusexcursions.com\/tr\/wp-json\/wp\/v2\/media?parent=10971"}],"wp:term":[{"taxonomy":"product_brand","embeddable":true,"href":"https:\/\/joinusexcursions.com\/tr\/wp-json\/wp\/v2\/product_brand?post=10971"},{"taxonomy":"product_cat","embeddable":true,"href":"https:\/\/joinusexcursions.com\/tr\/wp-json\/wp\/v2\/product_cat?post=10971"},{"taxonomy":"product_tag","embeddable":true,"href":"https:\/\/joinusexcursions.com\/tr\/wp-json\/wp\/v2\/product_tag?post=10971"}],"curies":[{"name":"wp","href":"https:\/\/api.w.org\/{rel}","templated":true}]}}