{"id":10972,"date":"2025-04-26T22:31:18","date_gmt":"2025-04-26T19:31:18","guid":{"rendered":"https:\/\/www.joinusexcursions.com\/?post_type=product&#038;p=10972"},"modified":"2026-04-18T05:17:50","modified_gmt":"2026-04-18T02:17:50","slug":"antalya-pamukkale-hierapolis","status":"publish","type":"product","link":"https:\/\/joinusexcursions.com\/tr\/tours\/antalya-pamukkale-hierapolis\/","title":{"rendered":"Antalya'dan Pamukkale &amp; Hierapolis Turu"},"content":{"rendered":"<p>Antalya'dan tam g\u00fcnl\u00fck bir turla Pamukkale ve Hierapolis'i ke\u015ffedin. \u0130konik beyaz traverten teraslarda \u00e7\u0131plak ayakla y\u00fcr\u00fcy\u00fcn, 2.000 y\u0131ll\u0131k Roma kal\u0131nt\u0131lar\u0131n\u0131 ke\u015ffedin, termal havuzlarda y\u00fcz\u00fcn ve geleneksel bir T\u00fcrk \u00f6\u011fle yeme\u011finin tad\u0131n\u0131 \u00e7\u0131kar\u0131n - Tam bir UNESCO D\u00fcnya Miras\u0131 deneyimi.<\/p>\n<h2>\u2728 Overview of the Antalya Pamukkale Tour<\/h2>\n<p>Pamukkale \u2014 T\u00fcrk\u00e7ede \u201cPamuk Kale\u201d \u2014 T\u00fcrkiye'nin en \u00e7ok foto\u011fraflanan do\u011fal g\u00fczelliklerinden biridir ve Antalya'dan tam g\u00fcnl\u00fck bir turla ula\u015f\u0131labilir. Binlerce y\u0131l boyunca tepeden a\u015fa\u011f\u0131 akan termal su kaynaklar\u0131 taraf\u0131ndan olu\u015fan beyaz kalsiyum teraslar, tiyatrolar\u0131, tap\u0131naklar\u0131, hamamlar\u0131 ve s\u00fctunlu caddeleriyle dikkat \u00e7ekici derecede iyi korunmu\u015f antik bir Roma spa \u015fehri olan Hierapolis'in yan\u0131nda yer almaktad\u0131r. Antalya'dan konforlu, manzaral\u0131 2,5-3 saatlik bir s\u00fcr\u00fc\u015fle ba\u015flayan bu tur, travertenlerin do\u011fal ihti\u015fam\u0131n\u0131 T\u00fcrkiye'nin en \u00f6nemli arkeolojik alanlar\u0131ndan birinde profesyonel rehber e\u015fli\u011finde yap\u0131lacak bir y\u00fcr\u00fcy\u00fc\u015fle birle\u015ftirmektedir.<\/p>\n<h3>\ud83c\udf1f Antalya Pamukkale Hierapolis Tour Highlights<\/h3>\n<p><span style=\"color: #ff0000;\"><strong>\u2022<\/strong> <\/span>Pamukkale'nin beyaz traverten teraslar\u0131nda \u00e7\u0131plak ayakla y\u00fcr\u00fcy\u00fcn<br \/>\n<span style=\"color: #ff0000;\"><strong>\u2022<\/strong> <\/span>Hierapolis antik kenti \u2014 Roma tiyatrosu, Apollon Tap\u0131na\u011f\u0131 ve hamamlar\u0131 rehberli turu<br \/>\n<span style=\"color: #ff0000;\"><strong>\u2022<\/strong> <\/span>Traverten teraslar\u0131nda do\u011fal termal havuzlarda y\u00fcz\u00fcn<br \/>\n<span style=\"color: #ff0000;\"><strong>\u2022<\/strong> <\/span>Cleopatra\u2019n\u0131n Antik Havuzu'nda, bat\u0131k Roma s\u00fctunlar\u0131 aras\u0131nda iste\u011fe ba\u011fl\u0131 y\u00fczme<br \/>\n<span style=\"color: #ff0000;\"><strong>\u2022<\/strong> <\/span>Geleneksel T\u00fcrk a\u00e7\u0131k b\u00fcfe \u00f6\u011fle yeme\u011fi dahil<br \/>\n<span style=\"color: #ff0000;\"><strong>\u2022<\/strong> <\/span>UNESCO D\u00fcnya Miras\u0131 Alan\u0131 \u2014 T\u00fcrkiye'nin en \u00e7ok ziyaret edilen yerlerinden biri<br \/>\n<span style=\"color: #ff0000;\"><strong>\u2022<\/strong> <\/span>Antalya dahil otel kar\u015f\u0131lama ve d\u00f6n\u00fc\u015f transferi<\/p>\n<h2>What to Expect on the Antalya Pamukkale Tour<\/h2>\n<p>G\u00fcn\u00fcn\u00fcz Antalya'da erken bir otel kar\u015f\u0131lama ve Anadolu k\u0131rsal\u0131nda yakla\u015f\u0131k 2,5-3 saatlik rahat bir s\u00fcr\u00fc\u015fle ba\u015fl\u0131yor. Manzara Akdeniz k\u0131y\u0131lar\u0131ndan i\u00e7 plato alan\u0131na ge\u00e7i\u015f yap\u0131yor - zeytinlikler, k\u00fc\u00e7\u00fck kasabalar ve Denizli ilinin d\u00fcz ovalar\u0131. Pamukkale'nin beyaz \u00e7izgisini, uzaktan bile par\u0131ldayarak, tepede varmadan g\u00f6r\u00fcrs\u00fcn\u00fcz.<\/p>\n<p>\u0130lk durak \u00f6\u011fle yeme\u011fi \u2014 c\u00f6mert bir <strong>a\u00e7\u0131k b\u00fcfe yemek<\/strong> yerel bir restoranda, \u00f6\u011fleden sonraya enerjini al\u0131yorsun. Sonra site a\u00e7\u0131l\u0131yor: Pamukkale'nin alt giri\u015fi, ki buras\u0131 <strong>traverten teraslar<\/strong> Ayakkab\u0131lar teraslara basmadan \u00f6nce \u00e7\u0131kar\u0131lmal\u0131d\u0131r (kalsiyum olu\u015fumlar\u0131n\u0131 korumak i\u00e7in gereklidir) \u2014 ve s\u0131\u011f termal havuzlar\u0131n \u00fczerinde, \u00e7\u0131plak ayakla s\u0131cak, p\u00fcr\u00fczs\u00fcz mineral kayan\u0131n \u00fczerinde y\u00fcr\u00fcme hissi ba\u015fka hi\u00e7bir \u015feye benzemez. Su \u0131l\u0131k, olu\u015fumlar parlak beyaz ve yama\u00e7 a\u015fa\u011f\u0131 ve vadiye bakan manzaralar ola\u011fan\u00fcst\u00fc.<\/p>\n<p>Teraslar\u0131n \u00fcst\u00fcnde, harabeleri <strong>Hierapolis<\/strong> platosuna yay\u0131lm\u0131\u015f. M.\u00d6. 2. y\u00fczy\u0131lda bir termal sa\u011fl\u0131k merkezi olarak kurulan \u015fehir, Roma eyaleti Asya'n\u0131n en \u00f6nemli \u015fehirlerinden biri haline geldi. Rehberiniz sizi alan boyunca g\u00f6t\u00fcr\u00fcyor: <strong>Roma tiyatrosu<\/strong>, yama\u00e7lara oyulmu\u015f ve \u015fa\u015f\u0131rt\u0131c\u0131 derecede iyi korunmu\u015f; <strong>Apollon Tap\u0131na\u011f\u0131<\/strong> ve yak\u0131ndaki Pl\u00fctonyum \u2014 efsanevi kutsal ma\u011fara; antik s\u00fctunlu ana cadde; ve geni\u015f <strong>nekropol<\/strong>, Antik d\u00fcnyan\u0131n en b\u00fcy\u00fcklerinden biri.<\/p>\n<p>Rehberli b\u00f6l\u00fcmden sonra serbest zaman, en sevdi\u011finiz yerleri tekrar ziyaret etmenize veya \u2014ek giri\u015f \u00fccreti kar\u015f\u0131l\u0131\u011f\u0131nda\u2014 y\u00fczmenize olanak tan\u0131r <strong>Kleopatra'n\u0131n Antik Havuzu<\/strong>, s\u0131cak mineralli suyun yar\u0131 bat\u0131k Roma s\u00fctunlar\u0131n\u0131n aras\u0131nda akt\u0131\u011f\u0131 yer. Bu tarihi bir ger\u00e7ek mi yoksa efsane mi bilinmez, orada y\u00fczme deneyimi ger\u00e7ekten \u00e7ok \u00f6zel.<\/p>\n<p>Antalya'ya d\u00f6n\u00fc\u015f yolculu\u011fu yakla\u015f\u0131k 2,5\u20133 saat s\u00fcrer ve ak\u015fam\u0131n erken saatlerinde var\u0131l\u0131r.<\/p>\n<p class=\"mhm-jue-internal-links\">B\u00f6lgede daha fazla macera m\u0131 ar\u0131yorsunuz? Tam listemizi ke\u015ffedin <a href=\"\/tr\/destinasyon\/antalya-turlari\/\">Antalya turlar\u0131<\/a> veya \u015funlara g\u00f6z at\u0131n <a href=\"\/tr\/turlar-2\/antalya-suluada-gunbatimi-tekne\/\">Antalya'dan Suluada Adas\u0131 G\u00fcn Bat\u0131m\u0131 Tekne Turu ve Ak\u015fam Yeme\u011fi<\/a> ba\u015fka unutulmaz bir deneyim i\u00e7in.<\/p>\n<h3>\ud83e\udded Antalya Pamukkale Hierapolis Tour Itinerary<\/h3>\n<p><span style=\"color: #ff0000;\"><strong>\u2022<\/strong> <\/span>Antalya'da otelden kar\u015f\u0131lama (sabah erken)<br \/>\n<span style=\"color: #ff0000;\"><strong>\u2022<\/strong> <\/span>Pamukkale'ye manzaral\u0131 s\u00fcr\u00fc\u015f (yakla\u015f\u0131k 2,5\u20133 saat)<br \/>\n<span style=\"color: #ff0000;\"><strong>\u2022<\/strong> <\/span>Yerel bir restoranda a\u00e7\u0131k b\u00fcfe \u00f6\u011fle yeme\u011fi<br \/>\n<span style=\"color: #ff0000;\"><strong>\u2022<\/strong> <\/span>Beyaz traverten teraslarda (\u00e7\u0131plak ayakla) y\u00fcr\u00fcy\u00fcn<br \/>\n<span style=\"color: #ff0000;\"><strong>\u2022<\/strong> <\/span>Hierapolis Antik Kenti rehberli turu<br \/>\n<span style=\"color: #ff0000;\"><strong>\u2022<\/strong> <\/span>Bo\u015f zaman \u2014 termal havuzda y\u00fczme veya Kleopatra Havuzu (iste\u011fe ba\u011fl\u0131)<br \/>\n<span style=\"color: #ff0000;\"><strong>\u2022<\/strong> <\/span>Antalya otellerine gidi\u015f d\u00f6n\u00fc\u015f transferi<\/p>\n<h3>\u2139\ufe0f Faydal\u0131 Bilgiler<\/h3>\n<p><span style=\"color: #ff0000;\"><strong>\u2022<\/strong> <\/span>Tam g\u00fcnl\u00fck tur (transferler dahil yakla\u015f\u0131k 12-13 saat)<br \/>\n<span style=\"color: #ff0000;\"><strong>\u2022<\/strong> <\/span>Orta d\u00fczeyde y\u00fcr\u00fcy\u00fc\u015f gereklidir \u2014 Hierapolis engebeli antik d\u00f6\u015feme i\u00e7erir<br \/>\n<span style=\"color: #ff0000;\"><strong>\u2022<\/strong> <\/span>Traverten teraslarda ayakkab\u0131lar\u0131n \u00e7\u0131kar\u0131lmas\u0131 gerekmektedir (site y\u00f6netmeli\u011fi)<br \/>\n<span style=\"color: #ff0000;\"><strong>\u2022<\/strong> <\/span>Kleopatra'n\u0131n Antik Havuzu i\u00e7in ayr\u0131 bir giri\u015f \u00fccreti vard\u0131r (yerinde \u00f6denir)<br \/>\n<span style=\"color: #ff0000;\"><strong>\u2022<\/strong> <\/span>Hierapolis'e giri\u015f i\u00e7in ek \u00fccret olabilir (rezervasyon s\u0131ras\u0131nda kontrol edin)<\/p>\n<p class=\"mhm-jue-external-link\">Hedef hakk\u0131nda daha fazla bilgi edinin <a href=\"https:\/\/en.wikipedia.org\/wiki\/Pamukkale\" target=\"_blank\" rel=\"noopener\">Pamukkale Wikipedia page<\/a>.<\/p>\n<h3>\ud83c\udf92 Getirilecekler<\/h3>\n<p><span style=\"color: #ff0000;\"><strong>\u2022<\/strong> <\/span>Tarasta giymek i\u00e7in rahat y\u00fcr\u00fcy\u00fc\u015f ayakkab\u0131lar\u0131 ve onlar\u0131 ta\u015f\u0131mak i\u00e7in bir \u00e7anta<br \/>\n<span style=\"color: #ff0000;\"><strong>\u2022<\/strong> <\/span>Termal havuzlar i\u00e7in mayo ve havlu<br \/>\n<span style=\"color: #ff0000;\"><strong>\u2022<\/strong> <\/span>G\u00fcne\u015f kremi ve \u015fapka \u2014 alan a\u00e7\u0131k ve havadar<br \/>\n<span style=\"color: #ff0000;\"><strong>\u2022<\/strong> <\/span>Kamera veya ak\u0131ll\u0131 telefon<br \/>\n<span style=\"color: #ff0000;\"><strong>\u2022<\/strong> <\/span>Kleopatra Havuzu, Hierapolis giri\u015fi ve ki\u015fisel harcamalar i\u00e7in nakit<\/p>\n<h3>\ud83d\udeab Uygun De\u011fil<\/h3>\n<p><span style=\"color: #ff0000;\"><strong>\u2022<\/strong> <\/span>Ciddi hareket zorlu\u011fu ya\u015fayan veya engebeli arazide y\u00fcr\u00fcyemeyen misafirler<\/p>\n<h3>\ud83d\udcb8 Fiyat ve Rezervasyon<\/h3>\n<p><span style=\"color: #ff0000;\"><strong>\u2022<\/strong> <\/span>Fiyatlar sezona g\u00f6re de\u011fi\u015fiklik g\u00f6sterebilir \u2014 g\u00fcncel fiyatlar\u0131 rezervasyon formundan kontrol edin<br \/>\n<span style=\"color: #ff0000;\"><strong>\u2022<\/strong> <\/span>\u015eimdi rezervasyon yap\u0131n ve tur g\u00fcn\u00fc \u00f6deme yap\u0131n<br \/>\n<span style=\"color: #ff0000;\"><strong>\u2022<\/strong> <\/span>WhatsApp, Telegram veya Viber \u00fczerinden bizimle ileti\u015fime ge\u00e7in veya a\u015fa\u011f\u0131daki rezervasyon formunu doldurun<\/p>","protected":false},"excerpt":{"rendered":"<p>Join the Antalya Pamukkale Hierapolis Tour \u2013 walk barefoot on iconic white travertines, explore ancient Roman ruins &amp; swim in thermal pools. Lunch &amp; hotel transfer included.<\/p>","protected":false},"featured_media":10711,"comment_status":"open","ping_status":"closed","template":"","meta":{"_acf_changed":false},"product_brand":[],"product_cat":[32],"product_tag":[69],"class_list":{"0":"post-10972","1":"product","2":"type-product","3":"status-publish","4":"has-post-thumbnail","6":"product_cat-antalya","7":"product_tag-antalya","9":"first","10":"instock","11":"featured","12":"shipping-taxable","13":"purchasable","14":"product-type-ovabrw_car_rental"},"acf":[],"aioseo_notices":[],"_links":{"self":[{"href":"https:\/\/joinusexcursions.com\/tr\/wp-json\/wp\/v2\/product\/10972","targetHints":{"allow":["GET"]}}],"collection":[{"href":"https:\/\/joinusexcursions.com\/tr\/wp-json\/wp\/v2\/product"}],"about":[{"href":"https:\/\/joinusexcursions.com\/tr\/wp-json\/wp\/v2\/types\/product"}],"replies":[{"embeddable":true,"href":"https:\/\/joinusexcursions.com\/tr\/wp-json\/wp\/v2\/comments?post=10972"}],"wp:featuredmedia":[{"embeddable":true,"href":"https:\/\/joinusexcursions.com\/tr\/wp-json\/wp\/v2\/media\/10711"}],"wp:attachment":[{"href":"https:\/\/joinusexcursions.com\/tr\/wp-json\/wp\/v2\/media?parent=10972"}],"wp:term":[{"taxonomy":"product_brand","embeddable":true,"href":"https:\/\/joinusexcursions.com\/tr\/wp-json\/wp\/v2\/product_brand?post=10972"},{"taxonomy":"product_cat","embeddable":true,"href":"https:\/\/joinusexcursions.com\/tr\/wp-json\/wp\/v2\/product_cat?post=10972"},{"taxonomy":"product_tag","embeddable":true,"href":"https:\/\/joinusexcursions.com\/tr\/wp-json\/wp\/v2\/product_tag?post=10972"}],"curies":[{"name":"wp","href":"https:\/\/api.w.org\/{rel}","templated":true}]}}