{"id":10973,"date":"2025-04-26T22:32:37","date_gmt":"2025-04-26T19:32:37","guid":{"rendered":"https:\/\/www.joinusexcursions.com\/?post_type=product&#038;p=10973"},"modified":"2026-04-18T05:12:30","modified_gmt":"2026-04-18T02:12:30","slug":"kemer-pamukkale-hierapolis","status":"publish","type":"product","link":"https:\/\/joinusexcursions.com\/tr\/tours\/kemer-pamukkale-hierapolis\/","title":{"rendered":"Kemer'den Pamukkale &amp; Hierapolis Turu"},"content":{"rendered":"<p>Kemer'den tam g\u00fcnl\u00fck bir turla Pamukkale ve Hierapolis'i ziyaret edin. \u00dcnl\u00fc beyaz traverten teraslar\u0131nda y\u00fcr\u00fcy\u00fcn, geni\u015f Roma harabelerini ke\u015ffedin, termal sularda y\u00fcz\u00fcn ve geleneksel bir \u00f6\u011fle yeme\u011finin tad\u0131n\u0131 \u00e7\u0131kar\u0131n - hepsi T\u00fcrkiye Rivieras\u0131'ndan yap\u0131lan bu ola\u011fan\u00fcst\u00fc g\u00fcnl\u00fck gezide.<\/p>\n<h2>\u2728 Overview of the Kemer Pamukkale Tour<\/h2>\n<p>Pamukkale, d\u00fcnyan\u0131n en \u00f6nemli do\u011fal ve arkeolojik harikalar\u0131ndan biridir ve Kemer'den, T\u00fcrkiye'nin g\u00fcneybat\u0131s\u0131ndaki da\u011flar ve i\u00e7 ovalar boyunca yakla\u015f\u0131k 3-4 saatlik rahat bir s\u00fcr\u00fc\u015f mesafesindedir. S\u0131cak mineralli sularla akan beyaz kalsiyum traverten teraslar\u0131, kenar\u0131nda yer almaktad\u0131r <strong>Hierapolis<\/strong>, ola\u011fan\u00fcst\u00fc iyi korunmu\u015f antik bir Roma kapl\u0131ca \u015fehri. Bu tam g\u00fcnl\u00fck rehberli tur, Pamukkale'nin do\u011fal manzaras\u0131n\u0131 ve 2.000 y\u0131ll\u0131k tarih boyunca profesyonel bir rehberli y\u00fcr\u00fcy\u00fc\u015f\u00fc birle\u015ftiriyor. Uzun bir g\u00fcn ama T\u00fcrk Rivieras\u0131'n\u0131n en \u00f6d\u00fcllendirici turlar\u0131ndan biri.<\/p>\n<h3>\ud83c\udf1f Kemer Pamukkale Hierapolis Tour Highlights<\/h3>\n<p><span style=\"color: #ff0000;\"><strong>\u2022<\/strong> <\/span>Pamukkale'nin ikonik beyaz traverten teraslar\u0131nda \u00e7\u0131plak ayakla y\u00fcr\u00fcy\u00fcn<br \/>\n<span style=\"color: #ff0000;\"><strong>\u2022<\/strong> <\/span>Hierapolis'te Rehberli Tur \u2014 Roma tiyatrosu, tap\u0131naklar, antik sokaklar<br \/>\n<span style=\"color: #ff0000;\"><strong>\u2022<\/strong> <\/span>Teraslarda do\u011fal s\u0131cak termal havuzlarda y\u00fcz\u00fcn<br \/>\n<span style=\"color: #ff0000;\"><strong>\u2022<\/strong> <\/span>Cleopatra'n\u0131n Antik Havuzu'nda iste\u011fe ba\u011fl\u0131 y\u00fczme \u2014 bat\u0131k Roma s\u00fctunlar\u0131<br \/>\n<span style=\"color: #ff0000;\"><strong>\u2022<\/strong> <\/span>Yerel bir restoranda a\u00e7\u0131k b\u00fcfe \u00f6\u011fle yeme\u011fi<br \/>\n<span style=\"color: #ff0000;\"><strong>\u2022<\/strong> <\/span>UNESCO D\u00fcnya Miras\u0131 Alan\u0131 \u2014 unutulmaz k\u00fclt\u00fcrel deneyim<br \/>\n<span style=\"color: #ff0000;\"><strong>\u2022<\/strong> <\/span>Kemer'den otele alma ve otele b\u0131rakma transferi dahildir<\/p>\n<h2>What to Expect on the Kemer Pamukkale Tour<\/h2>\n<p>G\u00fcne Kemer, Beldibi veya Tekirova'dan erken bir otel al\u0131m\u0131yla ba\u015flayacaks\u0131n\u0131z. Pamukkale'ye yolculuk yakla\u015f\u0131k 3\u20134 saat s\u00fcrecek. Sahilden i\u00e7erilere, Toros Da\u011flar\u0131'n\u0131n da\u011fl\u0131k alanlar\u0131ndan ge\u00e7erek ve ard\u0131ndan d\u00fcz Denizli ovas\u0131na do\u011fru ilerleyeceksiniz. Bu, Anadolu'nun kalbine ger\u00e7ek bir yolculuktur ve uzaktaki tepedeki Pamukkale'nin beyaz \u00e7izgisi, oraya varmadan \u00e7ok \u00f6nce var\u0131\u015f\u0131n\u0131z\u0131 i\u015faret edecektir.<\/p>\n<p>G\u00fcne c\u00f6mert bir <strong>a\u00e7\u0131k b\u00fcfe \u00f6\u011fle yeme\u011fi<\/strong> Sitenin bulundu\u011fu yeri ziyaret etmeden \u00f6nce yerel bir restoranda. Pamukkale'nin termal kaynaklar\u0131 binlerce y\u0131ld\u0131r yamac\u0131n a\u015fa\u011f\u0131s\u0131na akmakta, kalsiyum karbonat biriktirmekte ve terasl\u0131 havuzlar, donmu\u015f \u015felaleler ve parlak mineral kayalardan olu\u015fan s\u0131rad\u0131\u015f\u0131 beyaz olu\u015fumlar in\u015fa etmektedir. <strong>Ayakkab\u0131lar \u00e7\u0131kar\u0131lmal\u0131d\u0131r<\/strong> terraslara ad\u0131m atmadan \u00f6nce (k\u0131r\u0131lgan olu\u015fumlar\u0131 koruyan bir site kural\u0131) \u2014 ve T\u00fcrkiye'deki en belirgin duyusal deneyimlerden biri olan s\u0131cak mineral kayalar\u0131n \u00fczerinde \u00e7\u0131plak ayakla y\u00fcr\u00fcmek.<\/p>\n<p>Teraslar\u0131n yukar\u0131s\u0131nda, antik \u015fehir <strong>Hierapolis<\/strong> M\u00d6 2. y\u00fczy\u0131lda termal bir sa\u011fl\u0131k kapl\u0131cas\u0131 olarak kurulan ve Roma Asya's\u0131n\u0131n en m\u00fcreffeh \u015fehirlerinden biri haline gelen yerinizi rehberiniz size gezdirecek. <strong>Roma tiyatrosu<\/strong> \u2014 T\u00fcrkiye'nin en iyi korunmu\u015f yerlerinden biri \u2014 Apollon Tap\u0131na\u011f\u0131, antik Plutonyum kutsal alan\u0131, s\u00fctunlu ana cadde ve geni\u015f <strong>nekropol<\/strong> \u015fehir duvarlar\u0131n\u0131n \u00f6tesine uzan\u0131yor. Tarih her yerde ayaklar\u0131m\u0131z\u0131n alt\u0131nda.<\/p>\n<p>Sonras\u0131nda kalan bo\u015f zaman, termal havuzlarda daha uzun y\u00fczme veya ek \u00fccret kar\u015f\u0131l\u0131\u011f\u0131nda \u00fcnl\u00fc <strong>Kleopatra'n\u0131n Antik Havuzu<\/strong> \u2014 mineralli s\u0131cak suyun suya batm\u0131\u015f Roma s\u00fctunu par\u00e7alar\u0131 aras\u0131nda akt\u0131\u011f\u0131 do\u011fal \u0131s\u0131tmal\u0131 havuz. E\u015fsiz bir g\u00fcn\u00fcn sonunda e\u015fsiz bir deneyim.<\/p>\n<p>Kemer'e d\u00f6n\u00fc\u015f yolculu\u011fu yakla\u015f\u0131k 3-4 saat s\u00fcrer ve ak\u015fama do\u011fru var\u0131l\u0131r.<\/p>\n<p class=\"mhm-jue-internal-links\">B\u00f6lgede daha fazla macera m\u0131 ar\u0131yorsunuz? Tam listemizi ke\u015ffedin <a href=\"\/tr\/destinasyon\/kemer-turlari\/\">Kemer turlar\u0131<\/a> veya \u015funlara g\u00f6z at\u0131n <a href=\"\/tr\/turlar-2\/kemer-suluada-gunbatimi-tekne\/\">Kemer: Suluada Adas\u0131 G\u00fcn Bat\u0131m\u0131 Tekne Turu Ak\u015fam Yeme\u011fi Dahil<\/a> ba\u015fka unutulmaz bir deneyim i\u00e7in.<\/p>\n<h3>\ud83e\uddedKemer Pamukkale Hierapolis Tour Itinerary<\/h3>\n<p><span style=\"color: #ff0000;\"><strong>\u2022<\/strong> <\/span>Kemer ve \u00e7evresinden otel transferi (sabah erken saatlerde)<br \/>\n<span style=\"color: #ff0000;\"><strong>\u2022<\/strong> <\/span>Pamukkale'ye s\u00fcr\u00fcn (yakla\u015f\u0131k 3\u20134 saat)<br \/>\n<span style=\"color: #ff0000;\"><strong>\u2022<\/strong> <\/span>Yerel bir restoranda a\u00e7\u0131k b\u00fcfe \u00f6\u011fle yeme\u011fi<br \/>\n<span style=\"color: #ff0000;\"><strong>\u2022<\/strong> <\/span>Beyaz traverten teraslarda (\u00e7\u0131plak ayakla) y\u00fcr\u00fcy\u00fcn<br \/>\n<span style=\"color: #ff0000;\"><strong>\u2022<\/strong> <\/span>Hierapolis Antik Kenti rehberli turu<br \/>\n<span style=\"color: #ff0000;\"><strong>\u2022<\/strong> <\/span>Bo\u015f zaman \u2014 termal y\u00fczme veya Kleopatra Havuzu (iste\u011fe ba\u011fl\u0131 ek \u00fccret)<br \/>\n<span style=\"color: #ff0000;\"><strong>\u2022<\/strong> <\/span>Kemer otellerine gidi\u015f d\u00f6n\u00fc\u015f transferi<\/p>\n<h3>\u2139\ufe0f Faydal\u0131 Bilgiler<\/h3>\n<p><span style=\"color: #ff0000;\"><strong>\u2022<\/strong> <\/span>Tam g\u00fcn tur (Kemer'den transferler dahil yakla\u015f\u0131k 14-15 saat)<br \/>\n<span style=\"color: #ff0000;\"><strong>\u2022<\/strong> <\/span>Orta derecede y\u00fcr\u00fcme gereklidir \u2014 Hierapolis'in engebeli antik kaplamas\u0131 var<br \/>\n<span style=\"color: #ff0000;\"><strong>\u2022<\/strong> <\/span>Traverten teraslarda ayakkab\u0131lar \u00e7\u0131kar\u0131l\u0131r (alan d\u00fczenlemesi)<br \/>\n<span style=\"color: #ff0000;\"><strong>\u2022<\/strong> <\/span>Kleopatra Havuzu'nun ayr\u0131 bir giri\u015f \u00fccreti vard\u0131r<br \/>\n<span style=\"color: #ff0000;\"><strong>\u2022<\/strong> <\/span>Hierapolis \u00f6ren yeri giri\u015f \u00fccreti ek \u00fccretli olabilir<\/p>\n<p class=\"mhm-jue-external-link\">Hedef hakk\u0131nda daha fazla bilgi edinin <a href=\"https:\/\/en.wikipedia.org\/wiki\/Pamukkale\" target=\"_blank\" rel=\"noopener\">Pamukkale Wikipedia page<\/a>.<\/p>\n<h3>\ud83c\udf92 Getirilecekler<\/h3>\n<p><span style=\"color: #ff0000;\"><strong>\u2022<\/strong> <\/span>Rahat y\u00fcr\u00fcy\u00fc\u015f ayakkab\u0131lar\u0131 ve teraslardaki bunlar i\u00e7in bir \u00e7anta<br \/>\n<span style=\"color: #ff0000;\"><strong>\u2022<\/strong> <\/span>Termal havuzlar i\u00e7in mayo ve havlu<br \/>\n<span style=\"color: #ff0000;\"><strong>\u2022<\/strong> <\/span>G\u00fcne\u015f kremi ve \u015fapka<br \/>\n<span style=\"color: #ff0000;\"><strong>\u2022<\/strong> <\/span>Kamera veya ak\u0131ll\u0131 telefon<br \/>\n<span style=\"color: #ff0000;\"><strong>\u2022<\/strong> <\/span>Giri\u015f \u00fccretleri ve ki\u015fisel harcamalar i\u00e7in nakit<\/p>\n<h3>\ud83d\udeab Uygun De\u011fil<\/h3>\n<p><span style=\"color: #ff0000;\"><strong>\u2022<\/strong> <\/span>Ciddi hareket zorlu\u011fu olan misafirler<\/p>\n<h3>\ud83d\udcb8 Fiyat ve Rezervasyon<\/h3>\n<p><span style=\"color: #ff0000;\"><strong>\u2022<\/strong> <\/span>Fiyatlar sezona g\u00f6re de\u011fi\u015fiklik g\u00f6sterebilir \u2014 g\u00fcncel fiyatlar\u0131 rezervasyon formundan kontrol edin<br \/>\n<span style=\"color: #ff0000;\"><strong>\u2022<\/strong> <\/span>\u015eimdi rezervasyon yap\u0131n ve tur g\u00fcn\u00fc \u00f6deme yap\u0131n<br \/>\n<span style=\"color: #ff0000;\"><strong>\u2022<\/strong> <\/span>WhatsApp, Telegram veya Viber \u00fczerinden bizimle ileti\u015fime ge\u00e7in veya a\u015fa\u011f\u0131daki rezervasyon formunu doldurun<\/p>","protected":false},"excerpt":{"rendered":"<p>Join the Kemer Pamukkale Hierapolis Tour \u2013 walk barefoot on iconic white travertines, explore ancient Roman ruins &amp; swim in thermal pools. Lunch &amp; hotel transfer included.<\/p>","protected":false},"featured_media":10711,"comment_status":"open","ping_status":"closed","template":"","meta":{"_acf_changed":false},"product_brand":[],"product_cat":[37],"product_tag":[65],"class_list":{"0":"post-10973","1":"product","2":"type-product","3":"status-publish","4":"has-post-thumbnail","6":"product_cat-kemer","7":"product_tag-kemer","9":"first","10":"instock","11":"featured","12":"shipping-taxable","13":"purchasable","14":"product-type-ovabrw_car_rental"},"acf":[],"aioseo_notices":[],"_links":{"self":[{"href":"https:\/\/joinusexcursions.com\/tr\/wp-json\/wp\/v2\/product\/10973","targetHints":{"allow":["GET"]}}],"collection":[{"href":"https:\/\/joinusexcursions.com\/tr\/wp-json\/wp\/v2\/product"}],"about":[{"href":"https:\/\/joinusexcursions.com\/tr\/wp-json\/wp\/v2\/types\/product"}],"replies":[{"embeddable":true,"href":"https:\/\/joinusexcursions.com\/tr\/wp-json\/wp\/v2\/comments?post=10973"}],"wp:featuredmedia":[{"embeddable":true,"href":"https:\/\/joinusexcursions.com\/tr\/wp-json\/wp\/v2\/media\/10711"}],"wp:attachment":[{"href":"https:\/\/joinusexcursions.com\/tr\/wp-json\/wp\/v2\/media?parent=10973"}],"wp:term":[{"taxonomy":"product_brand","embeddable":true,"href":"https:\/\/joinusexcursions.com\/tr\/wp-json\/wp\/v2\/product_brand?post=10973"},{"taxonomy":"product_cat","embeddable":true,"href":"https:\/\/joinusexcursions.com\/tr\/wp-json\/wp\/v2\/product_cat?post=10973"},{"taxonomy":"product_tag","embeddable":true,"href":"https:\/\/joinusexcursions.com\/tr\/wp-json\/wp\/v2\/product_tag?post=10973"}],"curies":[{"name":"wp","href":"https:\/\/api.w.org\/{rel}","templated":true}]}}