{"id":10974,"date":"2025-04-26T22:47:13","date_gmt":"2025-04-26T19:47:13","guid":{"rendered":"https:\/\/www.joinusexcursions.com\/?post_type=product&#038;p=10974"},"modified":"2026-04-13T22:52:13","modified_gmt":"2026-04-13T19:52:13","slug":"antalya-demre-myra-kekova","status":"publish","type":"product","link":"https:\/\/joinusexcursions.com\/tr\/tours\/antalya-demre-myra-kekova\/","title":{"rendered":"Antalya'dan Demre Myra ve Kekova Turu ve Aziz Nikolaos Kilisesi"},"content":{"rendered":"<p>Bize kat\u0131l\u0131n <strong>Antalya Demre Myra Kekova<\/strong> day tour to explore the Sunken City, Myra ruins and St. Nicholas Church. A glass-bottom boat cruise, a swimming stop and a local lunch complete one of the most historically rich day trips on the Turkish Riviera.<\/p>\n<h2>\ud83c\udf0d Overview of the Antalya Demre Myra Kekova Tour<\/h2>\n<p>Antalya'dan d\u00fczenlenen bu tam g\u00fcnl\u00fck turda, T\u00fcrkiye'nin g\u00fcney k\u0131y\u0131s\u0131 boyunca uzanan antik Likya topraklar\u0131n\u0131n en b\u00fcy\u00fck \u00fc\u00e7 yerini ziyaret edeceksiniz. Kay <strong>Meyra<\/strong>, ziyaret edin <strong>Aziz Nikola Kilisesi<\/strong> Demre'de \u2014 Noel Baba'ya ilham veren 4. y\u00fczy\u0131l azizinin mezar\u0131n\u0131n bulundu\u011fu yer \u2014 ve ard\u0131ndan cam tabanl\u0131 bir yatla \u015furaya do\u011fru yolculuk yap\u0131n <strong>Kekova bat\u0131k \u015fehri<\/strong>, antik bir \u015fehrin kal\u0131nt\u0131lar\u0131n\u0131n denizin alt\u0131nda k\u0131smen batt\u0131\u011f\u0131 yer. Y\u00fczme molas\u0131 ve y\u00f6resel \u00f6\u011fle yeme\u011fi g\u00fcn\u00fc tamamlar. Antalya'dan otele alma ve geri d\u00f6n\u00fc\u015f transferi dahildir.<\/p>\n<h3>\ud83c\udf1f \u00d6ne \u00c7\u0131kanlar<\/h3>\n<p><span style=\"color: #ff0000;\"><strong>\u2022<\/strong> <\/span>Kekova Bat\u0131k \u015eehir Cam Tabanl\u0131 Yat Turu<br \/>\n<span style=\"color: #ff0000;\"><strong>\u2022<\/strong> <\/span>Aziz Nikola Kilisesi'ni ziyaret edin - orijinal Noel Baba<br \/>\n<span style=\"color: #ff0000;\"><strong>\u2022<\/strong> <\/span>Myra kaya oyma Likya mezarlar\u0131n\u0131 ve Roma tiyatrosunu ke\u015ffedin<br \/>\n<span style=\"color: #ff0000;\"><strong>\u2022<\/strong> <\/span>Sudan Simena Kalesi manzaralar\u0131<br \/>\n<span style=\"color: #ff0000;\"><strong>\u2022<\/strong> <\/span>Kristal berrakl\u0131\u011f\u0131nda Akdeniz sular\u0131nda ferahlat\u0131c\u0131 bir y\u00fczme<br \/>\n<span style=\"color: #ff0000;\"><strong>\u2022<\/strong> <\/span>Yerel bir restoranda geleneksel \u00f6\u011fle yeme\u011fi<br \/>\n<span style=\"color: #ff0000;\"><strong>\u2022<\/strong> <\/span>Antalya dahil otel kar\u015f\u0131lama ve d\u00f6n\u00fc\u015f transferi<\/p>\n<h2>What to Expect on the Antalya Demre Myra Kekova Tour<\/h2>\n<p>G\u00fcn\u00fcn\u00fcz Antalya'da bir otelden al\u0131narak ba\u015flar ve Akdeniz k\u0131y\u0131s\u0131 boyunca yakla\u015f\u0131k 2-2,5 saat do\u011fuya, antik Likya b\u00f6lgesine do\u011fru bir yolculukla devam eder. Tatil beldesini geride b\u0131rakt\u0131k\u00e7a manzara de\u011fi\u015fir - yol narenciye bah\u00e7eleri, nehir deltalar\u0131 ve k\u00fc\u00e7\u00fck liman kasabalar\u0131 aras\u0131ndan k\u0131vr\u0131l\u0131r.<\/p>\n<p>\u0130lk tarihi mekan <strong>Meyra<\/strong>, Likya Birli\u011fi'nin en \u00f6nemli \u015fehirlerinden biri. Kayaya oyulmu\u015f <strong>Likya mezarlar\u0131<\/strong>, do\u011frudan \u015fehrin yukar\u0131s\u0131ndaki u\u00e7urumun i\u00e7ine oyulmu\u015f, T\u00fcrkiye'deki bu e\u015fsiz cenaze gelene\u011finin en iyi korunmu\u015f \u00f6rneklerinden baz\u0131lar\u0131d\u0131r. Oyma cephelerde kap\u0131lar, s\u00fctunlar ve antik fig\u00fcrlerin kabartmalar\u0131 yer almaktad\u0131r. Mezarlar\u0131n alt\u0131nda, <strong>Antik Yunan-Roma tiyatrosu<\/strong> T\u00fcrkiye'de oturma d\u00fczeni, sahne yap\u0131s\u0131 ve dekoratif kabartmalar\u0131n hala a\u00e7\u0131k\u00e7a g\u00f6r\u00fclebildi\u011fi \u00e7ok az say\u0131daki yerden biri olan bu yap\u0131, b\u00fcy\u00fck ve dikkate de\u011fer \u00f6l\u00e7\u00fcde sa\u011flamd\u0131r.<\/p>\n<p>Kasabada <strong>Demre<\/strong> (antik Myra), ziyaret <strong>Aziz Nikola Kilisesi<\/strong> \u2014 Hristiyan d\u00fcnyas\u0131n\u0131n en \u00f6nemli hac yerlerinden biridir. Aziz Nikola'n\u0131n, yani C\u00f6mertli\u011fiyle Noel Baba efsanesine ilham veren 4. y\u00fczy\u0131l piskoposunun mezar\u0131 \u00fczerine in\u015fa edilen kilise, neredeyse 1.700 y\u0131ld\u0131r ayakta kalan orijinal Bizans mozaiklerini, fresklerini ve mimari unsurlar\u0131n\u0131 bar\u0131nd\u0131rmaktad\u0131r.<\/p>\n<p>Sonra bir <strong>geleneksel T\u00fcrk \u00f6\u011fle yeme\u011fi<\/strong> yerel bir restorana gidin <strong>\u00c7aya\u011fz\u0131 Liman\u0131<\/strong> ve \u00f6zel cam tabanl\u0131 bir yata binin. Gezi sizi sahil boyunca g\u00f6t\u00fcr\u00fcr <strong>Kekova Adas\u0131<\/strong>, k\u0131smen depremle y\u0131k\u0131lm\u0131\u015f antik bir Likya \u015fehrinin kal\u0131nt\u0131lar\u0131n\u0131n y\u00fczeyin hemen alt\u0131nda g\u00f6r\u00fclebilece\u011fi yer. Cam panellerden a\u015fa\u011f\u0131 bakt\u0131\u011f\u0131n\u0131zda, berrak, s\u0131\u011f suda batm\u0131\u015f duvarlar\u0131, merdivenleri, sarn\u0131\u00e7lar\u0131 ve s\u00fctunlar\u0131 g\u00f6rebilirsiniz. <strong>Orta \u00c7a\u011f Simena Kalesi<\/strong> tepedeki manzara atmosfere renk kat\u0131yor. Limana d\u00f6nmeden \u00f6nce tekne turkuaz bir koyda durur, bir s\u00fcre } <strong>y\u00fczme molas\u0131<\/strong>.<\/p>\n<p class=\"mhm-jue-internal-links\">B\u00f6lgede daha fazla macera m\u0131 ar\u0131yorsunuz? Tam listemizi ke\u015ffedin <a href=\"\/tr\/destinasyon\/antalya-turlari\/\">Antalya turlar\u0131<\/a> veya \u015funlara g\u00f6z at\u0131n <a href=\"\/tr\/turlar-2\/antalya-sehir-turu\/\">Antalya \u015eehir Turu<\/a> ba\u015fka unutulmaz bir deneyim i\u00e7in.<\/p>\n<h3>\ud83d\uddd3\ufe0f Tur Program\u0131<\/h3>\n<p><span style=\"color: #ff0000;\"><strong>\u2022<\/strong> <\/span>Antalya ve \u00e7evresindeki otellerden alma<br \/>\n<span style=\"color: #ff0000;\"><strong>\u2022<\/strong> <\/span>Likya b\u00f6lgesine manzaral\u0131 sahil yolu s\u00fcr\u00fc\u015f\u00fc (yakla\u015f\u0131k 2\u20132,5 saat)<br \/>\n<span style=\"color: #ff0000;\"><strong>\u2022<\/strong> <\/span>Myra \u2014 Likya kaya mezarlar\u0131 ve Roma tiyatrosu<br \/>\n<span style=\"color: #ff0000;\"><strong>\u2022<\/strong> <\/span>Demre \u2014 Aziz Nikola Kilisesi<br \/>\n<span style=\"color: #ff0000;\"><strong>\u2022<\/strong> <\/span>Yerel bir restoranda \u00f6\u011fle yeme\u011fi<br \/>\n<span style=\"color: #ff0000;\"><strong>\u2022<\/strong> <\/span>\u00c7aya\u011fz\u0131 Liman\u0131'ndan Cam Tabanl\u0131 Yat Turu<br \/>\n<span style=\"color: #ff0000;\"><strong>\u2022<\/strong> <\/span>Kekova Bat\u0131k \u015eehir gezisi ve Simena Kalesi manzaralar\u0131<br \/>\n<span style=\"color: #ff0000;\"><strong>\u2022<\/strong> <\/span>Turkuaz bir koyda y\u00fczme molas\u0131<br \/>\n<span style=\"color: #ff0000;\"><strong>\u2022<\/strong> <\/span>Antalya otellerine gidi\u015f d\u00f6n\u00fc\u015f transferi<\/p>\n<h3>\u2139\ufe0f Faydal\u0131 Bilgiler<\/h3>\n<p><span style=\"color: #ff0000;\"><strong>\u2022<\/strong> <\/span>Tam g\u00fcnl\u00fck tur (transferler dahil yakla\u015f\u0131k 12-13 saat)<br \/>\n<span style=\"color: #ff0000;\"><strong>\u2022<\/strong> <\/span>Yat turu s\u00fcresi: yakla\u015f\u0131k 2,5 saat<br \/>\n<span style=\"color: #ff0000;\"><strong>\u2022<\/strong> <\/span>Tarihi yerlerde tempolu y\u00fcr\u00fcy\u00fc\u015f<br \/>\n<span style=\"color: #ff0000;\"><strong>\u2022<\/strong> <\/span>Y\u00fczme molas\u0131 hava ve deniz ko\u015fullar\u0131na ba\u011fl\u0131d\u0131r<br \/>\n<span style=\"color: #ff0000;\"><strong>\u2022<\/strong> <\/span>T\u00fcm ya\u015flara, aileler dahil, uygundur<\/p>\n<p class=\"mhm-jue-external-link\">Hedef hakk\u0131nda daha fazla bilgi edinin <a href=\"https:\/\/en.wikipedia.org\/wiki\/Myra\" target=\"_blank\" rel=\"noopener\">Myra Antik Kenti Vikipedi sayfas\u0131<\/a>.<\/p>\n<h3>\ud83c\udf92 Getirilecekler<\/h3>\n<p><span style=\"color: #ff0000;\"><strong>\u2022<\/strong> <\/span>Rahat y\u00fcr\u00fcy\u00fc\u015f ayakkab\u0131lar\u0131<br \/>\n<span style=\"color: #ff0000;\"><strong>\u2022<\/strong> <\/span>Mayo ve havlu<br \/>\n<span style=\"color: #ff0000;\"><strong>\u2022<\/strong> <\/span>G\u00fcne\u015f kremi ve \u015fapka<br \/>\n<span style=\"color: #ff0000;\"><strong>\u2022<\/strong> <\/span>Kamera veya ak\u0131ll\u0131 telefon<br \/>\n<span style=\"color: #ff0000;\"><strong>\u2022<\/strong> <\/span>Giri\u015f \u00fccretleri ve i\u00e7ecekler i\u00e7in nakit<\/p>\n<h3>\ud83d\udeab Uygun De\u011fil<\/h3>\n<p><span style=\"color: #ff0000;\"><strong>\u2022<\/strong> <\/span>Ciddi hareket k\u0131s\u0131tl\u0131l\u0131\u011f\u0131 olan misafirler<\/p>\n<h3>\ud83d\udcb8 Fiyat ve Rezervasyon<\/h3>\n<p><span style=\"color: #ff0000;\"><strong>\u2022<\/strong> <\/span>Fiyatlar sezona g\u00f6re de\u011fi\u015fiklik g\u00f6sterebilir \u2014 g\u00fcncel fiyatlar\u0131 rezervasyon formundan kontrol edin<br \/>\n<span style=\"color: #ff0000;\"><strong>\u2022<\/strong> <\/span>\u015eimdi rezervasyon yap\u0131n ve tur g\u00fcn\u00fc \u00f6deme yap\u0131n<br \/>\n<span style=\"color: #ff0000;\"><strong>\u2022<\/strong> <\/span>WhatsApp, Telegram veya Viber \u00fczerinden bizimle ileti\u015fime ge\u00e7in veya a\u015fa\u011f\u0131daki rezervasyon formunu doldurun<\/p>","protected":false},"excerpt":{"rendered":"<p>Join our Antalya Demre Myra Kekova day tour to explore the Sunken City, Myra ruins and St. Nicholas Church. A glass-bottom boat cruise, a swimming stop and a local lunch complete one of the most historically rich day trips on the Turkish Riviera. \ud83c\udf0d Overview of the Antalya Demre Myra Kekova Tour The ancient land [&hellip;]<\/p>\n","protected":false},"featured_media":10750,"comment_status":"open","ping_status":"closed","template":"","meta":{"_acf_changed":false},"product_brand":[],"product_cat":[32],"product_tag":[69],"class_list":{"0":"post-10974","1":"product","2":"type-product","3":"status-publish","4":"has-post-thumbnail","6":"product_cat-antalya","7":"product_tag-antalya","9":"first","10":"instock","11":"featured","12":"shipping-taxable","13":"purchasable","14":"product-type-ovabrw_car_rental"},"acf":[],"aioseo_notices":[],"_links":{"self":[{"href":"https:\/\/joinusexcursions.com\/tr\/wp-json\/wp\/v2\/product\/10974","targetHints":{"allow":["GET"]}}],"collection":[{"href":"https:\/\/joinusexcursions.com\/tr\/wp-json\/wp\/v2\/product"}],"about":[{"href":"https:\/\/joinusexcursions.com\/tr\/wp-json\/wp\/v2\/types\/product"}],"replies":[{"embeddable":true,"href":"https:\/\/joinusexcursions.com\/tr\/wp-json\/wp\/v2\/comments?post=10974"}],"wp:featuredmedia":[{"embeddable":true,"href":"https:\/\/joinusexcursions.com\/tr\/wp-json\/wp\/v2\/media\/10750"}],"wp:attachment":[{"href":"https:\/\/joinusexcursions.com\/tr\/wp-json\/wp\/v2\/media?parent=10974"}],"wp:term":[{"taxonomy":"product_brand","embeddable":true,"href":"https:\/\/joinusexcursions.com\/tr\/wp-json\/wp\/v2\/product_brand?post=10974"},{"taxonomy":"product_cat","embeddable":true,"href":"https:\/\/joinusexcursions.com\/tr\/wp-json\/wp\/v2\/product_cat?post=10974"},{"taxonomy":"product_tag","embeddable":true,"href":"https:\/\/joinusexcursions.com\/tr\/wp-json\/wp\/v2\/product_tag?post=10974"}],"curies":[{"name":"wp","href":"https:\/\/api.w.org\/{rel}","templated":true}]}}