{"id":10975,"date":"2025-04-26T22:48:01","date_gmt":"2025-04-26T19:48:01","guid":{"rendered":"https:\/\/www.joinusexcursions.com\/?post_type=product&#038;p=10975"},"modified":"2026-04-13T22:48:42","modified_gmt":"2026-04-13T19:48:42","slug":"kemer-demre-myra-kekova","status":"publish","type":"product","link":"https:\/\/joinusexcursions.com\/tr\/tours\/kemer-demre-myra-kekova\/","title":{"rendered":"Kemer'den Demre Myra, Kekova Turu ve Aziz Nikolaos Kilisesi"},"content":{"rendered":"<p>Bize kat\u0131l\u0131n <strong>Kemer Demre Myra Kekova<\/strong> T\u00fcrk Rivieras\u0131'ndan ba\u015flayan, Bat\u0131k \u015eehir, Myra kal\u0131nt\u0131lar\u0131 ve Aziz Nikola Kilisesi'ni ke\u015ffetmek i\u00e7in g\u00fcn\u00fcbirlik tur. Cam tabanl\u0131 tekne turu, y\u00fczme molas\u0131 ve yerel \u00f6\u011fle yeme\u011fiyle tarih, deniz ve antik Likya dolu tam bir g\u00fcn.<\/p>\n<h2>\ud83c\udf0d Kemer Demre Myra Kekova Genel Bak\u0131\u015f<\/h2>\n<p>Kemer'den do\u011fuya do\u011fru sadece 1,5 saatlik bir yolculukla antik Likya k\u0131y\u0131s\u0131 sizi T\u00fcrkiye'nin en tarihi a\u00e7\u0131dan zengin manzaralar\u0131ndan birine g\u00f6t\u00fcrecektir. Bu tam g\u00fcnl\u00fck turda \u00fc\u00e7 dikkat \u00e7ekici yer ziyaret ediliyor: Likya kaya mezarlar\u0131 ve Roma tiyatrosu <strong>Meyra<\/strong>, bu <strong>Aziz Nikola Kilisesi<\/strong> Demre'de ve <strong>Kekova bat\u0131k \u015fehri<\/strong>, cam tabanl\u0131 bir yatla ke\u015ffedilir. Turkuaz sularda y\u00fczme molas\u0131 ve yerel bir restoranda geleneksel bir \u00f6\u011fle yeme\u011fi, deniz, tarih ve Akdeniz k\u0131y\u0131lar\u0131n\u0131n otantik karakterini birle\u015ftiren bir g\u00fcn\u00fc tamaml\u0131yor.<\/p>\n<h3>\ud83c\udf1f \u00d6ne \u00c7\u0131kanlar<\/h3>\n<p><span style=\"color: #ff0000;\"><strong>\u2022<\/strong> <\/span>Kekova Bat\u0131k \u015eehir Sualt\u0131 Caml\u0131 Tekne Turu<br \/>\n<span style=\"color: #ff0000;\"><strong>\u2022<\/strong> <\/span>Aziz Nikolas Kilisesini ziyaret edin - tarihi Noel Baba<br \/>\n<span style=\"color: #ff0000;\"><strong>\u2022<\/strong> <\/span>Myra Likya kaya mezarlar\u0131n\u0131 ve Roma tiyatrosunu ke\u015ffedin<br \/>\n<span style=\"color: #ff0000;\"><strong>\u2022<\/strong> <\/span>Sudan Simena Kalesi manzaralar\u0131<br \/>\n<span style=\"color: #ff0000;\"><strong>\u2022<\/strong> <\/span>Akdeniz'in kristal berrakl\u0131\u011f\u0131ndaki sular\u0131nda y\u00fczme molas\u0131<br \/>\n<span style=\"color: #ff0000;\"><strong>\u2022<\/strong> <\/span>Yerel bir restoranda geleneksel \u00f6\u011fle yeme\u011fi<br \/>\n<span style=\"color: #ff0000;\"><strong>\u2022<\/strong> <\/span>Kemer'den otele alma ve otele b\u0131rakma transferi dahildir<\/p>\n<h2>Kemer Demre Myra Kekova'da Neler Beklemeli<\/h2>\n<p>G\u00fcn\u00fcn\u00fcz Kemer, Beldibi veya Tekirova'daki bir otelden al\u0131nman\u0131zla ba\u015flar ve yakla\u015f\u0131k 1,5 saatlik bir sahil yolculu\u011fuyla Likya b\u00f6lgesine do\u011fru ilerlersiniz. Rota, antik kentlere ula\u015fmadan \u00f6nce Alak\u0131r Nehri deltas\u0131ndan ve Finike'nin tar\u0131m ovalar\u0131ndan ge\u00e7er.<\/p>\n<p>\u0130lk durak <strong>Meyra<\/strong> \u2014 Antik Likya Birli\u011fi'nin alt\u0131 en \u00f6nemli \u015fehrinden biri. \u00dcnl\u00fc <strong>kaya oyma mezarlar<\/strong> Daha sonraki d\u00f6nemlerde, Petra'n\u0131n M\u00d6 2. y\u00fczy\u0131lda Nabathiler taraf\u0131ndan ba\u015fkent olarak kuruldu\u011fu d\u00fc\u015f\u00fcn\u00fcl\u00fcyor. Nabathiler, ticaret yollar\u0131n\u0131n kav\u015fa\u011f\u0131nda yer alan bir krall\u0131kt\u0131 ve Petra, bu yollar \u00fczerinde \u00f6nemli bir durakt\u0131. \u015eehrin mimarisi, Nabathilerin Petra'y\u0131 bir ticaret ve dini merkez olarak geli\u015ftirmesiyle \u015fekillendi. <strong>Antik Yunan-Roma tiyatrosu<\/strong> MS 2. y\u00fczy\u0131ldan kalma ve ola\u011fan\u00fcst\u00fc durumda olan \u2014 s\u00fcsl\u00fc sahne binas\u0131, oturma kademeleri ve kemerlerin \u00fczerindeki oyulmu\u015f maskeler hala sa\u011flamd\u0131r.<\/p>\n<p>Kasabada <strong>Demre<\/strong>, bu <strong>Aziz Nikola Kilisesi<\/strong> 4. y\u00fczy\u0131lda bir piskoposun defnedildi\u011fi yerde oturuyor. Aziz Nicholas ger\u00e7ek bir ki\u015fiydi \u2014 Myra piskoposu, yoksullara ve \u00e7ocuklara kar\u015f\u0131 ola\u011fan\u00fcst\u00fc c\u00f6mertli\u011fiyle \u00fcnl\u00fc olmu\u015ftu \u2014 ve onun efsanesi sonunda modern Noel Baba gelene\u011finin temelini olu\u015fturdu. Kilise, birden fazla restorasyon d\u00f6neminden kalma orijinal Bizans mozaiklerini ve fresklerini korumaktad\u0131r.<\/p>\n<p>\u00d6\u011fle yeme\u011finden sonra bir <strong>yerel restoran<\/strong>, grup devriliyor <strong>\u00c7aya\u011fz\u0131 Liman\u0131<\/strong> ve cam tabanl\u0131 bir yat'a biner. Yolculuk <strong>Kekova Adas\u0131<\/strong> k\u00fc\u00e7\u00fck koylar ve \u00e7am ormanlar\u0131yla kapl\u0131 tepelerden olu\u015fan bir k\u0131y\u0131 \u015feridi boyunca ilerler. Kekova'da, M.S. 2. y\u00fczy\u0131ldaki bir dizi depremden sonra k\u0131smen su alt\u0131na batm\u0131\u015f eski bir kentin kal\u0131nt\u0131lar\u0131, cam panellerden net bir \u015fekilde g\u00f6r\u00fclebilir: sakin, berrak suyun hemen y\u00fczeyinin alt\u0131nda uzanan duvarlar, merdivenler, sarn\u0131\u00e7lar ve kap\u0131 giri\u015fleri. <strong>Simena Kalesi<\/strong> tepenin \u00fczerinde canl\u0131 bir fon olu\u015fturuyor. Daha sonra tekne, ferahlat\u0131c\u0131 bir y\u00fczme i\u00e7in sakin bir koya demir at\u0131yor <strong>y\u00fczmek dur<\/strong> limana d\u00f6nmeden \u00f6nce.<\/p>\n<p class=\"mhm-jue-internal-links\">B\u00f6lgede daha fazla macera m\u0131 ar\u0131yorsunuz? Tam listemizi ke\u015ffedin <a href=\"\/tr\/destinasyon\/kemer-turlari\/\">Kemer turlar\u0131<\/a> veya \u015funlara g\u00f6z at\u0131n <a href=\"\/tr\/turlar-2\/kemer-suluada-gunbatimi-tekne\/\">Kemer: Suluada Adas\u0131 G\u00fcn Bat\u0131m\u0131 Tekne Turu Ak\u015fam Yeme\u011fi Dahil<\/a> ba\u015fka unutulmaz bir deneyim i\u00e7in.<\/p>\n<h3>\ud83d\uddd3\ufe0f Tur Program\u0131<\/h3>\n<p><span style=\"color: #ff0000;\"><strong>\u2022<\/strong> <\/span>Kemer ve \u00c7evresi Otel Transferleri<br \/>\n<span style=\"color: #ff0000;\"><strong>\u2022<\/strong> <\/span>Likya b\u00f6lgesine s\u00fcr\u00fcn (yakla\u015f\u0131k 1,5 saat)<br \/>\n<span style=\"color: #ff0000;\"><strong>\u2022<\/strong> <\/span>Myra \u2014 Likya kaya mezarlar\u0131 ve Roma tiyatrosu<br \/>\n<span style=\"color: #ff0000;\"><strong>\u2022<\/strong> <\/span>Demre \u2014 Aziz Nikola Kilisesi<br \/>\n<span style=\"color: #ff0000;\"><strong>\u2022<\/strong> <\/span>Yerel bir restoranda \u00f6\u011fle yeme\u011fi<br \/>\n<span style=\"color: #ff0000;\"><strong>\u2022<\/strong> <\/span>\u00c7aya\u011fz\u0131 Liman\u0131'ndan Cam Tabanl\u0131 Yat Turu<br \/>\n<span style=\"color: #ff0000;\"><strong>\u2022<\/strong> <\/span>Kekova Bat\u0131k \u015eehir gezisi ve Simena Kalesi manzaralar\u0131<br \/>\n<span style=\"color: #ff0000;\"><strong>\u2022<\/strong> <\/span>Turkuaz bir koyda y\u00fczme molas\u0131<br \/>\n<span style=\"color: #ff0000;\"><strong>\u2022<\/strong> <\/span>Kemer otellerine gidi\u015f d\u00f6n\u00fc\u015f transferi<\/p>\n<h3>\u2139\ufe0f Faydal\u0131 Bilgiler<\/h3>\n<p><span style=\"color: #ff0000;\"><strong>\u2022<\/strong> <\/span>Tam g\u00fcnl\u00fck tur (Kemer'den yakla\u015f\u0131k 10-11 saat)<br \/>\n<span style=\"color: #ff0000;\"><strong>\u2022<\/strong> <\/span>Yat turu s\u00fcresi: yakla\u015f\u0131k 2,5 saat<br \/>\n<span style=\"color: #ff0000;\"><strong>\u2022<\/strong> <\/span>Tarihi yerlerde tempolu y\u00fcr\u00fcy\u00fc\u015f<br \/>\n<span style=\"color: #ff0000;\"><strong>\u2022<\/strong> <\/span>Y\u00fczme molas\u0131 hava ve deniz ko\u015fullar\u0131na ba\u011fl\u0131d\u0131r<br \/>\n<span style=\"color: #ff0000;\"><strong>\u2022<\/strong> <\/span>T\u00fcm ya\u015flara, aileler dahil, uygundur<\/p>\n<p class=\"mhm-jue-external-link\">Hedef hakk\u0131nda daha fazla bilgi edinin <a href=\"https:\/\/en.wikipedia.org\/wiki\/Myra\" target=\"_blank\" rel=\"noopener\">Myra Antik Kenti Vikipedi sayfas\u0131<\/a>.<\/p>\n<h3>\ud83c\udf92 Getirilecekler<\/h3>\n<p><span style=\"color: #ff0000;\"><strong>\u2022<\/strong> <\/span>Rahat y\u00fcr\u00fcy\u00fc\u015f ayakkab\u0131lar\u0131<br \/>\n<span style=\"color: #ff0000;\"><strong>\u2022<\/strong> <\/span>Mayo ve havlu<br \/>\n<span style=\"color: #ff0000;\"><strong>\u2022<\/strong> <\/span>G\u00fcne\u015f kremi ve \u015fapka<br \/>\n<span style=\"color: #ff0000;\"><strong>\u2022<\/strong> <\/span>Kamera veya ak\u0131ll\u0131 telefon<br \/>\n<span style=\"color: #ff0000;\"><strong>\u2022<\/strong> <\/span>Giri\u015f \u00fccretleri ve i\u00e7ecekler i\u00e7in nakit<\/p>\n<h3>\ud83d\udeab Uygun De\u011fil<\/h3>\n<p><span style=\"color: #ff0000;\"><strong>\u2022<\/strong> <\/span>Ciddi hareket k\u0131s\u0131tl\u0131l\u0131\u011f\u0131 olan misafirler<\/p>\n<h3>\ud83d\udcb8 Fiyat ve Rezervasyon<\/h3>\n<p><span style=\"color: #ff0000;\"><strong>\u2022<\/strong> <\/span>Fiyatlar sezona g\u00f6re de\u011fi\u015fiklik g\u00f6sterebilir \u2014 g\u00fcncel fiyatlar\u0131 rezervasyon formundan kontrol edin<br \/>\n<span style=\"color: #ff0000;\"><strong>\u2022<\/strong> <\/span>\u015eimdi rezervasyon yap\u0131n ve tur g\u00fcn\u00fc \u00f6deme yap\u0131n<br \/>\n<span style=\"color: #ff0000;\"><strong>\u2022<\/strong> <\/span>WhatsApp, Telegram veya Viber \u00fczerinden bizimle ileti\u015fime ge\u00e7in veya a\u015fa\u011f\u0131daki rezervasyon formunu doldurun<\/p>","protected":false},"excerpt":{"rendered":"<p>Join our Kemer Demre Myra Kekova day tour to explore the Sunken City, Myra ruins and St. Nicholas Church. A glass-bottom boat cruise, a swimming stop and a local lunch \u2014 a full day of history, sea and ancient Lycia starting right from the Turkish Riviera. \ud83c\udf0d Overview of the Kemer Demre Myra Kekova From [&hellip;]<\/p>\n","protected":false},"featured_media":10750,"comment_status":"open","ping_status":"closed","template":"","meta":{"_acf_changed":false},"product_brand":[],"product_cat":[37],"product_tag":[65],"class_list":{"0":"post-10975","1":"product","2":"type-product","3":"status-publish","4":"has-post-thumbnail","6":"product_cat-kemer","7":"product_tag-kemer","9":"first","10":"instock","11":"featured","12":"shipping-taxable","13":"purchasable","14":"product-type-ovabrw_car_rental"},"acf":[],"aioseo_notices":[],"_links":{"self":[{"href":"https:\/\/joinusexcursions.com\/tr\/wp-json\/wp\/v2\/product\/10975","targetHints":{"allow":["GET"]}}],"collection":[{"href":"https:\/\/joinusexcursions.com\/tr\/wp-json\/wp\/v2\/product"}],"about":[{"href":"https:\/\/joinusexcursions.com\/tr\/wp-json\/wp\/v2\/types\/product"}],"replies":[{"embeddable":true,"href":"https:\/\/joinusexcursions.com\/tr\/wp-json\/wp\/v2\/comments?post=10975"}],"wp:featuredmedia":[{"embeddable":true,"href":"https:\/\/joinusexcursions.com\/tr\/wp-json\/wp\/v2\/media\/10750"}],"wp:attachment":[{"href":"https:\/\/joinusexcursions.com\/tr\/wp-json\/wp\/v2\/media?parent=10975"}],"wp:term":[{"taxonomy":"product_brand","embeddable":true,"href":"https:\/\/joinusexcursions.com\/tr\/wp-json\/wp\/v2\/product_brand?post=10975"},{"taxonomy":"product_cat","embeddable":true,"href":"https:\/\/joinusexcursions.com\/tr\/wp-json\/wp\/v2\/product_cat?post=10975"},{"taxonomy":"product_tag","embeddable":true,"href":"https:\/\/joinusexcursions.com\/tr\/wp-json\/wp\/v2\/product_tag?post=10975"}],"curies":[{"name":"wp","href":"https:\/\/api.w.org\/{rel}","templated":true}]}}