{"id":10976,"date":"2025-04-26T22:49:12","date_gmt":"2025-04-26T19:49:12","guid":{"rendered":"https:\/\/www.joinusexcursions.com\/?post_type=product&#038;p=10976"},"modified":"2026-04-13T22:43:51","modified_gmt":"2026-04-13T19:43:51","slug":"antalya-sehir-turu","status":"publish","type":"product","link":"https:\/\/joinusexcursions.com\/tr\/tours\/antalya-city-tour\/","title":{"rendered":"Antalya \u015eehir Turu \u2013 Eski \u015eehir, Tekne Gezisi ve \u015eelaleler"},"content":{"rendered":"<p>Discover the best of Antalya on a full-day <strong>Antalya \u015eehir Turu<\/strong> \u2014 a guided experience starting right from your hotel. Explore historic landmarks, enjoy a scenic boat trip, visit breathtaking waterfalls and savour a traditional Turkish lunch.<\/p>\n<h2>\ud83c\udf06 Overview of the Antalya City Tour<\/h2>\n<p>Antalya'da konaklayan ve \u015fehirden en iyi \u015fekilde yararlanmak isteyen misafirler i\u00e7in bu tur harika. T\u00fcrkiye'nin en iyi korunmu\u015f tarihi b\u00f6lgelerinden biri olan, Roma, Bizans, Sel\u00e7uklu ve Osmanl\u0131 katmanlar\u0131na sahip Kalei\u00e7i'ni ke\u015ffedin. Eski Liman'dan muhte\u015fem k\u0131y\u0131 \u015feridi boyunca gezin, D\u00fcden \u015eelalesi'nin Akdeniz'e d\u00f6k\u00fcl\u00fcrken s\u0131\u00e7rayan sular\u0131n\u0131 hissedin ve uzun bir yolculuk yapmadan yerel bir restoranda lezzetli geleneksel bir \u00f6\u011fle yeme\u011finin tad\u0131n\u0131 \u00e7\u0131kar\u0131n.<\/p>\n<h3>\ud83c\udf1f \u00d6ne \u00c7\u0131kanlar<\/h3>\n<p><span style=\"color: #ff0000;\"><strong>\u2022<\/strong> <\/span>Akdeniz'e do\u011frudan akan A\u015fa\u011f\u0131 D\u00fcden \u015eelaleleri'ni ziyaret edin<br \/>\n<span style=\"color: #ff0000;\"><strong>\u2022<\/strong> <\/span>Kalei\u00e7i Eski \u015eehir'i Ke\u015ffedin \u2014 Hadrian Kap\u0131s\u0131, Yivli Minare ve Saat Kulesi<br \/>\n<span style=\"color: #ff0000;\"><strong>\u2022<\/strong> <\/span>Tarihi Eski Liman'dan 1 saatlik gezi teknesi turunun tad\u0131n\u0131 \u00e7\u0131kar\u0131n<br \/>\n<span style=\"color: #ff0000;\"><strong>\u2022<\/strong> <\/span>Buras\u0131 yemye\u015fil bir kanyonda yer alan Yukar\u0131 D\u00fcden \u015eelaleleri'ni ke\u015ffedin.<br \/>\n<span style=\"color: #ff0000;\"><strong>\u2022<\/strong> <\/span>Yerel bir restoranda geleneksel T\u00fcrk \u00f6\u011fle yeme\u011fi dahildir<br \/>\n<span style=\"color: #ff0000;\"><strong>\u2022<\/strong> <\/span>Geleneksel el yap\u0131m\u0131 m\u00fccevherler i\u00e7in bir g\u00fcm\u00fc\u015f at\u00f6lyesini ziyaret edin<br \/>\n<span style=\"color: #ff0000;\"><strong>\u2022<\/strong> <\/span>Antalya otellerinden otob\u00fcsle rahat ve h\u0131zl\u0131 transfer hizmeti.<\/p>\n<h2>What to Expect on the Antalya City Tour<\/h2>\n<p>G\u00fcn\u00fcn\u00fcz Antalya'daki veya \u00e7evredeki otelinizden k\u0131sa bir yerel al\u0131mla ba\u015fl\u0131yor. Uzun bir yolculuk yok \u2014 zaten tura ba\u015flad\u0131\u011f\u0131n\u0131z yerde bulunuyorsunuz. Rehberinizle tan\u0131\u015f\u0131n ve tarih, do\u011fa ve sahil g\u00fczellikleriyle dolu bir g\u00fcn i\u00e7in k\u00fc\u00e7\u00fck bir gruba kat\u0131l\u0131n.<\/p>\n<p>\u0130lk dura\u011f\u0131n\u0131z <strong>Kalei\u00e7i Eski \u015eehir<\/strong>, Antalya'n\u0131n kalbi. \u0130\u00e7eri girin <strong>Hadrian Kap\u0131s\u0131<\/strong>, MS 2. y\u00fczy\u0131lda in\u015fa edilmi\u015f bir zafer tak\u0131 ve arnavut kald\u0131r\u0131ml\u0131 sokaklar, Osmanl\u0131 d\u00f6nemi evleri ve g\u00fczelce korunmu\u015f tarihi binalardan olu\u015fan bir d\u00fcnyaya ad\u0131m at\u0131n. \u0130konik yap\u0131y\u0131 hayranl\u0131kla izleyin <strong>Yivli Minare<\/strong>, taban\u0131n\u0131 ziyaret edin <strong>H\u0131d\u0131rl\u0131k Kulesi<\/strong> panoramik deniz manzaralar\u0131 i\u00e7in, ve \u00e7evresinde dola\u015f\u0131n <strong>Saat Kulesi<\/strong> ve eski Roma Liman\u0131 duvarlar\u0131. Rehberiniz ke\u015ffederken tarihin katmanlar\u0131n\u0131 canland\u0131racak.<\/p>\n<p>Eski \u015eehir'den sonra \u015furaya gidin: <strong>Eski Liman<\/strong> Antalya'n\u0131n dramatik Akdeniz k\u0131y\u0131s\u0131 boyunca rahatlat\u0131c\u0131 1 saatlik gezi teknesi turu i\u00e7in. Y\u00fcksek kire\u00e7ta\u015f\u0131 falezlerini hayranl\u0131kla seyredin, \u015fehri denizden g\u00f6r\u00fcn ve taze sahil havas\u0131n\u0131 i\u00e7inize \u00e7ekin. Buras\u0131 T\u00fcrkiye k\u0131y\u0131lar\u0131n\u0131n en manzaral\u0131 noktalar\u0131ndan biridir ve buray\u0131 denizden g\u00f6rmek size tamamen farkl\u0131 bir bak\u0131\u015f a\u00e7\u0131s\u0131 sunar.<\/p>\n<p>Sahile d\u00f6n\u00fcn bir <strong>geleneksel T\u00fcrk \u00f6\u011fle yeme\u011fi<\/strong> yerel bir restoranda \u2014 taze haz\u0131rlanm\u0131\u015f mezeler, \u0131zgara \u00e7e\u015fitleri ve s\u0131cak bir misafirperverlikle ger\u00e7ek bir y\u00f6resel lezzet. \u00d6\u011fleden sonraki maceralardan \u00f6nce m\u00fckemmel bir \u00f6\u011flen aras\u0131 molas\u0131.<\/p>\n<p>\u00d6\u011fleden sonras\u0131 sizi Antalya'n\u0131n iki muhte\u015fem \u015felalesine g\u00f6t\u00fcr\u00fcyor. <strong>\u00dcst D\u00fcden \u015eelaleleri<\/strong> P\u0131r\u0131l p\u0131r\u0131l, \u00e7am a\u011fa\u00e7lar\u0131yla \u00e7evrili g\u00f6lgeli bir kanyonda yuvarlan\u0131n, yemye\u015fil alanlardan dolan\u0131p \u015felalelerin arkas\u0131na ge\u00e7en patikalarla seyahat edin. Sis, s\u0131cak bir g\u00fcnde bile serin tutar. Sonra ziyaret edin <strong>A\u015fa\u011f\u0131 D\u00fcden \u015eelalesi<\/strong>, nehirden, o kytai kayal\u0131klar\u0131ndan 40 metre a\u015fa\u011f\u0131 d\u00f6k\u00fcl\u00fcp do\u011frudan turkuaz denize dald\u0131\u011f\u0131, ger\u00e7ekten etkileyici bir manzara yaratt\u0131\u011f\u0131 yer.<\/p>\n<p>Geri d\u00f6nmeden \u00f6nce yerel bir yerde dur <strong>G\u00fcm\u00fc\u015f ustas\u0131 at\u00f6lyesi<\/strong> Geleneksel T\u00fcrk g\u00fcm\u00fc\u015f tak\u0131lar\u0131n\u0131 ustaca i\u015fleyen zanaatkarlar\u0131 g\u00f6r\u00fcn. El yap\u0131m\u0131 \u00fcr\u00fcnlere g\u00f6z at\u0131n ve e\u015fsiz bir hediyelik e\u015fya al\u0131n. Tur, Antalya'daki otelinize rahat bir b\u0131rakma ile sona erer.<\/p>\n<p class=\"mhm-jue-internal-links\">B\u00f6lgede daha fazla macera m\u0131 ar\u0131yorsunuz? Tam listemizi ke\u015ffedin <a href=\"\/tr\/destinasyon\/antalya-turlari\/\">Antalya turlar\u0131<\/a> veya \u015funlara g\u00f6z at\u0131n <a href=\"\/tr\/turlar-2\/antalya-suluada-gunbatimi-tekne\/\">Antalya'dan Suluada Adas\u0131 G\u00fcn Bat\u0131m\u0131 Tekne Turu ve Ak\u015fam Yeme\u011fi<\/a> ba\u015fka unutulmaz bir deneyim i\u00e7in.<\/p>\n<h3>\ud83d\uddd3\ufe0f Tur Program\u0131<\/h3>\n<p><span style=\"color: #ff0000;\"><strong>\u2022<\/strong> <\/span>Antalya ve \u00e7evresindeki otellerden al\u0131m<br \/>\n<span style=\"color: #ff0000;\"><strong>\u2022<\/strong> <\/span>Kalei\u00e7i Eski \u015eehir gezi rehberi \u2014 Hadrian Kap\u0131s\u0131, Yivli Minare, Saat Kulesi<br \/>\n<span style=\"color: #ff0000;\"><strong>\u2022<\/strong> <\/span>Antalya Kalei\u00e7i'nden Tekne Turu (1 saat)<br \/>\n<span style=\"color: #ff0000;\"><strong>\u2022<\/strong> <\/span>Yerel bir restoranda geleneksel T\u00fcrk \u00f6\u011fle yeme\u011fi<br \/>\n<span style=\"color: #ff0000;\"><strong>\u2022<\/strong> <\/span>Yukar\u0131 D\u00fcden \u015eelalesi'ni ziyaret edin<br \/>\n<span style=\"color: #ff0000;\"><strong>\u2022<\/strong> <\/span>A\u015fa\u011f\u0131 D\u00fcden \u015eelaleleri'ni ziyaret edin (Akdeniz'e d\u00f6k\u00fcl\u00fcyor)<br \/>\n<span style=\"color: #ff0000;\"><strong>\u2022<\/strong> <\/span>G\u00fcm\u00fc\u015f ustas\u0131 at\u00f6lyesi ziyareti<br \/>\n<span style=\"color: #ff0000;\"><strong>\u2022<\/strong> <\/span>Otele gidi\u015f-d\u00f6n\u00fc\u015f transferi<\/p>\n<h3>\u2139\ufe0f Faydal\u0131 Bilgiler<\/h3>\n<p><span style=\"color: #ff0000;\"><strong>\u2022<\/strong> <\/span>Tam g\u00fcnl\u00fck \u015fehir turu (yakla\u015f\u0131k 8-9 saat)<br \/>\n<span style=\"color: #ff0000;\"><strong>\u2022<\/strong> <\/span>G\u00fcn boyunca orta d\u00fczeyde y\u00fcr\u00fcy\u00fc\u015f gereklidir<br \/>\n<span style=\"color: #ff0000;\"><strong>\u2022<\/strong> <\/span>Tekne gezisi hava ve deniz ko\u015fullar\u0131na ba\u011fl\u0131d\u0131r<br \/>\n<span style=\"color: #ff0000;\"><strong>\u2022<\/strong> <\/span>T\u00fcm ya\u015f gruplar\u0131 i\u00e7in, \u00e7ocuklu aileler dahil uygundur<br \/>\n<span style=\"color: #ff0000;\"><strong>\u2022<\/strong> <\/span>Eski \u015eehir'in Arnavut kald\u0131r\u0131mlar\u0131 i\u00e7in rahat ayakkab\u0131lar \u015fiddetle tavsiye edilir<\/p>\n<p class=\"mhm-jue-external-link\">Hedef hakk\u0131nda daha fazla bilgi edinin <a href=\"https:\/\/en.wikipedia.org\/wiki\/Antalya\" target=\"_blank\" rel=\"noopener\">Antalya Wikipedia page<\/a>.<\/p>\n<h3>\ud83c\udf92 Getirilecekler<\/h3>\n<p><span style=\"color: #ff0000;\"><strong>\u2022<\/strong> <\/span>Rahat y\u00fcr\u00fcy\u00fc\u015f ayakkab\u0131lar\u0131<br \/>\n<span style=\"color: #ff0000;\"><strong>\u2022<\/strong> <\/span>Kamera veya ak\u0131ll\u0131 telefon foto\u011fraf \u00e7ekmek i\u00e7in<br \/>\n<span style=\"color: #ff0000;\"><strong>\u2022<\/strong> <\/span>G\u00fcne\u015f kremi ve \u015fapka d\u0131\u015f mekan b\u00f6l\u00fcmleri i\u00e7in<br \/>\n<span style=\"color: #ff0000;\"><strong>\u2022<\/strong> <\/span>\u015eelale b\u00f6lgeleri i\u00e7in ince ceket (nemli ve serin olabilir)<br \/>\n<span style=\"color: #ff0000;\"><strong>\u2022<\/strong> <\/span>Ki\u015fisel al\u0131\u015fveri\u015f ve kafe molalar\u0131 i\u00e7in nakit<\/p>\n<h3>\ud83d\udeab Uygun De\u011fil<\/h3>\n<p><span style=\"color: #ff0000;\"><strong>\u2022<\/strong> <\/span>Ciddi hareket k\u0131s\u0131tl\u0131l\u0131\u011f\u0131 veya engebeli zeminde y\u00fcr\u00fcme g\u00fc\u00e7l\u00fc\u011f\u00fc \u00e7eken misafirler<\/p>\n<h3>\ud83d\udcb8 Fiyat ve Rezervasyon<\/h3>\n<p><span style=\"color: #ff0000;\"><strong>\u2022<\/strong> <\/span>Fiyatlar sezona g\u00f6re de\u011fi\u015fiklik g\u00f6sterebilir \u2014 g\u00fcncel fiyatlar\u0131 rezervasyon formundan kontrol edin<br \/>\n<span style=\"color: #ff0000;\"><strong>\u2022<\/strong> <\/span>\u015eimdi rezervasyon yap\u0131n ve tur g\u00fcn\u00fc \u00f6deme yap\u0131n<br \/>\n<span style=\"color: #ff0000;\"><strong>\u2022<\/strong> <\/span>WhatsApp, Telegram veya Viber \u00fczerinden bizimle ileti\u015fime ge\u00e7in veya a\u015fa\u011f\u0131daki rezervasyon formunu doldurun<\/p>","protected":false},"excerpt":{"rendered":"<p>Discover the best of Antalya on a full-day Antalya City Tour \u2014 a guided experience starting right from your hotel. Explore historic landmarks, enjoy a scenic boat trip, visit breathtaking waterfalls and savour a traditional Turkish lunch. \ud83c\udf06 Overview of the Antalya City Tour This tour is perfect for guests already staying in Antalya who [&hellip;]<\/p>\n","protected":false},"featured_media":10682,"comment_status":"open","ping_status":"closed","template":"","meta":{"_acf_changed":false},"product_brand":[],"product_cat":[32],"product_tag":[69],"class_list":{"0":"post-10976","1":"product","2":"type-product","3":"status-publish","4":"has-post-thumbnail","6":"product_cat-antalya","7":"product_tag-antalya","9":"first","10":"instock","11":"featured","12":"shipping-taxable","13":"purchasable","14":"product-type-ovabrw_car_rental"},"acf":[],"aioseo_notices":[],"_links":{"self":[{"href":"https:\/\/joinusexcursions.com\/tr\/wp-json\/wp\/v2\/product\/10976","targetHints":{"allow":["GET"]}}],"collection":[{"href":"https:\/\/joinusexcursions.com\/tr\/wp-json\/wp\/v2\/product"}],"about":[{"href":"https:\/\/joinusexcursions.com\/tr\/wp-json\/wp\/v2\/types\/product"}],"replies":[{"embeddable":true,"href":"https:\/\/joinusexcursions.com\/tr\/wp-json\/wp\/v2\/comments?post=10976"}],"wp:featuredmedia":[{"embeddable":true,"href":"https:\/\/joinusexcursions.com\/tr\/wp-json\/wp\/v2\/media\/10682"}],"wp:attachment":[{"href":"https:\/\/joinusexcursions.com\/tr\/wp-json\/wp\/v2\/media?parent=10976"}],"wp:term":[{"taxonomy":"product_brand","embeddable":true,"href":"https:\/\/joinusexcursions.com\/tr\/wp-json\/wp\/v2\/product_brand?post=10976"},{"taxonomy":"product_cat","embeddable":true,"href":"https:\/\/joinusexcursions.com\/tr\/wp-json\/wp\/v2\/product_cat?post=10976"},{"taxonomy":"product_tag","embeddable":true,"href":"https:\/\/joinusexcursions.com\/tr\/wp-json\/wp\/v2\/product_tag?post=10976"}],"curies":[{"name":"wp","href":"https:\/\/api.w.org\/{rel}","templated":true}]}}