{"id":10977,"date":"2025-04-26T22:50:16","date_gmt":"2025-04-26T19:50:16","guid":{"rendered":"https:\/\/www.joinusexcursions.com\/?post_type=product&#038;p=10977"},"modified":"2026-04-13T22:37:26","modified_gmt":"2026-04-13T19:37:26","slug":"kemer-antalya-sehir-turu","status":"publish","type":"product","link":"https:\/\/joinusexcursions.com\/tr\/tours\/kemer-antalya-city-tour\/","title":{"rendered":"Kemer'den Antalya \u015eehir Turu \u2013 Eski \u015eehir ve \u015eelaleler"},"content":{"rendered":"<p>Discover the historic heart of Antalya on our full-day **Kemer Antalya City Tour**. Enjoy a scenic coastal drive, explore ancient landmarks, cruise from the Old Harbor and visit stunning waterfalls \u2014 a perfect day trip for guests on the Turkish Riviera.<\/p>\n<h2>\ud83c\udf06 Overview of the Kemer Antalya City Tour<\/h2>\n<p>Kemer, Beldibi ve Tekirova'dan tam g\u00fcnl\u00fck Antalya \u015fehir turuna kat\u0131l\u0131n ve T\u00fcrkiye'nin en b\u00fcy\u00fcleyici \u015fehirlerinden birini tek bir unutulmaz g\u00fcnde deneyimleyin. Akdeniz boyunca 60 dakikal\u0131k manzaral\u0131 sahil yolculu\u011fuyla Antalya'ya do\u011fru yola \u00e7\u0131k\u0131n. Ard\u0131ndan Kalei\u00e7i Tarihi \u015eehir'i ke\u015ffedin, tekneyle sahil \u015feridinde gezinin, iki muhte\u015fem \u015felaleye hayran kal\u0131n ve geleneksel bir T\u00fcrk \u00f6\u011fle yeme\u011finin tad\u0131n\u0131 \u00e7\u0131kar\u0131n. Otel ula\u015f\u0131m\u0131 dahil, rehberli ve sorunsuz tam bir Antalya \u015fehir deneyimi.<\/p>\n<h3>\ud83c\udf1f \u00d6ne \u00c7\u0131kanlar<\/h3>\n<p><span style=\"color: #ff0000;\"><strong>\u2022<\/strong> <\/span>Kemer'den Antalya'ya do\u011fal manzaral\u0131 sahil yolu (yakla\u015f\u0131k 60 dakika)<br \/>\n<span style=\"color: #ff0000;\"><strong>\u2022<\/strong> <\/span>Kalei\u00e7i Eski \u015eehir'i Ke\u015ffedin \u2014 Hadrian Kap\u0131s\u0131, Yivli Minare ve Saat Kulesi<br \/>\n<span style=\"color: #ff0000;\"><strong>\u2022<\/strong> <\/span>Antalya Tarihi Liman'dan 1 saatlik gezi teknesi turu<br \/>\n<span style=\"color: #ff0000;\"><strong>\u2022<\/strong> <\/span>Akdeniz'e 40 metre y\u00fckseklikten d\u00f6k\u00fclen A\u015fa\u011f\u0131 D\u00fcden \u015eelaleleri'ni ziyaret edin<br \/>\n<span style=\"color: #ff0000;\"><strong>\u2022<\/strong> <\/span>G\u00fcr, g\u00f6lgeli bir kanyonun i\u00e7inde Yukar\u0131 D\u00fcden \u015eelaleleri'ni ke\u015ffedin<br \/>\n<span style=\"color: #ff0000;\"><strong>\u2022<\/strong> <\/span>Geleneksel T\u00fcrk \u00f6\u011fle yeme\u011fi dahil<br \/>\n<span style=\"color: #ff0000;\"><strong>\u2022<\/strong> <\/span>G\u00fcm\u00fc\u015f ustas\u0131 at\u00f6lyesi \u2014 el yap\u0131m\u0131 T\u00fcrk m\u00fccevherleri<\/p>\n<h2>What to Expect on the Kemer Antalya City Tour<\/h2>\n<p>Kemer, Beldibi veya Tekirova'daki otelinizden rahat\u00e7a al\u0131n\u0131\u015f\u0131n\u0131zla g\u00fcne ba\u015fl\u0131yorsunuz. Yerle\u015fin ve keyfini \u00e7\u0131kar\u0131n <strong>manzaral\u0131 60 dakikal\u0131k sahil yolu s\u00fcr\u00fc\u015f\u00fc<\/strong> Antalya'ya \u2014 Akdeniz k\u0131y\u0131lar\u0131n\u0131n en g\u00fczel noktalar\u0131ndan biri, deniz manzaralar\u0131, \u00e7am ormanlar\u0131 ve Toros Da\u011flar\u0131 fonunuzda. Bu s\u00fcr\u00fc\u015f ba\u015fl\u0131 ba\u015f\u0131na bir vurgu.<\/p>\n<p>Antalya'ya var\u0131\u015fta ilk dura\u011f\u0131n\u0131z <strong>Kalei\u00e7i Eski \u015eehir<\/strong>, \u015fehrin kalbindeki tarihi yar\u0131mada. \u0130\u00e7eri ad\u0131m at\u0131n <strong>Hadrian Kap\u0131s\u0131<\/strong> \u2014 MS 2. y\u00fczy\u0131lda in\u015fa edilmi\u015f bir zafer tak\u0131 \u2014 ve Osmanl\u0131 evleri, Roma kal\u0131nt\u0131lar\u0131 ve Sel\u00e7uklu mimarisiyle \u00e7evrili arnavut kald\u0131r\u0131ml\u0131 sokaklarda dola\u015f\u0131n. \u0130konik <strong>Yivli Minare<\/strong>, taban\u0131n\u0131 ziyaret edin <strong>H\u0131d\u0131rl\u0131k Kulesi<\/strong> deniz manzaras\u0131 i\u00e7in, ve \u015furadan ge\u00e7erek <strong>Saat Kulesi<\/strong> rehberiniz Antalya'n\u0131n katmanl\u0131 tarihine dair hikayeler payla\u015f\u0131rken siz de kendi ba\u015f\u0131n\u0131za ke\u015ffetmek, yerel d\u00fckkanlara g\u00f6z atmak veya bir \u00e7at\u0131 kafesinde T\u00fcrk \u00e7ay\u0131 yudumlamak i\u00e7in zamana sahip olacaks\u0131n\u0131z.<\/p>\n<p>S\u0131radaki, ilerleyin <strong>Eski Liman<\/strong> Antalya'n\u0131n muhte\u015fem k\u0131y\u0131lar\u0131nda rahatlat\u0131c\u0131 1 saatlik tekne gezisi i\u00e7in. Dramatik kire\u00e7ta\u015f\u0131 kayal\u0131klar\u0131 ve deniz ma\u011faralar\u0131n\u0131n yan\u0131ndan s\u00fcz\u00fcl\u00fcn, \u015fehri denizden seyredin ve yerel bal\u0131k\u00e7\u0131lar\u0131n \u00e7al\u0131\u015fmalar\u0131n\u0131 izleyin. Buras\u0131 Antalya'n\u0131n en fotojenik hali.<\/p>\n<p>Seyahatten sonra, c\u00f6mert bir yeme\u011fe oturun <strong>geleneksel T\u00fcrk \u00f6\u011fle yeme\u011fi<\/strong> yerel bir restoranda. \u00d6\u011fleden sonraki etkinliklerden \u00f6nce lezzetli bir mola i\u00e7in taze haz\u0131rlanm\u0131\u015f mezelerin, \u0131zgara etlerin ve y\u00f6resel lezzetlerin tad\u0131n\u0131 \u00e7\u0131kar\u0131n.<\/p>\n<p>\u00d6\u011fleden sonra Antalya'n\u0131n ikonik iki \u015felalesine gidiliyor. A\u011fa\u00e7l\u0131k park alan\u0131nda y\u00fcr\u00fcyerek <strong>\u00dcst D\u00fcden \u015eelaleleri<\/strong>, nehir ye\u015fil bir kanyon boyunca \u015felale yapar \u2014 serin, manzaral\u0131 ve foto\u011frafik. Sonra ziyaret edin <strong>A\u015fa\u011f\u0131 D\u00fcden \u015eelalesi<\/strong>, T\u00fcrkiye'nin en dramatik do\u011fal g\u00fczelliklerinden biri olan ve sular\u0131n k\u0131y\u0131daki kayal\u0131klardan do\u011frudan turkuaz denize 40 metre d\u00fc\u015ft\u00fc\u011f\u00fc yer. Unutamayaca\u011f\u0131n\u0131z bir manzara.<\/p>\n<p>D\u00f6n\u00fc\u015f yolculu\u011fundan \u00f6nce yerel bir yerde mola verin <strong>G\u00fcm\u00fc\u015f ustas\u0131 at\u00f6lyesi<\/strong> ustalar\u0131 \u00e7al\u0131\u015f\u0131rken izlemek ve geleneksel el yap\u0131m\u0131 g\u00fcm\u00fc\u015fleri incelemek i\u00e7in. Ard\u0131ndan Kemer'deki otelinize sahil boyunca rahat koltuklu yolculukla geri d\u00f6n\u00fcn.<\/p>\n<p class=\"mhm-jue-internal-links\">B\u00f6lgede daha fazla macera m\u0131 ar\u0131yorsunuz? Tam listemizi ke\u015ffedin <a href=\"\/tr\/destinasyon\/kemer-turlari\/\">Kemer turlar\u0131<\/a> veya \u015funlara g\u00f6z at\u0131n <a href=\"\/tr\/turlar-2\/kemer-suluada-gunbatimi-tekne\/\">Kemer: Suluada Adas\u0131 G\u00fcn Bat\u0131m\u0131 Tekne Turu Ak\u015fam Yeme\u011fi Dahil<\/a> ba\u015fka unutulmaz bir deneyim i\u00e7in.<\/p>\n<h3>\ud83d\uddd3\ufe0f Tur Program\u0131<\/h3>\n<p><span style=\"color: #ff0000;\"><strong>\u2022<\/strong> <\/span>Kemer ve \u00e7evresindeki otellerden (Beldibi, Tekirova) alma<br \/>\n<span style=\"color: #ff0000;\"><strong>\u2022<\/strong> <\/span>Antalya'ya manzaral\u0131 sahil yoluyla s\u00fcr\u00fc\u015f (yakla\u015f\u0131k 60 dakika)<br \/>\n<span style=\"color: #ff0000;\"><strong>\u2022<\/strong> <\/span>Kalei\u00e7i Eski \u015eehir gezi rehberi \u2014 Hadrian Kap\u0131s\u0131, Yivli Minare, Saat Kulesi<br \/>\n<span style=\"color: #ff0000;\"><strong>\u2022<\/strong> <\/span>Antalya Kalei\u00e7i'nden Tekne Turu (1 saat)<br \/>\n<span style=\"color: #ff0000;\"><strong>\u2022<\/strong> <\/span>Yerel bir restoranda geleneksel T\u00fcrk \u00f6\u011fle yeme\u011fi<br \/>\n<span style=\"color: #ff0000;\"><strong>\u2022<\/strong> <\/span>Yukar\u0131 D\u00fcden \u015eelalesi'ni ziyaret edin<br \/>\n<span style=\"color: #ff0000;\"><strong>\u2022<\/strong> <\/span>A\u015fa\u011f\u0131 D\u00fcden \u015eelalesi'ni ziyaret edin (denize d\u00f6k\u00fclen)<br \/>\n<span style=\"color: #ff0000;\"><strong>\u2022<\/strong> <\/span>G\u00fcm\u00fc\u015f ustas\u0131 at\u00f6lyesi ziyareti<br \/>\n<span style=\"color: #ff0000;\"><strong>\u2022<\/strong> <\/span>Kemer otellerine gidi\u015f-d\u00f6n\u00fc\u015f transfer<\/p>\n<h3>\u2139\ufe0f Faydal\u0131 Bilgiler<\/h3>\n<p><span style=\"color: #ff0000;\"><strong>\u2022<\/strong> <\/span>Tam g\u00fcnl\u00fck tur (transferler dahil yakla\u015f\u0131k 10-11 saat)<br \/>\n<span style=\"color: #ff0000;\"><strong>\u2022<\/strong> <\/span>Kemer'den Antalya'ya yakla\u015f\u0131k 60 dakikal\u0131k tek y\u00f6n transfer<br \/>\n<span style=\"color: #ff0000;\"><strong>\u2022<\/strong> <\/span>Eski \u015eehir ve \u015felale b\u00f6lgelerinde orta d\u00fczey y\u00fcr\u00fcy\u00fc\u015f gereklidir<br \/>\n<span style=\"color: #ff0000;\"><strong>\u2022<\/strong> <\/span>Tekne gezisi hava ve deniz ko\u015fullar\u0131na ba\u011fl\u0131d\u0131r<br \/>\n<span style=\"color: #ff0000;\"><strong>\u2022<\/strong> <\/span>Aileler, \u00e7iftler ve yaln\u0131z seyahat edenler i\u00e7in uygundur<\/p>\n<p class=\"mhm-jue-external-link\">Hedef hakk\u0131nda daha fazla bilgi edinin <a href=\"https:\/\/en.wikipedia.org\/wiki\/Antalya\" target=\"_blank\" rel=\"noopener\">Antalya Wikipedia page<\/a>.<\/p>\n<h3>\ud83c\udf92 Getirilecekler<\/h3>\n<p><span style=\"color: #ff0000;\"><strong>\u2022<\/strong> <\/span>Eski \u015eehir arnavut kald\u0131r\u0131mlar\u0131 i\u00e7in rahat y\u00fcr\u00fcy\u00fc\u015f ayakkab\u0131lar\u0131<br \/>\n<span style=\"color: #ff0000;\"><strong>\u2022<\/strong> <\/span>Kamera veya ak\u0131ll\u0131 telefon<br \/>\n<span style=\"color: #ff0000;\"><strong>\u2022<\/strong> <\/span>G\u00fcne\u015f kremi ve \u015fapka<br \/>\n<span style=\"color: #ff0000;\"><strong>\u2022<\/strong> <\/span>\u015eelale b\u00f6lgeleri i\u00e7in hafif ceket<br \/>\n<span style=\"color: #ff0000;\"><strong>\u2022<\/strong> <\/span>Ki\u015fisel harcamalar ve hediyelik e\u015fyalar i\u00e7in nakit<\/p>\n<h3>\ud83d\udeab Uygun De\u011fil<\/h3>\n<p><span style=\"color: #ff0000;\"><strong>\u2022<\/strong> <\/span>Ciddi hareket k\u0131s\u0131tlamalar\u0131 veya uzun s\u00fcre y\u00fcr\u00fcme g\u00fc\u00e7l\u00fc\u011f\u00fc olan misafirler<\/p>\n<h3>\ud83d\udcb8 Fiyat ve Rezervasyon<\/h3>\n<p><span style=\"color: #ff0000;\"><strong>\u2022<\/strong> <\/span>Fiyatlar sezona g\u00f6re de\u011fi\u015fiklik g\u00f6sterebilir \u2014 g\u00fcncel fiyatlar\u0131 rezervasyon formundan kontrol edin<br \/>\n<span style=\"color: #ff0000;\"><strong>\u2022<\/strong> <\/span>\u015eimdi rezervasyon yap\u0131n ve tur g\u00fcn\u00fc \u00f6deme yap\u0131n<br \/>\n<span style=\"color: #ff0000;\"><strong>\u2022<\/strong> <\/span>WhatsApp, Telegram veya Viber \u00fczerinden bizimle ileti\u015fime ge\u00e7in veya a\u015fa\u011f\u0131daki rezervasyon formunu doldurun<\/p>","protected":false},"excerpt":{"rendered":"<p>Discover the historic heart of Antalya on our full-day **Kemer Antalya City Tour**. Enjoy a scenic coastal drive, explore ancient landmarks, cruise from the Old Harbor and visit stunning waterfalls \u2014 a perfect day trip for guests on the Turkish Riviera. \ud83c\udf06 Overview of the Kemer Antalya City Tour Join a full-day Antalya city tour [&hellip;]<\/p>\n","protected":false},"featured_media":10682,"comment_status":"open","ping_status":"closed","template":"","meta":{"_acf_changed":false},"product_brand":[],"product_cat":[37],"product_tag":[65],"class_list":{"0":"post-10977","1":"product","2":"type-product","3":"status-publish","4":"has-post-thumbnail","6":"product_cat-kemer","7":"product_tag-kemer","9":"first","10":"instock","11":"featured","12":"shipping-taxable","13":"purchasable","14":"product-type-ovabrw_car_rental"},"acf":[],"aioseo_notices":[],"_links":{"self":[{"href":"https:\/\/joinusexcursions.com\/tr\/wp-json\/wp\/v2\/product\/10977","targetHints":{"allow":["GET"]}}],"collection":[{"href":"https:\/\/joinusexcursions.com\/tr\/wp-json\/wp\/v2\/product"}],"about":[{"href":"https:\/\/joinusexcursions.com\/tr\/wp-json\/wp\/v2\/types\/product"}],"replies":[{"embeddable":true,"href":"https:\/\/joinusexcursions.com\/tr\/wp-json\/wp\/v2\/comments?post=10977"}],"wp:featuredmedia":[{"embeddable":true,"href":"https:\/\/joinusexcursions.com\/tr\/wp-json\/wp\/v2\/media\/10682"}],"wp:attachment":[{"href":"https:\/\/joinusexcursions.com\/tr\/wp-json\/wp\/v2\/media?parent=10977"}],"wp:term":[{"taxonomy":"product_brand","embeddable":true,"href":"https:\/\/joinusexcursions.com\/tr\/wp-json\/wp\/v2\/product_brand?post=10977"},{"taxonomy":"product_cat","embeddable":true,"href":"https:\/\/joinusexcursions.com\/tr\/wp-json\/wp\/v2\/product_cat?post=10977"},{"taxonomy":"product_tag","embeddable":true,"href":"https:\/\/joinusexcursions.com\/tr\/wp-json\/wp\/v2\/product_tag?post=10977"}],"curies":[{"name":"wp","href":"https:\/\/api.w.org\/{rel}","templated":true}]}}