{"id":10982,"date":"2025-04-26T23:03:43","date_gmt":"2025-04-26T20:03:43","guid":{"rendered":"https:\/\/www.joinusexcursions.com\/?post_type=product&#038;p=10982"},"modified":"2026-04-13T22:17:32","modified_gmt":"2026-04-13T19:17:32","slug":"antalya-suluada-adasi-tekne","status":"publish","type":"product","link":"https:\/\/joinusexcursions.com\/tr\/tours\/antalya-suluada-island-boat\/","title":{"rendered":"Antalya'dan Suluada Tekne Turu - T\u00fcrk Maldivleri"},"content":{"rendered":"<h2 data-start=\"189\" data-end=\"249\">Antalya Suluada Tekne Turumuza, Adrasan a\u00e7\u0131klar\u0131ndaki gizli bir m\u00fccevher olan Suluada Adas\u0131'na tam g\u00fcnl\u00fck bir ka\u00e7\u0131\u015f i\u00e7in kat\u0131l\u0131n<\/h2>\n<p class=\"\" data-start=\"251\" data-end=\"567\">Tam g\u00fcnl\u00fck tekne turuyla cennete ka\u00e7\u0131n <strong data-start=\"301\" data-end=\"319\">Suluada Adas\u0131<\/strong>, Adrasan k\u0131y\u0131lar\u0131nda gizli bir hazine, s\u0131k s\u0131k <em data-start=\"377\" data-end=\"397\">T\u00fcrkiye'nin Maldivleri<\/em>. Beyaz kumlu plajlar\u0131, turkuaz sular\u0131 ve huzurlu atmosferiyle bu tur, do\u011fa severler ve e\u015fsiz bir Akdeniz deneyimi arayanlar i\u00e7in m\u00fckemmeldir.<\/p>\n<h3 data-start=\"574\" data-end=\"597\">\ud83c\udf1f Tur \u00d6zetleri<\/h3>\n<div data-start=\"600\" data-end=\"659\">\ud83c\udf0a Suluada'n\u0131n Maldivler Koyu'nda kristal berrakl\u0131\u011f\u0131nda sularda y\u00fcz\u00fcn<\/div>\n<div data-start=\"662\" data-end=\"711\">\ud83c\udfdd\ufe0f Sakl\u0131 koylarda ve el de\u011fmemi\u015f kumsallarda dinlenin<\/div>\n<div data-start=\"714\" data-end=\"754\">\ud83e\udddc\u200d\u2642\ufe0f \u00dcnl\u00fc <strong data-start=\"739\" data-end=\"752\">A\u015fk Ma\u011faras\u0131<\/strong><\/div>\n<div data-start=\"757\" data-end=\"798\">\ud83c\udf7d\ufe0f Gemide lezzetli bir barbek\u00fc \u00f6\u011fle yeme\u011finin tad\u0131n\u0131 \u00e7\u0131kar\u0131n<\/div>\n<div data-start=\"801\" data-end=\"869\">\ud83d\udc68\u200d\ud83d\udc69\u200d\ud83d\udc67 Aile dostu: s\u0131\u011f, g\u00fcvenli sular ve sakin atmosfer<\/div>\n<div data-start=\"872\" data-end=\"916\">\ud83d\udcf8 Muhte\u015fem Instagram'a lay\u0131k manzaralar yakalay\u0131n<\/div>\n<div data-start=\"919\" data-end=\"972\">\ud83d\udea4 K\u00fc\u00e7\u00fck grup veya b\u00fcy\u00fck tekne se\u00e7enekleri aras\u0131ndan se\u00e7im yap\u0131n<\/div>\n<h2>Antalya Suluada Tekne Turunda Neler Beklenir<\/h2>\n<div data-start=\"1005\" data-end=\"1322\">Yolculu\u011funuz Kemer'deki otelinizden al\u0131nman\u0131zla ba\u015flar, ard\u0131ndan manzaral\u0131 bir s\u00fcr\u00fc\u015fle <strong data-start=\"1087\" data-end=\"1103\">Adrasan Liman\u0131<\/strong>, g\u00fcne\u015f, deniz ve dinginlik dolu bir g\u00fcn i\u00e7in rahat bir yata binece\u011finiz yer. Rota sizi muhte\u015fem boyunca g\u00f6t\u00fcrecek. <strong data-start=\"1220\" data-end=\"1239\">T\u00fcrk Rivieras\u0131<\/strong>, Toros Da\u011flar\u0131'n\u0131n ve el de\u011fmemi\u015f k\u0131y\u0131 manzaralar\u0131n\u0131n b\u00fcy\u00fcleyici manzaralar\u0131n\u0131 sunmaktad\u0131r.<\/div>\n<div data-start=\"1324\" data-end=\"1401\">Tur, Suluada'n\u0131n en g\u00fczel lokasyonlar\u0131nda \u00fc\u00e7 y\u00fczme molas\u0131 i\u00e7erir:<\/div>\n<div data-start=\"1405\" data-end=\"1532\">Sahil <strong data-start=\"1409\" data-end=\"1425\">Maldivler Koyu<\/strong>: Beyaz ve ince kumuyla, berrak turkuaz sular\u0131yla y\u00fczme ve \u015fnorkelle dal\u0131\u015f i\u00e7in m\u00fckemmel olan plaj\u0131yla \u00fcnl\u00fc.<\/div>\n<div data-start=\"1535\" data-end=\"1643\">\ud83c\udf3f <strong data-start=\"1538\" data-end=\"1566\">Suluada'n\u0131n Sakl\u0131 Plajlar\u0131<\/strong>Sakin sahillerde dinlenin, sahilde y\u00fcr\u00fcy\u00fcn veya sadece huzur i\u00e7inde g\u00fcne\u015flenin.<\/div>\n<div data-start=\"1646\" data-end=\"1764\">Do\u011fa park\u0131 <strong data-start=\"1650\" data-end=\"1678\">A\u015fk Ma\u011faras\u0131<\/strong>Y\u00fczebilece\u011finiz, \u015fnorkelle dalabilece\u011finiz veya harika foto\u011fraflar \u00e7ekebilece\u011finiz \u015firin bir do\u011fal olu\u015fum.<\/div>\n<div data-start=\"1766\" data-end=\"2034\">\u00d6\u011fleye do\u011fru, taze \u0131zgara <strong data-start=\"1799\" data-end=\"1812\">Mangal \u00f6\u011fle yeme\u011fi<\/strong> Teknede sunulan bal\u0131k, tavuk veya vejetaryen se\u00e7enekleriyle birlikte geleneksel T\u00fcrk mezeleriyle servis edilir. Rahatlat\u0131c\u0131 bir \u00e7ay molas\u0131n\u0131n ard\u0131ndan tekne Adrasan'a geri d\u00f6ner, ard\u0131ndan otele d\u00f6n\u00fc\u015f transferiniz yap\u0131l\u0131r.<\/div>\n<p class=\"mhm-jue-internal-links\">B\u00f6lgede daha fazla macera m\u0131 ar\u0131yorsunuz? Tam listemizi ke\u015ffedin <a href=\"\/tr\/destinasyon\/antalya-turlari\/\">Antalya turlar\u0131<\/a> veya \u015funlara g\u00f6z at\u0131n <a href=\"\/tr\/turlar-2\/antalya-suluada-gunbatimi-tekne\/\">Antalya'dan Suluada Adas\u0131 G\u00fcn Bat\u0131m\u0131 Tekne Turu ve Ak\u015fam Yeme\u011fi<\/a> ba\u015fka unutulmaz bir deneyim i\u00e7in.<\/p>\n<h3 data-start=\"2041\" data-end=\"2065\">\ud83d\udeab Uygun De\u011fil<\/h3>\n<div data-start=\"2068\" data-end=\"2105\">Ciddi hareket k\u0131s\u0131tlamalar\u0131 olan misafirler<\/div>\n<div data-start=\"2108\" data-end=\"2144\">Ciddi sa\u011fl\u0131k sorunlar\u0131 olanlar<\/div>\n<p class=\"mhm-jue-external-link\">Hedef hakk\u0131nda daha fazla bilgi edinin <a href=\"https:\/\/en.wikipedia.org\/wiki\/Suluada\" target=\"_blank\" rel=\"noopener\">Suluada Vikipedi sayfas\u0131<\/a>.<\/p>\n<h3 data-start=\"2151\" data-end=\"2172\">\ud83c\udf92 Getirilecekler<\/h3>\n<div data-start=\"2175\" data-end=\"2195\">\u015eapka ve g\u00fcne\u015f g\u00f6zl\u00fc\u011f\u00fc<\/div>\n<div data-start=\"2198\" data-end=\"2218\">Mayo ve havlu<\/div>\n<div data-start=\"2221\" data-end=\"2232\">G\u00fcne\u015f kremi<\/div>\n<div data-start=\"2235\" data-end=\"2263\">Su ge\u00e7irmez kamera veya telefon<\/div>\n<h3 data-start=\"2270\" data-end=\"2288\">\u274c \u0130zin Verilmiyor<\/h3>\n<div data-start=\"2291\" data-end=\"2318\">D\u0131\u015far\u0131dan yiyecek veya i\u00e7ecek<\/div>\n<div data-start=\"2321\" data-end=\"2327\">Evcil Hayvanlar<\/div>\n<div data-start=\"2330\" data-end=\"2355\">\u0130\u00e7 mekanlarda sigara i\u00e7mek<\/div>\n<h3 data-start=\"2362\" data-end=\"2388\">\u2139\ufe0f Gitmeden \u00d6nce Bilmeniz Gerekenler<\/h3>\n<div data-start=\"2391\" data-end=\"2438\">Tur s\u00fcresi: <strong data-start=\"2406\" data-end=\"2436\">Tam g\u00fcn (yakla\u015f\u0131k 8 saat)<\/strong><\/div>\n<div data-start=\"2441\" data-end=\"2496\">Deniz veya hava ko\u015fullar\u0131 nedeniyle gezi plan\u0131 de\u011fi\u015febilir<\/div>\n<div data-start=\"2499\" data-end=\"2555\">Orta d\u00fczeyde fiziksel aktivite (y\u00fczme\/y\u00fcr\u00fcy\u00fc\u015f) dahildir<\/div>\n<div data-start=\"2558\" data-end=\"2622\">\u00c7ocuklar \u00fccretsiz kat\u0131labilir ama <strong data-start=\"2588\" data-end=\"2620\">ayr\u0131 bir otob\u00fcs koltu\u011funa sahip olmamak<\/strong><\/div>\n<h3 data-start=\"2629\" data-end=\"2654\">\ud83d\udcb3 Fiyatland\u0131rma ve Rezervasyon<\/h3>\n<p class=\"\" data-start=\"2655\" data-end=\"2775\">Fiyatlar mevsime ve grup b\u00fcy\u00fckl\u00fc\u011f\u00fcne g\u00f6re de\u011fi\u015fiklik g\u00f6stermektedir.<br data-start=\"2702\" data-end=\"2705\" \/><strong data-start=\"2705\" data-end=\"2775\">En iyi fiyatlardan yararlanmak i\u00e7in erken rezervasyon yap\u0131n \u2014 tur g\u00fcn\u00fc \u00f6deme!<\/strong><\/p>\n<h3 data-start=\"2782\" data-end=\"2800\">\ud83d\udcde Bize Ula\u015f\u0131n<\/h3>\n<p class=\"\" data-start=\"2801\" data-end=\"2945\">Sorular\u0131n\u0131z m\u0131 var veya rezervasyon yapmaya haz\u0131r m\u0131s\u0131n\u0131z?<br data-start=\"2833\" data-end=\"2836\" \/>7\/24 hizmetinizdeyiz <strong data-start=\"2860\" data-end=\"2892\">Telegram, Viber veya WhatsApp<\/strong>.<br data-start=\"2893\" data-end=\"2896\" \/>Denizde unutulmaz bir g\u00fcn planlaman\u0131za yard\u0131m edelim!<\/p>","protected":false},"excerpt":{"rendered":"<p>\ud83c\udfdd\ufe0f Join our **Antalya Suluada Boat Trip** for a full-day escape to Suluada Island, a hidden gem off the coast of Adrasan Escape into paradise with a full-day boat tour to Suluada Island, a hidden gem off the coast of Adrasan, often called the Maldives of Turkey. With its white sandy beaches, turquoise waters, and [&hellip;]<\/p>\n","protected":false},"featured_media":10643,"comment_status":"open","ping_status":"closed","template":"","meta":{"_acf_changed":false},"product_brand":[],"product_cat":[32,71],"product_tag":[69],"class_list":{"0":"post-10982","1":"product","2":"type-product","3":"status-publish","4":"has-post-thumbnail","6":"product_cat-antalya","7":"product_cat-suluada-maldives","8":"product_tag-antalya","10":"first","11":"instock","12":"featured","13":"shipping-taxable","14":"purchasable","15":"product-type-ovabrw_car_rental"},"acf":[],"aioseo_notices":[],"_links":{"self":[{"href":"https:\/\/joinusexcursions.com\/tr\/wp-json\/wp\/v2\/product\/10982","targetHints":{"allow":["GET"]}}],"collection":[{"href":"https:\/\/joinusexcursions.com\/tr\/wp-json\/wp\/v2\/product"}],"about":[{"href":"https:\/\/joinusexcursions.com\/tr\/wp-json\/wp\/v2\/types\/product"}],"replies":[{"embeddable":true,"href":"https:\/\/joinusexcursions.com\/tr\/wp-json\/wp\/v2\/comments?post=10982"}],"wp:featuredmedia":[{"embeddable":true,"href":"https:\/\/joinusexcursions.com\/tr\/wp-json\/wp\/v2\/media\/10643"}],"wp:attachment":[{"href":"https:\/\/joinusexcursions.com\/tr\/wp-json\/wp\/v2\/media?parent=10982"}],"wp:term":[{"taxonomy":"product_brand","embeddable":true,"href":"https:\/\/joinusexcursions.com\/tr\/wp-json\/wp\/v2\/product_brand?post=10982"},{"taxonomy":"product_cat","embeddable":true,"href":"https:\/\/joinusexcursions.com\/tr\/wp-json\/wp\/v2\/product_cat?post=10982"},{"taxonomy":"product_tag","embeddable":true,"href":"https:\/\/joinusexcursions.com\/tr\/wp-json\/wp\/v2\/product_tag?post=10982"}],"curies":[{"name":"wp","href":"https:\/\/api.w.org\/{rel}","templated":true}]}}