{"id":10983,"date":"2025-04-26T23:06:10","date_gmt":"2025-04-26T20:06:10","guid":{"rendered":"https:\/\/www.joinusexcursions.com\/?post_type=product&#038;p=10983"},"modified":"2026-04-13T22:13:42","modified_gmt":"2026-04-13T19:13:42","slug":"kemer-suluada-adasi-tekne","status":"publish","type":"product","link":"https:\/\/joinusexcursions.com\/tr\/tours\/kemer-suluada-island-boat\/","title":{"rendered":"Kemer: Suluada Adas\u0131 Tekne Turu - T\u00fcrk Maldivleri"},"content":{"rendered":"<h2 data-start=\"189\" data-end=\"249\">\ud83c\udfdd\ufe0f Join our **Kemer Suluada Boat Trip** for a full-day escape to Suluada Island, a hidden gem off the coast of Adrasan<\/h2>\n<p>Tam g\u00fcnl\u00fck tekne turuyla cennete ka\u00e7\u0131n <strong data-start=\"301\" data-end=\"319\">Suluada Adas\u0131<\/strong>, Adrasan k\u0131y\u0131lar\u0131nda gizli bir hazine, s\u0131k s\u0131k <em data-start=\"377\" data-end=\"397\">T\u00fcrkiye'nin Maldivleri<\/em>. Beyaz kumlu plajlar\u0131, turkuaz sular\u0131 ve huzurlu atmosferiyle bu tur, do\u011fa severler ve e\u015fsiz bir Akdeniz deneyimi arayanlar i\u00e7in m\u00fckemmeldir.<\/p>\n<h3 class=\"\" data-start=\"574\" data-end=\"597\">\ud83c\udf1f Tur \u00d6zetleri<\/h3>\n<ul data-start=\"598\" data-end=\"972\">\n<li class=\"\" data-start=\"598\" data-end=\"659\">Suluada'n\u0131n Maldivler Koyu'nda berrak sularda y\u00fcz\u00fcn<\/li>\n<li class=\"\" data-start=\"660\" data-end=\"711\">Gizli plajlarda ve el de\u011fmemi\u015f kumsallarda dinlenin<\/li>\n<li class=\"\" data-start=\"712\" data-end=\"754\">\u00dcnl\u00fc olan\u0131 ke\u015ffedin <strong data-start=\"739\" data-end=\"752\">A\u015fk Ma\u011faras\u0131<\/strong><\/li>\n<li class=\"\" data-start=\"755\" data-end=\"798\">Gemide lezzetli bir barbek\u00fc \u00f6\u011fle yeme\u011finin tad\u0131n\u0131 \u00e7\u0131kar\u0131n<\/li>\n<li class=\"\" data-start=\"799\" data-end=\"869\">Aile dostu: s\u0131\u011f, g\u00fcvenli sular ve sakin atmosfer<\/li>\n<li class=\"\" data-start=\"870\" data-end=\"916\">Nefes kesen Instagram'a lay\u0131k manzaralar yakalay\u0131n<\/li>\n<li class=\"\" data-start=\"917\" data-end=\"972\">K\u00fc\u00e7\u00fck grup veya b\u00fcy\u00fck tekne se\u00e7enekleri aras\u0131ndan se\u00e7im yap\u0131n<\/li>\n<\/ul>\n<h2>What to Expect on the Kemer Suluada Boat Trip<\/h2>\n<p>Yolculu\u011funuz Kemer'deki otelinizden al\u0131nman\u0131zla ba\u015flar, ard\u0131ndan manzaral\u0131 bir s\u00fcr\u00fc\u015fle <strong data-start=\"1087\" data-end=\"1103\">Adrasan Liman\u0131<\/strong>, g\u00fcne\u015f, deniz ve dinginlik dolu bir g\u00fcn i\u00e7in rahat bir yata binece\u011finiz yer. Rota sizi muhte\u015fem boyunca g\u00f6t\u00fcrecek. <strong data-start=\"1220\" data-end=\"1239\">T\u00fcrk Rivieras\u0131<\/strong>, Toros Da\u011flar\u0131'n\u0131n ve el de\u011fmemi\u015f k\u0131y\u0131 manzaralar\u0131n\u0131n b\u00fcy\u00fcleyici manzaralar\u0131n\u0131 sunmaktad\u0131r.<\/p>\n<p>Tur, Suluada'n\u0131n en g\u00fczel lokasyonlar\u0131nda \u00fc\u00e7 y\u00fczme molas\u0131 i\u00e7erir:<\/p>\n<ul data-start=\"1403\" data-end=\"1764\">\n<li class=\"\" data-start=\"1403\" data-end=\"1532\"><strong data-start=\"1409\" data-end=\"1425\">Maldivler Koyu<\/strong>: Beyaz ve ince kumuyla, berrak turkuaz sular\u0131yla y\u00fczme ve \u015fnorkelle dal\u0131\u015f i\u00e7in m\u00fckemmel olan plaj\u0131yla \u00fcnl\u00fc.<\/li>\n<li class=\"\" data-start=\"1533\" data-end=\"1643\"><strong data-start=\"1538\" data-end=\"1566\">Suluada'n\u0131n Sakl\u0131 Plajlar\u0131<\/strong>Sakin sahillerde dinlenin, sahilde y\u00fcr\u00fcy\u00fcn veya sadece huzur i\u00e7inde g\u00fcne\u015flenin.<\/li>\n<li class=\"\" data-start=\"1644\" data-end=\"1764\">Do\u011fa park\u0131 <strong data-start=\"1650\" data-end=\"1678\">A\u015fk Ma\u011faras\u0131<\/strong>Y\u00fczebilece\u011finiz, \u015fnorkelle dalabilece\u011finiz veya harika foto\u011fraflar \u00e7ekebilece\u011finiz \u015firin bir do\u011fal olu\u015fum.<\/li>\n<\/ul>\n<p>\u00d6\u011fleye do\u011fru, taze \u0131zgara <strong data-start=\"1799\" data-end=\"1812\">Mangal \u00f6\u011fle yeme\u011fi<\/strong> Teknede sunulan bal\u0131k, tavuk veya vejetaryen se\u00e7enekleriyle birlikte geleneksel T\u00fcrk mezeleriyle servis edilir. Rahatlat\u0131c\u0131 bir \u00e7ay molas\u0131n\u0131n ard\u0131ndan tekne Adrasan'a geri d\u00f6ner, ard\u0131ndan otele d\u00f6n\u00fc\u015f transferiniz yap\u0131l\u0131r.<\/p>\n<p class=\"mhm-jue-internal-links\">B\u00f6lgede daha fazla macera m\u0131 ar\u0131yorsunuz? Tam listemizi ke\u015ffedin <a href=\"\/tr\/destinasyon\/kemer-turlari\/\">Kemer turlar\u0131<\/a> veya \u015funlara g\u00f6z at\u0131n <a href=\"\/tr\/turlar-2\/kemer-suluada-gunbatimi-tekne\/\">Kemer: Suluada Adas\u0131 G\u00fcn Bat\u0131m\u0131 Tekne Turu Ak\u015fam Yeme\u011fi Dahil<\/a> ba\u015fka unutulmaz bir deneyim i\u00e7in.<\/p>\n<h3 class=\"\" data-start=\"2041\" data-end=\"2065\">\ud83d\udeab Uygun De\u011fil<\/h3>\n<ul data-start=\"2066\" data-end=\"2144\">\n<li class=\"\" data-start=\"2066\" data-end=\"2105\">Ciddi hareket k\u0131s\u0131tlamalar\u0131 olan misafirler<\/li>\n<li class=\"\" data-start=\"2106\" data-end=\"2144\">Ciddi sa\u011fl\u0131k sorunlar\u0131 olanlar<\/li>\n<\/ul>\n<p class=\"mhm-jue-external-link\">Hedef hakk\u0131nda daha fazla bilgi edinin <a href=\"https:\/\/en.wikipedia.org\/wiki\/Suluada\" target=\"_blank\" rel=\"noopener\">Suluada Vikipedi sayfas\u0131<\/a>.<\/p>\n<h3 class=\"\" data-start=\"2151\" data-end=\"2172\">\ud83c\udf92 Getirilecekler<\/h3>\n<ul data-start=\"2173\" data-end=\"2263\">\n<li class=\"\" data-start=\"2173\" data-end=\"2195\">\u015eapka ve g\u00fcne\u015f g\u00f6zl\u00fc\u011f\u00fc<\/li>\n<li class=\"\" data-start=\"2196\" data-end=\"2218\">Mayo ve havlu<\/li>\n<li class=\"\" data-start=\"2219\" data-end=\"2232\">G\u00fcne\u015f kremi<\/li>\n<li class=\"\" data-start=\"2233\" data-end=\"2263\">Su ge\u00e7irmez kamera veya telefon<\/li>\n<\/ul>\n<h3 class=\"\" data-start=\"2270\" data-end=\"2288\">\u274c \u0130zin Verilmiyor<\/h3>\n<ul data-start=\"2289\" data-end=\"2355\">\n<li class=\"\" data-start=\"2289\" data-end=\"2318\">D\u0131\u015far\u0131dan yiyecek veya i\u00e7ecek<\/li>\n<li class=\"\" data-start=\"2319\" data-end=\"2327\">Evcil Hayvanlar<\/li>\n<li class=\"\" data-start=\"2328\" data-end=\"2355\">\u0130\u00e7 mekanlarda sigara i\u00e7mek<\/li>\n<\/ul>\n<h3 class=\"\" data-start=\"2362\" data-end=\"2388\">\u2139\ufe0f Gitmeden \u00d6nce Bilmeniz Gerekenler<\/h3>\n<ul data-start=\"2389\" data-end=\"2622\">\n<li class=\"\" data-start=\"2389\" data-end=\"2438\">Tur s\u00fcresi: <strong data-start=\"2406\" data-end=\"2436\">Tam g\u00fcn (yakla\u015f\u0131k 8 saat)<\/strong><\/li>\n<li class=\"\" data-start=\"2439\" data-end=\"2496\">Deniz veya hava ko\u015fullar\u0131 nedeniyle gezi plan\u0131 de\u011fi\u015febilir<\/li>\n<li class=\"\" data-start=\"2497\" data-end=\"2555\">Orta d\u00fczeyde fiziksel aktivite (y\u00fczme\/y\u00fcr\u00fcy\u00fc\u015f) dahildir<\/li>\n<li class=\"\" data-start=\"2556\" data-end=\"2622\">\u00c7ocuklar \u00fccretsiz kat\u0131labilir ama <strong data-start=\"2588\" data-end=\"2620\">ayr\u0131 bir otob\u00fcs koltu\u011funa sahip olmamak<\/strong><\/li>\n<\/ul>\n<h3 class=\"\" data-start=\"2629\" data-end=\"2654\">\ud83d\udcb3 Fiyatland\u0131rma ve Rezervasyon<\/h3>\n<p>Fiyatlar mevsime ve grup b\u00fcy\u00fckl\u00fc\u011f\u00fcne g\u00f6re de\u011fi\u015fiklik g\u00f6stermektedir.<br data-start=\"2702\" data-end=\"2705\" \/><strong data-start=\"2705\" data-end=\"2775\">En iyi fiyatlardan yararlanmak i\u00e7in erken rezervasyon yap\u0131n \u2014 tur g\u00fcn\u00fc \u00f6deme!<\/strong><\/p>\n<h3 class=\"\" data-start=\"2782\" data-end=\"2800\">\ud83d\udcde Bize Ula\u015f\u0131n<\/h3>\n<p>Sorular\u0131n\u0131z m\u0131 var veya rezervasyon yapmaya haz\u0131r m\u0131s\u0131n\u0131z?<br data-start=\"2833\" data-end=\"2836\" \/>7\/24 hizmetinizdeyiz <strong data-start=\"2860\" data-end=\"2892\">Telegram, Viber veya WhatsApp<\/strong>.<br data-start=\"2893\" data-end=\"2896\" \/>Denizde unutulmaz bir g\u00fcn planlaman\u0131za yard\u0131m edelim!<\/p>","protected":false},"excerpt":{"rendered":"<p>\ud83c\udfdd\ufe0f Join our **Kemer Suluada Boat Trip** for a full-day escape to Suluada Island, a hidden gem off the coast of Adrasan Escape into paradise with a full-day boat tour to Suluada Island, a hidden gem off the coast of Adrasan, often called the Maldives of Turkey. With its white sandy beaches, turquoise waters, and [&hellip;]<\/p>\n","protected":false},"featured_media":10643,"comment_status":"open","ping_status":"closed","template":"","meta":{"_acf_changed":false},"product_brand":[],"product_cat":[37,71],"product_tag":[65],"class_list":{"0":"post-10983","1":"product","2":"type-product","3":"status-publish","4":"has-post-thumbnail","6":"product_cat-kemer","7":"product_cat-suluada-maldives","8":"product_tag-kemer","10":"first","11":"instock","12":"featured","13":"shipping-taxable","14":"purchasable","15":"product-type-ovabrw_car_rental"},"acf":[],"aioseo_notices":[],"_links":{"self":[{"href":"https:\/\/joinusexcursions.com\/tr\/wp-json\/wp\/v2\/product\/10983","targetHints":{"allow":["GET"]}}],"collection":[{"href":"https:\/\/joinusexcursions.com\/tr\/wp-json\/wp\/v2\/product"}],"about":[{"href":"https:\/\/joinusexcursions.com\/tr\/wp-json\/wp\/v2\/types\/product"}],"replies":[{"embeddable":true,"href":"https:\/\/joinusexcursions.com\/tr\/wp-json\/wp\/v2\/comments?post=10983"}],"wp:featuredmedia":[{"embeddable":true,"href":"https:\/\/joinusexcursions.com\/tr\/wp-json\/wp\/v2\/media\/10643"}],"wp:attachment":[{"href":"https:\/\/joinusexcursions.com\/tr\/wp-json\/wp\/v2\/media?parent=10983"}],"wp:term":[{"taxonomy":"product_brand","embeddable":true,"href":"https:\/\/joinusexcursions.com\/tr\/wp-json\/wp\/v2\/product_brand?post=10983"},{"taxonomy":"product_cat","embeddable":true,"href":"https:\/\/joinusexcursions.com\/tr\/wp-json\/wp\/v2\/product_cat?post=10983"},{"taxonomy":"product_tag","embeddable":true,"href":"https:\/\/joinusexcursions.com\/tr\/wp-json\/wp\/v2\/product_tag?post=10983"}],"curies":[{"name":"wp","href":"https:\/\/api.w.org\/{rel}","templated":true}]}}