{"id":11017,"date":"2025-12-04T16:11:58","date_gmt":"2025-12-04T13:11:58","guid":{"rendered":"https:\/\/joinusexcursions.com\/?post_type=product&#038;p=11017"},"modified":"2026-04-18T05:00:21","modified_gmt":"2026-04-18T02:00:21","slug":"kemer-land-of-legends-gece","status":"publish","type":"product","link":"https:\/\/joinusexcursions.com\/tr\/tours\/kemer-land-of-legends-night\/","title":{"rendered":"Kemer'den Land of Legends Gece \u015eovu"},"content":{"rendered":"<h2>\ud83c\udf0c <strong data-start=\"529\" data-end=\"541\">Overview of the Kemer Land of Legends Night Show<\/strong><\/h2>\n<p data-start=\"542\" data-end=\"857\">Kemer'den kolay transferlerle The Land of Legends'ta b\u00fcy\u00fcleyici bir gece ya\u015fay\u0131n. M\u00fczik, \u0131\u015f\u0131klar, lazerler ve b\u00fcy\u00fcl\u00fc tekne ge\u00e7idini i\u00e7eren d\u00fcnya standartlar\u0131nda bir ak\u015fam performans\u0131n\u0131n keyfini \u00e7\u0131kar\u0131n. G\u00fczel gece foto\u011fraflar\u0131 \u00e7ekin, \u0131\u015f\u0131kland\u0131r\u0131lm\u0131\u015f al\u0131\u015fveri\u015f caddesini ke\u015ffedin ve her ya\u015fa uygun 3-4 saatlik bir program\u0131n tad\u0131n\u0131 \u00e7\u0131kar\u0131n.<\/p>\n<h3>\ud83c\udf86 Kemer Land of Legends Night Show Higlights<\/h3>\n<p data-start=\"1224\" data-end=\"1467\"><span style=\"color: #ff0000;\">\u2022<\/span> Muhte\u015fem f\u0131skiye, \u0131\u015f\u0131k ve lazer g\u00f6sterisi<br data-start=\"1273\" data-end=\"1276\" \/><span style=\"color: #ff0000;\">\u2022<\/span> Temal\u0131 kost\u00fcmlerle ikonik tekne ge\u00e7idi<br data-start=\"1317\" data-end=\"1320\" \/><span style=\"color: #ff0000;\">\u2022<\/span> 180'den fazla k\u00fcresel markan\u0131n bulundu\u011fu al\u0131\u015fveri\u015f caddesi<br data-start=\"1369\" data-end=\"1372\" \/><span style=\"color: #ff0000;\">\u2022<\/span> Kemer b\u00f6lgesinden sorunsuz transferler<br data-start=\"1413\" data-end=\"1416\" \/><span style=\"color: #ff0000;\">\u2022<\/span> Muhte\u015fem gece foto\u011fraf\u00e7\u0131l\u0131\u011f\u0131 i\u00e7in m\u00fckemmel atmosfer<\/p>\n<h2>What to Expect on the Kemer Land of Legends Night Show<\/h2>\n<p data-start=\"1494\" data-end=\"1807\">Ak\u015fam\u0131n\u0131z Kemer'den b\u00f6lgenin en \u00fcnl\u00fc e\u011flence kompleksi The Land of Legends Tema Park\u0131'na rahat ve konforlu bir transferle ba\u015fl\u0131yor. G\u00f6steri ba\u015flad\u0131\u011f\u0131nda, gece g\u00f6ky\u00fcz\u00fcn\u00fc ayd\u0131nlatan m\u00fczik, \u0131\u015f\u0131k efektleri, lazerler ve senkronize f\u0131skiyelerin b\u00fcy\u00fcleyici birle\u015fimine kendinizi b\u0131rak\u0131n.<\/p>\n<p data-start=\"1809\" data-end=\"2071\">Etkinli\u011fin en \u00f6nemli noktas\u0131, g\u00f6stericiler, \u0131\u015f\u0131klar ve atmosferik m\u00fczik e\u015fli\u011finde kanal boyunca s\u00fcz\u00fclen muhte\u015fem s\u00fcsl\u00fc teknelerin yer ald\u0131\u011f\u0131 tekne ge\u00e7ididir. Bu b\u00fcy\u00fcl\u00fc gece ge\u00e7idi her ya\u015ftan ziyaret\u00e7iyi memnun eder ve unutulmaz an\u0131lar yarat\u0131r.<\/p>\n<p data-start=\"2073\" data-end=\"2357\">G\u00f6steriden sonra, 180'den fazla butik, kafe, restoran ve tatl\u0131c\u0131yla dolu canl\u0131 al\u0131\u015fveri\u015f bulvar\u0131n\u0131n tad\u0131n\u0131 \u00e7\u0131karmak i\u00e7in serbest zaman\u0131n\u0131z olacak. Foto\u011fraf \u00e7ekmeyi, ma\u011fazalar\u0131 gezmeyi veya canl\u0131 atmosferin tad\u0131n\u0131 \u00e7\u0131karmay\u0131 tercih ederseniz, bulvar herkes i\u00e7in bir \u015feyler sunuyor.<\/p>\n<p data-start=\"2359\" data-end=\"2494\">Gecenin sonunda, unutulmaz izlenimlerle dolu bir zihinle otelinize var\u0131rken transferinizin keyfini \u00e7\u0131kar\u0131n ve rahatlay\u0131n.<\/p>\n<p class=\"mhm-jue-internal-links\">B\u00f6lgede daha fazla macera m\u0131 ar\u0131yorsunuz? Tam listemizi ke\u015ffedin <a href=\"\/tr\/destinasyon\/kemer-turlari\/\">Kemer turlar\u0131<\/a> veya \u015funlara g\u00f6z at\u0131n <a href=\"\/tr\/turlar-2\/kemer-suluada-gunbatimi-tekne\/\">Kemer: Suluada Adas\u0131 G\u00fcn Bat\u0131m\u0131 Tekne Turu Ak\u015fam Yeme\u011fi Dahil<\/a> ba\u015fka unutulmaz bir deneyim i\u00e7in.<\/p>\n<h3>\ud83d\uddd3\ufe0f Tur Program\u0131<\/h3>\n<p data-start=\"2519\" data-end=\"2767\"><span style=\"color: #ff0000;\">\u2022<\/span> Kemer'deki otellerden alma<br data-start=\"2548\" data-end=\"2551\" \/><span style=\"color: #ff0000;\">\u2022<\/span> The Land of Legends'a Var\u0131\u015f<br data-start=\"2583\" data-end=\"2586\" \/><span style=\"color: #ff0000;\">\u2022<\/span> F\u0131skiyenin, \u0131\u015f\u0131k ve lazer g\u00f6sterisinin tad\u0131n\u0131 \u00e7\u0131kar\u0131n<br data-start=\"2633\" data-end=\"2636\" \/><span style=\"color: #ff0000;\">\u2022<\/span> I\u015f\u0131kl\u0131 tekne ge\u00e7i\u015fini izleyin<br data-start=\"2671\" data-end=\"2674\" \/><span style=\"color: #ff0000;\">\u2022<\/span> Al\u0131\u015fveri\u015f caddesinde serbest zaman (yakla\u015f\u0131k 1\u20132 saat)<br data-start=\"2731\" data-end=\"2734\" \/><span style=\"color: #ff0000;\">\u2022<\/span> Otel'e geri transfer<\/p>\n<h3>\u2139\ufe0f Faydal\u0131 Bilgiler<\/h3>\n<p data-start=\"2796\" data-end=\"3125\"><span style=\"color: #ff0000;\">\u2022<\/span> S\u00fcre: yakla\u015f\u0131k 3\u20134 saat<br data-start=\"2825\" data-end=\"2828\" \/><span style=\"color: #ff0000;\">\u2022<\/span> Temel d\u00fczeyde hareket kabiliyeti olan misafirler i\u00e7in uygundur<br data-start=\"2869\" data-end=\"2872\" \/><span style=\"color: #ff0000;\">\u2022<\/span> Minimum fiziksel aktivite gerektirir<br data-start=\"2908\" data-end=\"2911\" \/><span style=\"color: #ff0000;\">\u2022<\/span> Belirtilen saatten 10 dakika \u00f6nce ana otel giri\u015finde haz\u0131r olun<br data-start=\"2973\" data-end=\"2976\" \/><span style=\"color: #ff0000;\">\u2022<\/span> S\u00fcr\u00fcc\u00fc en fazla 5 dakika bekler<br data-start=\"3013\" data-end=\"3016\" \/><span style=\"color: #ff0000;\">\u2022<\/span> 6 ya\u015f alt\u0131 \u00fccretsiz seyahat eden \u00e7ocuklar ayr\u0131 otob\u00fcs koltu\u011fu hakk\u0131na sahip de\u011fildir, gerekirse ek koltuk rezerve edilebilir<\/p>\n<p class=\"mhm-jue-external-link\">Hedef hakk\u0131nda daha fazla bilgi edinin <a href=\"https:\/\/en.wikipedia.org\/wiki\/The_Land_of_Legends\" target=\"_blank\" rel=\"noopener\">The Land of Legends Wikipedia page<\/a>.<\/p>\n<h3>\ud83c\udf92 Getirilecekler<\/h3>\n<p data-start=\"3149\" data-end=\"3311\"><span style=\"color: #ff0000;\">\u2022<\/span> Ki\u015fisel harcamalar i\u00e7in bir miktar nakit<br data-start=\"3183\" data-end=\"3186\" \/><span style=\"color: #ff0000;\">\u2022<\/span> Y\u00fcr\u00fcy\u00fc\u015f i\u00e7in rahat ayakkab\u0131<br data-start=\"3220\" data-end=\"3223\" \/><span style=\"color: #ff0000;\">\u2022<\/span> Ak\u015fam havas\u0131na uygun giysiler<br data-start=\"3262\" data-end=\"3265\" \/><span style=\"color: #ff0000;\">\u2022<\/span> An\u0131lar\u0131 yakalamak i\u00e7in ak\u0131ll\u0131 telefon mu yoksa kamera m\u0131<\/p>\n<h3>\ud83d\udeab Uygun De\u011fil<\/h3>\n<p data-start=\"3338\" data-end=\"3398\"><span style=\"color: #ff0000;\">\u2022<\/span> 95 ya\u015f ve \u00fczeri veya ciddi hareket k\u0131s\u0131tl\u0131l\u0131\u011f\u0131 olan misafirler<\/p>\n<h3>\ud83d\udcb8 Fiyat ve Rezervasyon<\/h3>\n<p data-start=\"3426\" data-end=\"3556\"><span style=\"color: #ff0000;\">\u2022<\/span> Bug\u00fcn rezervasyon yap\u0131n ve tur g\u00fcn\u00fc \u00f6deme yap\u0131n<br data-start=\"3472\" data-end=\"3475\" \/><span style=\"color: #ff0000;\">\u2022<\/span> Bize WhatsApp, Telegram veya Viber \u00fczerinden ula\u015f\u0131n ya da a\u015fa\u011f\u0131daki rezervasyon formunu doldurun<\/p>","protected":false},"excerpt":{"rendered":"<p>Kemer'den laserler, f\u0131skiye g\u00f6sterileri, tekne ge\u00e7it t\u00f6reni ve al\u0131\u015fveri\u015fin tad\u0131n\u0131 \u00e7\u0131karaca\u011f\u0131n\u0131z Efsaneler Diyar\u0131 Gece \u015eovu'na kat\u0131l\u0131n. Konforlu otel transferleri ile b\u00fcy\u00fcl\u00fc bir ak\u015fam.<\/p>","protected":false},"featured_media":11018,"comment_status":"open","ping_status":"closed","template":"","meta":{"_acf_changed":false},"product_brand":[],"product_cat":[37],"product_tag":[65],"class_list":{"0":"post-11017","1":"product","2":"type-product","3":"status-publish","4":"has-post-thumbnail","6":"product_cat-kemer","7":"product_tag-kemer","9":"first","10":"instock","11":"sale","12":"featured","13":"shipping-taxable","14":"purchasable","15":"product-type-ovabrw_car_rental"},"acf":[],"aioseo_notices":[],"_links":{"self":[{"href":"https:\/\/joinusexcursions.com\/tr\/wp-json\/wp\/v2\/product\/11017","targetHints":{"allow":["GET"]}}],"collection":[{"href":"https:\/\/joinusexcursions.com\/tr\/wp-json\/wp\/v2\/product"}],"about":[{"href":"https:\/\/joinusexcursions.com\/tr\/wp-json\/wp\/v2\/types\/product"}],"replies":[{"embeddable":true,"href":"https:\/\/joinusexcursions.com\/tr\/wp-json\/wp\/v2\/comments?post=11017"}],"wp:featuredmedia":[{"embeddable":true,"href":"https:\/\/joinusexcursions.com\/tr\/wp-json\/wp\/v2\/media\/11018"}],"wp:attachment":[{"href":"https:\/\/joinusexcursions.com\/tr\/wp-json\/wp\/v2\/media?parent=11017"}],"wp:term":[{"taxonomy":"product_brand","embeddable":true,"href":"https:\/\/joinusexcursions.com\/tr\/wp-json\/wp\/v2\/product_brand?post=11017"},{"taxonomy":"product_cat","embeddable":true,"href":"https:\/\/joinusexcursions.com\/tr\/wp-json\/wp\/v2\/product_cat?post=11017"},{"taxonomy":"product_tag","embeddable":true,"href":"https:\/\/joinusexcursions.com\/tr\/wp-json\/wp\/v2\/product_tag?post=11017"}],"curies":[{"name":"wp","href":"https:\/\/api.w.org\/{rel}","templated":true}]}}