{"id":11027,"date":"2025-12-04T17:08:26","date_gmt":"2025-12-04T14:08:26","guid":{"rendered":"https:\/\/joinusexcursions.com\/?post_type=product&#038;p=11027"},"modified":"2026-04-18T04:53:24","modified_gmt":"2026-04-18T01:53:24","slug":"antalya-land-of-legends-gece","status":"publish","type":"product","link":"https:\/\/joinusexcursions.com\/tr\/tours\/antalya-land-of-legends-night\/","title":{"rendered":"Antalya'dan Efsaneler Diyar\u0131 Gece G\u00f6sterisi"},"content":{"rendered":"<h2>\u2728 Overview of the Antalya Land of Legends Night Show<\/h2>\n<p data-start=\"580\" data-end=\"879\">Antalya, Lara ve Kundu'dan konforlu transferlerle The Land of Legends'ta b\u00fcy\u00fcl\u00fc bir ak\u015fam ya\u015fay\u0131n. Lazerler, m\u00fczik, \u0131\u015f\u0131kl\u0131 f\u0131skiyeler ve \u00fcnl\u00fc tekne ge\u00e7it t\u00f6renini i\u00e7eren birinci s\u0131n\u0131f bir gece \u015fovunun tad\u0131n\u0131 \u00e7\u0131kar\u0131n. Canl\u0131 al\u0131\u015fveri\u015f caddesini ke\u015ffedin ve 3-4 saatlik aile dostu bir deneyimin keyfini \u00e7\u0131kar\u0131n.<\/p>\n<h3>\ud83c\udf86 \u00d6ne \u00c7\u0131kanlar<\/h3>\n<p data-start=\"1237\" data-end=\"1493\"><span style=\"color: #ff0000;\">\u2022<\/span> Muhte\u015fem f\u0131skiye, \u0131\u015f\u0131k ve lazer g\u00f6sterisi<br data-start=\"1286\" data-end=\"1289\" \/><span style=\"color: #ff0000;\">\u2022<\/span> Renkli kost\u00fcmler ve m\u00fczikle tekne ge\u00e7idi<br data-start=\"1335\" data-end=\"1338\" \/><span style=\"color: #ff0000;\">\u2022<\/span> 180'den fazla uluslararas\u0131 markan\u0131n bulundu\u011fu al\u0131\u015fveri\u015f caddesi<br data-start=\"1389\" data-end=\"1392\" \/><span style=\"color: #ff0000;\">\u2022<\/span> Antalya, Lara ve Kundu b\u00f6lgelerinden transferler<br data-start=\"1438\" data-end=\"1441\" \/><span style=\"color: #ff0000;\">\u2022<\/span> G\u00fczel gece foto\u011fraf\u00e7\u0131l\u0131\u011f\u0131 i\u00e7in ideal atmosfer<\/p>\n<h2>What to Expect on the Antalya Land of Legends Night Show<\/h2>\n<p data-start=\"1520\" data-end=\"1847\">Ak\u015fam\u0131n\u0131z, Antalya, Lara veya Kundu'dan b\u00f6lgenin en etkileyici e\u011flence mekan\u0131 olan The Land of Legends Tema Park\u0131'na sorunsuz bir transferle ba\u015flar. Karanl\u0131k \u00e7\u00f6kt\u00fc\u011f\u00fcnde, t\u00fcm alan\u0131 ayd\u0131nlatan g\u00fc\u00e7l\u00fc lazer projeksiyonlar\u0131, koordineli f\u0131skiye g\u00f6sterileri ve canl\u0131 m\u00fczi\u011fi birle\u015ftiren b\u00fcy\u00fcleyici bir g\u00f6sterinin tad\u0131n\u0131 \u00e7\u0131kar\u0131n.<\/p>\n<p data-start=\"1849\" data-end=\"2110\">Gecenin olay\u0131 <strong data-start=\"1883\" data-end=\"1898\">tekne ge\u00e7it t\u00f6reni<\/strong>, Sokaklarda parlak renklerle s\u00fcslenmi\u015f teknelerin i\u00e7inden m\u00fczisyenlerin, karakterlerin ve temal\u0131 m\u00fcziklerin e\u015flik etti\u011fi kanal boyunca ilerlemesiyle bu b\u00fcy\u00fcl\u00fc ge\u00e7it hem yeti\u015fkinleri hem de \u00e7ocuklar\u0131 b\u00fcy\u00fcleyerek unutulmaz tatil an\u0131lar\u0131 yarat\u0131yor.<\/p>\n<p data-start=\"2112\" data-end=\"2362\">G\u00f6sterinin ard\u0131ndan, 180'den fazla butik, restoran ve tatl\u0131c\u0131 d\u00fckkan\u0131n\u0131n bulundu\u011fu hareketli al\u0131\u015fveri\u015f caddesini ke\u015ffetmek i\u00e7in serbest zaman\u0131n tad\u0131n\u0131 \u00e7\u0131kar\u0131n. Foto\u011fraf \u00e7ekmek, al\u0131\u015fveri\u015f yapmak veya canl\u0131 gece atmosferinde dinlenmek isteyip istemedi\u011finize ba\u011fl\u0131 olarak bolca keyif alaca\u011f\u0131n\u0131z bir \u015feyler var.<\/p>\n<p data-start=\"2364\" data-end=\"2481\">Ziyaretinizin sonunda, bu muhte\u015fem ak\u015fam etkinli\u011finin kal\u0131c\u0131 izlenimleriyle otelinize konforlu bir \u015fekilde d\u00f6n\u00fcn.<\/p>\n<p class=\"mhm-jue-internal-links\">B\u00f6lgede daha fazla macera m\u0131 ar\u0131yorsunuz? Tam listemizi ke\u015ffedin <a href=\"\/tr\/destinasyon\/antalya-turlari\/\">Antalya turlar\u0131<\/a> veya \u015funlara g\u00f6z at\u0131n <a href=\"\/tr\/turlar-2\/antalya-suluada-gunbatimi-tekne\/\">Antalya'dan Suluada Adas\u0131 G\u00fcn Bat\u0131m\u0131 Tekne Turu ve Ak\u015fam Yeme\u011fi<\/a> ba\u015fka unutulmaz bir deneyim i\u00e7in.<\/p>\n<h3>\ud83d\uddd3\ufe0f Tur Program\u0131<\/h3>\n<p data-start=\"2506\" data-end=\"2784\"><span style=\"color: #ff0000;\">\u2022<\/span> Antalya, Lara ve Kundu otellerinden alma<br data-start=\"2553\" data-end=\"2556\" \/><span style=\"color: #ff0000;\">\u2022<\/span> The Land of Legends Tema Park\u0131'na Var\u0131\u015f<br data-start=\"2599\" data-end=\"2602\" \/><span style=\"color: #ff0000;\">\u2022<\/span> F\u0131skiyenin, \u0131\u015f\u0131k ve lazer g\u00f6sterilerinin tad\u0131n\u0131 \u00e7\u0131kar\u0131n<br data-start=\"2650\" data-end=\"2653\" \/><span style=\"color: #ff0000;\">\u2022<\/span> I\u015f\u0131kl\u0131 tekne ge\u00e7i\u015fini izleyin<br data-start=\"2688\" data-end=\"2691\" \/><span style=\"color: #ff0000;\">\u2022<\/span> Al\u0131\u015fveri\u015f caddesinde serbest zaman (yakla\u015f\u0131k 1\u20132 saat)<br data-start=\"2748\" data-end=\"2751\" \/><span style=\"color: #ff0000;\">\u2022<\/span> Otel'e geri transfer<\/p>\n<h3>\u2139\ufe0f Faydal\u0131 Bilgiler<\/h3>\n<p data-start=\"2813\" data-end=\"3140\"><span style=\"color: #ff0000;\">\u2022<\/span> S\u00fcre: yakla\u015f\u0131k 3\u20134 saat<br data-start=\"2842\" data-end=\"2845\" \/><span style=\"color: #ff0000;\">\u2022<\/span> Temel d\u00fczeyde hareket kabiliyeti olan misafirler i\u00e7in uygundur<br data-start=\"2886\" data-end=\"2889\" \/><span style=\"color: #ff0000;\">\u2022<\/span> Asgari fiziksel \u00e7aba gerektirir<br data-start=\"2923\" data-end=\"2926\" \/><span style=\"color: #ff0000;\">\u2022<\/span> Belirtilen saatten 10 dakika \u00f6nce ana otel giri\u015finde haz\u0131r olun<br data-start=\"2988\" data-end=\"2991\" \/><span style=\"color: #ff0000;\">\u2022<\/span> S\u00fcr\u00fcc\u00fc en fazla 5 dakika bekler<br data-start=\"3028\" data-end=\"3031\" \/><span style=\"color: #ff0000;\">\u2022<\/span> 6 ya\u015f alt\u0131 \u00fccretsiz seyahat eden \u00e7ocuklar ayr\u0131 otob\u00fcs koltu\u011fu hakk\u0131na sahip de\u011fildir, gerekirse ek koltuk rezerve edilebilir<\/p>\n<p class=\"mhm-jue-external-link\">Hedef hakk\u0131nda daha fazla bilgi edinin <a href=\"https:\/\/en.wikipedia.org\/wiki\/The_Land_of_Legends\" target=\"_blank\" rel=\"noopener\">The Land of Legends Wikipedia page<\/a>.<\/p>\n<h3>\ud83c\udf92 Getirilecekler<\/h3>\n<p data-start=\"3164\" data-end=\"3299\"><span style=\"color: #ff0000;\">\u2022<\/span> Ki\u015fisel harcamalar i\u00e7in bir miktar nakit<br data-start=\"3198\" data-end=\"3201\" \/><span style=\"color: #ff0000;\">\u2022<\/span> Rahat y\u00fcr\u00fcy\u00fc\u015f ayakkab\u0131lar\u0131<br data-start=\"3228\" data-end=\"3231\" \/><span style=\"color: #ff0000;\">\u2022<\/span> Mevsime uygun k\u0131yafet<br data-start=\"3261\" data-end=\"3264\" \/><span style=\"color: #ff0000;\">\u2022<\/span> Ak\u0131ll\u0131 telefon mu, foto\u011fraf makinesi mi<\/p>\n<h3>\ud83d\udeab Uygun De\u011fil<\/h3>\n<p data-start=\"3326\" data-end=\"3386\"><span style=\"color: #ff0000;\">\u2022<\/span> 95 ya\u015f ve \u00fczeri veya ciddi hareket k\u0131s\u0131tl\u0131l\u0131\u011f\u0131 olan misafirler<\/p>\n<h3>\ud83d\udcb8 Fiyat ve Rezervasyon<\/h3>\n<p data-start=\"3414\" data-end=\"3541\"><span style=\"color: #ff0000;\">\u2022<\/span> \u015eimdi rezervasyon yap\u0131n ve tur g\u00fcn\u00fc \u00f6deme yap\u0131n<br data-start=\"3455\" data-end=\"3458\" \/><span style=\"color: #ff0000;\">\u2022<\/span> WhatsApp, Telegram veya Viber \u00fczerinden bizimle ileti\u015fime ge\u00e7in ya da a\u015fa\u011f\u0131daki rezervasyon formunu doldurun<\/p>","protected":false},"excerpt":{"rendered":"<p>Antalya'dan La-La-La'ya Las Vegas Gece \u015eovu, lazerler, f\u0131skiye g\u00f6sterileri, tekne ge\u00e7it t\u00f6reni ve al\u0131\u015fveri\u015f ile deneyimleyin. Otel transferi dahildir.<\/p>","protected":false},"featured_media":11018,"comment_status":"open","ping_status":"closed","template":"","meta":{"_acf_changed":false},"product_brand":[],"product_cat":[32],"product_tag":[69],"class_list":{"0":"post-11027","1":"product","2":"type-product","3":"status-publish","4":"has-post-thumbnail","6":"product_cat-antalya","7":"product_tag-antalya","9":"first","10":"instock","11":"sale","12":"featured","13":"shipping-taxable","14":"purchasable","15":"product-type-ovabrw_car_rental"},"acf":[],"aioseo_notices":[],"_links":{"self":[{"href":"https:\/\/joinusexcursions.com\/tr\/wp-json\/wp\/v2\/product\/11027","targetHints":{"allow":["GET"]}}],"collection":[{"href":"https:\/\/joinusexcursions.com\/tr\/wp-json\/wp\/v2\/product"}],"about":[{"href":"https:\/\/joinusexcursions.com\/tr\/wp-json\/wp\/v2\/types\/product"}],"replies":[{"embeddable":true,"href":"https:\/\/joinusexcursions.com\/tr\/wp-json\/wp\/v2\/comments?post=11027"}],"wp:featuredmedia":[{"embeddable":true,"href":"https:\/\/joinusexcursions.com\/tr\/wp-json\/wp\/v2\/media\/11018"}],"wp:attachment":[{"href":"https:\/\/joinusexcursions.com\/tr\/wp-json\/wp\/v2\/media?parent=11027"}],"wp:term":[{"taxonomy":"product_brand","embeddable":true,"href":"https:\/\/joinusexcursions.com\/tr\/wp-json\/wp\/v2\/product_brand?post=11027"},{"taxonomy":"product_cat","embeddable":true,"href":"https:\/\/joinusexcursions.com\/tr\/wp-json\/wp\/v2\/product_cat?post=11027"},{"taxonomy":"product_tag","embeddable":true,"href":"https:\/\/joinusexcursions.com\/tr\/wp-json\/wp\/v2\/product_tag?post=11027"}],"curies":[{"name":"wp","href":"https:\/\/api.w.org\/{rel}","templated":true}]}}