{"id":11028,"date":"2025-12-04T17:50:19","date_gmt":"2025-12-04T14:50:19","guid":{"rendered":"https:\/\/joinusexcursions.com\/?post_type=product&#038;p=11028"},"modified":"2026-04-18T04:51:25","modified_gmt":"2026-04-18T01:51:25","slug":"belek-land-of-legends-gece","status":"publish","type":"product","link":"https:\/\/joinusexcursions.com\/tr\/tours\/belek-land-of-legends-night\/","title":{"rendered":"Belek'ten The Land of Legends Gece G\u00f6sterisi"},"content":{"rendered":"<h2>\u2728 Overview of the Belek Land of Legends Night Show<\/h2>\n<p data-start=\"555\" data-end=\"829\">Belek, Kadriye ve Bo\u011fazkent'ten transferlerle The Land of Legends'ta b\u00fcy\u00fcl\u00fc bir ak\u015fam ya\u015fay\u0131n. Lazerler, f\u0131skiyeler, m\u00fczik ve \u00fcnl\u00fc tekne ge\u00e7it t\u00f6reninden olu\u015fan etkileyici bir gece \u015fovunun tad\u0131n\u0131 \u00e7\u0131kar\u0131n. I\u015f\u0131kland\u0131r\u0131lm\u0131\u015f al\u0131\u015fveri\u015f caddesini ke\u015ffedin ve 3-4 saat s\u00fcren aile dostu program\u0131n keyfini \u00e7\u0131kar\u0131n.<\/p>\n<h3>\ud83c\udf86 \u00d6ne \u00c7\u0131kanlar<\/h3>\n<p data-start=\"1165\" data-end=\"1393\"><span style=\"color: #ff0000;\">\u2022<\/span> Muhte\u015fem lazer ve f\u0131skiye g\u00f6sterisi<br data-start=\"1202\" data-end=\"1205\" \/><span style=\"color: #ff0000;\">\u2022<\/span> Temal\u0131 karakterlerle renkli tekne ge\u00e7idi<br data-start=\"1250\" data-end=\"1253\" \/><span style=\"color: #ff0000;\">\u2022<\/span> 180'den fazla k\u00fcresel ma\u011fazan\u0131n bulundu\u011fu al\u0131\u015fveri\u015f caddesi<br data-start=\"1297\" data-end=\"1300\" \/><span style=\"color: #ff0000;\">\u2022<\/span> Belek, Kadriye ve Bo\u011fazkent'ten Kolay Transferler<br data-start=\"1348\" data-end=\"1351\" \/><span style=\"color: #ff0000;\">\u2022<\/span> Gece foto\u011fraf\u00e7\u0131l\u0131\u011f\u0131 i\u00e7in harika bir atmosfer<\/p>\n<h2>What to Expect on the Belek Land of Legends Night Show<\/h2>\n<p data-start=\"1420\" data-end=\"1693\">Ak\u015fam\u0131n\u0131z Belek, Kadriye veya Bo\u011fazkent'ten The Land of Legends Tema Park\u0131'na konforlu bir transferle ba\u015fl\u0131yor. Gece \u00e7\u00f6kerken, b\u00fcy\u00fcl\u00fc bir atmosfer yaratan m\u00fczik, lazer projeksiyonlar\u0131, ayd\u0131nlatmal\u0131 f\u0131skiyeler ve \u00f6zel efektleri birle\u015ftiren d\u00fcnya standartlar\u0131nda bir performans\u0131n tad\u0131n\u0131 \u00e7\u0131kar\u0131n.<\/p>\n<p data-start=\"1695\" data-end=\"1930\">En etkileyici anlardan biri <strong data-start=\"1737\" data-end=\"1752\">tekne ge\u00e7it t\u00f6reni<\/strong>, kanalda rengarenk \u0131\u015f\u0131kland\u0131rmalar, m\u00fczikler ve g\u00f6steriler e\u015fli\u011finde \u00fczerleri s\u00fcsl\u00fc teknelerin y\u00fczd\u00fc\u011f\u00fc, hem yeti\u015fkinler hem de \u00e7ocuklar i\u00e7in unutulmaz bir manzarad\u0131r.<\/p>\n<p data-start=\"1932\" data-end=\"2119\">G\u00f6steriden sonra, 180'den fazla butik, kafe ve restoran\u0131n bulundu\u011fu canl\u0131 al\u0131\u015fveri\u015f bulvar\u0131n\u0131 ke\u015ffetmek i\u00e7in vaktiniz olacak. Foto\u011fraf \u00e7ekin, al\u0131\u015fveri\u015f yap\u0131n veya sadece \u015fenlikli ak\u015fam atmosferinin tad\u0131n\u0131 \u00e7\u0131kar\u0131n.<\/p>\n<p data-start=\"2121\" data-end=\"2250\">Program sona erdi\u011finde, bu muhte\u015fem gecenin unutulmaz izlenimleriyle otelinize d\u00f6n\u00fc\u015f transferinizde rahatlay\u0131n.<\/p>\n<p class=\"mhm-jue-internal-links\">B\u00f6lgede daha fazla macera m\u0131 ar\u0131yorsunuz? Tam listemizi ke\u015ffedin <a href=\"\/tr\/destinasyon\/belek-turlari\/\">Belek tours<\/a> veya \u015funlara g\u00f6z at\u0131n <a href=\"\/tr\/turlar-2\/belek-efsaneler-diyari\/\">Belek'ten The Land of Legends Tema Park Turu \u2013 Su Park\u0131<\/a> ba\u015fka unutulmaz bir deneyim i\u00e7in.<\/p>\n<h3>\ud83d\uddd3\ufe0f Tur Program\u0131<\/h3>\n<p data-start=\"2275\" data-end=\"2539\"><span style=\"color: #ff0000;\">\u2022<\/span> Belek, Kadriye ve Bo\u011fazkent'teki otellerden alma<br data-start=\"2325\" data-end=\"2328\" \/><span style=\"color: #ff0000;\">\u2022<\/span> The Land of Legends Tema Park\u0131'na Var\u0131\u015f<br data-start=\"2371\" data-end=\"2374\" \/><span style=\"color: #ff0000;\">\u2022<\/span> Lazer ve f\u0131skiye g\u00f6sterilerinin keyfini \u00e7\u0131kar\u0131n<br data-start=\"2413\" data-end=\"2416\" \/><span style=\"color: #ff0000;\">\u2022<\/span> I\u015f\u0131kl\u0131 tekne ge\u00e7i\u015fini izleyin<br data-start=\"2451\" data-end=\"2454\" \/><span style=\"color: #ff0000;\">\u2022<\/span> Al\u0131\u015fveri\u015f caddesinde serbest zaman (1-2 saat)<br data-start=\"2503\" data-end=\"2506\" \/><span style=\"color: #ff0000;\">\u2022<\/span> Otel'e geri transfer<\/p>\n<h3>\u2139\ufe0f Faydal\u0131 Bilgiler<\/h3>\n<p data-start=\"2813\" data-end=\"3140\"><span style=\"color: #ff0000;\">\u2022<\/span> S\u00fcre: yakla\u015f\u0131k 3\u20134 saat<br data-start=\"2842\" data-end=\"2845\" \/><span style=\"color: #ff0000;\">\u2022<\/span> Temel d\u00fczeyde hareket kabiliyeti olan misafirler i\u00e7in uygundur<br data-start=\"2886\" data-end=\"2889\" \/><span style=\"color: #ff0000;\">\u2022<\/span> Asgari fiziksel \u00e7aba gerektirir<br data-start=\"2923\" data-end=\"2926\" \/><span style=\"color: #ff0000;\">\u2022<\/span> Belirtilen saatten 10 dakika \u00f6nce ana otel giri\u015finde haz\u0131r olun<br data-start=\"2988\" data-end=\"2991\" \/><span style=\"color: #ff0000;\">\u2022<\/span> S\u00fcr\u00fcc\u00fc en fazla 5 dakika bekler<br data-start=\"3028\" data-end=\"3031\" \/><span style=\"color: #ff0000;\">\u2022<\/span> 6 ya\u015f alt\u0131 \u00fccretsiz seyahat eden \u00e7ocuklar ayr\u0131 otob\u00fcs koltu\u011fu hakk\u0131na sahip de\u011fildir, gerekirse ek koltuk rezerve edilebilir<\/p>\n<p class=\"mhm-jue-external-link\">Hedef hakk\u0131nda daha fazla bilgi edinin <a href=\"https:\/\/en.wikipedia.org\/wiki\/The_Land_of_Legends\" target=\"_blank\" rel=\"noopener\">The Land of Legends Wikipedia page<\/a>.<\/p>\n<h3>\ud83c\udf92 Getirilecekler<\/h3>\n<p data-start=\"3164\" data-end=\"3299\"><span style=\"color: #ff0000;\">\u2022<\/span> Ki\u015fisel harcamalar i\u00e7in bir miktar nakit<br data-start=\"3198\" data-end=\"3201\" \/><span style=\"color: #ff0000;\">\u2022<\/span> Rahat y\u00fcr\u00fcy\u00fc\u015f ayakkab\u0131lar\u0131<br data-start=\"3228\" data-end=\"3231\" \/><span style=\"color: #ff0000;\">\u2022<\/span> Mevsime uygun k\u0131yafet<br data-start=\"3261\" data-end=\"3264\" \/><span style=\"color: #ff0000;\">\u2022<\/span> Ak\u0131ll\u0131 telefon mu, foto\u011fraf makinesi mi<\/p>\n<h3>\ud83d\udeab Uygun De\u011fil<\/h3>\n<p data-start=\"3326\" data-end=\"3386\"><span style=\"color: #ff0000;\">\u2022<\/span> 95 ya\u015f ve \u00fczeri veya ciddi hareket k\u0131s\u0131tl\u0131l\u0131\u011f\u0131 olan misafirler<\/p>\n<h3>\ud83d\udcb8 Fiyat ve Rezervasyon<\/h3>\n<p data-start=\"3414\" data-end=\"3541\"><span style=\"color: #ff0000;\">\u2022<\/span> \u015eimdi rezervasyon yap\u0131n ve tur g\u00fcn\u00fc \u00f6deme yap\u0131n<br data-start=\"3455\" data-end=\"3458\" \/><span style=\"color: #ff0000;\">\u2022<\/span> WhatsApp, Telegram veya Viber \u00fczerinden bizimle ileti\u015fime ge\u00e7in ya da a\u015fa\u011f\u0131daki rezervasyon formunu doldurun<\/p>","protected":false},"excerpt":{"rendered":"<p>Belek'ten The Land of Legends Gece \u015eovu'nu ay\u0131rt\u0131n! Nefes kesici f\u0131skiye g\u00f6sterilerinin, canl\u0131 lazer g\u00f6sterilerinin, ikonik tekne ge\u00e7it t\u00f6reninin ve hareketli bir al\u0131\u015fveri\u015f caddesinin tad\u0131n\u0131 \u00e7\u0131kar\u0131n. Otel transferleri dahil unutulmaz bir ak\u015fam gezisi.<\/p>","protected":false},"featured_media":11018,"comment_status":"open","ping_status":"closed","template":"","meta":{"_acf_changed":false},"product_brand":[],"product_cat":[43],"product_tag":[66],"class_list":{"0":"post-11028","1":"product","2":"type-product","3":"status-publish","4":"has-post-thumbnail","6":"product_cat-belek","7":"product_tag-belek","9":"first","10":"instock","11":"sale","12":"featured","13":"shipping-taxable","14":"purchasable","15":"product-type-ovabrw_car_rental"},"acf":[],"aioseo_notices":[],"_links":{"self":[{"href":"https:\/\/joinusexcursions.com\/tr\/wp-json\/wp\/v2\/product\/11028","targetHints":{"allow":["GET"]}}],"collection":[{"href":"https:\/\/joinusexcursions.com\/tr\/wp-json\/wp\/v2\/product"}],"about":[{"href":"https:\/\/joinusexcursions.com\/tr\/wp-json\/wp\/v2\/types\/product"}],"replies":[{"embeddable":true,"href":"https:\/\/joinusexcursions.com\/tr\/wp-json\/wp\/v2\/comments?post=11028"}],"wp:featuredmedia":[{"embeddable":true,"href":"https:\/\/joinusexcursions.com\/tr\/wp-json\/wp\/v2\/media\/11018"}],"wp:attachment":[{"href":"https:\/\/joinusexcursions.com\/tr\/wp-json\/wp\/v2\/media?parent=11028"}],"wp:term":[{"taxonomy":"product_brand","embeddable":true,"href":"https:\/\/joinusexcursions.com\/tr\/wp-json\/wp\/v2\/product_brand?post=11028"},{"taxonomy":"product_cat","embeddable":true,"href":"https:\/\/joinusexcursions.com\/tr\/wp-json\/wp\/v2\/product_cat?post=11028"},{"taxonomy":"product_tag","embeddable":true,"href":"https:\/\/joinusexcursions.com\/tr\/wp-json\/wp\/v2\/product_tag?post=11028"}],"curies":[{"name":"wp","href":"https:\/\/api.w.org\/{rel}","templated":true}]}}