{"id":11030,"date":"2025-12-04T20:28:14","date_gmt":"2025-12-04T17:28:14","guid":{"rendered":"https:\/\/joinusexcursions.com\/?post_type=product&#038;p=11030"},"modified":"2026-04-18T04:49:07","modified_gmt":"2026-04-18T01:49:07","slug":"side-land-of-legends-gece","status":"publish","type":"product","link":"https:\/\/joinusexcursions.com\/tr\/tours\/side-land-of-legends-night\/","title":{"rendered":"Side'den Legendlar Diyar\u0131 Gece \u015eovu"},"content":{"rendered":"<h2>\u2728 Overview of the Side Land of Legends Night Show<\/h2>\n<p data-start=\"540\" data-end=\"819\">Side, Kumk\u00f6y, Evrenseki, \u00c7olakl\u0131 ve Manavgat'tan transferlerle The Land of Legends'ta muhte\u015fem bir ak\u015fam ge\u00e7irin. F\u0131skiyeler, lazerler, m\u00fczik ve ikonik tekne ge\u00e7idinin s\u0131ra d\u0131\u015f\u0131 birle\u015fimini deneyimleyin. Aileler ve \u00e7iftler i\u00e7in m\u00fckemmel 3-4 saatlik bir gece deneyimi.<\/p>\n<h3>\ud83c\udf86 \u00d6ne \u00c7\u0131kanlar<\/h3>\n<p data-start=\"1155\" data-end=\"1409\"><span style=\"color: #ff0000;\">\u2022<\/span> Muhte\u015fem f\u0131skiye, \u0131\u015f\u0131k ve lazer g\u00f6sterisi<br data-start=\"1197\" data-end=\"1200\" \/><span style=\"color: #ff0000;\">\u2022<\/span> Temal\u0131 karakterlerle b\u00fcy\u00fcl\u00fc tekne ge\u00e7it t\u00f6reni<br data-start=\"1244\" data-end=\"1247\" \/><span style=\"color: #ff0000;\">\u2022<\/span> 180'den fazla uluslararas\u0131 markan\u0131n bulundu\u011fu al\u0131\u015fveri\u015f caddesi<br data-start=\"1298\" data-end=\"1301\" \/><span style=\"color: #ff0000;\">\u2022<\/span> Side, Kumk\u00f6y, Evrenseki, \u00c7olakl\u0131 ve Manavgat'tan Transferler<br data-start=\"1361\" data-end=\"1364\" \/><span style=\"color: #ff0000;\">\u2022<\/span> Foto\u011fraflar i\u00e7in g\u00fczel gece atmosferi<\/p>\n<h2>What to Expect on the Side Land of Legends Night Show<\/h2>\n<p data-start=\"1436\" data-end=\"1718\">Yolculu\u011funuz Side ve \u00e7evresindeki b\u00f6lgelerden The Land of Legends Tema Park\u0131'na konforlu bir transfer ile ba\u015fl\u0131yor. Ak\u015fam ba\u015flad\u0131\u011f\u0131nda, geceyi g\u00f6rsel bir \u015f\u00f6lene d\u00f6n\u00fc\u015ft\u00fcren lazerler, ayd\u0131nlatmal\u0131 f\u0131skiyeler, m\u00fczik ve \u00f6zel efektlerin yer ald\u0131\u011f\u0131 nefes kesici bir multimedya performans\u0131n\u0131n tad\u0131n\u0131 \u00e7\u0131kar\u0131n.<\/p>\n<p data-start=\"1720\" data-end=\"1929\">Gecenin \u00f6ne \u00e7\u0131kan olay\u0131 <strong data-start=\"1756\" data-end=\"1771\">tekne ge\u00e7it t\u00f6reni<\/strong>, s\u00fcslenmi\u015f teknelerin g\u00f6steri sanat\u00e7\u0131lar\u0131, m\u00fczik ve renkli \u0131\u015f\u0131kland\u0131rmalar e\u015fli\u011finde kanal boyunca s\u00fcz\u00fcld\u00fc\u011f\u00fc unutulmaz bir and\u0131r. Her ya\u015ftan ziyaret\u00e7i i\u00e7in bu, ka\u00e7\u0131r\u0131lmamas\u0131 gereken bir deneyimdir.<\/p>\n<p data-start=\"1931\" data-end=\"2148\">G\u00f6steri sonras\u0131, 180'den fazla butik, kafe ve restorana ev sahipli\u011fi yapan hareketli al\u0131\u015fveri\u015f caddesinde serbest zaman\u0131n tad\u0131n\u0131 \u00e7\u0131kar\u0131n. \u0130ster al\u0131\u015fveri\u015f yapmay\u0131, ister foto\u011fraf \u00e7ekmeyi, ister sadece etrafta dola\u015fmay\u0131 tercih edin, keyfini \u00e7\u0131karaca\u011f\u0131n\u0131z pek \u00e7ok \u015fey var.<\/p>\n<p data-start=\"2150\" data-end=\"2269\">Ak\u015fam\u0131n sonunda, d\u00f6n\u00fc\u015f transferiniz s\u0131ras\u0131nda rahatlay\u0131n ve unutulmaz an\u0131larla otelinize geri d\u00f6n\u00fcn.<\/p>\n<p class=\"mhm-jue-internal-links\">B\u00f6lgede daha fazla macera m\u0131 ar\u0131yorsunuz? Tam listemizi ke\u015ffedin <a href=\"\/tr\/destinasyon\/side-turlari\/\">Yan geziler<\/a> veya \u015funlara g\u00f6z at\u0131n <a href=\"\/tr\/turlar-2\/side-efsaneler-diyari\/\">Side'den The Land of Legends Tema Park Turu \u2013 Su Park\u0131<\/a> ba\u015fka unutulmaz bir deneyim i\u00e7in.<\/p>\n<h3>\ud83d\uddd3\ufe0f Tur Program\u0131<\/h3>\n<p data-start=\"2294\" data-end=\"2561\"><span style=\"color: #ff0000;\">\u2022<\/span> Side, Kumk\u00f6y, Evrenseki, \u00c7olakl\u0131 &amp; Manavgat'tan Alma<br data-start=\"2351\" data-end=\"2354\" \/><span style=\"color: #ff0000;\">\u2022<\/span> The Land of Legends'a Var\u0131\u015f<br data-start=\"2386\" data-end=\"2389\" \/><span style=\"color: #ff0000;\">\u2022<\/span> F\u0131skiyeleri, \u0131\u015f\u0131k ve lazer g\u00f6sterisini izleyin<br data-start=\"2436\" data-end=\"2439\" \/><span style=\"color: #ff0000;\">\u2022<\/span> I\u015f\u0131kl\u0131 tekne ge\u00e7idinin tad\u0131n\u0131 \u00e7\u0131kar\u0131n<br data-start=\"2474\" data-end=\"2477\" \/><span style=\"color: #ff0000;\">\u2022<\/span> Al\u0131\u015fveri\u015f caddesinde serbest zaman (yakla\u015f\u0131k 1\u20132 saat)<br data-start=\"2534\" data-end=\"2537\" \/><span style=\"color: #ff0000;\">\u2022<\/span> Otelime d\u00f6n<\/p>\n<h3>\u2139\ufe0f Faydal\u0131 Bilgiler<\/h3>\n<p data-start=\"2813\" data-end=\"3140\"><span style=\"color: #ff0000;\">\u2022<\/span> S\u00fcre: yakla\u015f\u0131k 3\u20134 saat<br data-start=\"2842\" data-end=\"2845\" \/><span style=\"color: #ff0000;\">\u2022<\/span> Temel d\u00fczeyde hareket kabiliyeti olan misafirler i\u00e7in uygundur<br data-start=\"2886\" data-end=\"2889\" \/><span style=\"color: #ff0000;\">\u2022<\/span> Asgari fiziksel \u00e7aba gerektirir<br data-start=\"2923\" data-end=\"2926\" \/><span style=\"color: #ff0000;\">\u2022<\/span> Belirtilen saatten 10 dakika \u00f6nce ana otel giri\u015finde haz\u0131r olun<br data-start=\"2988\" data-end=\"2991\" \/><span style=\"color: #ff0000;\">\u2022<\/span> S\u00fcr\u00fcc\u00fc en fazla 5 dakika bekler<br data-start=\"3028\" data-end=\"3031\" \/><span style=\"color: #ff0000;\">\u2022<\/span> 6 ya\u015f alt\u0131 \u00fccretsiz seyahat eden \u00e7ocuklar ayr\u0131 otob\u00fcs koltu\u011fu hakk\u0131na sahip de\u011fildir, gerekirse ek koltuk rezerve edilebilir<\/p>\n<p class=\"mhm-jue-external-link\">Hedef hakk\u0131nda daha fazla bilgi edinin <a href=\"https:\/\/en.wikipedia.org\/wiki\/The_Land_of_Legends\" target=\"_blank\" rel=\"noopener\">The Land of Legends Wikipedia page<\/a>.<\/p>\n<h3>\ud83c\udf92 Getirilecekler<\/h3>\n<p data-start=\"3164\" data-end=\"3299\"><span style=\"color: #ff0000;\">\u2022<\/span> Ki\u015fisel harcamalar i\u00e7in bir miktar nakit<br data-start=\"3198\" data-end=\"3201\" \/><span style=\"color: #ff0000;\">\u2022<\/span> Rahat y\u00fcr\u00fcy\u00fc\u015f ayakkab\u0131lar\u0131<br data-start=\"3228\" data-end=\"3231\" \/><span style=\"color: #ff0000;\">\u2022<\/span> Mevsime uygun k\u0131yafet<br data-start=\"3261\" data-end=\"3264\" \/><span style=\"color: #ff0000;\">\u2022<\/span> Ak\u0131ll\u0131 telefon mu, foto\u011fraf makinesi mi<\/p>\n<h3>\ud83d\udeab Uygun De\u011fil<\/h3>\n<p data-start=\"3326\" data-end=\"3386\"><span style=\"color: #ff0000;\">\u2022<\/span> 95 ya\u015f ve \u00fczeri veya ciddi hareket k\u0131s\u0131tl\u0131l\u0131\u011f\u0131 olan misafirler<\/p>\n<h3>\ud83d\udcb8 Fiyat ve Rezervasyon<\/h3>\n<p data-start=\"3414\" data-end=\"3541\"><span style=\"color: #ff0000;\">\u2022<\/span> \u015eimdi rezervasyon yap\u0131n ve tur g\u00fcn\u00fc \u00f6deme yap\u0131n<br data-start=\"3455\" data-end=\"3458\" \/><span style=\"color: #ff0000;\">\u2022<\/span> WhatsApp, Telegram veya Viber \u00fczerinden bizimle ileti\u015fime ge\u00e7in ya da a\u015fa\u011f\u0131daki rezervasyon formunu doldurun<\/p>","protected":false},"excerpt":{"rendered":"<p>Side'den The Land of Legends Gece \u015eovu'nu ay\u0131rt\u0131n! B\u00fcy\u00fcleyici f\u0131skiye g\u00f6sterilerinin, canl\u0131 lazer \u015fovlar\u0131n\u0131n, \u00fcnl\u00fc tekne ge\u00e7it t\u00f6reninin ve hareketli al\u0131\u015fveri\u015f bulvar\u0131n\u0131n keyfini \u00e7\u0131kar\u0131n. Otel transferlerinin de dahil oldu\u011fu b\u00fcy\u00fcl\u00fc bir ak\u015fam turu.<\/p>","protected":false},"featured_media":11018,"comment_status":"open","ping_status":"closed","template":"","meta":{"_acf_changed":false},"product_brand":[],"product_cat":[46],"product_tag":[68],"class_list":{"0":"post-11030","1":"product","2":"type-product","3":"status-publish","4":"has-post-thumbnail","6":"product_cat-side","7":"product_tag-side","9":"first","10":"instock","11":"sale","12":"featured","13":"shipping-taxable","14":"purchasable","15":"product-type-ovabrw_car_rental"},"acf":[],"aioseo_notices":[],"_links":{"self":[{"href":"https:\/\/joinusexcursions.com\/tr\/wp-json\/wp\/v2\/product\/11030","targetHints":{"allow":["GET"]}}],"collection":[{"href":"https:\/\/joinusexcursions.com\/tr\/wp-json\/wp\/v2\/product"}],"about":[{"href":"https:\/\/joinusexcursions.com\/tr\/wp-json\/wp\/v2\/types\/product"}],"replies":[{"embeddable":true,"href":"https:\/\/joinusexcursions.com\/tr\/wp-json\/wp\/v2\/comments?post=11030"}],"wp:featuredmedia":[{"embeddable":true,"href":"https:\/\/joinusexcursions.com\/tr\/wp-json\/wp\/v2\/media\/11018"}],"wp:attachment":[{"href":"https:\/\/joinusexcursions.com\/tr\/wp-json\/wp\/v2\/media?parent=11030"}],"wp:term":[{"taxonomy":"product_brand","embeddable":true,"href":"https:\/\/joinusexcursions.com\/tr\/wp-json\/wp\/v2\/product_brand?post=11030"},{"taxonomy":"product_cat","embeddable":true,"href":"https:\/\/joinusexcursions.com\/tr\/wp-json\/wp\/v2\/product_cat?post=11030"},{"taxonomy":"product_tag","embeddable":true,"href":"https:\/\/joinusexcursions.com\/tr\/wp-json\/wp\/v2\/product_tag?post=11030"}],"curies":[{"name":"wp","href":"https:\/\/api.w.org\/{rel}","templated":true}]}}