{"id":11031,"date":"2025-12-04T20:40:41","date_gmt":"2025-12-04T17:40:41","guid":{"rendered":"https:\/\/joinusexcursions.com\/?post_type=product&#038;p=11031"},"modified":"2026-04-18T04:45:27","modified_gmt":"2026-04-18T01:45:27","slug":"kemer-efsaneler-diyari","status":"publish","type":"product","link":"https:\/\/joinusexcursions.com\/tr\/tours\/kemer-land-of-legends\/","title":{"rendered":"Kemer'den The Land of Legends Tema Park Turu \u2013 Su Park\u0131"},"content":{"rendered":"<h2>\ud83c\udfa2 Overview of the Kemer Land of Legends<\/h2>\n<p data-start=\"493\" data-end=\"801\">Kendinizi Belek'teki The Land of Legends'ta tam bir g\u00fcn heyecan\u0131na b\u0131rak\u0131n, Kemer ve \u00e7evresindeki b\u00f6lgelerden transfer imkanlar\u0131 da mevcut. Adrenalin dolu kayd\u0131raklar\u0131 deneyimleyin, geni\u015f havuzlarda dinlenin ve Nickelodeon Land'de sevilen karakterlerle tan\u0131\u015f\u0131n. Aileler ve macera severler i\u00e7in ideal olan bu tur, yakla\u015f\u0131k 7-8 saat s\u00fcrmektedir.<\/p>\n<h3>\ud83c\udf0a \u00d6ne \u00c7\u0131kanlar<\/h3>\n<p data-start=\"1111\" data-end=\"1375\"><span style=\"color: #ff0000;\">\u2022<\/span> 62 metrelik Hyper Coaster dahil heyecan verici kayd\u0131raklar<br data-start=\"1166\" data-end=\"1169\" \/><span style=\"color: #ff0000;\">\u2022<\/span> 43 metrelik Typhoon Coaster ve 40'tan fazla su kayd\u0131ra\u011f\u0131<br data-start=\"1216\" data-end=\"1219\" \/><span style=\"color: #ff0000;\">\u2022<\/span> SpongeBob ve Paw Patrol'un Yer Ald\u0131\u011f\u0131 Nickelodeon Land<br data-start=\"1270\" data-end=\"1273\" \/><span style=\"color: #ff0000;\">\u2022<\/span> Havuzlar ve dinlenme alanlar\u0131 bulunan b\u00fcy\u00fck su park\u0131<br data-start=\"1322\" data-end=\"1325\" \/><span style=\"color: #ff0000;\">\u2022<\/span> E\u011flenceli animasyonlar ve Uzay Roketi atraksiyonu<\/p>\n<h2>What to Expect on the Kemer Land of Legends<\/h2>\n<p data-start=\"1402\" data-end=\"1713\">Belek'teki The Land of Legends Tema Park\u0131'na Kemer ve \u00e7evresindeki b\u00f6lgelerden kolay bir transfer ile maceran\u0131za ba\u015flay\u0131n. 62 metrelik Hyper Coaster'da heyecan\u0131 hissedin veya 43 metrelik Typhoon Coaster'dan suya dal\u0131n. 40'tan fazla heyecan verici su kayd\u0131ra\u011f\u0131n\u0131 ke\u015ffedin, serinletici havuzlar\u0131n tad\u0131n\u0131 \u00e7\u0131kar\u0131n veya g\u00fcne\u015fin alt\u0131nda dinlenin.<\/p>\n<p data-start=\"1715\" data-end=\"1945\">Aileler bay\u0131lacak <strong data-start=\"1734\" data-end=\"1754\">Nickelodeon Arazisi<\/strong>, S\u00fcngerBob Kare\u015eort ve PAW Patrol gibi karakterlerin evi olan. Tema parklar\u0131 ve \u00e7ocuk dostu atraksiyonlarla kar\u0131\u015f\u0131k e\u011flencesiyle park, her ya\u015ftan ziyaret\u00e7iye hitap ediyor.<\/p>\n<p data-start=\"1947\" data-end=\"2146\">G\u00fcn boyunca su maceralar\u0131, heyecan verici atraksiyonlar, animasyonlar ve unutulmaz anlar\u0131n tad\u0131n\u0131 \u00e7\u0131kar\u0131n. E\u011flence dolu ziyaretinizin ard\u0131ndan, \u00f6m\u00fcr boyu s\u00fcrecek an\u0131larla otele transferinizde dinlenin.<\/p>\n<p class=\"mhm-jue-internal-links\">B\u00f6lgede daha fazla macera m\u0131 ar\u0131yorsunuz? Tam listemizi ke\u015ffedin <a href=\"\/tr\/destinasyon\/kemer-turlari\/\">Kemer turlar\u0131<\/a> veya \u015funlara g\u00f6z at\u0131n <a href=\"\/tr\/turlar-2\/kemer-suluada-gunbatimi-tekne\/\">Kemer: Suluada Adas\u0131 G\u00fcn Bat\u0131m\u0131 Tekne Turu Ak\u015fam Yeme\u011fi Dahil<\/a> ba\u015fka unutulmaz bir deneyim i\u00e7in.<\/p>\n<h3>\ud83d\uddd3\ufe0f Tur Program\u0131<\/h3>\n<p data-start=\"2171\" data-end=\"2395\"><span style=\"color: #ff0000;\">\u2022<\/span> Kemer ve \u00e7evresindeki otellerden alma<br data-start=\"2222\" data-end=\"2225\" \/><span style=\"color: #ff0000;\">\u2022<\/span> The Land of Legends'a Var\u0131\u015f, Belek<br data-start=\"2266\" data-end=\"2269\" \/><span style=\"color: #ff0000;\">\u2022<\/span> Gezilecek yerler, su park\u0131 aktiviteleri ve Nickelodeon Land i\u00e7in serbest zaman (yakla\u015f\u0131k 5\u20136 saat)<br data-start=\"2359\" data-end=\"2362\" \/><span style=\"color: #ff0000;\">\u2022<\/span> Otel'e geri transfer<\/p>\n<h3>\u2139\ufe0f Faydal\u0131 Bilgiler<\/h3>\n<p data-start=\"2424\" data-end=\"2665\"><span style=\"color: #ff0000;\">\u2022<\/span> S\u00fcre: Yakla\u015f\u0131k 7-8 saat (tam g\u00fcnl\u00fck tur)<br data-start=\"2469\" data-end=\"2472\" \/><span style=\"color: #ff0000;\">\u2022<\/span> Temel d\u00fczeyde hareket kabiliyeti olan misafirler i\u00e7in uygundur<br data-start=\"2513\" data-end=\"2516\" \/><span style=\"color: #ff0000;\">\u2022<\/span> Orta d\u00fczeyde fiziksel aktivite gereklidir<br data-start=\"2553\" data-end=\"2556\" \/><span style=\"color: #ff0000;\">\u2022<\/span> Voucher bilet gi\u015fesinde de\u011fi\u015ftirilmelidir<br data-start=\"2605\" data-end=\"2608\" \/><span style=\"color: #ff0000;\">\u2022<\/span> Park\u0131n \u00e7al\u0131\u015fma saatleri mevsime g\u00f6re de\u011fi\u015fiklik g\u00f6sterebilir<\/p>\n<p class=\"mhm-jue-external-link\">Hedef hakk\u0131nda daha fazla bilgi edinin <a href=\"https:\/\/en.wikipedia.org\/wiki\/The_Land_of_Legends\" target=\"_blank\" rel=\"noopener\">The Land of Legends Wikipedia page<\/a>.<\/p>\n<h3>\ud83c\udf92 Getirilecekler<\/h3>\n<p data-start=\"2689\" data-end=\"2758\"><span style=\"color: #ff0000;\">\u2022<\/span> Mayo ve havlu<br data-start=\"2709\" data-end=\"2712\" \/><span style=\"color: #ff0000;\">\u2022<\/span> Su ayakkab\u0131s\u0131<br data-start=\"2725\" data-end=\"2728\" \/><span style=\"color: #ff0000;\">\u2022<\/span> Ki\u015fisel harcamalar i\u00e7in nakit<\/p>\n<h3>\ud83d\udeab Uygun De\u011fil<\/h3>\n<p data-start=\"2785\" data-end=\"2803\"><span style=\"color: #ff0000;\">\u2022<\/span> Hamile kad\u0131nlar<\/p>\n<h3>\ud83d\udcb8 Fiyat ve Rezervasyon<\/h3>\n<p data-start=\"2831\" data-end=\"2957\"><span style=\"color: #ff0000;\">\u2022<\/span> \u015eimdi rezervasyon yap\u0131n ve tur g\u00fcn\u00fc \u00f6deme yap\u0131n<br data-start=\"2872\" data-end=\"2875\" \/><span style=\"color: #ff0000;\">\u2022<\/span> WhatsApp, Telegram veya Viber \u00fczerinden bizimle ileti\u015fime ge\u00e7in veya a\u015fa\u011f\u0131daki rezervasyon formunu doldurun<\/p>","protected":false},"excerpt":{"rendered":"<p>Kemer'den The Land of Legends tema park\u0131 turunun tad\u0131n\u0131 \u00e7\u0131kar\u0131n! T\u00fcrkiye'nin en b\u00fcy\u00fck su park\u0131 heyecan verici kayd\u0131raklar, Nickelodeon Land, havuzlar ve aile e\u011flencesi sunuyor \u2014 hepsi dahil otel transferleri ile.<\/p>","protected":false},"featured_media":11032,"comment_status":"open","ping_status":"closed","template":"","meta":{"_acf_changed":false},"product_brand":[],"product_cat":[37],"product_tag":[65],"class_list":{"0":"post-11031","1":"product","2":"type-product","3":"status-publish","4":"has-post-thumbnail","6":"product_cat-kemer","7":"product_tag-kemer","9":"first","10":"instock","11":"sale","12":"featured","13":"shipping-taxable","14":"purchasable","15":"product-type-ovabrw_car_rental"},"acf":[],"aioseo_notices":[],"_links":{"self":[{"href":"https:\/\/joinusexcursions.com\/tr\/wp-json\/wp\/v2\/product\/11031","targetHints":{"allow":["GET"]}}],"collection":[{"href":"https:\/\/joinusexcursions.com\/tr\/wp-json\/wp\/v2\/product"}],"about":[{"href":"https:\/\/joinusexcursions.com\/tr\/wp-json\/wp\/v2\/types\/product"}],"replies":[{"embeddable":true,"href":"https:\/\/joinusexcursions.com\/tr\/wp-json\/wp\/v2\/comments?post=11031"}],"wp:featuredmedia":[{"embeddable":true,"href":"https:\/\/joinusexcursions.com\/tr\/wp-json\/wp\/v2\/media\/11032"}],"wp:attachment":[{"href":"https:\/\/joinusexcursions.com\/tr\/wp-json\/wp\/v2\/media?parent=11031"}],"wp:term":[{"taxonomy":"product_brand","embeddable":true,"href":"https:\/\/joinusexcursions.com\/tr\/wp-json\/wp\/v2\/product_brand?post=11031"},{"taxonomy":"product_cat","embeddable":true,"href":"https:\/\/joinusexcursions.com\/tr\/wp-json\/wp\/v2\/product_cat?post=11031"},{"taxonomy":"product_tag","embeddable":true,"href":"https:\/\/joinusexcursions.com\/tr\/wp-json\/wp\/v2\/product_tag?post=11031"}],"curies":[{"name":"wp","href":"https:\/\/api.w.org\/{rel}","templated":true}]}}