{"id":11038,"date":"2025-12-04T20:57:10","date_gmt":"2025-12-04T17:57:10","guid":{"rendered":"https:\/\/joinusexcursions.com\/?post_type=product&#038;p=11038"},"modified":"2026-04-18T04:42:54","modified_gmt":"2026-04-18T01:42:54","slug":"antalya-tema-parki","status":"publish","type":"product","link":"https:\/\/joinusexcursions.com\/tr\/tours\/antalya-land-of-legends\/","title":{"rendered":"Antalya'daki The Land of Legends Tema Park Turu \u2013 Su Park\u0131"},"content":{"rendered":"<h2>\ud83c\udfa2 Overview of the Antalya Land of Legends<\/h2>\n<p data-start=\"472\" data-end=\"798\">Antalya, Lara ve Kundu'dan sa\u011flanan rahat transferlerle Belek'teki The Land of Legends'ta tam bir heyecan dolu g\u00fcne haz\u0131r olun. Kalp att\u0131ran kayd\u0131raklar\u0131n tad\u0131n\u0131 \u00e7\u0131kar\u0131n, ferahlat\u0131c\u0131 havuzlarda dinlenin ve sevilen karakterleriyle Nickelodeon Land'i ke\u015ffedin. Aileler ve heyecan arayanlar i\u00e7in m\u00fckemmel olan bu tur yakla\u015f\u0131k 7-8 saat s\u00fcrer.<\/p>\n<h3>\ud83c\udf0a \u00d6ne \u00c7\u0131kanlar<\/h3>\n<p data-start=\"1108\" data-end=\"1374\"><span style=\"color: #ff0000;\">\u2022<\/span> 62 metrelik Hyper Coaster dahil olmak \u00fczere a\u015f\u0131r\u0131 kayd\u0131raklar<br data-start=\"1161\" data-end=\"1164\" \/><span style=\"color: #ff0000;\">\u2022<\/span> 43 metrelik Tayfun Kayd\u0131ra\u011f\u0131 ve 40'tan fazla su kayd\u0131ra\u011f\u0131<br data-start=\"1220\" data-end=\"1223\" \/><span style=\"color: #ff0000;\">\u2022<\/span> S\u00fcnger Bob, Paw Patrol ve daha fazlas\u0131yla Nickelodeon Land<br data-start=\"1277\" data-end=\"1280\" \/><span style=\"color: #ff0000;\">\u2022<\/span> \u00c7ok say\u0131da havuzun bulundu\u011fu geni\u015f su park\u0131<br data-start=\"1320\" data-end=\"1323\" \/><span style=\"color: #ff0000;\">\u2022<\/span> E\u011flenceli \u015fovlar, animasyonlar ve Uzay Roketi gezisi<\/p>\n<h2>What to Expect on the Antalya Land of Legends<\/h2>\n<p data-start=\"1401\" data-end=\"1722\">Antalya, Lara veya Kundu'dan Belek'teki The Land of Legends Tema Park\u0131'na konforlu bir transferle maceran\u0131za ba\u015flay\u0131n. 62 metrelik Hyper Coaster'da y\u00fckselirken veya 43 metreden dramatik Typhoon Coaster'dan a\u015fa\u011f\u0131 atlarken adrenalini hissedin. 40'tan fazla kayd\u0131rak ile her macera seviyesine uygun heyecan bulacaks\u0131n\u0131z.<\/p>\n<p data-start=\"1724\" data-end=\"1978\">Aileler \u015funlar\u0131n renkli d\u00fcnyas\u0131n\u0131n tad\u0131n\u0131 \u00e7\u0131karacak <strong data-start=\"1766\" data-end=\"1786\">Nickelodeon Arazisi<\/strong>, S\u00fcngerBob Kare\u015eort ve Paw Patrol gibi pop\u00fcler karakterlere ev sahipli\u011fi yapan park, ister y\u00fcksek enerjili aktiviteler ister \u00e7ocuk dostu atraksiyonlar ar\u0131yor olun, herkes i\u00e7in bir \u015feyler sunuyor.<\/p>\n<p data-start=\"1980\" data-end=\"2162\">Havuzlar\u0131, kayd\u0131raklar\u0131, temal\u0131 alanlar\u0131 ve canl\u0131 park animasyonlar\u0131n\u0131 ke\u015ffederek g\u00fcn\u00fcn\u00fcz\u00fc ge\u00e7irin. Saatler s\u00fcren e\u011flencenin ard\u0131ndan, unutulmaz an\u0131larla otele d\u00f6n\u00fc\u015f transferiniz s\u0131ras\u0131nda rahatlay\u0131n.<\/p>\n<p class=\"mhm-jue-internal-links\">B\u00f6lgede daha fazla macera m\u0131 ar\u0131yorsunuz? Tam listemizi ke\u015ffedin <a href=\"\/tr\/destinasyon\/antalya-turlari\/\">Antalya turlar\u0131<\/a> veya \u015funlara g\u00f6z at\u0131n <a href=\"\/tr\/turlar-2\/antalya-suluada-gunbatimi-tekne\/\">Antalya'dan Suluada Adas\u0131 G\u00fcn Bat\u0131m\u0131 Tekne Turu ve Ak\u015fam Yeme\u011fi<\/a> ba\u015fka unutulmaz bir deneyim i\u00e7in.<\/p>\n<h3>\ud83d\uddd3\ufe0f Tur Program\u0131<\/h3>\n<p data-start=\"2187\" data-end=\"2406\"><span style=\"color: #ff0000;\">\u2022<\/span> Antalya, Lara ve Kundu otellerinden alma<br data-start=\"2234\" data-end=\"2237\" \/><span style=\"color: #ff0000;\">\u2022<\/span> The Land of Legends'a Var\u0131\u015f, Belek<br data-start=\"2278\" data-end=\"2281\" \/><span style=\"color: #ff0000;\">\u2022<\/span> Gezilecek yerler, su park\u0131 aktiviteleri ve Nickelodeon Land i\u00e7in serbest zaman (yakla\u015f\u0131k 5\u20136 saat)<br data-start=\"2371\" data-end=\"2374\" \/><span style=\"color: #ff0000;\">\u2022<\/span> Otele geri transfer<\/p>\n<h3>\u2139\ufe0f Faydal\u0131 Bilgiler<\/h3>\n<p data-start=\"2424\" data-end=\"2665\"><span style=\"color: #ff0000;\">\u2022<\/span> S\u00fcre: Yakla\u015f\u0131k 7-8 saat (tam g\u00fcnl\u00fck tur)<br data-start=\"2469\" data-end=\"2472\" \/><span style=\"color: #ff0000;\">\u2022<\/span> Temel d\u00fczeyde hareket kabiliyeti olan misafirler i\u00e7in uygundur<br data-start=\"2513\" data-end=\"2516\" \/><span style=\"color: #ff0000;\">\u2022<\/span> Orta d\u00fczeyde fiziksel aktivite gereklidir<br data-start=\"2553\" data-end=\"2556\" \/><span style=\"color: #ff0000;\">\u2022<\/span> Voucher bilet gi\u015fesinde de\u011fi\u015ftirilmelidir<br data-start=\"2605\" data-end=\"2608\" \/><span style=\"color: #ff0000;\">\u2022<\/span> Park\u0131n \u00e7al\u0131\u015fma saatleri mevsime g\u00f6re de\u011fi\u015fiklik g\u00f6sterebilir<\/p>\n<p class=\"mhm-jue-external-link\">Hedef hakk\u0131nda daha fazla bilgi edinin <a href=\"https:\/\/en.wikipedia.org\/wiki\/The_Land_of_Legends\" target=\"_blank\" rel=\"noopener\">The Land of Legends Wikipedia page<\/a>.<\/p>\n<h3>\ud83c\udf92 Getirilecekler<\/h3>\n<p data-start=\"2689\" data-end=\"2758\"><span style=\"color: #ff0000;\">\u2022<\/span> Mayo ve havlu<br data-start=\"2709\" data-end=\"2712\" \/><span style=\"color: #ff0000;\">\u2022<\/span> Su ayakkab\u0131s\u0131<br data-start=\"2725\" data-end=\"2728\" \/><span style=\"color: #ff0000;\">\u2022<\/span> Ki\u015fisel harcamalar i\u00e7in nakit<\/p>\n<h3>\ud83d\udeab Uygun De\u011fil<\/h3>\n<p data-start=\"2785\" data-end=\"2803\"><span style=\"color: #ff0000;\">\u2022<\/span> Hamile kad\u0131nlar<\/p>\n<h3>\ud83d\udcb8 Fiyat ve Rezervasyon<\/h3>\n<p data-start=\"2831\" data-end=\"2957\"><span style=\"color: #ff0000;\">\u2022<\/span> \u015eimdi rezervasyon yap\u0131n ve tur g\u00fcn\u00fc \u00f6deme yap\u0131n<br data-start=\"2872\" data-end=\"2875\" \/><span style=\"color: #ff0000;\">\u2022<\/span> WhatsApp, Telegram veya Viber \u00fczerinden bizimle ileti\u015fime ge\u00e7in veya a\u015fa\u011f\u0131daki rezervasyon formunu doldurun<\/p>","protected":false},"excerpt":{"rendered":"<p>Antalya'dan The Land of Legends tema park turunun tad\u0131n\u0131 \u00e7\u0131kar\u0131n! T\u00fcrkiye'nin en b\u00fcy\u00fck su park\u0131, heyecan verici kayd\u0131raklar, Nickelodeon Land, havuzlar ve tam aile e\u011flencesi sunuyor - hepsi otel transferleri dahil.<\/p>","protected":false},"featured_media":11032,"comment_status":"open","ping_status":"closed","template":"","meta":{"_acf_changed":false},"product_brand":[],"product_cat":[32],"product_tag":[69],"class_list":{"0":"post-11038","1":"product","2":"type-product","3":"status-publish","4":"has-post-thumbnail","6":"product_cat-antalya","7":"product_tag-antalya","9":"first","10":"instock","11":"sale","12":"featured","13":"shipping-taxable","14":"purchasable","15":"product-type-ovabrw_car_rental"},"acf":[],"aioseo_notices":[],"_links":{"self":[{"href":"https:\/\/joinusexcursions.com\/tr\/wp-json\/wp\/v2\/product\/11038","targetHints":{"allow":["GET"]}}],"collection":[{"href":"https:\/\/joinusexcursions.com\/tr\/wp-json\/wp\/v2\/product"}],"about":[{"href":"https:\/\/joinusexcursions.com\/tr\/wp-json\/wp\/v2\/types\/product"}],"replies":[{"embeddable":true,"href":"https:\/\/joinusexcursions.com\/tr\/wp-json\/wp\/v2\/comments?post=11038"}],"wp:featuredmedia":[{"embeddable":true,"href":"https:\/\/joinusexcursions.com\/tr\/wp-json\/wp\/v2\/media\/11032"}],"wp:attachment":[{"href":"https:\/\/joinusexcursions.com\/tr\/wp-json\/wp\/v2\/media?parent=11038"}],"wp:term":[{"taxonomy":"product_brand","embeddable":true,"href":"https:\/\/joinusexcursions.com\/tr\/wp-json\/wp\/v2\/product_brand?post=11038"},{"taxonomy":"product_cat","embeddable":true,"href":"https:\/\/joinusexcursions.com\/tr\/wp-json\/wp\/v2\/product_cat?post=11038"},{"taxonomy":"product_tag","embeddable":true,"href":"https:\/\/joinusexcursions.com\/tr\/wp-json\/wp\/v2\/product_tag?post=11038"}],"curies":[{"name":"wp","href":"https:\/\/api.w.org\/{rel}","templated":true}]}}