{"id":11039,"date":"2025-12-04T21:07:23","date_gmt":"2025-12-04T18:07:23","guid":{"rendered":"https:\/\/joinusexcursions.com\/?post_type=product&#038;p=11039"},"modified":"2026-04-18T04:37:33","modified_gmt":"2026-04-18T01:37:33","slug":"belek-efsaneler-diyari","status":"publish","type":"product","link":"https:\/\/joinusexcursions.com\/tr\/tours\/belek-land-of-legends\/","title":{"rendered":"Belek'ten The Land of Legends Tema Park Turu \u2013 Su Park\u0131"},"content":{"rendered":"<h2>\ud83c\udfa2 Overview of the Belek Land of Legends<\/h2>\n<p data-start=\"465\" data-end=\"752\">Belek, Kadriye ve Bo\u011fazkent'ten transferlerle The Land of Legends'ta heyecan dolu tam bir g\u00fcn ge\u00e7irin. Heyecan verici kayd\u0131raklar\u0131 deneyimleyin, serinletici havuzlarda dinlenin ve \u00fcnl\u00fc karakterlerin bulundu\u011fu Nickelodeon Land'i ke\u015ffedin. Aileler ve macera arayanlar i\u00e7in ideal olan bu tur yakla\u015f\u0131k 7-8 saat s\u00fcrer.<\/p>\n<h3>\ud83c\udf0a \u00d6ne \u00c7\u0131kanlar<\/h3>\n<p data-start=\"1062\" data-end=\"1329\"><span style=\"color: #ff0000;\">\u2022<\/span> Hyper Coaster (62 metre) ve di\u011fer ekstrem kayd\u0131raklar<br data-start=\"1114\" data-end=\"1117\" \/><span style=\"color: #ff0000;\">\u2022<\/span> 43 metrelik Tayfun Kayd\u0131ra\u011f\u0131 art\u0131 40'tan fazla su kayd\u0131ra\u011f\u0131<br data-start=\"1165\" data-end=\"1168\" \/><span style=\"color: #ff0000;\">\u2022<\/span> SpongeBob ve Paw Patrol'un Yer Ald\u0131\u011f\u0131 Nickelodeon Land<br data-start=\"1219\" data-end=\"1222\" \/><span style=\"color: #ff0000;\">\u2022<\/span> \u00c7ok say\u0131da havuz ve e\u011flence alan\u0131 bulunan b\u00fcy\u00fck su park\u0131<br data-start=\"1273\" data-end=\"1276\" \/><span style=\"color: #ff0000;\">\u2022<\/span> Animasyonlar, g\u00f6steriler ve Uzay Roketi atraksiyonu<\/p>\n<h2>What to Expect on the Belek Land of Legends<\/h2>\n<p data-start=\"1356\" data-end=\"1705\">Belek, Kadriye veya Bogazkent'ten Belek'teki The Land of Legends Tema Park\u0131'na sorunsuz bir transfer ile g\u00fcne ba\u015flay\u0131n. 62 metre y\u00fcksekli\u011findeki Hyper Coaster ile do\u011frudan maceraya at\u0131l\u0131n veya 43 metrelik Typhoon Coaster'\u0131n heyecan verici d\u00fc\u015f\u00fc\u015f\u00fcn\u00fcn tad\u0131n\u0131 \u00e7\u0131kar\u0131n. 40'tan fazla kayd\u0131ra\u011f\u0131yla, \u00e7ocuklardan adrenalin tutkunlar\u0131na kadar her ziyaret\u00e7i keyif alaca\u011f\u0131 bir s\u00fcr\u00fc\u015f bulacakt\u0131r.<\/p>\n<p data-start=\"1707\" data-end=\"1949\">Aileler ke\u015ffedebilir <strong data-start=\"1728\" data-end=\"1748\">Nickelodeon Arazisi<\/strong>, S\u00fcnger Bob ve Paw Patrol gibi sevilen karakterlerin unutulmaz an\u0131lar yaratt\u0131\u011f\u0131 yer. \u0130ster enerjik atraksiyonlar ister dinlendirici havuz zaman\u0131 ar\u0131yor olun, park her zevke hitap ediyor.<\/p>\n<p data-start=\"1951\" data-end=\"2130\">Devasa havuzlar\u0131, temal\u0131 kayd\u0131raklar\u0131, aktivite alanlar\u0131n\u0131 ve animasyon \u015fovlar\u0131n\u0131 ke\u015ffederek g\u00fcn\u00fcn\u00fcz\u00fc ge\u00e7irin. Saatler s\u00fcren e\u011flence ve aile keyfinin ard\u0131ndan otelinize rahat bir transferin tad\u0131n\u0131 \u00e7\u0131kar\u0131n.<\/p>\n<p class=\"mhm-jue-internal-links\">B\u00f6lgede daha fazla macera m\u0131 ar\u0131yorsunuz? Tam listemizi ke\u015ffedin <a href=\"\/tr\/destinasyon\/belek-turlari\/\">Belek tours<\/a> veya \u015funlara g\u00f6z at\u0131n <a href=\"\/tr\/turlar-2\/belek-land-of-legends-gece\/\">Belek'ten The Land of Legends Gece G\u00f6sterisi<\/a> ba\u015fka unutulmaz bir deneyim i\u00e7in.<\/p>\n<h3>\ud83d\uddd3\ufe0f Tur Program\u0131<\/h3>\n<p data-start=\"2155\" data-end=\"2367\"><span style=\"color: #ff0000;\">\u2022<\/span> Belek, Kadriye ve Bo\u011fazkent'teki otellerden alma<br data-start=\"2205\" data-end=\"2208\" \/><span style=\"color: #ff0000;\">\u2022<\/span> The Land of Legends'a Var\u0131\u015f, Belek<br data-start=\"2249\" data-end=\"2252\" \/><span style=\"color: #ff0000;\">\u2022<\/span> Gezilecek yerler, su park\u0131 ve Nickelodeon Land i\u00e7in serbest zaman (yakla\u015f\u0131k 5-6 saat)<br data-start=\"2331\" data-end=\"2334\" \/><span style=\"color: #ff0000;\">\u2022<\/span> Otel'e geri transfer<\/p>\n<h3>\u2139\ufe0f Faydal\u0131 Bilgiler<\/h3>\n<p data-start=\"2424\" data-end=\"2665\"><span style=\"color: #ff0000;\">\u2022<\/span> S\u00fcre: Yakla\u015f\u0131k 7-8 saat (tam g\u00fcnl\u00fck tur)<br data-start=\"2469\" data-end=\"2472\" \/><span style=\"color: #ff0000;\">\u2022<\/span> Temel d\u00fczeyde hareket kabiliyeti olan misafirler i\u00e7in uygundur<br data-start=\"2513\" data-end=\"2516\" \/><span style=\"color: #ff0000;\">\u2022<\/span> Orta d\u00fczeyde fiziksel aktivite gereklidir<br data-start=\"2553\" data-end=\"2556\" \/><span style=\"color: #ff0000;\">\u2022<\/span> Voucher bilet gi\u015fesinde de\u011fi\u015ftirilmelidir<br data-start=\"2605\" data-end=\"2608\" \/><span style=\"color: #ff0000;\">\u2022<\/span> Park\u0131n \u00e7al\u0131\u015fma saatleri mevsime g\u00f6re de\u011fi\u015fiklik g\u00f6sterebilir<\/p>\n<p class=\"mhm-jue-external-link\">Hedef hakk\u0131nda daha fazla bilgi edinin <a href=\"https:\/\/en.wikipedia.org\/wiki\/The_Land_of_Legends\" target=\"_blank\" rel=\"noopener\">The Land of Legends Wikipedia page<\/a>.<\/p>\n<h3>\ud83c\udf92 Getirilecekler<\/h3>\n<p data-start=\"2689\" data-end=\"2758\"><span style=\"color: #ff0000;\">\u2022<\/span> Mayo ve havlu<br data-start=\"2709\" data-end=\"2712\" \/><span style=\"color: #ff0000;\">\u2022<\/span> Su ayakkab\u0131s\u0131<br data-start=\"2725\" data-end=\"2728\" \/><span style=\"color: #ff0000;\">\u2022<\/span> Ki\u015fisel harcamalar i\u00e7in nakit<\/p>\n<h3>\ud83d\udeab Uygun De\u011fil<\/h3>\n<p data-start=\"2785\" data-end=\"2803\"><span style=\"color: #ff0000;\">\u2022<\/span> Hamile kad\u0131nlar<\/p>\n<h3>\ud83d\udcb8 Fiyat ve Rezervasyon<\/h3>\n<p data-start=\"2831\" data-end=\"2957\"><span style=\"color: #ff0000;\">\u2022<\/span> \u015eimdi rezervasyon yap\u0131n ve tur g\u00fcn\u00fc \u00f6deme yap\u0131n<br data-start=\"2872\" data-end=\"2875\" \/><span style=\"color: #ff0000;\">\u2022<\/span> WhatsApp, Telegram veya Viber \u00fczerinden bizimle ileti\u015fime ge\u00e7in veya a\u015fa\u011f\u0131daki rezervasyon formunu doldurun<\/p>","protected":false},"excerpt":{"rendered":"<p>Belek'ten The Land of Legends tema park turunun tad\u0131n\u0131 \u00e7\u0131kar\u0131n! T\u00fcrkiye'nin en b\u00fcy\u00fck su park\u0131, otel transferlerinin de dahil oldu\u011fu heyecanl\u0131 kayd\u0131raklar, Nickelodeon Land, havuzlar ve tam aile e\u011flencesi sunar.<\/p>","protected":false},"featured_media":11032,"comment_status":"open","ping_status":"closed","template":"","meta":{"_acf_changed":false},"product_brand":[],"product_cat":[43],"product_tag":[66],"class_list":{"0":"post-11039","1":"product","2":"type-product","3":"status-publish","4":"has-post-thumbnail","6":"product_cat-belek","7":"product_tag-belek","9":"first","10":"instock","11":"sale","12":"featured","13":"shipping-taxable","14":"purchasable","15":"product-type-ovabrw_car_rental"},"acf":[],"aioseo_notices":[],"_links":{"self":[{"href":"https:\/\/joinusexcursions.com\/tr\/wp-json\/wp\/v2\/product\/11039","targetHints":{"allow":["GET"]}}],"collection":[{"href":"https:\/\/joinusexcursions.com\/tr\/wp-json\/wp\/v2\/product"}],"about":[{"href":"https:\/\/joinusexcursions.com\/tr\/wp-json\/wp\/v2\/types\/product"}],"replies":[{"embeddable":true,"href":"https:\/\/joinusexcursions.com\/tr\/wp-json\/wp\/v2\/comments?post=11039"}],"wp:featuredmedia":[{"embeddable":true,"href":"https:\/\/joinusexcursions.com\/tr\/wp-json\/wp\/v2\/media\/11032"}],"wp:attachment":[{"href":"https:\/\/joinusexcursions.com\/tr\/wp-json\/wp\/v2\/media?parent=11039"}],"wp:term":[{"taxonomy":"product_brand","embeddable":true,"href":"https:\/\/joinusexcursions.com\/tr\/wp-json\/wp\/v2\/product_brand?post=11039"},{"taxonomy":"product_cat","embeddable":true,"href":"https:\/\/joinusexcursions.com\/tr\/wp-json\/wp\/v2\/product_cat?post=11039"},{"taxonomy":"product_tag","embeddable":true,"href":"https:\/\/joinusexcursions.com\/tr\/wp-json\/wp\/v2\/product_tag?post=11039"}],"curies":[{"name":"wp","href":"https:\/\/api.w.org\/{rel}","templated":true}]}}