{"id":11041,"date":"2025-12-04T21:16:27","date_gmt":"2025-12-04T18:16:27","guid":{"rendered":"https:\/\/joinusexcursions.com\/?post_type=product&#038;p=11041"},"modified":"2026-04-18T04:23:05","modified_gmt":"2026-04-18T01:23:05","slug":"side-efsaneler-diyari","status":"publish","type":"product","link":"https:\/\/joinusexcursions.com\/tr\/tours\/side-land-of-legends\/","title":{"rendered":"Side'den The Land of Legends Tema Park Turu \u2013 Su Park\u0131"},"content":{"rendered":"<h2>\ud83c\udfa2 Overview of the Side Land of Legends<\/h2>\n<p data-start=\"471\" data-end=\"765\">Side, Kumk\u00f6y, Evrenseki, \u00c7olakl\u0131 ve Manavgat'tan transferlerle The Land of Legends'ta unutulmaz bir g\u00fcn ge\u00e7irin. Adrenalin dolu kayd\u0131raklar\u0131 deneyimleyin, devasa su park\u0131n\u0131 ke\u015ffedin ve sevilen karakterlerle Nickelodeon Land'\u0131n tad\u0131n\u0131 \u00e7\u0131kar\u0131n. Aileler ve heyecan severler i\u00e7in m\u00fckemmel 7\u20138 saatlik bir macera.<\/p>\n<h3>\ud83c\udf0a \u00d6ne \u00c7\u0131kanlar<\/h3>\n<p data-start=\"1075\" data-end=\"1338\"><span style=\"color: #ff0000;\">\u2022<\/span> 62 metrelik Hyper Coaster dahil olmak \u00fczere a\u015f\u0131r\u0131 kayd\u0131raklar<br data-start=\"1128\" data-end=\"1131\" \/><span style=\"color: #ff0000;\">\u2022<\/span> 43 metrelik Typhoon Coaster ve 40'tan fazla su kayd\u0131ra\u011f\u0131<br data-start=\"1178\" data-end=\"1181\" \/><span style=\"color: #ff0000;\">\u2022<\/span> Nickelodeon Arazi: S\u00fcnger Bob ve PAW Patrol ile<br data-start=\"1227\" data-end=\"1230\" \/><span style=\"color: #ff0000;\">\u2022<\/span> Havuzlar\u0131 ve \u00e7ocuk alanlar\u0131 olan geni\u015f su park\u0131<br data-start=\"1278\" data-end=\"1281\" \/><span style=\"color: #ff0000;\">\u2022<\/span> E\u011flenceli \u015fovlar, animasyonlar ve Uzay Roketi atraksiyonu<\/p>\n<h2>What to Expect on the Side Land of Legends<\/h2>\n<p data-start=\"1365\" data-end=\"1657\">G\u00fcne Side ve \u00e7evresindeki b\u00f6lgelerden Belek'teki The Land of Legends Tema Park\u0131'na konforlu bir transferle ba\u015flay\u0131n. 62 metrelik Hyper Coaster'\u0131n heyecan\u0131n\u0131 veya 43 metrelik Typhoon Coaster'\u0131n dramatik d\u00fc\u015f\u00fc\u015f\u00fcn\u00fc hissedin. 40'tan fazla kayd\u0131ra\u011f\u0131yla su park\u0131 her ya\u015f i\u00e7in sonsuz e\u011flence sunuyor.<\/p>\n<p data-start=\"1659\" data-end=\"1905\">Aileler bay\u0131lacak <strong data-start=\"1678\" data-end=\"1698\">Nickelodeon Arazisi<\/strong>, S\u00fcnger Bob Kare\u015fort ve PAW Patrol gibi pop\u00fcler karakterlere ev sahipli\u011fi yapmaktad\u0131r. Heyecan verici gezintilerden dinlendirici havuz alanlar\u0131na kadar park, her ya\u015f grubundan ziyaret\u00e7i i\u00e7in m\u00fckemmel bir heyecan ve konfor kar\u0131\u015f\u0131m\u0131 sunmaktad\u0131r.<\/p>\n<p data-start=\"1907\" data-end=\"2061\">Gezilecek yerlerin, havuzlar\u0131n, temal\u0131 b\u00f6lgelerin ve park animasyonlar\u0131n\u0131n tad\u0131n\u0131 \u00e7\u0131kard\u0131ktan sonra, unutulmaz an\u0131larla otelinize geri d\u00f6nerken transfer s\u0131ras\u0131nda rahatlay\u0131n.<\/p>\n<p class=\"mhm-jue-internal-links\">B\u00f6lgede daha fazla macera m\u0131 ar\u0131yorsunuz? Tam listemizi ke\u015ffedin <a href=\"\/tr\/destinasyon\/side-turlari\/\">Yan geziler<\/a> veya \u015funlara g\u00f6z at\u0131n <a href=\"\/tr\/turlar-2\/side-land-of-legends-gece\/\">Side'den Legendlar Diyar\u0131 Gece \u015eovu<\/a> ba\u015fka unutulmaz bir deneyim i\u00e7in.<\/p>\n<h3>\ud83d\uddd3\ufe0f Tur Program\u0131<\/h3>\n<p data-start=\"2086\" data-end=\"2312\"><span style=\"color: #ff0000;\">\u2022<\/span> Side, Kumk\u00f6y, Evrenseki, \u00c7olakl\u0131 ve Manavgat'taki otellerden alma<br data-start=\"2153\" data-end=\"2156\" \/><span style=\"color: #ff0000;\">\u2022<\/span> The Land of Legends'a Var\u0131\u015f, Belek<br data-start=\"2197\" data-end=\"2200\" \/><span style=\"color: #ff0000;\">\u2022<\/span> S\u00fcr\u00fc\u015fler, kayd\u0131raklar, havuzlar ve Nickelodeon Land i\u00e7in serbest zaman (yakla\u015f\u0131k 5-6 saat)<br data-start=\"2277\" data-end=\"2280\" \/><span style=\"color: #ff0000;\">\u2022<\/span> Otele geri transfer<\/p>\n<h3>\u2139\ufe0f Faydal\u0131 Bilgiler<\/h3>\n<p data-start=\"2424\" data-end=\"2665\"><span style=\"color: #ff0000;\">\u2022<\/span> S\u00fcre: Yakla\u015f\u0131k 7-8 saat (tam g\u00fcnl\u00fck tur)<br data-start=\"2469\" data-end=\"2472\" \/><span style=\"color: #ff0000;\">\u2022<\/span> Temel d\u00fczeyde hareket kabiliyeti olan misafirler i\u00e7in uygundur<br data-start=\"2513\" data-end=\"2516\" \/><span style=\"color: #ff0000;\">\u2022<\/span> Orta d\u00fczeyde fiziksel aktivite gereklidir<br data-start=\"2553\" data-end=\"2556\" \/><span style=\"color: #ff0000;\">\u2022<\/span> Voucher bilet gi\u015fesinde de\u011fi\u015ftirilmelidir<br data-start=\"2605\" data-end=\"2608\" \/><span style=\"color: #ff0000;\">\u2022<\/span> Park\u0131n \u00e7al\u0131\u015fma saatleri mevsime g\u00f6re de\u011fi\u015fiklik g\u00f6sterebilir<\/p>\n<p class=\"mhm-jue-external-link\">Hedef hakk\u0131nda daha fazla bilgi edinin <a href=\"https:\/\/en.wikipedia.org\/wiki\/The_Land_of_Legends\" target=\"_blank\" rel=\"noopener\">The Land of Legends Wikipedia page<\/a>.<\/p>\n<h3>\ud83c\udf92 Getirilecekler<\/h3>\n<p data-start=\"2689\" data-end=\"2758\"><span style=\"color: #ff0000;\">\u2022<\/span> Mayo ve havlu<br data-start=\"2709\" data-end=\"2712\" \/><span style=\"color: #ff0000;\">\u2022<\/span> Su ayakkab\u0131s\u0131<br data-start=\"2725\" data-end=\"2728\" \/><span style=\"color: #ff0000;\">\u2022<\/span> Ki\u015fisel harcamalar i\u00e7in nakit<\/p>\n<h3>\ud83d\udeab Uygun De\u011fil<\/h3>\n<p data-start=\"2785\" data-end=\"2803\"><span style=\"color: #ff0000;\">\u2022<\/span> Hamile kad\u0131nlar<\/p>\n<h3>\ud83d\udcb8 Fiyat ve Rezervasyon<\/h3>\n<p data-start=\"2831\" data-end=\"2957\"><span style=\"color: #ff0000;\">\u2022<\/span> \u015eimdi rezervasyon yap\u0131n ve tur g\u00fcn\u00fc \u00f6deme yap\u0131n<br data-start=\"2872\" data-end=\"2875\" \/><span style=\"color: #ff0000;\">\u2022<\/span> WhatsApp, Telegram veya Viber \u00fczerinden bizimle ileti\u015fime ge\u00e7in veya a\u015fa\u011f\u0131daki rezervasyon formunu doldurun<\/p>","protected":false},"excerpt":{"rendered":"<p>Side'den The Land of Legends tema park\u0131 turunun keyfini \u00e7\u0131kar\u0131n! T\u00fcrkiye'nin en b\u00fcy\u00fck su park\u0131, heyecan verici kayd\u0131raklar, Nickelodeon Land, havuzlar ve otel transferleri dahil tam aile e\u011flencesi sunuyor.<\/p>","protected":false},"featured_media":11032,"comment_status":"open","ping_status":"closed","template":"","meta":{"_acf_changed":false},"product_brand":[],"product_cat":[46],"product_tag":[68],"class_list":{"0":"post-11041","1":"product","2":"type-product","3":"status-publish","4":"has-post-thumbnail","6":"product_cat-side","7":"product_tag-side","9":"first","10":"instock","11":"sale","12":"featured","13":"shipping-taxable","14":"purchasable","15":"product-type-ovabrw_car_rental"},"acf":[],"aioseo_notices":[],"_links":{"self":[{"href":"https:\/\/joinusexcursions.com\/tr\/wp-json\/wp\/v2\/product\/11041","targetHints":{"allow":["GET"]}}],"collection":[{"href":"https:\/\/joinusexcursions.com\/tr\/wp-json\/wp\/v2\/product"}],"about":[{"href":"https:\/\/joinusexcursions.com\/tr\/wp-json\/wp\/v2\/types\/product"}],"replies":[{"embeddable":true,"href":"https:\/\/joinusexcursions.com\/tr\/wp-json\/wp\/v2\/comments?post=11041"}],"wp:featuredmedia":[{"embeddable":true,"href":"https:\/\/joinusexcursions.com\/tr\/wp-json\/wp\/v2\/media\/11032"}],"wp:attachment":[{"href":"https:\/\/joinusexcursions.com\/tr\/wp-json\/wp\/v2\/media?parent=11041"}],"wp:term":[{"taxonomy":"product_brand","embeddable":true,"href":"https:\/\/joinusexcursions.com\/tr\/wp-json\/wp\/v2\/product_brand?post=11041"},{"taxonomy":"product_cat","embeddable":true,"href":"https:\/\/joinusexcursions.com\/tr\/wp-json\/wp\/v2\/product_cat?post=11041"},{"taxonomy":"product_tag","embeddable":true,"href":"https:\/\/joinusexcursions.com\/tr\/wp-json\/wp\/v2\/product_tag?post=11041"}],"curies":[{"name":"wp","href":"https:\/\/api.w.org\/{rel}","templated":true}]}}