{"id":11069,"date":"2025-12-14T16:35:01","date_gmt":"2025-12-14T13:35:01","guid":{"rendered":"https:\/\/joinusexcursions.com\/?post_type=product&#038;p=11069"},"modified":"2026-04-18T04:13:41","modified_gmt":"2026-04-18T01:13:41","slug":"belek-turk-hamami","status":"publish","type":"product","link":"https:\/\/joinusexcursions.com\/tr\/tours\/belek-turkish-bath-hamam\/","title":{"rendered":"Belek Hamam &amp; Geleneksel Spa Deneyimi"},"content":{"rendered":"<h2>\ud83c\udf0c Overview of the Belek Turkish Bath Hamam<\/h2>\n<p data-start=\"549\" data-end=\"845\">G\u00fcnl\u00fck rutinden ka\u00e7\u0131n ve Belek, Kadriye ve Bo\u011fazkent'ten transferlerle geleneksel bir T\u00fcrk hamam\u0131 deneyimi ya\u015fay\u0131n. Sauna ve buhar odas\u0131nda rahatlay\u0131n, klasik kese ve k\u00f6p\u00fck masaj\u0131n\u0131n keyfini \u00e7\u0131kar\u0131n ve aromaterapi masaj\u0131 ile deneyiminizi tamamlay\u0131n. Toplam s\u00fcre yakla\u015f\u0131k 2,5-3 saattir.<\/p>\n<h3>\ud83c\udf86 \u00d6ne \u00c7\u0131kanlar<\/h3>\n<p data-start=\"1173\" data-end=\"1417\"><strong><span style=\"color: #ff0000;\">\u2022<\/span> <\/strong>Otantik T\u00fcrk hamam\u0131 deneyimi<br data-start=\"1210\" data-end=\"1213\" \/><strong><span style=\"color: #ff0000;\">\u2022<\/span> <\/strong>Cilt yenileyici peeling ve zengin k\u00f6p\u00fck masaj\u0131<br data-start=\"1256\" data-end=\"1259\" \/><strong><span style=\"color: #ff0000;\">\u2022<\/span> <\/strong>Rahatlat\u0131c\u0131 aromaterapi ya\u011f masaj\u0131<br data-start=\"1294\" data-end=\"1297\" \/><strong><span style=\"color: #ff0000;\">\u2022<\/span> <\/strong>S\u0131n\u0131rs\u0131z sauna ve buhar odas\u0131 kullan\u0131m\u0131<br data-start=\"1334\" data-end=\"1337\" \/><strong><span style=\"color: #ff0000;\">\u2022<\/span> <\/strong>Derin temizlik i\u00e7in kil maskesi<br data-start=\"1374\" data-end=\"1377\" \/><strong><span style=\"color: #ff0000;\">\u2022<\/span> <\/strong>Y\u00fczme havuzu eri\u015fimi ve T\u00fcrk \u00e7ay\u0131<\/p>\n<h2>What to Expect on the Belek Turkish Bath Hamam<\/h2>\n<p data-start=\"1444\" data-end=\"1699\">Deneyiminiz Belek veya \u00e7evresindeki otelinizden rahat bir kar\u015f\u0131lama ile ba\u015flar. Geleneksel T\u00fcrk hamam\u0131na vard\u0131\u011f\u0131n\u0131zda, v\u00fccudunuzu rahatlatmaya ve g\u00f6zeneklerinizi do\u011fal olarak a\u00e7maya yard\u0131mc\u0131 olacak sauna ve buhar odas\u0131nda sa\u011fl\u0131kl\u0131 ya\u015fam yolculu\u011funuza ba\u015flayacaks\u0131n\u0131z.<\/p>\n<p data-start=\"1701\" data-end=\"1886\">Ard\u0131ndan \u00f6l\u00fc deriyi temizleyen bir kese, cildinizi yumu\u015fak ve ferah b\u0131rakan klasik bir k\u00f6p\u00fck masaj\u0131 ile devam eder. Sonras\u0131nda cildinizi temizlemek ve detoks etkisi yaratmak i\u00e7in bir kil maskesi uygulan\u0131r.<\/p>\n<p data-start=\"1888\" data-end=\"2151\">Havuzda dinlenme veya y\u00fczme s\u00fcresinin ard\u0131ndan, gerginli\u011fi gidermek ve dengeyi yeniden sa\u011flamak i\u00e7in tasarlanm\u0131\u015f 20 dakikal\u0131k bir aromaterapi ya\u011f masaj\u0131yla deneyiminiz devam ediyor. Tamamen yenilenmi\u015f olarak otelinize d\u00f6nmeden \u00f6nce ziyaretinizi bir fincan s\u0131cak T\u00fcrk \u00e7ay\u0131 ile sonland\u0131r\u0131n.<\/p>\n<p class=\"mhm-jue-internal-links\">B\u00f6lgede daha fazla macera m\u0131 ar\u0131yorsunuz? Tam listemizi ke\u015ffedin <a href=\"\/tr\/destinasyon\/belek-turlari\/\">Belek tours<\/a> veya \u015funlara g\u00f6z at\u0131n <a href=\"\/tr\/turlar-2\/belek-land-of-legends-gece\/\">Belek'ten The Land of Legends Gece G\u00f6sterisi<\/a> ba\u015fka unutulmaz bir deneyim i\u00e7in.<\/p>\n<h3>\ud83d\uddd3\ufe0f Tur Program\u0131<\/h3>\n<p data-start=\"2176\" data-end=\"2416\"><strong><span style=\"color: #ff0000;\">\u2022<\/span> <\/strong>Belek, Kadriye ve Bo\u011fazkent'teki otellerden alma<br data-start=\"2226\" data-end=\"2229\" \/><strong><span style=\"color: #ff0000;\">\u2022<\/span> <\/strong>T\u00fcrk hamam\u0131na var\u0131\u015f<br data-start=\"2258\" data-end=\"2261\" \/><strong><span style=\"color: #ff0000;\">\u2022<\/span> <\/strong>Sauna ve buhar odas\u0131 seans\u0131<br data-start=\"2291\" data-end=\"2294\" \/><strong><span style=\"color: #ff0000;\">\u2022<\/span> <\/strong>V\u00fccut peelingi ve k\u00f6p\u00fck masaj\u0131<br data-start=\"2323\" data-end=\"2326\" \/><strong><span style=\"color: #ff0000;\">\u2022<\/span> <\/strong>Kil y\u00fcz maskesi ve havuz keyfi<br data-start=\"2356\" data-end=\"2359\" \/><strong><span style=\"color: #ff0000;\">\u2022<\/span> <\/strong>Aromaterapi ya\u011f masaj\u0131<br data-start=\"2385\" data-end=\"2388\" \/><strong><span style=\"color: #ff0000;\">\u2022<\/span> <\/strong>Otele gidi\u015f-d\u00f6n\u00fc\u015f transferi<\/p>\n<h3>\u2139\ufe0f Faydal\u0131 Bilgiler<\/h3>\n<p data-start=\"2445\" data-end=\"2654\"><strong><span style=\"color: #ff0000;\">\u2022<\/span> <\/strong>S\u00fcre: yakla\u015f\u0131k 2,5-3 saat<br data-start=\"2476\" data-end=\"2479\" \/><strong><span style=\"color: #ff0000;\">\u2022<\/span> <\/strong>Sauna ve buhar odas\u0131 i\u00e7in zaman s\u0131n\u0131r\u0131 yok<br data-start=\"2519\" data-end=\"2522\" \/><strong><span style=\"color: #ff0000;\">\u2022<\/span> <\/strong>Kad\u0131n ve erkeklere uygundur<br data-start=\"2550\" data-end=\"2553\" \/><strong><span style=\"color: #ff0000;\">\u2022<\/span> <\/strong>Talep \u00fczerine \u00f6zel se\u00e7enekler mevcuttur<br data-start=\"2593\" data-end=\"2596\" \/><strong><span style=\"color: #ff0000;\">\u2022<\/span> <\/strong>12 ya\u015f alt\u0131 \u00e7ocuklar ebeveyn g\u00f6zetiminde kat\u0131labilir<\/p>\n<p class=\"mhm-jue-external-link\">Hedef hakk\u0131nda daha fazla bilgi edinin <a href=\"https:\/\/en.wikipedia.org\/wiki\/Turkish_bath\" target=\"_blank\" rel=\"noopener\">Turkish bath Wikipedia page<\/a>.<\/p>\n<h3>\ud83c\udf92 Getirilecekler<\/h3>\n<p data-start=\"2678\" data-end=\"2756\"><strong><span style=\"color: #ff0000;\">\u2022<\/span> <\/strong>Mayo<br data-start=\"2688\" data-end=\"2691\" \/><strong><span style=\"color: #ff0000;\">\u2022<\/span> <\/strong>Havlu (spa'da sa\u011flanabilir)<br data-start=\"2727\" data-end=\"2730\" \/><strong><span style=\"color: #ff0000;\">\u2022<\/span> <\/strong>Terlik veya parmak aras\u0131 terlik<\/p>\n<h3>\ud83d\udeab Uygun De\u011fil<\/h3>\n<p data-start=\"2783\" data-end=\"2884\"><strong><span style=\"color: #ff0000;\">\u2022<\/span> <\/strong>Ciddi cilt veya kalp rahats\u0131zl\u0131\u011f\u0131 olan misafirler<br data-start=\"2829\" data-end=\"2832\" \/><strong><span style=\"color: #ff0000;\">\u2022<\/span> <\/strong>Hamileler (doktor tavsiyesi \u00f6nerilir)<\/p>\n<h3>\ud83d\udcb8 Fiyat ve Rezervasyon<\/h3>\n<p data-start=\"2912\" data-end=\"3086\"><strong><span style=\"color: #ff0000;\">\u2022<\/span> <\/strong>Fiyatlar mevsime ve se\u00e7ilen hizmetlere g\u00f6re de\u011fi\u015fiklik g\u00f6stermektedir.<br data-start=\"2957\" data-end=\"2960\" \/><strong><span style=\"color: #ff0000;\">\u2022<\/span> <\/strong>\u015eimdi rezervasyon yap\u0131n ve tur g\u00fcn\u00fc \u00f6deme yap\u0131n<br data-start=\"3001\" data-end=\"3004\" \/><strong><span style=\"color: #ff0000;\">\u2022<\/span> <\/strong>WhatsApp, Telegram veya Viber \u00fczerinden bizimle ileti\u015fime ge\u00e7in veya a\u015fa\u011f\u0131daki rezervasyon formunu doldurun<\/p>","protected":false},"excerpt":{"rendered":"<p>Belek'te sauna, kese, k\u00f6p\u00fck masaj\u0131 ve aromaterapi ile geleneksel bir T\u00fcrk hamam\u0131nda rahatlay\u0131n. Otelden transfer dahildir. V\u00fccudunuzu ve zihninizi yenileyin.<\/p>","protected":false},"featured_media":11070,"comment_status":"open","ping_status":"closed","template":"","meta":{"_acf_changed":false},"product_brand":[],"product_cat":[43],"product_tag":[66],"class_list":{"0":"post-11069","1":"product","2":"type-product","3":"status-publish","4":"has-post-thumbnail","6":"product_cat-belek","7":"product_tag-belek","9":"first","10":"instock","11":"sale","12":"featured","13":"shipping-taxable","14":"purchasable","15":"product-type-ovabrw_car_rental"},"acf":[],"aioseo_notices":[],"_links":{"self":[{"href":"https:\/\/joinusexcursions.com\/tr\/wp-json\/wp\/v2\/product\/11069","targetHints":{"allow":["GET"]}}],"collection":[{"href":"https:\/\/joinusexcursions.com\/tr\/wp-json\/wp\/v2\/product"}],"about":[{"href":"https:\/\/joinusexcursions.com\/tr\/wp-json\/wp\/v2\/types\/product"}],"replies":[{"embeddable":true,"href":"https:\/\/joinusexcursions.com\/tr\/wp-json\/wp\/v2\/comments?post=11069"}],"wp:featuredmedia":[{"embeddable":true,"href":"https:\/\/joinusexcursions.com\/tr\/wp-json\/wp\/v2\/media\/11070"}],"wp:attachment":[{"href":"https:\/\/joinusexcursions.com\/tr\/wp-json\/wp\/v2\/media?parent=11069"}],"wp:term":[{"taxonomy":"product_brand","embeddable":true,"href":"https:\/\/joinusexcursions.com\/tr\/wp-json\/wp\/v2\/product_brand?post=11069"},{"taxonomy":"product_cat","embeddable":true,"href":"https:\/\/joinusexcursions.com\/tr\/wp-json\/wp\/v2\/product_cat?post=11069"},{"taxonomy":"product_tag","embeddable":true,"href":"https:\/\/joinusexcursions.com\/tr\/wp-json\/wp\/v2\/product_tag?post=11069"}],"curies":[{"name":"wp","href":"https:\/\/api.w.org\/{rel}","templated":true}]}}