{"id":11077,"date":"2025-12-14T17:03:29","date_gmt":"2025-12-14T14:03:29","guid":{"rendered":"https:\/\/joinusexcursions.com\/?post_type=product&#038;p=11077"},"modified":"2026-04-18T04:06:58","modified_gmt":"2026-04-18T01:06:58","slug":"side-turk-hamami","status":"publish","type":"product","link":"https:\/\/joinusexcursions.com\/tr\/tours\/side-turkish-bath-hamam\/","title":{"rendered":"Side T\u00fcrk Hamam\u0131 ve Geleneksel Spa Deneyimi"},"content":{"rendered":"<h2>\ud83c\udf0c Overview of the Side Turkish Bath Hamam<\/h2>\n<p data-start=\"549\" data-end=\"845\">Side, Kumk\u00f6y, Evrenseki, \u00c7olakl\u0131 ve Manavgat'tan transferlerle geleneksel bir T\u00fcrk hamam\u0131 deneyiminin tad\u0131n\u0131 \u00e7\u0131kar\u0131n. Sauna ve buhar odas\u0131nda rahatlay\u0131n, klasik bak\u0131mlarla cildinizi yenileyin ve aromaterapi masaj\u0131yla gev\u015feyin. Program yakla\u015f\u0131k 2,5-3 saat s\u00fcrmektedir.<\/p>\n<h3>\ud83c\udf86 \u00d6ne \u00c7\u0131kanlar<\/h3>\n<p data-start=\"1173\" data-end=\"1417\"><strong><span style=\"color: #ff0000;\">\u2022<\/span> <\/strong>Otantik T\u00fcrk hamam\u0131 deneyimi<br data-start=\"1210\" data-end=\"1213\" \/><strong><span style=\"color: #ff0000;\">\u2022<\/span> <\/strong>Cilt yenileyici peeling ve zengin k\u00f6p\u00fck masaj\u0131<br data-start=\"1256\" data-end=\"1259\" \/><strong><span style=\"color: #ff0000;\">\u2022<\/span> <\/strong>Rahatlat\u0131c\u0131 aromaterapi ya\u011f masaj\u0131<br data-start=\"1294\" data-end=\"1297\" \/><strong><span style=\"color: #ff0000;\">\u2022<\/span> <\/strong>S\u0131n\u0131rs\u0131z sauna ve buhar odas\u0131 kullan\u0131m\u0131<br data-start=\"1334\" data-end=\"1337\" \/><strong><span style=\"color: #ff0000;\">\u2022<\/span> <\/strong>Derin temizlik i\u00e7in kil maskesi<br data-start=\"1374\" data-end=\"1377\" \/><strong><span style=\"color: #ff0000;\">\u2022<\/span> <\/strong>Y\u00fczme havuzu eri\u015fimi ve T\u00fcrk \u00e7ay\u0131<\/p>\n<h2>What to Expect on the Side Turkish Bath Hamam<\/h2>\n<p data-start=\"4269\" data-end=\"4473\">Rahatlat\u0131c\u0131 g\u00fcn\u00fcn\u00fcz Side'deki veya \u00e7evresindeki otelinizden al\u0131nman\u0131zla ba\u015flar. T\u00fcrk hamam\u0131na var\u0131nca, v\u00fccudunuzu tedaviye haz\u0131rlamak i\u00e7in saunayla ve buhar odas\u0131yla deneyiminize ba\u015flay\u0131n.<\/p>\n<p data-start=\"4475\" data-end=\"4659\">Cildinizi nazik\u00e7e soyacak tam v\u00fccut kese deneyiminin ard\u0131ndan, en sevilen geleneklerden biri olan zengin k\u00f6p\u00fck masaj\u0131n\u0131n keyfini \u00e7\u0131kar\u0131n. Sonras\u0131nda ise y\u00fcz\u00fcn\u00fcz\u00fc temizlemek ve ferahlatmak i\u00e7in kil maskesi uygulan\u0131r.<\/p>\n<p data-start=\"4661\" data-end=\"4859\">Rahatlad\u0131ktan veya y\u00fczd\u00fckten sonra, v\u00fccudunuzun tamamen gev\u015femesini sa\u011flayan 20 dakikal\u0131k bir aromaterapi ya\u011f masaj\u0131 ile ziyaretinizi tamamlay\u0131n. Otelinize d\u00f6nmeden \u00f6nce bir fincan geleneksel T\u00fcrk \u00e7ay\u0131n\u0131n tad\u0131n\u0131 \u00e7\u0131kar\u0131n.<\/p>\n<p class=\"mhm-jue-internal-links\">B\u00f6lgede daha fazla macera m\u0131 ar\u0131yorsunuz? Tam listemizi ke\u015ffedin <a href=\"\/tr\/destinasyon\/side-turlari\/\">Yan geziler<\/a> veya \u015funlara g\u00f6z at\u0131n <a href=\"\/tr\/turlar-2\/side-land-of-legends-gece\/\">Side'den Legendlar Diyar\u0131 Gece \u015eovu<\/a> ba\u015fka unutulmaz bir deneyim i\u00e7in.<\/p>\n<h3>\ud83d\uddd3\ufe0f Tur Program\u0131<\/h3>\n<div data-start=\"4884\" data-end=\"5117\"><strong><span style=\"color: #ff0000;\">\u2022<\/span> <\/strong>Side ve \u00e7evresindeki otellerden alma<\/div>\n<div data-start=\"2176\" data-end=\"2416\"><strong><span style=\"color: #ff0000;\">\u2022<\/span> <\/strong>T\u00fcrk hamam\u0131na var\u0131\u015f<br data-start=\"2258\" data-end=\"2261\" \/><strong><span style=\"color: #ff0000;\">\u2022<\/span> <\/strong>Sauna ve buhar odas\u0131 seans\u0131<br data-start=\"2291\" data-end=\"2294\" \/><strong><span style=\"color: #ff0000;\">\u2022<\/span> <\/strong>V\u00fccut peelingi ve k\u00f6p\u00fck masaj\u0131<br data-start=\"2323\" data-end=\"2326\" \/><strong><span style=\"color: #ff0000;\">\u2022<\/span> <\/strong>Kil y\u00fcz maskesi ve havuz keyfi<br data-start=\"2356\" data-end=\"2359\" \/><strong><span style=\"color: #ff0000;\">\u2022<\/span> <\/strong>Aromaterapi ya\u011f masaj\u0131<br data-start=\"2385\" data-end=\"2388\" \/><strong><span style=\"color: #ff0000;\">\u2022<\/span> <\/strong>Otele gidi\u015f-d\u00f6n\u00fc\u015f transferi<\/div>\n<h3>\u2139\ufe0f Faydal\u0131 Bilgiler<\/h3>\n<p data-start=\"2445\" data-end=\"2654\"><strong><span style=\"color: #ff0000;\">\u2022<\/span> <\/strong>S\u00fcre: yakla\u015f\u0131k 2,5-3 saat<br data-start=\"2476\" data-end=\"2479\" \/><strong><span style=\"color: #ff0000;\">\u2022<\/span> <\/strong>Sauna ve buhar odas\u0131 i\u00e7in zaman s\u0131n\u0131r\u0131 yok<br data-start=\"2519\" data-end=\"2522\" \/><strong><span style=\"color: #ff0000;\">\u2022<\/span> <\/strong>Kad\u0131n ve erkeklere uygundur<br data-start=\"2550\" data-end=\"2553\" \/><strong><span style=\"color: #ff0000;\">\u2022<\/span> <\/strong>Talep \u00fczerine \u00f6zel se\u00e7enekler mevcuttur<br data-start=\"2593\" data-end=\"2596\" \/><strong><span style=\"color: #ff0000;\">\u2022<\/span> <\/strong>12 ya\u015f alt\u0131 \u00e7ocuklar ebeveyn g\u00f6zetiminde kat\u0131labilir<\/p>\n<p class=\"mhm-jue-external-link\">Hedef hakk\u0131nda daha fazla bilgi edinin <a href=\"https:\/\/en.wikipedia.org\/wiki\/Turkish_bath\" target=\"_blank\" rel=\"noopener\">Turkish bath Wikipedia page<\/a>.<\/p>\n<h3>\ud83c\udf92 Getirilecekler<\/h3>\n<p data-start=\"2678\" data-end=\"2756\"><strong><span style=\"color: #ff0000;\">\u2022<\/span> <\/strong>Mayo<br data-start=\"2688\" data-end=\"2691\" \/><strong><span style=\"color: #ff0000;\">\u2022<\/span> <\/strong>Havlu (spa'da sa\u011flanabilir)<br data-start=\"2727\" data-end=\"2730\" \/><strong><span style=\"color: #ff0000;\">\u2022<\/span> <\/strong>Terlik veya parmak aras\u0131 terlik<\/p>\n<h3>\ud83d\udeab Uygun De\u011fil<\/h3>\n<p data-start=\"2783\" data-end=\"2884\"><strong><span style=\"color: #ff0000;\">\u2022<\/span> <\/strong>Ciddi cilt veya kalp rahats\u0131zl\u0131\u011f\u0131 olan misafirler<br data-start=\"2829\" data-end=\"2832\" \/><strong><span style=\"color: #ff0000;\">\u2022<\/span> <\/strong>Hamileler (doktor tavsiyesi \u00f6nerilir)<\/p>\n<h3>\ud83d\udcb8 Fiyat ve Rezervasyon<\/h3>\n<p data-start=\"2912\" data-end=\"3086\"><strong><span style=\"color: #ff0000;\">\u2022<\/span> <\/strong>Fiyatlar mevsime ve se\u00e7ilen hizmetlere g\u00f6re de\u011fi\u015fiklik g\u00f6stermektedir.<br data-start=\"2957\" data-end=\"2960\" \/><strong><span style=\"color: #ff0000;\">\u2022<\/span> <\/strong>\u015eimdi rezervasyon yap\u0131n ve tur g\u00fcn\u00fc \u00f6deme yap\u0131n<br data-start=\"3001\" data-end=\"3004\" \/><strong><span style=\"color: #ff0000;\">\u2022<\/span> <\/strong>WhatsApp, Telegram veya Viber \u00fczerinden bizimle ileti\u015fime ge\u00e7in veya a\u015fa\u011f\u0131daki rezervasyon formunu doldurun<\/p>","protected":false},"excerpt":{"rendered":"<p>Side'de geleneksel T\u00fcrk hamam\u0131 keyfini sauna, kese, k\u00f6p\u00fck masaj\u0131 ve aromaterapi ile ya\u015fay\u0131n. Otel transferiyle rahatlat\u0131c\u0131 bir spa deneyimi.<\/p>","protected":false},"featured_media":11070,"comment_status":"open","ping_status":"closed","template":"","meta":{"_acf_changed":false},"product_brand":[],"product_cat":[46],"product_tag":[68],"class_list":{"0":"post-11077","1":"product","2":"type-product","3":"status-publish","4":"has-post-thumbnail","6":"product_cat-side","7":"product_tag-side","9":"first","10":"instock","11":"sale","12":"featured","13":"shipping-taxable","14":"purchasable","15":"product-type-ovabrw_car_rental"},"acf":[],"aioseo_notices":[],"_links":{"self":[{"href":"https:\/\/joinusexcursions.com\/tr\/wp-json\/wp\/v2\/product\/11077","targetHints":{"allow":["GET"]}}],"collection":[{"href":"https:\/\/joinusexcursions.com\/tr\/wp-json\/wp\/v2\/product"}],"about":[{"href":"https:\/\/joinusexcursions.com\/tr\/wp-json\/wp\/v2\/types\/product"}],"replies":[{"embeddable":true,"href":"https:\/\/joinusexcursions.com\/tr\/wp-json\/wp\/v2\/comments?post=11077"}],"wp:featuredmedia":[{"embeddable":true,"href":"https:\/\/joinusexcursions.com\/tr\/wp-json\/wp\/v2\/media\/11070"}],"wp:attachment":[{"href":"https:\/\/joinusexcursions.com\/tr\/wp-json\/wp\/v2\/media?parent=11077"}],"wp:term":[{"taxonomy":"product_brand","embeddable":true,"href":"https:\/\/joinusexcursions.com\/tr\/wp-json\/wp\/v2\/product_brand?post=11077"},{"taxonomy":"product_cat","embeddable":true,"href":"https:\/\/joinusexcursions.com\/tr\/wp-json\/wp\/v2\/product_cat?post=11077"},{"taxonomy":"product_tag","embeddable":true,"href":"https:\/\/joinusexcursions.com\/tr\/wp-json\/wp\/v2\/product_tag?post=11077"}],"curies":[{"name":"wp","href":"https:\/\/api.w.org\/{rel}","templated":true}]}}