{"id":11082,"date":"2025-12-14T17:58:45","date_gmt":"2025-12-14T14:58:45","guid":{"rendered":"https:\/\/joinusexcursions.com\/?post_type=product&#038;p=11082"},"modified":"2026-04-13T22:04:38","modified_gmt":"2026-04-13T19:04:38","slug":"side-olimpos-teleferik","status":"publish","type":"product","link":"https:\/\/joinusexcursions.com\/tr\/tours\/side-olympos-cable-car\/","title":{"rendered":"Side'den Olympos Teleferik ile Tahtal\u0131 Da\u011f\u0131'na (2365m)"},"content":{"rendered":"<h2>\ud83c\udfd4\ufe0f Overview of the Side Olympos Teleferik Cable Car<\/h2>\n<p data-start=\"592\" data-end=\"855\">Belek, Kadriye ve Bo\u011fazkent'ten transferlerle unutulmaz bir da\u011f maceras\u0131 ya\u015fay\u0131n. Olympos Teleferik ile Tahtal\u0131 Da\u011f\u0131'n\u0131n zirvesine \u00e7\u0131k\u0131n, panoramik manzaran\u0131n, taze da\u011f havas\u0131n\u0131n ve zirvede serbest zaman\u0131n tad\u0131n\u0131 \u00e7\u0131kar\u0131n. Toplam s\u00fcre yakla\u015f\u0131k 4-5 saattir.<\/p>\n<h3>\ud83c\udf04 \u00d6ne \u00c7\u0131kanlar<\/h3>\n<p data-start=\"4142\" data-end=\"4395\"><span style=\"color: #ff0000;\"><strong>\u2022<\/strong> <\/span>Olympos Teleferik ile Tahtal\u0131 Da\u011f\u0131 zirvesine \u00e7\u0131k\u0131\u015f<br data-start=\"4192\" data-end=\"4195\" \/><span style=\"color: #ff0000;\"><strong>\u2022<\/strong> <\/span>G\u00f6z al\u0131c\u0131 Akdeniz ve da\u011f manzaralar\u0131<br data-start=\"4242\" data-end=\"4245\" \/><span style=\"color: #ff0000;\"><strong>\u2022<\/strong> <\/span>Beyda\u011flar\u0131 Milli Park\u0131'nda manzaral\u0131 s\u00fcr\u00fc\u015f<br data-start=\"4292\" data-end=\"4295\" \/><span style=\"color: #ff0000;\"><strong>\u2022<\/strong> <\/span>seyir teraslar\u0131nda ve zirve kafeteryas\u0131nda serbest zaman<br data-start=\"4342\" data-end=\"4345\" \/><span style=\"color: #ff0000;\"><strong>\u2022<\/strong> <\/span>Do\u011fa ve foto\u011fraf tutkunlar\u0131 i\u00e7in m\u00fckemmel tur<\/p>\n<h2>What to Expect on the Side Olympos Teleferik Cable Car<\/h2>\n<p data-start=\"4422\" data-end=\"4614\">G\u00fcne Side veya \u00e7evresindeki otelinizden al\u0131n\u0131\u015f\u0131n\u0131zla ba\u015flay\u0131n. Olimpos Teleferik istasyonuna ula\u015fmadan \u00f6nce Beyda\u011flar\u0131 Milli Park\u0131'ndaki manzaral\u0131 yolculuk s\u0131ras\u0131nda rahatlay\u0131n.<\/p>\n<p data-start=\"4616\" data-end=\"4834\">Yakla\u015f\u0131k 10-12 dakika i\u00e7inde 2.365 metreye t\u0131rmanan modern bir teleferik kabininde sorunsuz bir y\u00fckseli\u015fin keyfini \u00e7\u0131kar\u0131n. Y\u00fckseldik\u00e7e, a\u015fa\u011f\u0131daki ormanlar\u0131n, da\u011flar\u0131n ve Akdeniz k\u0131y\u0131lar\u0131n\u0131n nefes kesici manzaralar\u0131n\u0131 hayranl\u0131kla seyredin.<\/p>\n<p data-start=\"4836\" data-end=\"5057\">Zirvede, seyir teraslar\u0131n\u0131 ke\u015ffetmek, foto\u011fraf \u00e7ekmek, hediyelik e\u015fya d\u00fckkanlar\u0131n\u0131 ziyaret etmek veya sadece dinlenip temiz da\u011f havas\u0131n\u0131n tad\u0131n\u0131 \u00e7\u0131karmak i\u00e7in yakla\u015f\u0131k bir saat serbest zaman\u0131n tad\u0131n\u0131 \u00e7\u0131kar\u0131n. Ard\u0131ndan teleferikle inin ve otelinize d\u00f6n\u00fcn.<\/p>\n<p class=\"mhm-jue-internal-links\">B\u00f6lgede daha fazla macera m\u0131 ar\u0131yorsunuz? Tam listemizi ke\u015ffedin <a href=\"\/tr\/destinasyon\/side-turlari\/\">Yan geziler<\/a> veya \u015funlara g\u00f6z at\u0131n <a href=\"\/tr\/turlar-2\/side-land-of-legends-gece\/\">Side'den Legendlar Diyar\u0131 Gece \u015eovu<\/a> ba\u015fka unutulmaz bir deneyim i\u00e7in.<\/p>\n<h3>\ud83d\uddd3\ufe0f Tur Program\u0131<\/h3>\n<p data-start=\"5082\" data-end=\"5343\"><span style=\"color: #ff0000;\"><strong>\u2022<\/strong> <\/span>Side ve \u00e7evresindeki otellerden alma<br data-start=\"5130\" data-end=\"5133\" \/><span style=\"color: #ff0000;\"><strong>\u2022<\/strong> <\/span>Beyda\u011flar\u0131 Milli Park\u0131'nda manzaral\u0131 s\u00fcr\u00fc\u015f<br data-start=\"5180\" data-end=\"5183\" \/><span style=\"color: #ff0000;\"><strong>\u2022<\/strong> <\/span>Olympos Teleferik istasyonuna var\u0131\u015f<br data-start=\"5221\" data-end=\"5224\" \/><span style=\"color: #ff0000;\"><strong>\u2022<\/strong> <\/span>Tahtal\u0131 Da\u011f\u0131 zirvesine teleferikle \u00e7\u0131k\u0131\u015f<br data-start=\"5267\" data-end=\"5270\" \/><span style=\"color: #ff0000;\"><strong>\u2022<\/strong> <\/span>Zirvede serbest zaman (yakla\u015f\u0131k 1 saat)<br data-start=\"5312\" data-end=\"5315\" \/><span style=\"color: #ff0000;\"><strong>\u2022<\/strong> <\/span>Otele gidi\u015f-d\u00f6n\u00fc\u015f transferi<\/p>\n<h3>\u2139\ufe0f Faydal\u0131 Bilgiler<\/h3>\n<p data-start=\"5372\" data-end=\"5562\"><span style=\"color: #ff0000;\"><strong>\u2022<\/strong> <\/span>Tur s\u00fcresi: yakla\u015f\u0131k 4\u20135 saat<br data-start=\"5406\" data-end=\"5409\" \/><span style=\"color: #ff0000;\"><strong>\u2022<\/strong> <\/span>Teleferik yolculu\u011fu s\u00fcresi: 10\u201312 dakika<br data-start=\"5449\" data-end=\"5452\" \/><span style=\"color: #ff0000;\"><strong>\u2022<\/strong> <\/span>Zirvede daha serin hava<br data-start=\"5487\" data-end=\"5490\" \/><span style=\"color: #ff0000;\"><strong>\u2022<\/strong> <\/span>Otob\u00fcs doluysa, \u00fccretsiz \u00e7ocuklar i\u00e7in ayr\u0131 bir otob\u00fcs koltu\u011fu ayr\u0131lmayabilir.<\/p>\n<p class=\"mhm-jue-external-link\">Hedef hakk\u0131nda daha fazla bilgi edinin <a href=\"https:\/\/en.wikipedia.org\/wiki\/Tahtal%C4%B1_Da%C4%9F%C4%B1\" target=\"_blank\" rel=\"noopener\">Tahtal\u0131 Da\u011f\u0131 Wikipedia page<\/a>.<\/p>\n<h3>\ud83c\udf92 Getirilecekler<\/h3>\n<p data-start=\"5586\" data-end=\"5675\"><span style=\"color: #ff0000;\"><strong>\u2022<\/strong> <\/span>Rahat ayakkab\u0131lar<br data-start=\"5605\" data-end=\"5608\" \/><span style=\"color: #ff0000;\"><strong>\u2022<\/strong> <\/span>\u0130nce ceket veya kazak<br data-start=\"5633\" data-end=\"5636\" \/><span style=\"color: #ff0000;\"><strong>\u2022<\/strong> <\/span>Kamera veya ak\u0131ll\u0131 telefon<br data-start=\"5658\" data-end=\"5661\" \/><span style=\"color: #ff0000;\"><strong>\u2022<\/strong> <\/span>G\u00fcne\u015f g\u00f6zl\u00fc\u011f\u00fc<\/p>\n<h3>\ud83d\udeab Uygun De\u011fil<\/h3>\n<p data-start=\"5702\" data-end=\"5789\"><span style=\"color: #ff0000;\"><strong>\u2022<\/strong> <\/span>Y\u00fcksekten korkan veya \u015fiddetli vertigo (ba\u015f d\u00f6nmesi) ya\u015fayan misafirler<br data-start=\"5749\" data-end=\"5752\" \/><span style=\"color: #ff0000;\"><strong>\u2022<\/strong> <\/span>Hareket zorlu\u011fu \u00e7eken misafirler<\/p>\n<h3>\ud83d\udcb8 Fiyat ve Rezervasyon<\/h3>\n<p data-start=\"5817\" data-end=\"5973\"><span style=\"color: #ff0000;\"><strong>\u2022<\/strong> <\/span>Fiyatlar mevsime g\u00f6re de\u011fi\u015fiklik g\u00f6sterebilir<br data-start=\"5844\" data-end=\"5847\" \/><span style=\"color: #ff0000;\"><strong>\u2022<\/strong> <\/span>\u015eimdi rezervasyon yap\u0131n ve tur g\u00fcn\u00fc \u00f6deme yap\u0131n<br data-start=\"5888\" data-end=\"5891\" \/><span style=\"color: #ff0000;\"><strong>\u2022<\/strong> <\/span>WhatsApp, Telegram veya Viber \u00fczerinden bizimle ileti\u015fime ge\u00e7in veya a\u015fa\u011f\u0131daki rezervasyon formunu doldurun<\/p>","protected":false},"excerpt":{"rendered":"<p>Side'den Olympos Teleferi\u011fi ile 2365m rak\u0131ml\u0131 Tahtal\u0131 Da\u011f\u0131'na \u00e7\u0131k\u0131n. Panoramik manzaran\u0131n, tertemiz da\u011f havas\u0131n\u0131n ve otel transferlerinin tad\u0131n\u0131 \u00e7\u0131kar\u0131n.<\/p>","protected":false},"featured_media":10850,"comment_status":"open","ping_status":"closed","template":"","meta":{"_acf_changed":false},"product_brand":[],"product_cat":[46],"product_tag":[68],"class_list":{"0":"post-11082","1":"product","2":"type-product","3":"status-publish","4":"has-post-thumbnail","6":"product_cat-side","7":"product_tag-side","9":"first","10":"instock","11":"sale","12":"featured","13":"shipping-taxable","14":"purchasable","15":"product-type-ovabrw_car_rental"},"acf":[],"aioseo_notices":[],"_links":{"self":[{"href":"https:\/\/joinusexcursions.com\/tr\/wp-json\/wp\/v2\/product\/11082","targetHints":{"allow":["GET"]}}],"collection":[{"href":"https:\/\/joinusexcursions.com\/tr\/wp-json\/wp\/v2\/product"}],"about":[{"href":"https:\/\/joinusexcursions.com\/tr\/wp-json\/wp\/v2\/types\/product"}],"replies":[{"embeddable":true,"href":"https:\/\/joinusexcursions.com\/tr\/wp-json\/wp\/v2\/comments?post=11082"}],"wp:featuredmedia":[{"embeddable":true,"href":"https:\/\/joinusexcursions.com\/tr\/wp-json\/wp\/v2\/media\/10850"}],"wp:attachment":[{"href":"https:\/\/joinusexcursions.com\/tr\/wp-json\/wp\/v2\/media?parent=11082"}],"wp:term":[{"taxonomy":"product_brand","embeddable":true,"href":"https:\/\/joinusexcursions.com\/tr\/wp-json\/wp\/v2\/product_brand?post=11082"},{"taxonomy":"product_cat","embeddable":true,"href":"https:\/\/joinusexcursions.com\/tr\/wp-json\/wp\/v2\/product_cat?post=11082"},{"taxonomy":"product_tag","embeddable":true,"href":"https:\/\/joinusexcursions.com\/tr\/wp-json\/wp\/v2\/product_tag?post=11082"}],"curies":[{"name":"wp","href":"https:\/\/api.w.org\/{rel}","templated":true}]}}