{"id":11086,"date":"2025-12-14T18:13:32","date_gmt":"2025-12-14T15:13:32","guid":{"rendered":"https:\/\/joinusexcursions.com\/?post_type=product&#038;p=11086"},"modified":"2026-04-18T03:39:31","modified_gmt":"2026-04-18T00:39:31","slug":"side-atv-safari","status":"publish","type":"product","link":"https:\/\/joinusexcursions.com\/tr\/tours\/side-quad-safari\/","title":{"rendered":"Side Quad Safari Turu, Heyecanl\u0131 Off-Road Maceras\u0131"},"content":{"rendered":"<p data-start=\"3331\" data-end=\"3505\">Side'den adrenalin dolu bir quad safari ile Toros Da\u011flar\u0131'n\u0131n engebeli arazilerini ke\u015ffedin. Otel transferleri dahil, tozlu patikalarda, orman yollar\u0131nda ve \u00e7amurlu yollarda s\u00fcr\u00fc\u015f yap\u0131n.<\/p>\n<h2>\ud83d\udea9 Overview of the Side Quad Safari<\/h2>\n<p data-start=\"3524\" data-end=\"3760\">Side, Kumk\u00f6y, Evrenseki, \u00c7olakl\u0131 ve Manavgat'tan transferlerle unutulmaz bir quad safari deneyimi ya\u015fay\u0131n. Yeni ba\u015flayanlar i\u00e7in uygun, rehberli bir macerada ormanlarda, kayal\u0131k arazilerde ve nehir yataklar\u0131nda yar\u0131\u015f\u0131n. Toplam s\u00fcre yakla\u015f\u0131k 2,5-3 saattir.<\/p>\n<h3>\ud83c\udf86 \u00d6ne \u00c7\u0131kanlar<\/h3>\n<p data-start=\"1076\" data-end=\"1360\"><strong><span style=\"color: #ff0000;\">\u2022<\/span> <\/strong>Toros Da\u011flar\u0131'nda g\u00fc\u00e7l\u00fc bir ATV s\u00fcr\u00fcn<br data-start=\"1127\" data-end=\"1130\" \/><strong><span style=\"color: #ff0000;\">\u2022<\/span> <\/strong>Orman patikalar\u0131n\u0131, tozlu yollar\u0131 ve kayal\u0131k yollar\u0131 ke\u015ffedin<br data-start=\"1182\" data-end=\"1185\" \/><strong><span style=\"color: #ff0000;\">\u2022<\/span> <\/strong>\u00c7amurlu ve engebeli arazilerde ilerleyin<br data-start=\"1226\" data-end=\"1229\" \/><strong><span style=\"color: #ff0000;\">\u2022<\/span> <\/strong>Manzaral\u0131 bir panoramik noktas\u0131nda foto\u011fraf molas\u0131<br data-start=\"1273\" data-end=\"1276\" \/><strong><span style=\"color: #ff0000;\">\u2022<\/span> <\/strong>Kanyonda ferahlat\u0131c\u0131 y\u00fczme molas\u0131<br data-start=\"1311\" data-end=\"1314\" \/><strong><span style=\"color: #ff0000;\">\u2022<\/span> <\/strong>Yeni ba\u015flayanlar ve macera severler i\u00e7in m\u00fckemmel<\/p>\n<h2>What to Expect on the Side Quad Safari<\/h2>\n<p data-start=\"4334\" data-end=\"4544\">Turunuz, Side veya yak\u0131n \u00e7evredeki otelinizden al\u0131nman\u0131zla ba\u015flar, ard\u0131ndan sizi quad safari ana kamp\u0131na g\u00f6t\u00fcrecek manzaral\u0131 bir yolculuk yap\u0131l\u0131r. G\u00fcvenlik brifingi ve deneme s\u00fcr\u00fc\u015f\u00fcn\u00fcn ard\u0131ndan, arazi maceran\u0131za ba\u015flamaya haz\u0131r olacaks\u0131n\u0131z.<\/p>\n<p data-start=\"4546\" data-end=\"4722\">Orman yollar\u0131nda, toprak yollarda ve kayal\u0131k da\u011f patikalar\u0131nda d\u00f6rt tekerlekli motorunuzla ilerleyin. G\u00fczel do\u011fan\u0131n ortas\u0131nda \u00e7amurlu alanlarda ve engebeli arazide ilerlerken heyecan\u0131 hissedin.<\/p>\n<p data-start=\"4724\" data-end=\"4991\">Tur s\u0131ras\u0131nda foto\u011fraf \u00e7ekmek ve dinlenmek i\u00e7in manzaral\u0131 bir seyir noktas\u0131nda mola verin. Safari'nin ikinci b\u00f6l\u00fcm\u00fc daha zorlu patikalar ve heyecan verici d\u00f6n\u00fc\u015fler sunuyor. Maceray\u0131, ana kampa d\u00f6nmeden ve otelinize geri gitmeden \u00f6nce kanyonda serinletici bir y\u00fcz\u00fc\u015fle sonland\u0131r\u0131n.<\/p>\n<p class=\"mhm-jue-internal-links\">B\u00f6lgede daha fazla macera m\u0131 ar\u0131yorsunuz? Tam listemizi ke\u015ffedin <a href=\"\/tr\/destinasyon\/side-turlari\/\">Yan geziler<\/a> veya \u015funlara g\u00f6z at\u0131n <a href=\"\/tr\/turlar-2\/side-land-of-legends-gece\/\">Side'den Legendlar Diyar\u0131 Gece \u015eovu<\/a> ba\u015fka unutulmaz bir deneyim i\u00e7in.<\/p>\n<h3>\ud83d\uddd3\ufe0f Tur Program\u0131<\/h3>\n<div data-start=\"5016\" data-end=\"5268\"><strong><span style=\"color: #ff0000;\">\u2022<\/span> <\/strong>Side ve \u00e7evresindeki otellerden alma<\/div>\n<div data-start=\"2187\" data-end=\"2437\"><strong><span style=\"color: #ff0000;\">\u2022<\/span> <\/strong>Quad safari ana kamp\u0131na var\u0131\u015f<br data-start=\"2273\" data-end=\"2276\" \/><strong><span style=\"color: #ff0000;\">\u2022<\/span> <\/strong>G\u00fcvenlik brifingi ve test s\u00fcr\u00fc\u015f\u00fc<br data-start=\"2308\" data-end=\"2311\" \/><strong><span style=\"color: #ff0000;\">\u2022<\/span> <\/strong>Da\u011f patikalar\u0131nda ATV safarisi<br data-start=\"2348\" data-end=\"2351\" \/><strong><span style=\"color: #ff0000;\">\u2022<\/span> <\/strong>Manzaral\u0131 seyir noktas\u0131nda foto\u011fraf molas\u0131<br data-start=\"2384\" data-end=\"2387\" \/><strong><span style=\"color: #ff0000;\">\u2022<\/span> <\/strong>Kanyon y\u00fczme molas\u0131<br data-start=\"2406\" data-end=\"2409\" \/><strong><span style=\"color: #ff0000;\">\u2022<\/span> <\/strong>Otele gidi\u015f-d\u00f6n\u00fc\u015f transferi<\/div>\n<h3>\u2139\ufe0f Faydal\u0131 Bilgiler<\/h3>\n<p data-start=\"2466\" data-end=\"2653\"><strong><span style=\"color: #ff0000;\">\u2022<\/span> <\/strong>Ehliyet gerekmez<br data-start=\"2495\" data-end=\"2498\" \/><strong><span style=\"color: #ff0000;\">\u2022<\/span> <\/strong>Yeni ba\u015flayanlar ve deneyimli biniciler i\u00e7in uygundur<br data-start=\"2545\" data-end=\"2548\" \/><strong><span style=\"color: #ff0000;\">\u2022<\/span> <\/strong>Minimum s\u00fcr\u00fcc\u00fc ya\u015f\u0131: 17<br data-start=\"2572\" data-end=\"2575\" \/><strong><span style=\"color: #ff0000;\">\u2022<\/span> <\/strong>Engelli arazi - iyi denge \u00f6nerilir<br data-start=\"2618\" data-end=\"2621\" \/><strong><span style=\"color: #ff0000;\">\u2022<\/span> <\/strong>G\u00fcvenlik ekipman\u0131 sa\u011flanm\u0131\u015ft\u0131r<\/p>\n<p class=\"mhm-jue-external-link\">Hedef hakk\u0131nda daha fazla bilgi edinin <a href=\"https:\/\/en.wikipedia.org\/wiki\/Side,_Turkey\" target=\"_blank\" rel=\"noopener\">Side, Turkey Wikipedia page<\/a>.<\/p>\n<h3>\ud83c\udf92 Getirilecekler<\/h3>\n<p data-start=\"2677\" data-end=\"2775\"><strong><span style=\"color: #ff0000;\">\u2022<\/span> <\/strong>Rahat k\u0131yafetler ve ayakkab\u0131lar<br data-start=\"2708\" data-end=\"2711\" \/><strong><span style=\"color: #ff0000;\">\u2022<\/span> <\/strong>Havlu ve mayo<br data-start=\"2731\" data-end=\"2734\" \/><strong><span style=\"color: #ff0000;\">\u2022<\/span> <\/strong>G\u00fcne\u015f kremi<br data-start=\"2745\" data-end=\"2748\" \/><strong><span style=\"color: #ff0000;\">\u2022<\/span> <\/strong>Ekstra masraflar i\u00e7in nakit<\/p>\n<h3>\ud83d\udeab Uygun De\u011fil<\/h3>\n<p data-start=\"2802\" data-end=\"2854\"><strong><span style=\"color: #ff0000;\">\u2022<\/span> <\/strong>Hamile kad\u0131nlar<br data-start=\"2818\" data-end=\"2821\" \/><strong><span style=\"color: #ff0000;\">\u2022<\/span> <\/strong>Hareket kabiliyeti k\u0131s\u0131tl\u0131 misafirler<\/p>\n<h3>\ud83d\udcb8 Fiyat ve Rezervasyon<\/h3>\n<p data-start=\"2882\" data-end=\"3059\"><strong><span style=\"color: #ff0000;\">\u2022<\/span> <\/strong>Fiyatlar sezona ve grup b\u00fcy\u00fckl\u00fc\u011f\u00fcne g\u00f6re de\u011fi\u015fiklik g\u00f6stermektedir<br data-start=\"2930\" data-end=\"2933\" \/><strong><span style=\"color: #ff0000;\">\u2022<\/span> <\/strong>\u015eimdi rezervasyon yap\u0131n ve tur g\u00fcn\u00fc \u00f6deme yap\u0131n<br data-start=\"2974\" data-end=\"2977\" \/><strong><span style=\"color: #ff0000;\">\u2022<\/span> <\/strong>WhatsApp, Telegram veya Viber \u00fczerinden bizimle ileti\u015fime ge\u00e7in veya a\u015fa\u011f\u0131daki rezervasyon formunu doldurun<\/p>","protected":false},"excerpt":{"rendered":"<p>Toros Da\u011flar\u0131'nda Side'den quad safari keyfi. Arazi yollar\u0131nda s\u00fcr\u00fc\u015f yap\u0131n, do\u011fay\u0131 ke\u015ffedin, kanyonlarda y\u00fcz\u00fcn ve otel transferleri dahildir.<\/p>","protected":false},"featured_media":11085,"comment_status":"open","ping_status":"closed","template":"","meta":{"_acf_changed":false},"product_brand":[],"product_cat":[46],"product_tag":[68],"class_list":{"0":"post-11086","1":"product","2":"type-product","3":"status-publish","4":"has-post-thumbnail","6":"product_cat-side","7":"product_tag-side","9":"first","10":"instock","11":"sale","12":"featured","13":"shipping-taxable","14":"purchasable","15":"product-type-ovabrw_car_rental"},"acf":[],"aioseo_notices":[],"_links":{"self":[{"href":"https:\/\/joinusexcursions.com\/tr\/wp-json\/wp\/v2\/product\/11086","targetHints":{"allow":["GET"]}}],"collection":[{"href":"https:\/\/joinusexcursions.com\/tr\/wp-json\/wp\/v2\/product"}],"about":[{"href":"https:\/\/joinusexcursions.com\/tr\/wp-json\/wp\/v2\/types\/product"}],"replies":[{"embeddable":true,"href":"https:\/\/joinusexcursions.com\/tr\/wp-json\/wp\/v2\/comments?post=11086"}],"wp:featuredmedia":[{"embeddable":true,"href":"https:\/\/joinusexcursions.com\/tr\/wp-json\/wp\/v2\/media\/11085"}],"wp:attachment":[{"href":"https:\/\/joinusexcursions.com\/tr\/wp-json\/wp\/v2\/media?parent=11086"}],"wp:term":[{"taxonomy":"product_brand","embeddable":true,"href":"https:\/\/joinusexcursions.com\/tr\/wp-json\/wp\/v2\/product_brand?post=11086"},{"taxonomy":"product_cat","embeddable":true,"href":"https:\/\/joinusexcursions.com\/tr\/wp-json\/wp\/v2\/product_cat?post=11086"},{"taxonomy":"product_tag","embeddable":true,"href":"https:\/\/joinusexcursions.com\/tr\/wp-json\/wp\/v2\/product_tag?post=11086"}],"curies":[{"name":"wp","href":"https:\/\/api.w.org\/{rel}","templated":true}]}}