{"id":11093,"date":"2025-12-14T18:42:06","date_gmt":"2025-12-14T15:42:06","guid":{"rendered":"https:\/\/joinusexcursions.com\/?post_type=product&#038;p=11093"},"modified":"2026-04-13T19:36:11","modified_gmt":"2026-04-13T16:36:11","slug":"side-jeep-safari","status":"publish","type":"product","link":"https:\/\/joinusexcursions.com\/tr\/tours\/side-jeep-safari\/","title":{"rendered":"Side Jeep Safari Turu \u2013 Toros Da\u011flar\u0131'n\u0131 Ke\u015ffedin"},"content":{"rendered":"<p data-start=\"306\" data-end=\"502\">Belek Jeep Safari Turuna Kat\u0131l\u0131n ve Taurus Da\u011flar\u0131'n\u0131 g\u00fc\u00e7l\u00fc 4\u00d74 ciplerle ke\u015ffedin. Da\u011f k\u00f6ylerini ziyaret edin, nehirlerde y\u00fcz\u00fcn, barbek\u00fc \u00f6\u011fle yeme\u011finin tad\u0131n\u0131 \u00e7\u0131kar\u0131n ve do\u011fada tam bir macera g\u00fcn\u00fc ya\u015fay\u0131n.<\/p>\n<h2>\ud83d\ude99 Overview of the Side Jeep Safari<\/h2>\n<p data-start=\"521\" data-end=\"807\">Join an exciting jeep safari from Side and discover the wild beauty of the Taurus Mountains. Ride through forest trails, mountain villages and riverbeds in open-top 4\u00d74 jeeps. Enjoy scenic photo stops, a tasty BBQ lunch and a refreshing river swim on this fun-filled 7\u20138 hour adventure.<\/p>\n<h3>\ud83c\udf1f \u00d6ne \u00c7\u0131kanlar<\/h3>\n<p data-start=\"1043\" data-end=\"1324\"><span style=\"color: #ff0000;\"><strong>\u2022<\/strong> <\/span>Ormanlarda, toprak yollarda ve nehirlerde arazi s\u00fcr\u00fc\u015f\u00fc<br data-start=\"1100\" data-end=\"1103\" \/><span style=\"color: #ff0000;\"><strong>\u2022<\/strong> <\/span>Geleneksel bir T\u00fcrk da\u011f k\u00f6y\u00fc ziyareti<br data-start=\"1152\" data-end=\"1155\" \/><span style=\"color: #ff0000;\"><strong>\u2022<\/strong> <\/span>Panoramik manzaral\u0131 foto\u011fraf \u00e7ekme noktalar\u0131<br data-start=\"1196\" data-end=\"1199\" \/><span style=\"color: #ff0000;\"><strong>\u2022<\/strong> <\/span>Do\u011fayla i\u00e7 i\u00e7e mangal \u00f6\u011fle yeme\u011fi<br data-start=\"1231\" data-end=\"1234\" \/><span style=\"color: #ff0000;\"><strong>\u2022<\/strong> <\/span>Da\u011f nehrinde serinletici y\u00fczme molas\u0131<br data-start=\"1277\" data-end=\"1280\" \/><span style=\"color: #ff0000;\"><strong>\u2022<\/strong> <\/span>Jeep'lerle e\u011flenceli su sava\u015f\u0131 (iste\u011fe ba\u011fl\u0131)<\/p>\n<h2>What to Expect on the Side Jeep Safari<\/h2>\n<div data-start=\"1373\" data-end=\"1664\">Your adventure starts with pickup from your hotel in Side or nearby areas. After meeting your friendly drivers, set off in powerful open-top 4\u00d74 jeeps toward the Taurus Mountains. Enjoy fresh mountain air, beautiful landscapes and exciting off-road routes through forests and rugged terrain.<\/div>\n<div data-start=\"1666\" data-end=\"1867\">Along the way, stop at scenic viewpoints for photos and visit a local village to experience traditional rural life. Midday, enjoy a delicious BBQ lunch at a countryside restaurant surrounded by nature.<\/div>\n<div data-start=\"1869\" data-end=\"2149\">After lunch, relax or cool off with a refreshing swim in a mountain river. On the return journey, take part in an optional water fight between jeeps \u2014 a fun highlight that makes the safari unforgettable. Finally, return to your hotel with amazing memories of adventure and nature.<\/div>\n<p class=\"mhm-jue-internal-links\">B\u00f6lgede daha fazla macera m\u0131 ar\u0131yorsunuz? Tam listemizi ke\u015ffedin <a href=\"\/tr\/destinasyon\/side-turlari\/\">Yan geziler<\/a> veya \u015funlara g\u00f6z at\u0131n <a href=\"\/tr\/turlar-2\/side-land-of-legends-gece\/\">Side'den Legendlar Diyar\u0131 Gece \u015eovu<\/a> ba\u015fka unutulmaz bir deneyim i\u00e7in.<\/p>\n<h3>\ud83d\uddd3\ufe0f Tur Program\u0131<\/h3>\n<p data-start=\"2137\" data-end=\"2397\"><span style=\"color: #ff0000;\"><strong>\u2022<\/strong> <\/span>Pickup from hotels in Side<br data-start=\"2166\" data-end=\"2169\" \/><span style=\"color: #ff0000;\"><strong>\u2022<\/strong> <\/span>Toros Da\u011flar\u0131'nda Off-road s\u00fcr\u00fc\u015f\u00fc<br data-start=\"2211\" data-end=\"2214\" \/><span style=\"color: #ff0000;\"><strong>\u2022<\/strong> <\/span>Geleneksel bir da\u011f k\u00f6y\u00fc ziyareti<br data-start=\"2255\" data-end=\"2258\" \/><span style=\"color: #ff0000;\"><strong>\u2022<\/strong> <\/span>Manzaral\u0131 foto\u011fraf duraklar\u0131<br data-start=\"2278\" data-end=\"2281\" \/><span style=\"color: #ff0000;\"><strong>\u2022<\/strong> <\/span>Do\u011fada mangal \u00f6\u011fle yeme\u011fi<br data-start=\"2302\" data-end=\"2305\" \/><span style=\"color: #ff0000;\"><strong>\u2022<\/strong> <\/span>Da\u011f nehrinde y\u00fczme molas\u0131<br data-start=\"2341\" data-end=\"2344\" \/><span style=\"color: #ff0000;\"><strong>\u2022<\/strong> <\/span>\u0130ste\u011fe ba\u011fl\u0131 su sava\u015f\u0131<br data-start=\"2366\" data-end=\"2369\" \/><span style=\"color: #ff0000;\"><strong>\u2022<\/strong> <\/span>Otele gidi\u015f-d\u00f6n\u00fc\u015f transferi<\/p>\n<h3>\u2139\ufe0f Faydal\u0131 Bilgiler<\/h3>\n<p data-start=\"2426\" data-end=\"2644\"><span style=\"color: #ff0000;\"><strong>\u2022<\/strong> <\/span>S\u00fcre: Yakla\u015f\u0131k 6-7 saat<br data-start=\"2455\" data-end=\"2458\" \/><span style=\"color: #ff0000;\"><strong>\u2022<\/strong> <\/span>A\u00e7\u0131k tavanl\u0131 safari cipleriyle yap\u0131lan tur<br data-start=\"2499\" data-end=\"2502\" \/><span style=\"color: #ff0000;\"><strong>\u2022<\/strong> <\/span>Aileler ve macera severler i\u00e7in uygundur<br data-start=\"2546\" data-end=\"2549\" \/><span style=\"color: #ff0000;\"><strong>\u2022<\/strong> <\/span>Orta d\u00fczey fiziksel aktivite<br data-start=\"2577\" data-end=\"2580\" \/><span style=\"color: #ff0000;\"><strong>\u2022<\/strong> <\/span>Belirtilen saatten 10 dakika \u00f6nce ana otel giri\u015finde haz\u0131r olun<\/p>\n<p class=\"mhm-jue-external-link\">Hedef hakk\u0131nda daha fazla bilgi edinin <a href=\"https:\/\/en.wikipedia.org\/wiki\/Side,_Turkey\" target=\"_blank\" rel=\"noopener\">Side, Turkey Wikipedia page<\/a>.<\/p>\n<h3>\ud83c\udf92 Getirilecekler<\/h3>\n<p data-start=\"2668\" data-end=\"2780\"><span style=\"color: #ff0000;\"><strong>\u2022<\/strong> <\/span>Rahat k\u0131yafetler ve ayakkab\u0131lar<br data-start=\"2699\" data-end=\"2702\" \/><span style=\"color: #ff0000;\"><strong>\u2022<\/strong> <\/span>Mayo ve havlu<br data-start=\"2722\" data-end=\"2725\" \/><span style=\"color: #ff0000;\"><strong>\u2022<\/strong> <\/span>G\u00fcne\u015f kremi<br data-start=\"2736\" data-end=\"2739\" \/><span style=\"color: #ff0000;\"><strong>\u2022<\/strong> <\/span>\u0130\u00e7ecekler ve ki\u015fisel harcamalar i\u00e7in nakit<\/p>\n<h3>\ud83d\udeab Uygun De\u011fil<\/h3>\n<p data-start=\"2807\" data-end=\"2875\"><span style=\"color: #ff0000;\"><strong>\u2022<\/strong> <\/span>Hamile kad\u0131nlar<br data-start=\"2823\" data-end=\"2826\" \/><span style=\"color: #ff0000;\"><strong>\u2022<\/strong> <\/span>Ciddi s\u0131rt veya hareketlilik sorunlar\u0131 olan misafirler<\/p>\n<h3>\ud83d\udcb8 Fiyat ve Rezervasyon<\/h3>\n<p data-start=\"2903\" data-end=\"3086\"><span style=\"color: #ff0000;\"><strong>\u2022<\/strong> <\/span>Fiyatlar sezona ve m\u00fcsaitli\u011fe g\u00f6re de\u011fi\u015fiklik g\u00f6sterebilir<br data-start=\"2957\" data-end=\"2960\" \/><span style=\"color: #ff0000;\"><strong>\u2022<\/strong> <\/span>\u015eimdi rezervasyon yap\u0131n ve tur g\u00fcn\u00fc \u00f6deme yap\u0131n<br data-start=\"3001\" data-end=\"3004\" \/><span style=\"color: #ff0000;\"><strong>\u2022<\/strong> <\/span>WhatsApp, Telegram veya Viber \u00fczerinden bizimle ileti\u015fime ge\u00e7in veya a\u015fa\u011f\u0131daki rezervasyon formunu doldurun<\/p>","protected":false},"excerpt":{"rendered":"<p>Taurus Da\u011flar\u0131'nda Belek'ten Jeep Safari'ye Kat\u0131l\u0131n. 4x4 ciplerle s\u00fcr\u00fcn, k\u00f6yleri ziyaret edin, nehirlerde y\u00fcz\u00fcn, barbek\u00fc \u00f6\u011fle yeme\u011fi ve otel transferlerinin keyfini \u00e7\u0131kar\u0131n.<\/p>","protected":false},"featured_media":11092,"comment_status":"open","ping_status":"closed","template":"","meta":{"_acf_changed":false},"product_brand":[],"product_cat":[46],"product_tag":[66],"class_list":{"0":"post-11093","1":"product","2":"type-product","3":"status-publish","4":"has-post-thumbnail","6":"product_cat-side","7":"product_tag-belek","9":"first","10":"instock","11":"sale","12":"featured","13":"shipping-taxable","14":"purchasable","15":"product-type-ovabrw_car_rental"},"acf":[],"aioseo_notices":[],"_links":{"self":[{"href":"https:\/\/joinusexcursions.com\/tr\/wp-json\/wp\/v2\/product\/11093","targetHints":{"allow":["GET"]}}],"collection":[{"href":"https:\/\/joinusexcursions.com\/tr\/wp-json\/wp\/v2\/product"}],"about":[{"href":"https:\/\/joinusexcursions.com\/tr\/wp-json\/wp\/v2\/types\/product"}],"replies":[{"embeddable":true,"href":"https:\/\/joinusexcursions.com\/tr\/wp-json\/wp\/v2\/comments?post=11093"}],"wp:featuredmedia":[{"embeddable":true,"href":"https:\/\/joinusexcursions.com\/tr\/wp-json\/wp\/v2\/media\/11092"}],"wp:attachment":[{"href":"https:\/\/joinusexcursions.com\/tr\/wp-json\/wp\/v2\/media?parent=11093"}],"wp:term":[{"taxonomy":"product_brand","embeddable":true,"href":"https:\/\/joinusexcursions.com\/tr\/wp-json\/wp\/v2\/product_brand?post=11093"},{"taxonomy":"product_cat","embeddable":true,"href":"https:\/\/joinusexcursions.com\/tr\/wp-json\/wp\/v2\/product_cat?post=11093"},{"taxonomy":"product_tag","embeddable":true,"href":"https:\/\/joinusexcursions.com\/tr\/wp-json\/wp\/v2\/product_tag?post=11093"}],"curies":[{"name":"wp","href":"https:\/\/api.w.org\/{rel}","templated":true}]}}