{"id":11094,"date":"2025-12-14T18:51:23","date_gmt":"2025-12-14T15:51:23","guid":{"rendered":"https:\/\/joinusexcursions.com\/?post_type=product&#038;p=11094"},"modified":"2026-04-13T19:36:11","modified_gmt":"2026-04-13T16:36:11","slug":"kemer-deniz-balikcilik","status":"publish","type":"product","link":"https:\/\/joinusexcursions.com\/tr\/tours\/kemer-sea-fishing\/","title":{"rendered":"Kemer Deniz Bal\u0131k Tutma Turu \u2013 Kahvalt\u0131 ve \u00d6\u011fle Yeme\u011fi Dahil"},"content":{"rendered":"<p data-start=\"306\" data-end=\"510\">Kemer'den rahatlat\u0131c\u0131 bir deniz bal\u0131k\u00e7\u0131l\u0131\u011f\u0131 turuna kat\u0131l\u0131n ve Akdeniz'de huzurlu bir tekne gezisinin tad\u0131n\u0131 \u00e7\u0131kar\u0131n. Kahvalt\u0131, olta tak\u0131m\u0131, y\u00fczme molalar\u0131, tuttu\u011funuz bal\u0131kla \u00f6\u011fle yeme\u011fi, otel transferi ve sigorta dahildir.<\/p>\n<h2>\ud83c\udfa3 Overview of the Kemer Sea Fishing Tour<\/h2>\n<p data-start=\"529\" data-end=\"791\">Kemer ve \u00e7evresindeki b\u00f6lgelerden sakin bir bal\u0131k tutma maceras\u0131na at\u0131l\u0131n. Kristal berrakl\u0131\u011f\u0131nda Akdeniz sular\u0131nda bal\u0131k tutun, tenha koylarda y\u00fcz\u00fcn ve teknede kahvalt\u0131 ve \u00f6\u011fle yeme\u011finin tad\u0131n\u0131 \u00e7\u0131kar\u0131n. Yeni ba\u015flayanlar ve do\u011fa severler i\u00e7in ideal olan bu yar\u0131m g\u00fcnl\u00fck tur yakla\u015f\u0131k 4-6 saat s\u00fcrer.<\/p>\n<h3>\ud83c\udf0a \u00d6ne \u00c7\u0131kanlar<\/h3>\n<p data-start=\"1102\" data-end=\"1294\"><strong><span style=\"color: #ff0000;\">\u2022<\/span> <\/strong>Berrak Akdeniz sular\u0131nda bal\u0131k av\u0131<br data-start=\"1141\" data-end=\"1144\" \/><strong><span style=\"color: #ff0000;\">\u2022<\/span> <\/strong>Tekneden do\u011fal g\u00fczelliklere sahip k\u0131y\u0131 manzaralar\u0131<br data-start=\"1182\" data-end=\"1185\" \/><strong><span style=\"color: #ff0000;\">\u2022<\/span> <\/strong>Sessiz koylarda y\u00fczme molalar\u0131<br data-start=\"1216\" data-end=\"1219\" \/><strong><span style=\"color: #ff0000;\">\u2022<\/span> <\/strong>Profesyonel bal\u0131k\u00e7\u0131l\u0131k ekipmanlar\u0131 ve rehberli\u011fi<br data-start=\"1259\" data-end=\"1262\" \/><strong><span style=\"color: #ff0000;\">\u2022<\/span> <\/strong>Gemide haz\u0131rlanan taze av<\/p>\n<h2>What to Expect on the Kemer Sea Fishing Tour<\/h2>\n<div data-start=\"1321\" data-end=\"1559\">G\u00fcn\u00fcn\u00fcz, Kemer veya civar\u0131ndaki otelinizden rahat bir kar\u015f\u0131lama ile ba\u015flar, ard\u0131ndan marinaya transfer edilir. Tam donan\u0131ml\u0131 bir bal\u0131k\u00e7\u0131 teknesine binin ve sakin Akdeniz'de seyrederken lezzetli bir kahvalt\u0131n\u0131n tad\u0131n\u0131 \u00e7\u0131kar\u0131n.<\/div>\n<div data-start=\"1561\" data-end=\"1815\">Bal\u0131k tutmaya yeni ba\u015flayanlar veya deneyimli olun, g\u00fcler y\u00fczl\u00fc m\u00fcrettebat aktivitenin tad\u0131n\u0131 \u00e7\u0131karman\u0131za yard\u0131mc\u0131 olmak i\u00e7in gerekli t\u00fcm ekipman ve talimatlar\u0131 sa\u011flar. Tekne bal\u0131k tutmak i\u00e7in en uygun yerlere demir att\u0131k\u00e7a, huzurlu deniz atmosferine kendinizi b\u0131rak\u0131rken \u015fans\u0131n\u0131z\u0131 deneyin.<\/div>\n<div data-start=\"1817\" data-end=\"2119\">Tur s\u0131ras\u0131nda turkuaz sularda ferahlat\u0131c\u0131 y\u00fczmeler i\u00e7in sakin koylarda durun. \u00d6\u011fle yeme\u011fi i\u00e7in, isterseniz yakalad\u0131\u011f\u0131n\u0131z bal\u0131klar dahil, teknede taze haz\u0131rlanm\u0131\u015f bir yeme\u011fin tad\u0131n\u0131 \u00e7\u0131kar\u0131n. Denizde dinlendirici ve keyifli bir deneyimin ard\u0131ndan marinaya d\u00f6n\u00fcn ve harika an\u0131larla otelinize transfer olun.<\/div>\n<p class=\"mhm-jue-internal-links\">B\u00f6lgede daha fazla macera m\u0131 ar\u0131yorsunuz? Tam listemizi ke\u015ffedin <a href=\"\/tr\/destinasyon\/kemer-turlari\/\">Kemer turlar\u0131<\/a> veya \u015funlara g\u00f6z at\u0131n <a href=\"\/tr\/turlar-2\/kemer-suluada-gunbatimi-tekne\/\">Kemer: Suluada Adas\u0131 G\u00fcn Bat\u0131m\u0131 Tekne Turu Ak\u015fam Yeme\u011fi Dahil<\/a> ba\u015fka unutulmaz bir deneyim i\u00e7in.<\/p>\n<h3>\ud83d\uddd3\ufe0f Tur Program\u0131<\/h3>\n<p data-start=\"2144\" data-end=\"2409\"><strong><span style=\"color: #ff0000;\">\u2022<\/span> <\/strong>Kemer ve \u00e7evresindeki otellerden alma<br data-start=\"2195\" data-end=\"2198\" \/><strong><span style=\"color: #ff0000;\">\u2022<\/span> <\/strong>Kemer marinas\u0131na var\u0131\u015f ve bini\u015f<br data-start=\"2236\" data-end=\"2239\" \/><strong><span style=\"color: #ff0000;\">\u2022<\/span> <\/strong>Gemide kahvalt\u0131<br data-start=\"2258\" data-end=\"2261\" \/><strong><span style=\"color: #ff0000;\">\u2022<\/span> <\/strong>Ekipman ve talimatlarla bal\u0131k tutma<br data-start=\"2301\" data-end=\"2304\" \/><strong><span style=\"color: #ff0000;\">\u2022<\/span> <\/strong>Harika koylarda y\u00fczme molalar\u0131<br data-start=\"2335\" data-end=\"2338\" \/><strong><span style=\"color: #ff0000;\">\u2022<\/span> <\/strong>Gemide \u00f6\u011fle yeme\u011fi (taze bal\u0131k se\u00e7ene\u011fiyle)<br data-start=\"2376\" data-end=\"2379\" \/><strong><span style=\"color: #ff0000;\">\u2022<\/span> <\/strong>Marina ve otele d\u00f6n<\/p>\n<h3>\u2139\ufe0f Faydal\u0131 Bilgiler<\/h3>\n<p data-start=\"2438\" data-end=\"2649\"><strong><span style=\"color: #ff0000;\">\u2022<\/span> <\/strong>S\u00fcre: Yakla\u015f\u0131k 4\u20136 saat (yar\u0131m g\u00fcnl\u00fck tur)<br data-start=\"2483\" data-end=\"2486\" \/><strong><span style=\"color: #ff0000;\">\u2022<\/span> <\/strong>D\u00fc\u015f\u00fck ila orta d\u00fczey fiziksel aktivite<br data-start=\"2521\" data-end=\"2524\" \/><strong><span style=\"color: #ff0000;\">\u2022<\/span> <\/strong>5 ya\u015f alt\u0131 \u00e7ocuklar \u00fccretsiz seyahat eder (ayr\u0131 koltuk gerekmez)<br data-start=\"2573\" data-end=\"2576\" \/><strong><span style=\"color: #ff0000;\">\u2022<\/span> <\/strong>\u0130stek \u00fczerine vejetaryen yemekler mevcuttur<br data-start=\"2617\" data-end=\"2620\" \/><strong><span style=\"color: #ff0000;\">\u2022<\/span> <\/strong>Tur hava durumuna ba\u011fl\u0131d\u0131r<\/p>\n<p class=\"mhm-jue-external-link\">Hedef hakk\u0131nda daha fazla bilgi edinin <a href=\"https:\/\/en.wikipedia.org\/wiki\/Kemer\" target=\"_blank\" rel=\"noopener\">Kemer Wikipedia page<\/a>.<\/p>\n<h3>\ud83c\udf92 Getirilecekler<\/h3>\n<p data-start=\"2673\" data-end=\"2797\"><strong><span style=\"color: #ff0000;\">\u2022<\/span> <\/strong>Rahat k\u0131yafetler<br data-start=\"2694\" data-end=\"2697\" \/><strong><span style=\"color: #ff0000;\">\u2022<\/span> <\/strong>Mayo ve havlu<br data-start=\"2717\" data-end=\"2720\" \/><strong><span style=\"color: #ff0000;\">\u2022<\/span> <\/strong>G\u00fcne\u015f kremi ve \u015fapka<br data-start=\"2739\" data-end=\"2742\" \/><strong><span style=\"color: #ff0000;\">\u2022<\/span> <\/strong>Kamera veya ak\u0131ll\u0131 telefon<br data-start=\"2764\" data-end=\"2767\" \/><strong><span style=\"color: #ff0000;\">\u2022<\/span> <\/strong>Ki\u015fisel harcamalar i\u00e7in nakit<\/p>\n<h3>\ud83d\udeab Uygun De\u011fil<\/h3>\n<p data-start=\"2824\" data-end=\"2862\"><strong><span style=\"color: #ff0000;\">\u2022<\/span> <\/strong>\u015eiddetli deniz tutmas\u0131 olan misafirler<\/p>\n<h3>\ud83d\udcb8 Fiyat ve Rezervasyon<\/h3>\n<p data-start=\"2890\" data-end=\"3073\"><strong><span style=\"color: #ff0000;\">\u2022<\/span> <\/strong>Fiyatlar sezona ve m\u00fcsaitli\u011fe g\u00f6re de\u011fi\u015fiklik g\u00f6sterebilir<br data-start=\"2944\" data-end=\"2947\" \/><strong><span style=\"color: #ff0000;\">\u2022<\/span> <\/strong>\u015eimdi rezervasyon yap\u0131n ve tur g\u00fcn\u00fc \u00f6deme yap\u0131n<br data-start=\"2988\" data-end=\"2991\" \/><strong><span style=\"color: #ff0000;\">\u2022<\/span> <\/strong>WhatsApp, Telegram veya Viber \u00fczerinden bizimle ileti\u015fime ge\u00e7in veya a\u015fa\u011f\u0131daki rezervasyon formunu doldurun<\/p>","protected":false},"excerpt":{"rendered":"<p>Kemer'den her \u015fey dahil deniz bal\u0131k\u00e7\u0131l\u0131\u011f\u0131 turu: kahvalt\u0131, \u00f6\u011fle yeme\u011fi, y\u00fczme molalar\u0131 ve bal\u0131k tutma ekipmanlar\u0131. Otel transferi dahil Akdeniz'de keyfini \u00e7\u0131kar\u0131n.<\/p>","protected":false},"featured_media":11095,"comment_status":"open","ping_status":"closed","template":"","meta":{"_acf_changed":false},"product_brand":[],"product_cat":[37],"product_tag":[65],"class_list":{"0":"post-11094","1":"product","2":"type-product","3":"status-publish","4":"has-post-thumbnail","6":"product_cat-kemer","7":"product_tag-kemer","9":"first","10":"instock","11":"sale","12":"featured","13":"shipping-taxable","14":"purchasable","15":"product-type-ovabrw_car_rental"},"acf":[],"aioseo_notices":[],"_links":{"self":[{"href":"https:\/\/joinusexcursions.com\/tr\/wp-json\/wp\/v2\/product\/11094","targetHints":{"allow":["GET"]}}],"collection":[{"href":"https:\/\/joinusexcursions.com\/tr\/wp-json\/wp\/v2\/product"}],"about":[{"href":"https:\/\/joinusexcursions.com\/tr\/wp-json\/wp\/v2\/types\/product"}],"replies":[{"embeddable":true,"href":"https:\/\/joinusexcursions.com\/tr\/wp-json\/wp\/v2\/comments?post=11094"}],"wp:featuredmedia":[{"embeddable":true,"href":"https:\/\/joinusexcursions.com\/tr\/wp-json\/wp\/v2\/media\/11095"}],"wp:attachment":[{"href":"https:\/\/joinusexcursions.com\/tr\/wp-json\/wp\/v2\/media?parent=11094"}],"wp:term":[{"taxonomy":"product_brand","embeddable":true,"href":"https:\/\/joinusexcursions.com\/tr\/wp-json\/wp\/v2\/product_brand?post=11094"},{"taxonomy":"product_cat","embeddable":true,"href":"https:\/\/joinusexcursions.com\/tr\/wp-json\/wp\/v2\/product_cat?post=11094"},{"taxonomy":"product_tag","embeddable":true,"href":"https:\/\/joinusexcursions.com\/tr\/wp-json\/wp\/v2\/product_tag?post=11094"}],"curies":[{"name":"wp","href":"https:\/\/api.w.org\/{rel}","templated":true}]}}