{"id":11103,"date":"2025-12-14T19:06:28","date_gmt":"2025-12-14T16:06:28","guid":{"rendered":"https:\/\/joinusexcursions.com\/?post_type=product&#038;p=11103"},"modified":"2026-04-13T19:36:11","modified_gmt":"2026-04-13T16:36:11","slug":"antalya-deniz-balikcilik","status":"publish","type":"product","link":"https:\/\/joinusexcursions.com\/tr\/tours\/antalya-sea-fishing\/","title":{"rendered":"Antalya Deniz Bal\u0131k\u00e7\u0131l\u0131\u011f\u0131 Turu \u2013 Her \u015eey Dahil"},"content":{"rendered":"<p data-start=\"283\" data-end=\"486\">Antalya Bal\u0131k Turu'na rezervasyon yap\u0131n ve Akdeniz'de rahatlat\u0131c\u0131 bir derin deniz bal\u0131k\u00e7\u0131l\u0131\u011f\u0131 deneyiminin tad\u0131n\u0131 \u00e7\u0131kar\u0131n. Kendi bal\u0131\u011f\u0131n\u0131z\u0131 tutun, \u00f6\u011fle yeme\u011fi i\u00e7in \u0131zgara yap\u0131n ve otel transferleri dahil yar\u0131m g\u00fcnl\u00fck tekne gezisinin keyfini \u00e7\u0131kar\u0131n.<\/p>\n<h2>\ud83c\udfa3 Overview of the Antalya Sea Fishing Tour<\/h2>\n<p data-start=\"505\" data-end=\"786\">Antalya'dan yar\u0131m g\u00fcnl\u00fck derin deniz bal\u0131k\u00e7\u0131l\u0131\u011f\u0131 maceras\u0131na kat\u0131larak Akdeniz'in sakin g\u00fczelli\u011fini deneyimleyin. Hem acemiler hem de deneyimli olta bal\u0131k\u00e7\u0131lar\u0131 i\u00e7in uygun olan bu turda bal\u0131k tutma, manzaral\u0131 seyir ve gemide lezzetli bir barbek\u00fc \u00f6\u011fle yeme\u011fi bir arada sunuluyor. Toplam s\u00fcre yakla\u015f\u0131k 5\u20135,5 saattir.<\/p>\n<h3>\ud83c\udf1f \u00d6ne \u00c7\u0131kanlar<\/h3>\n<p data-start=\"1071\" data-end=\"1299\"><span style=\"color: #ff0000;\"><strong>\u2022<\/strong> <\/span>\u00d6\u011fle yeme\u011fi i\u00e7in kendi bal\u0131\u011f\u0131n\u0131 yakala ve pi\u015fir<br data-start=\"1112\" data-end=\"1115\" \/><span style=\"color: #ff0000;\"><strong>\u2022<\/strong> <\/span>Modern bal\u0131k\u00e7\u0131l\u0131k ekipmanlar\u0131yla uzman rehberli\u011fi<br data-start=\"1162\" data-end=\"1165\" \/><span style=\"color: #ff0000;\"><strong>\u2022<\/strong> <\/span>60 metreye kadar derin deniz bal\u0131k\u00e7\u0131l\u0131\u011f\u0131<br data-start=\"1199\" data-end=\"1202\" \/><span style=\"color: #ff0000;\"><strong>\u2022<\/strong> <\/span>Antalya sahili ve Toros Da\u011flar\u0131'n\u0131n do\u011fal g\u00fczellikleri<br data-start=\"1258\" data-end=\"1261\" \/><span style=\"color: #ff0000;\"><strong>\u2022<\/strong> <\/span>Konfor i\u00e7in k\u00fc\u00e7\u00fck grup deneyimi<\/p>\n<h2>What to Expect on the Antalya Sea Fishing Tour<\/h2>\n<p data-start=\"1326\" data-end=\"1545\">G\u00fcn\u00fcn\u00fcz, otelinizden rahat bir \u015fekilde al\u0131nman\u0131z ve ard\u0131ndan marinaya transferinizle ba\u015flar. Dost canl\u0131s\u0131 kaptan\u0131n\u0131zdan k\u0131sa bir g\u00fcvenlik ve bal\u0131k\u00e7\u0131l\u0131k brifingi alman\u0131z\u0131n ard\u0131ndan, a\u00e7\u0131k Akdeniz'e yelken a\u00e7\u0131n.<\/p>\n<p data-start=\"1547\" data-end=\"1794\">Modern ekipmanlar ve sonar sistemleri kullanarak 60 metre derinli\u011fe kadar ula\u015fan bal\u0131klar\u0131 derin deniz noktalar\u0131nda avlay\u0131n. \u0130ster acemi ister deneyimli bir bal\u0131k\u00e7\u0131 olun, rehberiniz bu deneyim boyunca size yard\u0131mc\u0131 olacak ve su \u00fczerindeki keyifli ve rahatlat\u0131c\u0131 zaman\u0131n\u0131z\u0131 garanti edecektir.<\/p>\n<p data-start=\"1796\" data-end=\"2081\">Bal\u0131k av\u0131 seans\u0131 sona erdi\u011finde, yakalad\u0131\u011f\u0131n\u0131z taze bal\u0131klar\u0131 teknede \u0131zgarada pi\u015firerek muhte\u015fem sahil \u015feridinde gezerken lezzetli bir \u00f6\u011fle yeme\u011fi olarak tad\u0131n\u0131 \u00e7\u0131kar\u0131n. Denizin ve meltemin tad\u0131n\u0131 \u00e7\u0131kar\u0131p biraz dinlendikten sonra limana d\u00f6n\u00fcn ve unutulmaz an\u0131larla otelinize transfer olun.<\/p>\n<p class=\"mhm-jue-internal-links\">B\u00f6lgede daha fazla macera m\u0131 ar\u0131yorsunuz? Tam listemizi ke\u015ffedin <a href=\"\/tr\/destinasyon\/antalya-turlari\/\">Antalya turlar\u0131<\/a> veya \u015funlara g\u00f6z at\u0131n <a href=\"\/tr\/turlar-2\/antalya-suluada-gunbatimi-tekne\/\">Antalya'dan Suluada Adas\u0131 G\u00fcn Bat\u0131m\u0131 Tekne Turu ve Ak\u015fam Yeme\u011fi<\/a> ba\u015fka unutulmaz bir deneyim i\u00e7in.<\/p>\n<h3>\ud83d\uddd3\ufe0f Tur Program\u0131<\/h3>\n<p data-start=\"2106\" data-end=\"2309\"><span style=\"color: #ff0000;\"><strong>\u2022<\/strong> <\/span>Antalya otellerinden alma (yakla\u015f\u0131k 07:30)<br data-start=\"2149\" data-end=\"2152\" \/><span style=\"color: #ff0000;\"><strong>\u2022<\/strong> <\/span>Marinada ho\u015f geldiniz brifingi<br data-start=\"2184\" data-end=\"2187\" \/><span style=\"color: #ff0000;\"><strong>\u2022<\/strong> <\/span>3-4 saat derin deniz bal\u0131k\u00e7\u0131l\u0131\u011f\u0131<br data-start=\"2218\" data-end=\"2221\" \/><span style=\"color: #ff0000;\"><strong>\u2022<\/strong> <\/span>\u00d6\u011fle yeme\u011finde yakalad\u0131klar\u0131n\u0131z\u0131 \u0131zgara yap\u0131p yiyin<br data-start=\"2259\" data-end=\"2262\" \/><span style=\"color: #ff0000;\"><strong>\u2022<\/strong> <\/span>Liman'a d\u00f6n\u00fc\u015f<br data-start=\"2288\" data-end=\"2291\" \/><span style=\"color: #ff0000;\"><strong>\u2022<\/strong> <\/span>Otele teslim<\/p>\n<h3>\u2139\ufe0f Faydal\u0131 Bilgiler<\/h3>\n<p data-start=\"2438\" data-end=\"2649\"><strong><span style=\"color: #ff0000;\">\u2022<\/span> <\/strong>S\u00fcre: Yakla\u015f\u0131k 4\u20136 saat (yar\u0131m g\u00fcnl\u00fck tur)<br data-start=\"2483\" data-end=\"2486\" \/><strong><span style=\"color: #ff0000;\">\u2022<\/span> <\/strong>D\u00fc\u015f\u00fck ila orta d\u00fczey fiziksel aktivite<br data-start=\"2521\" data-end=\"2524\" \/><strong><span style=\"color: #ff0000;\">\u2022<\/span> <\/strong>5 ya\u015f alt\u0131 \u00e7ocuklar \u00fccretsiz seyahat eder (ayr\u0131 koltuk gerekmez)<br data-start=\"2573\" data-end=\"2576\" \/><strong><span style=\"color: #ff0000;\">\u2022<\/span> <\/strong>\u0130stek \u00fczerine vejetaryen yemekler mevcuttur<br data-start=\"2617\" data-end=\"2620\" \/><strong><span style=\"color: #ff0000;\">\u2022<\/span> <\/strong>Tur hava durumuna ba\u011fl\u0131d\u0131r<\/p>\n<p class=\"mhm-jue-external-link\">Hedef hakk\u0131nda daha fazla bilgi edinin <a href=\"https:\/\/en.wikipedia.org\/wiki\/Antalya\" target=\"_blank\" rel=\"noopener\">Antalya Wikipedia page<\/a>.<\/p>\n<h3>\ud83c\udf92 Getirilecekler<\/h3>\n<p data-start=\"2673\" data-end=\"2797\"><strong><span style=\"color: #ff0000;\">\u2022<\/span> <\/strong>Rahat k\u0131yafetler<br data-start=\"2694\" data-end=\"2697\" \/><strong><span style=\"color: #ff0000;\">\u2022<\/span> <\/strong>Mayo ve havlu<br data-start=\"2717\" data-end=\"2720\" \/><strong><span style=\"color: #ff0000;\">\u2022<\/span> <\/strong>G\u00fcne\u015f kremi ve \u015fapka<br data-start=\"2739\" data-end=\"2742\" \/><strong><span style=\"color: #ff0000;\">\u2022<\/span> <\/strong>Kamera veya ak\u0131ll\u0131 telefon<br data-start=\"2764\" data-end=\"2767\" \/><strong><span style=\"color: #ff0000;\">\u2022<\/span> <\/strong>Ki\u015fisel harcamalar i\u00e7in nakit<\/p>\n<h3>\ud83d\udeab Uygun De\u011fil<\/h3>\n<p data-start=\"2824\" data-end=\"2862\"><strong><span style=\"color: #ff0000;\">\u2022<\/span> <\/strong>\u015eiddetli deniz tutmas\u0131 olan misafirler<\/p>\n<h3>\ud83d\udcb8 Fiyat ve Rezervasyon<\/h3>\n<p data-start=\"2890\" data-end=\"3073\"><strong><span style=\"color: #ff0000;\">\u2022<\/span> <\/strong>Fiyatlar sezona ve m\u00fcsaitli\u011fe g\u00f6re de\u011fi\u015fiklik g\u00f6sterebilir<br data-start=\"2944\" data-end=\"2947\" \/><strong><span style=\"color: #ff0000;\">\u2022<\/span> <\/strong>\u015eimdi rezervasyon yap\u0131n ve tur g\u00fcn\u00fc \u00f6deme yap\u0131n<br data-start=\"2988\" data-end=\"2991\" \/><strong><span style=\"color: #ff0000;\">\u2022<\/span> <\/strong>WhatsApp, Telegram veya Viber \u00fczerinden bizimle ileti\u015fime ge\u00e7in veya a\u015fa\u011f\u0131daki rezervasyon formunu doldurun<\/p>","protected":false},"excerpt":{"rendered":"<p>Antalya'dan derin deniz bal\u0131k\u00e7\u0131l\u0131\u011f\u0131 turuna kat\u0131l\u0131n. Kendi bal\u0131\u011f\u0131n\u0131z\u0131 tutun ve \u0131zgarada pi\u015firin, otel transferleri dahil gemide kahvalt\u0131 ve \u00f6\u011fle yeme\u011finin tad\u0131n\u0131 \u00e7\u0131kar\u0131n.<\/p>","protected":false},"featured_media":11095,"comment_status":"open","ping_status":"closed","template":"","meta":{"_acf_changed":false},"product_brand":[],"product_cat":[32],"product_tag":[69],"class_list":{"0":"post-11103","1":"product","2":"type-product","3":"status-publish","4":"has-post-thumbnail","6":"product_cat-antalya","7":"product_tag-antalya","9":"first","10":"instock","11":"sale","12":"featured","13":"shipping-taxable","14":"purchasable","15":"product-type-ovabrw_car_rental"},"acf":[],"aioseo_notices":[],"_links":{"self":[{"href":"https:\/\/joinusexcursions.com\/tr\/wp-json\/wp\/v2\/product\/11103","targetHints":{"allow":["GET"]}}],"collection":[{"href":"https:\/\/joinusexcursions.com\/tr\/wp-json\/wp\/v2\/product"}],"about":[{"href":"https:\/\/joinusexcursions.com\/tr\/wp-json\/wp\/v2\/types\/product"}],"replies":[{"embeddable":true,"href":"https:\/\/joinusexcursions.com\/tr\/wp-json\/wp\/v2\/comments?post=11103"}],"wp:featuredmedia":[{"embeddable":true,"href":"https:\/\/joinusexcursions.com\/tr\/wp-json\/wp\/v2\/media\/11095"}],"wp:attachment":[{"href":"https:\/\/joinusexcursions.com\/tr\/wp-json\/wp\/v2\/media?parent=11103"}],"wp:term":[{"taxonomy":"product_brand","embeddable":true,"href":"https:\/\/joinusexcursions.com\/tr\/wp-json\/wp\/v2\/product_brand?post=11103"},{"taxonomy":"product_cat","embeddable":true,"href":"https:\/\/joinusexcursions.com\/tr\/wp-json\/wp\/v2\/product_cat?post=11103"},{"taxonomy":"product_tag","embeddable":true,"href":"https:\/\/joinusexcursions.com\/tr\/wp-json\/wp\/v2\/product_tag?post=11103"}],"curies":[{"name":"wp","href":"https:\/\/api.w.org\/{rel}","templated":true}]}}