{"id":11104,"date":"2025-12-14T19:31:52","date_gmt":"2025-12-14T16:31:52","guid":{"rendered":"https:\/\/joinusexcursions.com\/?post_type=product&#038;p=11104"},"modified":"2026-04-13T19:36:11","modified_gmt":"2026-04-13T16:36:11","slug":"belek-deniz-balikcilik","status":"publish","type":"product","link":"https:\/\/joinusexcursions.com\/tr\/tours\/belek-sea-fishing\/","title":{"rendered":"Belek Deniz Bal\u0131k\u00e7\u0131l\u0131k Turu \u2013 Her \u015eey Dahil"},"content":{"rendered":"<p data-start=\"263\" data-end=\"423\">Belek Bal\u0131k Turlar\u0131'n\u0131 rezerve edin ve Akdeniz'de huzurlu bir a\u00e7\u0131k deniz bal\u0131k\u00e7\u0131l\u0131k deneyiminin tad\u0131n\u0131 \u00e7\u0131kar\u0131n. Kahvalt\u0131, \u00f6\u011fle yeme\u011fi, olta tak\u0131m\u0131 ve otel transferleri dahildir.<\/p>\n<h2>\ud83c\udfa3 Overview of the Belek Sea Fishing Tour<\/h2>\n<p data-start=\"442\" data-end=\"738\">Yo\u011fun tatil beldesi atmosferinden uzakla\u015f\u0131n ve Belek Bal\u0131k Turu ile huzurlu bir bal\u0131k tutma maceras\u0131n\u0131n tad\u0131n\u0131 \u00e7\u0131kar\u0131n. Hem acemiler hem de deneyimli bal\u0131k\u00e7\u0131lar i\u00e7in uygun olan bu tur, rahatlamay\u0131, do\u011fay\u0131 ve sporu birle\u015ftirir. Sizi en iyi bal\u0131k\u00e7\u0131l\u0131k noktalar\u0131na g\u00f6t\u00fcrecek uzman kaptan\u0131n\u0131zla denizde ferahlat\u0131c\u0131 bir g\u00fcn ge\u00e7irin.<\/p>\n<h3>\ud83c\udf1f<\/h3>\n<h3>\ud83c\udf0a Tur \u00d6zetleri<\/h3>\n<p data-start=\"1074\" data-end=\"1370\"><strong><span style=\"color: #ff0000;\">\u2022<\/span> <\/strong>Profesyonel bir bal\u0131k\u00e7\u0131 kaptan\u0131ndan uzman rehberli\u011fi<br data-start=\"1127\" data-end=\"1130\" \/><strong><span style=\"color: #ff0000;\">\u2022<\/span> <\/strong>30-60 metre derinlikte derin deniz bal\u0131k\u00e7\u0131l\u0131\u011f\u0131<br data-start=\"1174\" data-end=\"1177\" \/><strong><span style=\"color: #ff0000;\">\u2022<\/span> <\/strong>Levrek, orkinos, kalamar ve ahtapot gibi \u00e7e\u015fitli t\u00fcrleri yakalay\u0131n<br data-start=\"1240\" data-end=\"1243\" \/><strong><span style=\"color: #ff0000;\">\u2022<\/span> <\/strong>Kristal berrakl\u0131\u011f\u0131nda Akdeniz sular\u0131nda y\u00fcz\u00fcn ve dinlenin<br data-start=\"1297\" data-end=\"1300\" \/><strong><span style=\"color: #ff0000;\">\u2022<\/span> <\/strong>Geleneksel bir bal\u0131k\u00e7\u0131 teknesinde ki\u015fisel, k\u00fc\u00e7\u00fck grup deneyimi<\/p>\n<h2>What to Expect on the Belek Sea Fishing Tour<\/h2>\n<div data-start=\"1397\" data-end=\"1583\">G\u00fcn\u00fcn\u00fcz Belek'teki otelinizden al\u0131n\u0131\u015f\u0131n\u0131zla ba\u015flar, ard\u0131ndan marinaya transfer edilirsiniz. Dost canl\u0131s\u0131 kaptan\u0131n\u0131z ve m\u00fcrettebat\u0131n\u0131zla tan\u0131\u015f\u0131n, ard\u0131ndan geleneksel bir bal\u0131k\u00e7\u0131 teknesiyle denize a\u00e7\u0131l\u0131n.<\/div>\n<div data-start=\"1585\" data-end=\"1849\">Deneyimli kaptan sizi en iyi bal\u0131k tutma noktalar\u0131na y\u00f6nlendirecek, burada kaliteli ekipmanlarla 30 ila 60 metre derinliklerde bal\u0131k tutacaks\u0131n\u0131z. \u0130ster bal\u0131k\u00e7\u0131l\u0131\u011fa yeni ba\u015flayan biri olun ister deneyimli bir bal\u0131k\u00e7\u0131, m\u00fcrettebat ba\u015far\u0131l\u0131 ve keyifli bir deneyim ya\u015faman\u0131z\u0131 sa\u011flayacakt\u0131r.<\/div>\n<div data-start=\"1851\" data-end=\"2003\">Denizdeyken gemide lezzetli bir kahvalt\u0131 ve \u00f6\u011fle yeme\u011finin tad\u0131n\u0131 \u00e7\u0131kar\u0131n. Ayr\u0131ca Akdeniz'in g\u00f6z al\u0131c\u0131 sular\u0131nda y\u00fczme ve dinlenme f\u0131rsat\u0131n\u0131z olacak.<\/div>\n<div data-start=\"2005\" data-end=\"2145\">Sabah bal\u0131k tutma keyfinin ard\u0131ndan marinaya d\u00f6n\u00fcn ve unutulmaz an\u0131lar ve yakalad\u0131\u011f\u0131n\u0131z bal\u0131klar\u0131n verdi\u011fi hazla otelinize geri d\u00f6n\u00fcn.<\/div>\n<p class=\"mhm-jue-internal-links\">B\u00f6lgede daha fazla macera m\u0131 ar\u0131yorsunuz? Tam listemizi ke\u015ffedin <a href=\"\/tr\/destinasyon\/belek-turlari\/\">Belek tours<\/a> veya \u015funlara g\u00f6z at\u0131n <a href=\"\/tr\/turlar-2\/belek-land-of-legends-gece\/\">Belek'ten The Land of Legends Gece G\u00f6sterisi<\/a> ba\u015fka unutulmaz bir deneyim i\u00e7in.<\/p>\n<h3>\ud83d\uddd3\ufe0f Tur Program\u0131<\/h3>\n<p data-start=\"2170\" data-end=\"2443\"><strong><span style=\"color: #ff0000;\">\u2022<\/span> <\/strong>06:45 \u2013 Belek otellerinden alma<br data-start=\"2207\" data-end=\"2210\" \/><strong><span style=\"color: #ff0000;\">\u2022<\/span> <\/strong>Kaptan\u0131n\u0131z ve m\u00fcrettebatla marinada bulu\u015fun<br data-start=\"2252\" data-end=\"2255\" \/><strong><span style=\"color: #ff0000;\">\u2022<\/span> <\/strong>Derin deniz bal\u0131k\u00e7\u0131l\u0131\u011f\u0131 i\u00e7in en iyi bal\u0131k\u00e7\u0131l\u0131k noktalar\u0131na gidin<br data-start=\"2308\" data-end=\"2311\" \/><strong><span style=\"color: #ff0000;\">\u2022<\/span> <\/strong>Kahvalt\u0131 ve \u00f6\u011fle yeme\u011fi gemide servis edilir<br data-start=\"2347\" data-end=\"2350\" \/><strong><span style=\"color: #ff0000;\">\u2022<\/span> <\/strong>\u0130ste\u011fe ba\u011fl\u0131 y\u00fczme ve dinlenme molalar\u0131<br data-start=\"2391\" data-end=\"2394\" \/><strong><span style=\"color: #ff0000;\">\u2022<\/span> <\/strong>\u00d6\u011flene kadar limana ve otele d\u00f6n\u00fc\u015f<\/p>\n<h3>\u2139\ufe0f Faydal\u0131 Bilgiler<\/h3>\n<p data-start=\"2472\" data-end=\"2611\"><strong><span style=\"color: #ff0000;\">\u2022<\/span> <\/strong>S\u00fcre: yakl. 5\u20135,5 saat<br data-start=\"2503\" data-end=\"2506\" \/><strong><span style=\"color: #ff0000;\">\u2022<\/span> <\/strong>G\u00fcnl\u00fck sabah hareketleri<br data-start=\"2532\" data-end=\"2535\" \/><strong><span style=\"color: #ff0000;\">\u2022<\/span> <\/strong>Deneyim gerekmez<br data-start=\"2559\" data-end=\"2562\" \/><strong><span style=\"color: #ff0000;\">\u2022<\/span> <\/strong>Rahat bir deneyim i\u00e7in k\u00fc\u00e7\u00fck grup turu<\/p>\n<p class=\"mhm-jue-external-link\">Hedef hakk\u0131nda daha fazla bilgi edinin <a href=\"https:\/\/en.wikipedia.org\/wiki\/Belek\" target=\"_blank\" rel=\"noopener\">Belek Wikipedia page<\/a>.<\/p>\n<h3>\ud83c\udf92 Getirilecekler<\/h3>\n<p data-start=\"2635\" data-end=\"2752\"><strong><span style=\"color: #ff0000;\">\u2022<\/span> <\/strong>Rahat k\u0131yafetler<br data-start=\"2657\" data-end=\"2660\" \/><strong><span style=\"color: #ff0000;\">\u2022<\/span> <\/strong>G\u00fcne\u015f kremi<br data-start=\"2671\" data-end=\"2674\" \/><strong><span style=\"color: #ff0000;\">\u2022<\/span> <\/strong>Kamera veya ak\u0131ll\u0131 telefon<br data-start=\"2696\" data-end=\"2699\" \/><strong><span style=\"color: #ff0000;\">\u2022<\/span> <\/strong>Havlu ve mayo<br data-start=\"2719\" data-end=\"2722\" \/><strong><span style=\"color: #ff0000;\">\u2022<\/span> <\/strong>Ki\u015fisel harcamalar i\u00e7in nakit<\/p>\n<h3>\ud83d\udeab Uygun De\u011fil<\/h3>\n<p data-start=\"2779\" data-end=\"2836\"><strong><span style=\"color: #ff0000;\">\u2022<\/span> <\/strong>Hamile kad\u0131nlar<br data-start=\"2795\" data-end=\"2798\" \/><strong><span style=\"color: #ff0000;\">\u2022<\/span> <\/strong>\u015eiddetli deniz tutmas\u0131 olan misafirler<\/p>\n<h3>\ud83d\udcb8 Fiyat ve Rezervasyon<\/h3>\n<p data-start=\"2864\" data-end=\"3045\"><strong><span style=\"color: #ff0000;\">\u2022<\/span> <\/strong>Fiyatlar mevsime ve grup b\u00fcy\u00fckl\u00fc\u011f\u00fcne g\u00f6re de\u011fi\u015fiklik g\u00f6sterebilir<br data-start=\"2916\" data-end=\"2919\" \/><strong><span style=\"color: #ff0000;\">\u2022<\/span> <\/strong>\u015eimdi rezervasyon yap\u0131n ve tur g\u00fcn\u00fc \u00f6deme yap\u0131n<br data-start=\"2960\" data-end=\"2963\" \/><strong><span style=\"color: #ff0000;\">\u2022<\/span> <\/strong>WhatsApp, Telegram veya Viber \u00fczerinden bizimle ileti\u015fime ge\u00e7in veya a\u015fa\u011f\u0131daki rezervasyon formunu doldurun<\/p>","protected":false},"excerpt":{"rendered":"<p>Belek'ten derin deniz bal\u0131k\u00e7\u0131l\u0131\u011f\u0131 turuna kat\u0131l\u0131n. Akdeniz'de bal\u0131k tutman\u0131n, y\u00fczmenin keyfini \u00e7\u0131kar\u0131n ve otel transferleri dahil olmak \u00fczere teknede kahvalt\u0131 ve \u00f6\u011fle yeme\u011finin tad\u0131n\u0131 \u00e7\u0131kar\u0131n.<\/p>","protected":false},"featured_media":11095,"comment_status":"open","ping_status":"closed","template":"","meta":{"_acf_changed":false},"product_brand":[],"product_cat":[43],"product_tag":[66],"class_list":{"0":"post-11104","1":"product","2":"type-product","3":"status-publish","4":"has-post-thumbnail","6":"product_cat-belek","7":"product_tag-belek","9":"first","10":"instock","11":"sale","12":"featured","13":"shipping-taxable","14":"purchasable","15":"product-type-ovabrw_car_rental"},"acf":[],"aioseo_notices":[],"_links":{"self":[{"href":"https:\/\/joinusexcursions.com\/tr\/wp-json\/wp\/v2\/product\/11104","targetHints":{"allow":["GET"]}}],"collection":[{"href":"https:\/\/joinusexcursions.com\/tr\/wp-json\/wp\/v2\/product"}],"about":[{"href":"https:\/\/joinusexcursions.com\/tr\/wp-json\/wp\/v2\/types\/product"}],"replies":[{"embeddable":true,"href":"https:\/\/joinusexcursions.com\/tr\/wp-json\/wp\/v2\/comments?post=11104"}],"wp:featuredmedia":[{"embeddable":true,"href":"https:\/\/joinusexcursions.com\/tr\/wp-json\/wp\/v2\/media\/11095"}],"wp:attachment":[{"href":"https:\/\/joinusexcursions.com\/tr\/wp-json\/wp\/v2\/media?parent=11104"}],"wp:term":[{"taxonomy":"product_brand","embeddable":true,"href":"https:\/\/joinusexcursions.com\/tr\/wp-json\/wp\/v2\/product_brand?post=11104"},{"taxonomy":"product_cat","embeddable":true,"href":"https:\/\/joinusexcursions.com\/tr\/wp-json\/wp\/v2\/product_cat?post=11104"},{"taxonomy":"product_tag","embeddable":true,"href":"https:\/\/joinusexcursions.com\/tr\/wp-json\/wp\/v2\/product_tag?post=11104"}],"curies":[{"name":"wp","href":"https:\/\/api.w.org\/{rel}","templated":true}]}}