{"id":11106,"date":"2025-12-14T19:44:44","date_gmt":"2025-12-14T16:44:44","guid":{"rendered":"https:\/\/joinusexcursions.com\/?post_type=product&#038;p=11106"},"modified":"2026-04-18T03:36:54","modified_gmt":"2026-04-18T00:36:54","slug":"side-deniz-balikcilik","status":"publish","type":"product","link":"https:\/\/joinusexcursions.com\/tr\/tours\/side-sea-fishing\/","title":{"rendered":"Side Deniz Bal\u0131k\u00e7\u0131l\u0131\u011f\u0131 Turu \u2013 Her \u015eey Dahil"},"content":{"rendered":"<p data-start=\"312\" data-end=\"478\">Side Bal\u0131k Tutma Gezisi'ne rezervasyon yap\u0131n ve bal\u0131k tutma, y\u00fczme ve deneyimli kaptan rehberli\u011fi ile yar\u0131m g\u00fcnl\u00fck rahatlat\u0131c\u0131 bir Akdeniz gezisinin tad\u0131n\u0131 \u00e7\u0131kar\u0131n. Ekipman ve otele transfer dahildir.<\/p>\n<h2>\ud83c\udfa3 Overview of the Side Sea Fishing Tour<\/h2>\n<p data-start=\"497\" data-end=\"868\">Side Bal\u0131k Av\u0131 Turu ile p\u0131r\u0131l p\u0131r\u0131l mavi Akdeniz'de bal\u0131k tutman\u0131n keyfini ya\u015fay\u0131n. Bu yar\u0131m g\u00fcnl\u00fck macera, 10 metrelik konforlu bir bal\u0131k\u00e7\u0131 teknesinde bal\u0131k tutmay\u0131, dinlenmeyi ve manzaral\u0131 seyirleri birle\u015ftiriyor. Yeni ba\u015flayanlar, deneyimli bal\u0131k\u00e7\u0131lar veya sadece dinlenmek, g\u00fcne\u015flenmek ve y\u00fczmek isteyen misafirler i\u00e7in idealdir. Aktarmalar dahil toplam s\u00fcre yakla\u015f\u0131k 5 saattir.<\/p>\n<h3>\ud83c\udf1f \u00d6ne \u00c7\u0131kanlar<\/h3>\n<p data-start=\"1263\" data-end=\"1538\"><span style=\"color: #ff0000;\"><strong>\u2022<\/strong> <\/span>K\u00fc\u00e7\u00fck bir teknede otantik bal\u0131k\u00e7\u0131l\u0131k deneyimi (maks. 12 misafir)<br data-start=\"1326\" data-end=\"1329\" \/><span style=\"color: #ff0000;\"><strong>\u2022<\/strong> <\/span>Profesyonel bir yerel bal\u0131k\u00e7\u0131 rehberli\u011finde<br data-start=\"1371\" data-end=\"1374\" \/><span style=\"color: #ff0000;\"><strong>\u2022<\/strong> <\/span>30-60 metre derinlikte sonar teknolojisi kullanarak bal\u0131k tutmak<br data-start=\"1422\" data-end=\"1425\" \/><span style=\"color: #ff0000;\"><strong>\u2022<\/strong> <\/span>Y\u00fczme ve g\u00fcne\u015flenme molalar\u0131yla rahat bir atmosfer<br data-start=\"1481\" data-end=\"1484\" \/><span style=\"color: #ff0000;\"><strong>\u2022<\/strong> <\/span>Sabah ve \u00f6\u011fleden sonra tur se\u00e7enekleri her g\u00fcn mevcuttur<\/p>\n<h2>What to Expect on the Side Sea Fishing Tour<\/h2>\n<p data-start=\"1565\" data-end=\"1812\">Bal\u0131k tutma maceran\u0131z Side b\u00f6lgesindeki otelinizden limana konforlu bir transferle ba\u015flar. Var\u0131\u015fta g\u00fcler y\u00fczl\u00fc kaptan taraf\u0131ndan kar\u015f\u0131lanacak ve bal\u0131k\u00e7\u0131l\u0131k ekipmanlar\u0131, rota ve g\u00fcvenlik kurallar\u0131 hakk\u0131nda k\u0131sa bir bilgilendirme alacaks\u0131n\u0131z.<\/p>\n<p data-start=\"1814\" data-end=\"2031\">Tekne daha sonra Karaburun veya Yunus Adas\u0131 yak\u0131nlar\u0131ndaki zengin bal\u0131k\u00e7\u0131l\u0131k alanlar\u0131na do\u011fru y\u00f6nelir. Daha \u00f6nce hi\u00e7 bal\u0131k tutmam\u0131\u015f olsan\u0131z da, tecr\u00fcbeli olsan\u0131z da sakin Akdeniz sular\u0131nda 3-4 keyifli saat bal\u0131k tutarak ge\u00e7irin.<\/p>\n<p data-start=\"2033\" data-end=\"2268\">Sabah turu s\u0131ras\u0131nda teknede hafif bir kahvalt\u0131 ikram edilmektedir. T\u00fcm misafirler berrak sularda ferahlat\u0131c\u0131 bir y\u00fczme molas\u0131 verebilirler. Denizde dinlendirici ve keyifli bir zaman\u0131n ard\u0131ndan Side Liman\u0131'na d\u00f6n\u00fc\u015f ve otelinize transfer.<\/p>\n<p class=\"mhm-jue-internal-links\">B\u00f6lgede daha fazla macera m\u0131 ar\u0131yorsunuz? Tam listemizi ke\u015ffedin <a href=\"\/tr\/destinasyon\/side-turlari\/\">Yan geziler<\/a> veya \u015funlara g\u00f6z at\u0131n <a href=\"\/tr\/turlar-2\/side-land-of-legends-gece\/\">Side'den Legendlar Diyar\u0131 Gece \u015eovu<\/a> ba\u015fka unutulmaz bir deneyim i\u00e7in.<\/p>\n<h3>\ud83d\uddd3\ufe0f Tur Program\u0131<\/h3>\n<p data-start=\"2293\" data-end=\"2583\"><span style=\"color: #ff0000;\"><strong>\u2022<\/strong> <\/span>Side b\u00f6lgesindeki otellerden alma<br data-start=\"2332\" data-end=\"2335\" \/><span style=\"color: #ff0000;\"><strong>\u2022<\/strong> <\/span>Side Liman\u0131'na Var\u0131\u015f ve Kaptan Taraf\u0131ndan Kar\u015f\u0131lama<br data-start=\"2387\" data-end=\"2390\" \/><span style=\"color: #ff0000;\"><strong>\u2022<\/strong> <\/span>Bal\u0131k tutma alanlar\u0131 ve ekipmanlar\u0131 hakk\u0131nda k\u0131sa bilgilendirme<br data-start=\"2437\" data-end=\"2440\" \/><span style=\"color: #ff0000;\"><strong>\u2022<\/strong> <\/span>3\u20134 saat deniz bal\u0131k\u00e7\u0131l\u0131\u011f\u0131 ve dinlenme<br data-start=\"2481\" data-end=\"2484\" \/><span style=\"color: #ff0000;\"><strong>\u2022<\/strong> <\/span>Hafif kahvalt\u0131 (sabah turu) ve y\u00fczme molas\u0131<br data-start=\"2535\" data-end=\"2538\" \/><span style=\"color: #ff0000;\"><strong>\u2022<\/strong> <\/span>Side Liman\u0131'na d\u00f6n<br data-start=\"2562\" data-end=\"2565\" \/><span style=\"color: #ff0000;\"><strong>\u2022<\/strong> <\/span>Otele teslim<\/p>\n<h3>\u2139\ufe0f Faydal\u0131 Bilgiler<\/h3>\n<p data-start=\"2612\" data-end=\"2838\"><span style=\"color: #ff0000;\"><strong>\u2022<\/strong> <\/span>S\u00fcre: yakla\u015f\u0131k 5 saat (transferler dahil)<br data-start=\"2661\" data-end=\"2664\" \/><span style=\"color: #ff0000;\"><strong>\u2022<\/strong> <\/span>Tekne kapasitesi: 12 misafire kadar<br data-start=\"2696\" data-end=\"2699\" \/><span style=\"color: #ff0000;\"><strong>\u2022<\/strong> <\/span>Tecr\u00fcbesiz bal\u0131k\u00e7\u0131 kabul edilir<br data-start=\"2731\" data-end=\"2734\" \/><span style=\"color: #ff0000;\"><strong>\u2022<\/strong> <\/span>\u0130ste\u011fe ba\u011fl\u0131 bal\u0131k temizleme ve pi\u015firme hizmeti (ki\u015fi ba\u015f\u0131 5 \u20ac)<br data-start=\"2794\" data-end=\"2797\" \/><span style=\"color: #ff0000;\"><strong>\u2022<\/strong> <\/span>G\u00fcnde iki sefer: 08:00 ve 15:00<\/p>\n<p class=\"mhm-jue-external-link\">Hedef hakk\u0131nda daha fazla bilgi edinin <a href=\"https:\/\/en.wikipedia.org\/wiki\/Side,_Turkey\" target=\"_blank\" rel=\"noopener\">Side, Turkey Wikipedia page<\/a>.<\/p>\n<h3>\ud83c\udf92 Getirilecekler<\/h3>\n<p data-start=\"2635\" data-end=\"2752\"><strong><span style=\"color: #ff0000;\">\u2022<\/span> <\/strong>Rahat k\u0131yafetler<br data-start=\"2657\" data-end=\"2660\" \/><strong><span style=\"color: #ff0000;\">\u2022<\/span> <\/strong>G\u00fcne\u015f kremi<br data-start=\"2671\" data-end=\"2674\" \/><strong><span style=\"color: #ff0000;\">\u2022<\/span> <\/strong>Kamera veya ak\u0131ll\u0131 telefon<br data-start=\"2696\" data-end=\"2699\" \/><strong><span style=\"color: #ff0000;\">\u2022<\/span> <\/strong>Havlu ve mayo<br data-start=\"2719\" data-end=\"2722\" \/><strong><span style=\"color: #ff0000;\">\u2022<\/span> <\/strong>Ki\u015fisel harcamalar i\u00e7in nakit<\/p>\n<h3>\ud83d\udeab Uygun De\u011fil<\/h3>\n<p data-start=\"2779\" data-end=\"2836\"><strong><span style=\"color: #ff0000;\">\u2022<\/span> <\/strong>Hamile kad\u0131nlar<br data-start=\"2795\" data-end=\"2798\" \/><strong><span style=\"color: #ff0000;\">\u2022<\/span> <\/strong>\u015eiddetli deniz tutmas\u0131 olan misafirler<\/p>\n<h3>\ud83d\udcb8 Fiyat ve Rezervasyon<\/h3>\n<p data-start=\"2864\" data-end=\"3045\"><strong><span style=\"color: #ff0000;\">\u2022<\/span> <\/strong>Fiyatlar mevsime ve grup b\u00fcy\u00fckl\u00fc\u011f\u00fcne g\u00f6re de\u011fi\u015fiklik g\u00f6sterebilir<br data-start=\"2916\" data-end=\"2919\" \/><strong><span style=\"color: #ff0000;\">\u2022<\/span> <\/strong>\u015eimdi rezervasyon yap\u0131n ve tur g\u00fcn\u00fc \u00f6deme yap\u0131n<br data-start=\"2960\" data-end=\"2963\" \/><strong><span style=\"color: #ff0000;\">\u2022<\/span> <\/strong>WhatsApp, Telegram veya Viber \u00fczerinden bizimle ileti\u015fime ge\u00e7in veya a\u015fa\u011f\u0131daki rezervasyon formunu doldurun<\/p>","protected":false},"excerpt":{"rendered":"<p>Akdeniz'de y\u00fczme, uzman kaptan rehberli\u011fi ve ekipman dahil olmak \u00fczere bir Sazan Bal\u0131k\u00e7\u0131l\u0131\u011f\u0131 gezisinin tad\u0131n\u0131 \u00e7\u0131kar\u0131n. Otel transferli rahatlat\u0131c\u0131 yar\u0131m g\u00fcnl\u00fck tur.<\/p>","protected":false},"featured_media":11095,"comment_status":"open","ping_status":"closed","template":"","meta":{"_acf_changed":false},"product_brand":[],"product_cat":[46],"product_tag":[66],"class_list":{"0":"post-11106","1":"product","2":"type-product","3":"status-publish","4":"has-post-thumbnail","6":"product_cat-side","7":"product_tag-belek","9":"first","10":"instock","11":"sale","12":"featured","13":"shipping-taxable","14":"purchasable","15":"product-type-ovabrw_car_rental"},"acf":[],"aioseo_notices":[],"_links":{"self":[{"href":"https:\/\/joinusexcursions.com\/tr\/wp-json\/wp\/v2\/product\/11106","targetHints":{"allow":["GET"]}}],"collection":[{"href":"https:\/\/joinusexcursions.com\/tr\/wp-json\/wp\/v2\/product"}],"about":[{"href":"https:\/\/joinusexcursions.com\/tr\/wp-json\/wp\/v2\/types\/product"}],"replies":[{"embeddable":true,"href":"https:\/\/joinusexcursions.com\/tr\/wp-json\/wp\/v2\/comments?post=11106"}],"wp:featuredmedia":[{"embeddable":true,"href":"https:\/\/joinusexcursions.com\/tr\/wp-json\/wp\/v2\/media\/11095"}],"wp:attachment":[{"href":"https:\/\/joinusexcursions.com\/tr\/wp-json\/wp\/v2\/media?parent=11106"}],"wp:term":[{"taxonomy":"product_brand","embeddable":true,"href":"https:\/\/joinusexcursions.com\/tr\/wp-json\/wp\/v2\/product_brand?post=11106"},{"taxonomy":"product_cat","embeddable":true,"href":"https:\/\/joinusexcursions.com\/tr\/wp-json\/wp\/v2\/product_cat?post=11106"},{"taxonomy":"product_tag","embeddable":true,"href":"https:\/\/joinusexcursions.com\/tr\/wp-json\/wp\/v2\/product_tag?post=11106"}],"curies":[{"name":"wp","href":"https:\/\/api.w.org\/{rel}","templated":true}]}}