{"id":11116,"date":"2025-12-15T12:48:34","date_gmt":"2025-12-15T09:48:34","guid":{"rendered":"https:\/\/joinusexcursions.com\/?post_type=product&#038;p=11116"},"modified":"2026-04-13T19:36:11","modified_gmt":"2026-04-13T16:36:11","slug":"belek-tazi-kanyonu-rafting","status":"publish","type":"product","link":"https:\/\/joinusexcursions.com\/tr\/tours\/belek-tazi-canyon-rafting\/","title":{"rendered":"Belek'ten Taz\u0131 Kanyonu, Rafting ve Jeep Safari Turu"},"content":{"rendered":"<p data-start=\"412\" data-end=\"577\">Belek'ten Taz\u0131 Kanyonu manzaralar\u0131, heyecan verici bir Jeep Safari ve iste\u011fe ba\u011fl\u0131 K\u00f6pr\u00fcl\u00fc Kanyon'da raftingi birle\u015ftiren tam g\u00fcnl\u00fck bir maceraya haz\u0131r olun. Otelden alma ve b\u0131rakma dahildir.<\/p>\n<h2>\ud83c\udf04 Overview of the Belek Taz\u0131 Canyon Rafting Tour<\/h2>\n<p data-start=\"596\" data-end=\"892\">Belek, Kadriye ve Bo\u011fazkent'ten unutulmaz bir do\u011fa ve macera turu deneyimi ya\u015fay\u0131n. Toros Da\u011flar\u0131'nda 4x4 ciplerle seyahat edin, nefes kesici Taz\u0131 Kanyonu'nu ziyaret edin ve K\u00f6pr\u00fcl\u00fc Kanyon'da iste\u011fe ba\u011fl\u0131 beyaz su raftinginin tad\u0131n\u0131 \u00e7\u0131kar\u0131n. Manzara, adrenalin ve e\u011flencenin tam g\u00fcn s\u00fcren m\u00fckemmel bir kar\u0131\u015f\u0131m\u0131.<\/p>\n<h3>\ud83c\udf1f \u00d6ne \u00c7\u0131kanlar<\/h3>\n<p data-start=\"1240\" data-end=\"1520\"><span style=\"color: #ff0000;\"><strong>\u2022<\/strong> <\/span>Muhte\u015fem Taz\u0131 Kanyonu'nu (Kartal Yuvas\u0131 seyir teras\u0131) ziyaret edin<br data-start=\"1300\" data-end=\"1303\" \/><span style=\"color: #ff0000;\"><strong>\u2022<\/strong> <\/span>Toros Da\u011flar\u0131'nda Off-road Jeep Safari<br data-start=\"1354\" data-end=\"1357\" \/><span style=\"color: #ff0000;\"><strong>\u2022<\/strong> <\/span>K\u00f6pr\u00fcl\u00fc Kanyon'da profesyonel rehberler e\u015fli\u011finde iste\u011fe ba\u011fl\u0131 rafting<br data-start=\"1423\" data-end=\"1426\" \/><span style=\"color: #ff0000;\"><strong>\u2022<\/strong> <\/span>Harika foto\u011fraflar i\u00e7in panoramik manzaralar<br data-start=\"1467\" data-end=\"1470\" \/><span style=\"color: #ff0000;\"><strong>\u2022<\/strong> <\/span>Manzaral\u0131 nehir manzaralar\u0131 ve temiz da\u011f havas\u0131<\/p>\n<h2>What to Expect on the Belek Taz\u0131 Canyon Rafting Tour<\/h2>\n<div data-start=\"1547\" data-end=\"1795\">Macera, Belek veya yak\u0131ndaki b\u00f6lgelerdeki otelinizden konforlu bir kar\u015f\u0131lama ile ba\u015flayacak ve ard\u0131ndan Toros Da\u011flar\u0131'nda heyecan verici bir Jeep Safari yolculu\u011fu ile devam edecektir. Yol boyunca arazi parkurlar\u0131n\u0131, da\u011f manzaras\u0131n\u0131 ve g\u00fczel do\u011fal manzaralar\u0131 deneyimleyeceksiniz.<\/div>\n<div data-start=\"1797\" data-end=\"2064\">Tur ilk olarak K\u00f6pr\u00fcl\u00fc Kanyon'da bir nehir kenar\u0131 \u00fcss\u00fcne ula\u015f\u0131r. Burada iste\u011fe ba\u011fl\u0131 bir rafting deneyimine kat\u0131lmay\u0131 veya nehir kenar\u0131nda dinlenmeyi se\u00e7ebilirsiniz. Kat\u0131l\u0131rsan\u0131z, deneyimli e\u011fitmenler g\u00fcvenlik ekipmanlar\u0131n\u0131 ve temel e\u011fitimi sa\u011flar\u2014\u00f6nceki deneyim gerekmez.<\/div>\n<div data-start=\"2066\" data-end=\"2390\">Ard\u0131ndan, \u00fcst\u00fc a\u00e7\u0131k safari cippiyle gidilerek <strong data-start=\"2106\" data-end=\"2121\">Taz\u0131 Kanyonu<\/strong>, b\u00f6lgenin en etkileyici do\u011fal seyir teraslar\u0131ndan biri. Kartal Yuvas\u0131 olarak bilinen bu dramatik kanyon, nefes kesici panoramik manzaralar sunuyor. Foto\u011fraf \u00e7ekmek ve dinlenmek i\u00e7in seyir teras\u0131nda serbest zaman\u0131n tad\u0131n\u0131 \u00e7\u0131kar\u0131n. G\u00fcvenlik nedeniyle kanyonun i\u00e7ine girilmesine izin verilmemektedir.<\/div>\n<div data-start=\"2392\" data-end=\"2667\">Ard\u0131ndan, se\u00e7ilmi\u015fse ana rafting rotas\u0131 i\u00e7in K\u00f6pr\u00fcl\u00fc Kanyon'a d\u00f6n\u00fcn. Serinletici ak\u0131nt\u0131larda ilerleyin, y\u00fczme molalar\u0131n\u0131n keyfini \u00e7\u0131kar\u0131n ve \u00e7evredeki do\u011faya hayran kal\u0131n. G\u00fcn, unutulmaz an\u0131larla otelinize d\u00f6nmeden \u00f6nce lezzetli bir nehir kenar\u0131 \u00f6\u011fle yeme\u011fi ile sona erer.<\/div>\n<p class=\"mhm-jue-internal-links\">B\u00f6lgede daha fazla macera m\u0131 ar\u0131yorsunuz? Tam listemizi ke\u015ffedin <a href=\"\/tr\/destinasyon\/belek-turlari\/\">Belek tours<\/a> veya \u015funlara g\u00f6z at\u0131n <a href=\"\/tr\/turlar-2\/belek-land-of-legends-gece\/\">Belek'ten The Land of Legends Gece G\u00f6sterisi<\/a> ba\u015fka unutulmaz bir deneyim i\u00e7in.<\/p>\n<h3>\ud83d\uddd3\ufe0f Tur Program\u0131<\/h3>\n<p data-start=\"2692\" data-end=\"3064\"><span style=\"color: #ff0000;\"><strong>\u2022<\/strong> <\/span>Belek ve \u00e7evresindeki otellerden alma<br data-start=\"2741\" data-end=\"2744\" \/><span style=\"color: #ff0000;\"><strong>\u2022<\/strong> <\/span>Toros Da\u011flar\u0131'nda Jeep Safari<br data-start=\"2786\" data-end=\"2789\" \/><span style=\"color: #ff0000;\"><strong>\u2022<\/strong> <\/span>K\u00f6pr\u00fcl\u00fc Kanyon nehir kenar\u0131 \u00fcss\u00fcne var\u0131\u015f<br data-start=\"2831\" data-end=\"2834\" \/><span style=\"color: #ff0000;\"><strong>\u2022<\/strong> <\/span>Nehirde iste\u011fe ba\u011fl\u0131 rafting veya serbest zaman<br data-start=\"2878\" data-end=\"2881\" \/><span style=\"color: #ff0000;\"><strong>\u2022<\/strong> <\/span> Taz\u0131 Kanyonu seyir teras\u0131na ciple yolculuk<br data-start=\"2917\" data-end=\"2920\" \/><span style=\"color: #ff0000;\"><strong>\u2022<\/strong> <\/span>Foto\u011fraf \u00e7ekmek ve gezmek i\u00e7in bo\u015f vakit<br data-start=\"2958\" data-end=\"2961\" \/><span style=\"color: #ff0000;\"><strong>\u2022<\/strong> <\/span>K\u00f6pr\u00fcl\u00fc Kanyon'da Rafting Deneyimi (se\u00e7ildiyse)<br data-start=\"3013\" data-end=\"3016\" \/><span style=\"color: #ff0000;\"><strong>\u2022<\/strong> <\/span>Nehir kenar\u0131nda \u00f6\u011fle yeme\u011fi<br data-start=\"3033\" data-end=\"3036\" \/><span style=\"color: #ff0000;\"><strong>\u2022<\/strong> <\/span>Otele gidi\u015f-d\u00f6n\u00fc\u015f transferi<\/p>\n<h3>\u2139\ufe0f Faydal\u0131 Bilgiler<\/h3>\n<p data-start=\"3093\" data-end=\"3296\"><span style=\"color: #ff0000;\"><strong>\u2022<\/strong> <\/span>Tam g\u00fcnl\u00fck tur<br data-start=\"3108\" data-end=\"3111\" \/><span style=\"color: #ff0000;\"><strong>\u2022<\/strong> <\/span>Rafting tecr\u00fcbesi gerekmez<br data-start=\"3143\" data-end=\"3146\" \/><span style=\"color: #ff0000;\"><strong>\u2022<\/strong> <\/span>Macera ve do\u011fa severler i\u00e7in uygun<br data-start=\"3188\" data-end=\"3191\" \/><span style=\"color: #ff0000;\"><strong>\u2022<\/strong> <\/span>Kanyon eri\u015fimi yaln\u0131zca seyir noktalar\u0131yla s\u0131n\u0131rl\u0131d\u0131r<br data-start=\"3236\" data-end=\"3239\" \/><span style=\"color: #ff0000;\"><strong>\u2022<\/strong> <\/span>Tur program\u0131 hava ko\u015fullar\u0131na g\u00f6re de\u011fi\u015fiklik g\u00f6sterebilir<\/p>\n<p class=\"mhm-jue-external-link\">Hedef hakk\u0131nda daha fazla bilgi edinin <a href=\"https:\/\/en.wikipedia.org\/wiki\/K%C3%B6pr%C3%BCl%C3%BC_Canyon_National_Park\" target=\"_blank\" rel=\"noopener\">K\u00f6pr\u00fcl\u00fc Kanyon Mill\u00ee Park\u0131 Vikipedi sayfas\u0131<\/a>.<\/p>\n<h3>\ud83c\udf92 Getirilecekler<\/h3>\n<p data-start=\"3320\" data-end=\"3435\"><span style=\"color: #ff0000;\"><strong>\u2022<\/strong> <\/span>Rahat k\u0131yafetler ve ayakkab\u0131lar<br data-start=\"3351\" data-end=\"3354\" \/><span style=\"color: #ff0000;\"><strong>\u2022<\/strong> <\/span>Mayo ve havlu<br data-start=\"3374\" data-end=\"3377\" \/><span style=\"color: #ff0000;\"><strong>\u2022<\/strong> <\/span>G\u00fcne\u015f kremi<br data-start=\"3388\" data-end=\"3391\" \/><span style=\"color: #ff0000;\"><strong>\u2022<\/strong> <\/span>Kamera veya ak\u0131ll\u0131 telefon<br data-start=\"3413\" data-end=\"3416\" \/><span style=\"color: #ff0000;\"><strong>\u2022<\/strong> <\/span>Ekstralar i\u00e7in nakit<\/p>\n<h3>\ud83d\udeab Uygun De\u011fil<\/h3>\n<p data-start=\"3462\" data-end=\"3522\"><span style=\"color: #ff0000;\"><strong>\u2022<\/strong> <\/span>Hamile kad\u0131nlar<br data-start=\"3478\" data-end=\"3481\" \/><span style=\"color: #ff0000;\"><strong>\u2022<\/strong> <\/span>Ciddi hareket k\u0131s\u0131tl\u0131l\u0131\u011f\u0131 olan misafirler<\/p>\n<h3>\ud83d\udcb8 Fiyat ve Rezervasyon<\/h3>\n<p data-start=\"3550\" data-end=\"3736\"><span style=\"color: #ff0000;\"><strong>\u2022<\/strong> <\/span>Fiyatlar mevsime ve se\u00e7ilen aktivitelere g\u00f6re de\u011fi\u015fiklik g\u00f6stermektedir<br data-start=\"3607\" data-end=\"3610\" \/><span style=\"color: #ff0000;\"><strong>\u2022<\/strong> <\/span>\u015eimdi rezervasyon yap\u0131n ve tur g\u00fcn\u00fc \u00f6deme yap\u0131n<br data-start=\"3651\" data-end=\"3654\" \/><span style=\"color: #ff0000;\"><strong>\u2022<\/strong> <\/span>WhatsApp, Telegram veya Viber \u00fczerinden bizimle ileti\u015fime ge\u00e7in veya a\u015fa\u011f\u0131daki rezervasyon formunu doldurun<\/p>","protected":false},"excerpt":{"rendered":"<p>Belek'ten Taz\u0131 Kanyonu manzaralar\u0131, Jeep Safari ve iste\u011fe ba\u011fl\u0131 K\u00f6pr\u00fcl\u00fc Kanyon'da rafting i\u00e7eren tam g\u00fcnl\u00fck bir maceraya kat\u0131l\u0131n. Do\u011fa, e\u011flence ve otel transferleri dahildir.<\/p>","protected":false},"featured_media":11117,"comment_status":"open","ping_status":"closed","template":"","meta":{"_acf_changed":false},"product_brand":[],"product_cat":[43],"product_tag":[66],"class_list":{"0":"post-11116","1":"product","2":"type-product","3":"status-publish","4":"has-post-thumbnail","6":"product_cat-belek","7":"product_tag-belek","9":"first","10":"instock","11":"sale","12":"featured","13":"shipping-taxable","14":"purchasable","15":"product-type-ovabrw_car_rental"},"acf":[],"aioseo_notices":[],"_links":{"self":[{"href":"https:\/\/joinusexcursions.com\/tr\/wp-json\/wp\/v2\/product\/11116","targetHints":{"allow":["GET"]}}],"collection":[{"href":"https:\/\/joinusexcursions.com\/tr\/wp-json\/wp\/v2\/product"}],"about":[{"href":"https:\/\/joinusexcursions.com\/tr\/wp-json\/wp\/v2\/types\/product"}],"replies":[{"embeddable":true,"href":"https:\/\/joinusexcursions.com\/tr\/wp-json\/wp\/v2\/comments?post=11116"}],"wp:featuredmedia":[{"embeddable":true,"href":"https:\/\/joinusexcursions.com\/tr\/wp-json\/wp\/v2\/media\/11117"}],"wp:attachment":[{"href":"https:\/\/joinusexcursions.com\/tr\/wp-json\/wp\/v2\/media?parent=11116"}],"wp:term":[{"taxonomy":"product_brand","embeddable":true,"href":"https:\/\/joinusexcursions.com\/tr\/wp-json\/wp\/v2\/product_brand?post=11116"},{"taxonomy":"product_cat","embeddable":true,"href":"https:\/\/joinusexcursions.com\/tr\/wp-json\/wp\/v2\/product_cat?post=11116"},{"taxonomy":"product_tag","embeddable":true,"href":"https:\/\/joinusexcursions.com\/tr\/wp-json\/wp\/v2\/product_tag?post=11116"}],"curies":[{"name":"wp","href":"https:\/\/api.w.org\/{rel}","templated":true}]}}