{"id":11118,"date":"2025-12-15T13:11:04","date_gmt":"2025-12-15T10:11:04","guid":{"rendered":"https:\/\/joinusexcursions.com\/?post_type=product&#038;p=11118"},"modified":"2026-04-13T19:36:11","modified_gmt":"2026-04-13T16:36:11","slug":"side-tazi-kanyonu-rafting","status":"publish","type":"product","link":"https:\/\/joinusexcursions.com\/tr\/tours\/side-tazi-canyon-rafting\/","title":{"rendered":"Side'den Taz\u0131 Kanyonu, Rafting ve Jeep Safari Turu"},"content":{"rendered":"<p data-start=\"4039\" data-end=\"4206\">Side'den Taz\u0131 Kanyonu, Jeep Safari ve iste\u011fe ba\u011fl\u0131 K\u00f6pr\u00fcl\u00fc Kanyon'da rafting i\u00e7eren heyecan verici tam g\u00fcnl\u00fck bir maceran\u0131n tad\u0131n\u0131 \u00e7\u0131kar\u0131n. Otel transferleri ile m\u00fckemmel bir do\u011fa ka\u00e7ama\u011f\u0131.<\/p>\n<h2>\ud83c\udf04 Overview of the Side Taz\u0131 Canyon Rafting Tour<\/h2>\n<p data-start=\"4225\" data-end=\"4507\">Side, Kumk\u00f6y, Evrenseki, \u00c7olakl\u0131 ve Manavgat'tan hareketle bu macera turuyla Toros Da\u011flar\u0131'n\u0131n vah\u015fi g\u00fczelli\u011fini ke\u015ffedin. Taz\u0131 Kanyonu seyir noktalar\u0131n\u0131 ke\u015ffedin, \u00fcst\u00fc a\u00e7\u0131k ciplerle yolculuk yap\u0131n ve K\u00f6pr\u00fcl\u00fc Kanyon'da iste\u011fe ba\u011fl\u0131 rafting yap\u0131n. Do\u011fa ve heyecan dolu tam g\u00fcnl\u00fck bir deneyim.<\/p>\n<h3>\ud83c\udf1f \u00d6ne \u00c7\u0131kanlar<\/h3>\n<p data-start=\"1240\" data-end=\"1520\"><span style=\"color: #ff0000;\"><strong>\u2022<\/strong> <\/span>Muhte\u015fem Taz\u0131 Kanyonu'nu (Kartal Yuvas\u0131 seyir teras\u0131) ziyaret edin<br data-start=\"1300\" data-end=\"1303\" \/><span style=\"color: #ff0000;\"><strong>\u2022<\/strong> <\/span>Toros Da\u011flar\u0131'nda Off-road Jeep Safari<br data-start=\"1354\" data-end=\"1357\" \/><span style=\"color: #ff0000;\"><strong>\u2022<\/strong> <\/span>K\u00f6pr\u00fcl\u00fc Kanyon'da profesyonel rehberler e\u015fli\u011finde iste\u011fe ba\u011fl\u0131 rafting<br data-start=\"1423\" data-end=\"1426\" \/><span style=\"color: #ff0000;\"><strong>\u2022<\/strong> <\/span>Harika foto\u011fraflar i\u00e7in panoramik manzaralar<br data-start=\"1467\" data-end=\"1470\" \/><span style=\"color: #ff0000;\"><strong>\u2022<\/strong> <\/span>Manzaral\u0131 nehir manzaralar\u0131 ve temiz da\u011f havas\u0131<\/p>\n<h2>What to Expect on the Side Taz\u0131 Canyon Rafting Tour<\/h2>\n<div data-start=\"5117\" data-end=\"5338\">G\u00fcn\u00fcn\u00fcz Side'deki veya \u00e7evresindeki b\u00f6lgelerdeki otelinizden al\u0131nman\u0131zla ba\u015flar, ard\u0131ndan Toros Da\u011flar\u0131'nda manzaral\u0131 ve macera dolu bir Jeep Safari yap\u0131l\u0131r. Rota boyunca arazi s\u00fcr\u00fc\u015f\u00fcn\u00fcn ve g\u00fczel do\u011fal manzaralar\u0131n tad\u0131n\u0131 \u00e7\u0131kar\u0131n.<\/div>\n<div data-start=\"5340\" data-end=\"5553\">Tur ilk olarak K\u00f6pr\u00fcl\u00fc Kanyon'a var\u0131r; burada iste\u011fe ba\u011fl\u0131 bir rafting etkinli\u011fine kat\u0131labilir veya nehir kenar\u0131nda dinlenebilirsiniz. Profesyonel e\u011fitmenler ekipman ve rehberlik sa\u011flar, bu da raftingi yeni ba\u015flayanlar i\u00e7in bile uygun hale getirir.<\/div>\n<div data-start=\"5555\" data-end=\"5818\">Ard\u0131ndan, safari cipinle seyahat edin <strong data-start=\"5586\" data-end=\"5601\">Taz\u0131 Kanyonu<\/strong>, b\u00f6lgenin en etkileyici do\u011fal seyir noktalar\u0131ndan biri. Dramatik kanyon manzaras\u0131n\u0131 seyrederken foto\u011fraf \u00e7ekmek ve dinlenmek i\u00e7in tepede serbest zaman\u0131n tad\u0131n\u0131 \u00e7\u0131kar\u0131n. G\u00fcvenlik nedenleriyle kanyonun i\u00e7ine girilmesine izin verilmemektedir.<\/div>\n<div data-start=\"5820\" data-end=\"6007\">Rafting se\u00e7ilirse, y\u00fczme ve foto\u011fraf molalar\u0131 ile heyecan verici bir nehir maceras\u0131 i\u00e7in K\u00f6pr\u00fcl\u00fc Kanyon'a d\u00f6n\u00fcn. Otelinize d\u00f6nmeden \u00f6nce g\u00fcn\u00fc lezzetli bir nehir kenar\u0131 \u00f6\u011fle yeme\u011fiyle sonland\u0131r\u0131n.<\/div>\n<p class=\"mhm-jue-internal-links\">B\u00f6lgede daha fazla macera m\u0131 ar\u0131yorsunuz? Tam listemizi ke\u015ffedin <a href=\"\/tr\/destinasyon\/side-turlari\/\">Yan geziler<\/a> veya \u015funlara g\u00f6z at\u0131n <a href=\"\/tr\/turlar-2\/side-land-of-legends-gece\/\">Side'den Legendlar Diyar\u0131 Gece \u015eovu<\/a> ba\u015fka unutulmaz bir deneyim i\u00e7in.<\/p>\n<h3>\ud83d\uddd3\ufe0f Tur Program\u0131<\/h3>\n<p data-start=\"2692\" data-end=\"3064\"><span style=\"color: #ff0000;\"><strong>\u2022<\/strong> <\/span>Side ve \u00e7evresindeki otellerden alma<br data-start=\"2741\" data-end=\"2744\" \/><span style=\"color: #ff0000;\"><strong>\u2022<\/strong> <\/span>Toros Da\u011flar\u0131'nda Jeep Safari<br data-start=\"2786\" data-end=\"2789\" \/><span style=\"color: #ff0000;\"><strong>\u2022<\/strong> <\/span>K\u00f6pr\u00fcl\u00fc Kanyon nehir kenar\u0131 \u00fcss\u00fcne var\u0131\u015f<br data-start=\"2831\" data-end=\"2834\" \/><span style=\"color: #ff0000;\"><strong>\u2022<\/strong> <\/span>Nehirde iste\u011fe ba\u011fl\u0131 rafting veya serbest zaman<br data-start=\"2878\" data-end=\"2881\" \/><span style=\"color: #ff0000;\"><strong>\u2022<\/strong> <\/span> Taz\u0131 Kanyonu seyir teras\u0131na ciple yolculuk<br data-start=\"2917\" data-end=\"2920\" \/><span style=\"color: #ff0000;\"><strong>\u2022<\/strong> <\/span>Foto\u011fraf \u00e7ekmek ve gezmek i\u00e7in bo\u015f vakit<br data-start=\"2958\" data-end=\"2961\" \/><span style=\"color: #ff0000;\"><strong>\u2022<\/strong> <\/span>K\u00f6pr\u00fcl\u00fc Kanyon'da Rafting Deneyimi (se\u00e7ildiyse)<br data-start=\"3013\" data-end=\"3016\" \/><span style=\"color: #ff0000;\"><strong>\u2022<\/strong> <\/span>Nehir kenar\u0131nda \u00f6\u011fle yeme\u011fi<br data-start=\"3033\" data-end=\"3036\" \/><span style=\"color: #ff0000;\"><strong>\u2022<\/strong> <\/span>Otele gidi\u015f-d\u00f6n\u00fc\u015f transferi<\/p>\n<h3>\u2139\ufe0f Faydal\u0131 Bilgiler<\/h3>\n<p data-start=\"3093\" data-end=\"3296\"><span style=\"color: #ff0000;\"><strong>\u2022<\/strong> <\/span>Tam g\u00fcnl\u00fck tur<br data-start=\"3108\" data-end=\"3111\" \/><span style=\"color: #ff0000;\"><strong>\u2022<\/strong> <\/span>Rafting tecr\u00fcbesi gerekmez<br data-start=\"3143\" data-end=\"3146\" \/><span style=\"color: #ff0000;\"><strong>\u2022<\/strong> <\/span>Macera ve do\u011fa severler i\u00e7in uygun<br data-start=\"3188\" data-end=\"3191\" \/><span style=\"color: #ff0000;\"><strong>\u2022<\/strong> <\/span>Kanyon eri\u015fimi yaln\u0131zca seyir noktalar\u0131yla s\u0131n\u0131rl\u0131d\u0131r<br data-start=\"3236\" data-end=\"3239\" \/><span style=\"color: #ff0000;\"><strong>\u2022<\/strong> <\/span>Tur program\u0131 hava ko\u015fullar\u0131na g\u00f6re de\u011fi\u015fiklik g\u00f6sterebilir<\/p>\n<p class=\"mhm-jue-external-link\">Hedef hakk\u0131nda daha fazla bilgi edinin <a href=\"https:\/\/en.wikipedia.org\/wiki\/K%C3%B6pr%C3%BCl%C3%BC_Canyon_National_Park\" target=\"_blank\" rel=\"noopener\">K\u00f6pr\u00fcl\u00fc Kanyon Mill\u00ee Park\u0131 Vikipedi sayfas\u0131<\/a>.<\/p>\n<h3>\ud83c\udf92 Getirilecekler<\/h3>\n<p data-start=\"3320\" data-end=\"3435\"><span style=\"color: #ff0000;\"><strong>\u2022<\/strong> <\/span>Rahat k\u0131yafetler ve ayakkab\u0131lar<br data-start=\"3351\" data-end=\"3354\" \/><span style=\"color: #ff0000;\"><strong>\u2022<\/strong> <\/span>Mayo ve havlu<br data-start=\"3374\" data-end=\"3377\" \/><span style=\"color: #ff0000;\"><strong>\u2022<\/strong> <\/span>G\u00fcne\u015f kremi<br data-start=\"3388\" data-end=\"3391\" \/><span style=\"color: #ff0000;\"><strong>\u2022<\/strong> <\/span>Kamera veya ak\u0131ll\u0131 telefon<br data-start=\"3413\" data-end=\"3416\" \/><span style=\"color: #ff0000;\"><strong>\u2022<\/strong> <\/span>Ekstralar i\u00e7in nakit<\/p>\n<h3>\ud83d\udeab Uygun De\u011fil<\/h3>\n<p data-start=\"3462\" data-end=\"3522\"><span style=\"color: #ff0000;\"><strong>\u2022<\/strong> <\/span>Hamile kad\u0131nlar<br data-start=\"3478\" data-end=\"3481\" \/><span style=\"color: #ff0000;\"><strong>\u2022<\/strong> <\/span>Ciddi hareket k\u0131s\u0131tl\u0131l\u0131\u011f\u0131 olan misafirler<\/p>\n<h3>\ud83d\udcb8 Fiyat ve Rezervasyon<\/h3>\n<p data-start=\"3550\" data-end=\"3736\"><span style=\"color: #ff0000;\"><strong>\u2022<\/strong> <\/span>Fiyatlar mevsime ve se\u00e7ilen aktivitelere g\u00f6re de\u011fi\u015fiklik g\u00f6stermektedir<br data-start=\"3607\" data-end=\"3610\" \/><span style=\"color: #ff0000;\"><strong>\u2022<\/strong> <\/span>\u015eimdi rezervasyon yap\u0131n ve tur g\u00fcn\u00fc \u00f6deme yap\u0131n<br data-start=\"3651\" data-end=\"3654\" \/><span style=\"color: #ff0000;\"><strong>\u2022<\/strong> <\/span>WhatsApp, Telegram veya Viber \u00fczerinden bizimle ileti\u015fime ge\u00e7in veya a\u015fa\u011f\u0131daki rezervasyon formunu doldurun<\/p>","protected":false},"excerpt":{"rendered":"<p>Side'den Taz\u0131 Kanyonu manzaral\u0131, Jeep Safari ve opsiyonel K\u00f6pr\u00fcl\u00fc Kanyon'da rafting ile tam g\u00fcnl\u00fck bir maceran\u0131n tad\u0131n\u0131 \u00e7\u0131kar\u0131n. Do\u011fa, e\u011flence ve otel transferleri dahildir.<\/p>","protected":false},"featured_media":11117,"comment_status":"open","ping_status":"closed","template":"","meta":{"_acf_changed":false},"product_brand":[],"product_cat":[46],"product_tag":[68],"class_list":{"0":"post-11118","1":"product","2":"type-product","3":"status-publish","4":"has-post-thumbnail","6":"product_cat-side","7":"product_tag-side","9":"first","10":"instock","11":"sale","12":"featured","13":"shipping-taxable","14":"purchasable","15":"product-type-ovabrw_car_rental"},"acf":[],"aioseo_notices":[],"_links":{"self":[{"href":"https:\/\/joinusexcursions.com\/tr\/wp-json\/wp\/v2\/product\/11118","targetHints":{"allow":["GET"]}}],"collection":[{"href":"https:\/\/joinusexcursions.com\/tr\/wp-json\/wp\/v2\/product"}],"about":[{"href":"https:\/\/joinusexcursions.com\/tr\/wp-json\/wp\/v2\/types\/product"}],"replies":[{"embeddable":true,"href":"https:\/\/joinusexcursions.com\/tr\/wp-json\/wp\/v2\/comments?post=11118"}],"wp:featuredmedia":[{"embeddable":true,"href":"https:\/\/joinusexcursions.com\/tr\/wp-json\/wp\/v2\/media\/11117"}],"wp:attachment":[{"href":"https:\/\/joinusexcursions.com\/tr\/wp-json\/wp\/v2\/media?parent=11118"}],"wp:term":[{"taxonomy":"product_brand","embeddable":true,"href":"https:\/\/joinusexcursions.com\/tr\/wp-json\/wp\/v2\/product_brand?post=11118"},{"taxonomy":"product_cat","embeddable":true,"href":"https:\/\/joinusexcursions.com\/tr\/wp-json\/wp\/v2\/product_cat?post=11118"},{"taxonomy":"product_tag","embeddable":true,"href":"https:\/\/joinusexcursions.com\/tr\/wp-json\/wp\/v2\/product_tag?post=11118"}],"curies":[{"name":"wp","href":"https:\/\/api.w.org\/{rel}","templated":true}]}}