{"id":11120,"date":"2025-12-15T13:41:16","date_gmt":"2025-12-15T10:41:16","guid":{"rendered":"https:\/\/joinusexcursions.com\/?post_type=product&#038;p=11120"},"modified":"2026-04-13T19:27:11","modified_gmt":"2026-04-13T16:27:11","slug":"side-koprulu-kanyon-rafting","status":"publish","type":"product","link":"https:\/\/joinusexcursions.com\/tr\/tours\/side-rafting-koprulu-canyon\/","title":{"rendered":"Side'den K\u00f6pr\u00fcl\u00fc Kanyon'da Rafting Turu \u2014 \u00d6\u011fle Yeme\u011fi Dahil"},"content":{"rendered":"<p data-start=\"3607\" data-end=\"3767\">Side'den K\u00f6pr\u00fcl\u00fc Kanyon'da unutulmaz bir rafting maceras\u0131 ya\u015fay\u0131n. Tam g\u00fcnl\u00fck nehir turunda heyecan verici ak\u0131nt\u0131lar, y\u00fczme molalar\u0131 ve b\u00fcy\u00fcleyici do\u011fan\u0131n tad\u0131n\u0131 \u00e7\u0131kar\u0131n.<\/p>\n<h2>Kano K\u00f6pr\u00fcl\u00fc Kanyon Rafting Genel Bak\u0131\u015f<\/h2>\n<p data-start=\"3786\" data-end=\"4042\">Side, Kumk\u00f6y, Evrenseki, \u00c7olakl\u0131 ve Manavgat'tan bir beyaz su rafting turu ile do\u011faya ka\u00e7\u0131\u015f. Heyecan verici ak\u0131nt\u0131lar, y\u00fczme noktalar\u0131, opsiyonel aktiviteler ve nehir kenar\u0131nda \u00f6\u011fle yeme\u011fi sunan 14 km'lik bir rafting parkurunun keyfini \u00e7\u0131kar\u0131n; ilk kez deneyenler ve macera severler i\u00e7in m\u00fckemmel.<\/p>\n<h3>\ud83c\udf1f \u00d6ne \u00c7\u0131kanlar<\/h3>\n<p data-start=\"1189\" data-end=\"1465\"><span style=\"color: #ff0000;\"><strong>\u2022<\/strong> <\/span>10 heyecan verici ak\u0131nt\u0131ya sahip 14 km'lik rafting parkuru<br data-start=\"1234\" data-end=\"1237\" \/><span style=\"color: #ff0000;\"><strong>\u2022<\/strong> <\/span>Do\u011fa ile \u00e7evrili sakin nehir b\u00f6l\u00fcmlerinde y\u00fcz\u00fcn<br data-start=\"1287\" data-end=\"1290\" \/><span style=\"color: #ff0000;\"><strong>\u2022<\/strong> <\/span>Profesyonel rehberler ve tam g\u00fcvenlik ekipman\u0131<br data-start=\"1337\" data-end=\"1340\" \/><span style=\"color: #ff0000;\"><strong>\u2022<\/strong> <\/span>Antik Roma k\u00f6pr\u00fcleri yak\u0131n\u0131ndaki manzaralar<br data-start=\"1374\" data-end=\"1377\" \/><span style=\"color: #ff0000;\"><strong>\u2022<\/strong> <\/span>\u0130ste\u011fe ba\u011fl\u0131 zipline ve macera molalar\u0131<br data-start=\"1415\" data-end=\"1418\" \/><span style=\"color: #ff0000;\"><strong>\u2022<\/strong> <\/span>Yeni ba\u015flayanlar i\u00e7in e\u011flenceli ve g\u00fcvenli rafting<\/p>\n<h2>K\u00f6pr\u00fcl\u00fc Kanyon Rafting'den Beklentileriniz Nelerdir<\/h2>\n<div data-start=\"4653\" data-end=\"4877\">Rafting g\u00fcn\u00fcn\u00fcz Side veya yak\u0131ndaki b\u00f6lgelerdeki otelinizden al\u0131nman\u0131zla ba\u015flar ve ard\u0131ndan K\u00f6pr\u00fcl\u00fc Kanyon'a transfer edilirsiniz. \u00dcs kamp\u0131nda profesyonel rehberler g\u00fcvenlik brifingi verir ve gerekli t\u00fcm ekipmanlar\u0131 da\u011f\u0131t\u0131r.<\/div>\n<div data-start=\"4879\" data-end=\"5099\">10 \u015felale ile 14 km'lik bir nehir parkurunda y\u00fczme ve dinlenme i\u00e7in sakin b\u00f6l\u00fcmlerle dengelenmi\u015f heyecan verici bir rafting deneyiminin tad\u0131n\u0131 \u00e7\u0131kar\u0131n. \u00c7evredeki kanyon manzaras\u0131 ve temiz hava maceray\u0131 daha da unutulmaz k\u0131lacakt\u0131r.<\/div>\n<div data-start=\"5101\" data-end=\"5304\">Tur s\u0131ras\u0131nda iste\u011fe ba\u011fl\u0131 i\u00e7ecek ve at\u0131\u015ft\u0131rmal\u0131klar i\u00e7in mola verin ve zipline ile dal\u0131\u015f se\u00e7enekleriyle (ekstra \u00fccretli) macera molas\u0131n\u0131n tad\u0131n\u0131 \u00e7\u0131kar\u0131n. Nehir kenar\u0131nda lezzetli bir \u00f6\u011fle yeme\u011finin ard\u0131ndan biti\u015f noktas\u0131na kadar rafting yapmaya devam edin.<\/div>\n<div data-start=\"5306\" data-end=\"5403\">Turun sonunda, otelinize d\u00f6nmeden \u00f6nce rafting videonuzu izleyin veya foto\u011fraflara g\u00f6z at\u0131n.<\/div>\n<p class=\"mhm-jue-internal-links\">B\u00f6lgede daha fazla macera m\u0131 ar\u0131yorsunuz? Tam listemizi ke\u015ffedin <a href=\"\/tr\/destinasyon\/side-turlari\/\">Yan geziler<\/a> veya \u015funlara g\u00f6z at\u0131n <a href=\"\/tr\/turlar-2\/side-tazi-kanyonu-rafting\/\">Side Taz\u0131 Kanyonu Rafting &amp; Jeep Safari Turu<\/a> ba\u015fka unutulmaz bir deneyim i\u00e7in.<\/p>\n<h3>\ud83d\uddd3\ufe0f Tur Program\u0131<\/h3>\n<p data-start=\"2348\" data-end=\"2661\"><span style=\"color: #ff0000;\"><strong>\u2022<\/strong> <\/span>Side ve \u00e7evresindeki otellerden alma<br data-start=\"2397\" data-end=\"2400\" \/><span style=\"color: #ff0000;\"><strong>\u2022<\/strong> <\/span>K\u00f6pr\u00fcl\u00fc Kanyon'un ana kamp\u0131na var\u0131\u015f<br data-start=\"2437\" data-end=\"2440\" \/><span style=\"color: #ff0000;\"><strong>\u2022<\/strong> <\/span>G\u00fcvenlik brifingi ve ekipman da\u011f\u0131t\u0131m\u0131<br data-start=\"2484\" data-end=\"2487\" \/><span style=\"color: #ff0000;\"><strong>\u2022<\/strong> <\/span>14 km'lik parkurda y\u00fczme molalar\u0131yla rafting<br data-start=\"2534\" data-end=\"2537\" \/><span style=\"color: #ff0000;\"><strong>\u2022<\/strong> <\/span>Opsiyonel zipline ve aktivite dura\u011f\u0131<br data-start=\"2573\" data-end=\"2576\" \/><span style=\"color: #ff0000;\"><strong>\u2022<\/strong> <\/span>Nehir kenar\u0131nda \u00f6\u011fle yeme\u011fi<br data-start=\"2593\" data-end=\"2596\" \/><span style=\"color: #ff0000;\"><strong>\u2022<\/strong> <\/span>Biti\u015f noktas\u0131na kadar rafting yapmaya devam edin<br data-start=\"2630\" data-end=\"2633\" \/><span style=\"color: #ff0000;\"><strong>\u2022<\/strong> <\/span>Otele gidi\u015f-d\u00f6n\u00fc\u015f transferi<\/p>\n<h3>\u2139\ufe0f Faydal\u0131 Bilgiler<\/h3>\n<p data-start=\"2690\" data-end=\"2913\"><span style=\"color: #ff0000;\"><strong>\u2022<\/strong> <\/span>Raft kapasitesi: 10 ki\u015filik istihap hadli sallar dahildir<br data-start=\"2731\" data-end=\"2734\" \/><span style=\"color: #ff0000;\"><strong>\u2022<\/strong> <\/span>Ek \u00fccret kar\u015f\u0131l\u0131\u011f\u0131nda 2 ki\u015filik bot mevcuttur<br data-start=\"2776\" data-end=\"2779\" \/><span style=\"color: #ff0000;\"><strong>\u2022<\/strong> <\/span>Rafting tecr\u00fcbesi gerekmez<br data-start=\"2811\" data-end=\"2814\" \/><span style=\"color: #ff0000;\"><strong>\u2022<\/strong> <\/span>Aileler ve macera arayanlar i\u00e7in uygun<br data-start=\"2859\" data-end=\"2862\" \/><span style=\"color: #ff0000;\"><strong>\u2022<\/strong> <\/span>Tur program\u0131 hava ko\u015fullar\u0131 nedeniyle de\u011fi\u015febilir<\/p>\n<p class=\"mhm-jue-external-link\">Hedef hakk\u0131nda daha fazla bilgi edinin <a href=\"https:\/\/en.wikipedia.org\/wiki\/K%C3%B6pr%C3%BCl%C3%BC_Canyon_National_Park\" target=\"_blank\" rel=\"noopener\">K\u00f6pr\u00fcl\u00fc Kanyon Mill\u00ee Park\u0131 Vikipedi sayfas\u0131<\/a>.<\/p>\n<h3>\ud83c\udf92 Getirilecekler<\/h3>\n<p data-start=\"2937\" data-end=\"3060\"><span style=\"color: #ff0000;\"><strong>\u2022<\/strong> <\/span>Mayo ve havlu<br data-start=\"2957\" data-end=\"2960\" \/><span style=\"color: #ff0000;\"><strong>\u2022<\/strong> <\/span>Islanabilen rahat ayakkab\u0131lar<br data-start=\"2993\" data-end=\"2996\" \/><span style=\"color: #ff0000;\"><strong>\u2022<\/strong> <\/span>G\u00fcne\u015f kremi<br data-start=\"3007\" data-end=\"3010\" \/><span style=\"color: #ff0000;\"><strong>\u2022<\/strong> <\/span>Ekstra k\u0131yafetler<br data-start=\"3025\" data-end=\"3028\" \/><span style=\"color: #ff0000;\"><strong>\u2022<\/strong> <\/span>\u0130ste\u011fe ba\u011fl\u0131 etkinlikler i\u00e7in nakit<\/p>\n<h3>\ud83d\udeab Uygun De\u011fil<\/h3>\n<p data-start=\"3087\" data-end=\"3147\"><span style=\"color: #ff0000;\"><strong>\u2022<\/strong> <\/span>Hamile kad\u0131nlar<br data-start=\"3103\" data-end=\"3106\" \/><span style=\"color: #ff0000;\"><strong>\u2022<\/strong> <\/span>Ciddi hareket k\u0131s\u0131tl\u0131l\u0131\u011f\u0131 olan misafirler<\/p>\n<h3>\ud83d\udcb8 Fiyat ve Rezervasyon<\/h3>\n<p data-start=\"3175\" data-end=\"3349\"><span style=\"color: #ff0000;\"><strong>\u2022<\/strong> <\/span>Fiyatlar mevsime ve se\u00e7eneklere g\u00f6re de\u011fi\u015fiklik g\u00f6sterir<br data-start=\"3220\" data-end=\"3223\" \/><span style=\"color: #ff0000;\"><strong>\u2022<\/strong> <\/span>\u015eimdi rezervasyon yap\u0131n ve tur g\u00fcn\u00fc \u00f6deme yap\u0131n<br data-start=\"3264\" data-end=\"3267\" \/><span style=\"color: #ff0000;\"><strong>\u2022<\/strong> <\/span>WhatsApp, Telegram veya Viber \u00fczerinden bizimle ileti\u015fime ge\u00e7in veya a\u015fa\u011f\u0131daki rezervasyon formunu doldurun<\/p>","protected":false},"excerpt":{"rendered":"<p>K\u00f6pr\u00fcl\u00fc Kanyon'da Side'den rafting turunun tad\u0131n\u0131 \u00e7\u0131kar\u0131n. 14 km'lik bir rotada 10 \u015felalede k\u00fcrek \u00e7ekin, y\u00fcz\u00fcn, \u00f6\u011fle yeme\u011fi ve otel transferlerinin dahil oldu\u011fu keyfi ya\u015fay\u0131n.<\/p>","protected":false},"featured_media":11122,"comment_status":"open","ping_status":"closed","template":"","meta":{"_acf_changed":false},"product_brand":[],"product_cat":[46],"product_tag":[68],"class_list":{"0":"post-11120","1":"product","2":"type-product","3":"status-publish","4":"has-post-thumbnail","6":"product_cat-side","7":"product_tag-side","9":"first","10":"instock","11":"sale","12":"featured","13":"shipping-taxable","14":"purchasable","15":"product-type-ovabrw_car_rental"},"acf":[],"aioseo_notices":[],"_links":{"self":[{"href":"https:\/\/joinusexcursions.com\/tr\/wp-json\/wp\/v2\/product\/11120","targetHints":{"allow":["GET"]}}],"collection":[{"href":"https:\/\/joinusexcursions.com\/tr\/wp-json\/wp\/v2\/product"}],"about":[{"href":"https:\/\/joinusexcursions.com\/tr\/wp-json\/wp\/v2\/types\/product"}],"replies":[{"embeddable":true,"href":"https:\/\/joinusexcursions.com\/tr\/wp-json\/wp\/v2\/comments?post=11120"}],"wp:featuredmedia":[{"embeddable":true,"href":"https:\/\/joinusexcursions.com\/tr\/wp-json\/wp\/v2\/media\/11122"}],"wp:attachment":[{"href":"https:\/\/joinusexcursions.com\/tr\/wp-json\/wp\/v2\/media?parent=11120"}],"wp:term":[{"taxonomy":"product_brand","embeddable":true,"href":"https:\/\/joinusexcursions.com\/tr\/wp-json\/wp\/v2\/product_brand?post=11120"},{"taxonomy":"product_cat","embeddable":true,"href":"https:\/\/joinusexcursions.com\/tr\/wp-json\/wp\/v2\/product_cat?post=11120"},{"taxonomy":"product_tag","embeddable":true,"href":"https:\/\/joinusexcursions.com\/tr\/wp-json\/wp\/v2\/product_tag?post=11120"}],"curies":[{"name":"wp","href":"https:\/\/api.w.org\/{rel}","templated":true}]}}