{"id":11123,"date":"2025-12-15T15:00:22","date_gmt":"2025-12-15T12:00:22","guid":{"rendered":"https:\/\/joinusexcursions.com\/?post_type=product&#038;p=11123"},"modified":"2026-04-18T04:02:51","modified_gmt":"2026-04-18T01:02:51","slug":"belek-demre-myra-kekova","status":"publish","type":"product","link":"https:\/\/joinusexcursions.com\/tr\/tours\/belek-demre-myra-kekova\/","title":{"rendered":"Belek'ten Demre Myra, Kekova Turu"},"content":{"rendered":"<p data-start=\"347\" data-end=\"505\">Belek'ten tam g\u00fcnl\u00fck bir turla Likya'n\u0131n antik harikalar\u0131n\u0131 ke\u015ffedin. Kekova'n\u0131n bat\u0131k \u015fehrine, Myra harabelerine do\u011fru yelken a\u00e7\u0131n ve Aziz Nikolaos Kilisesi'ni ke\u015ffedin.<\/p>\n<h2>\ud83c\udf0d Overview of the Belek Demre Myra Kekova<\/h2>\n<p data-start=\"524\" data-end=\"822\">Belek, Kadriye ve Bo\u011fazkent'ten tam g\u00fcnl\u00fck k\u00fclt\u00fcrel bir yolculukla zaman yolculu\u011funa \u00e7\u0131karak antik Likya'n\u0131n kalbine gidin. Myra'n\u0131n kaya mezarlar\u0131n\u0131 ve Roma tiyatrosunu ziyaret edin, Demre'deki Aziz Nikola Kilisesi'ni ke\u015ffedin ve y\u00fczme molas\u0131yla bat\u0131k \u015fehir Kekova'ya cam tabanl\u0131 tekne turunun tad\u0131n\u0131 \u00e7\u0131kar\u0131n.<\/p>\n<h3>\ud83c\udf1f \u00d6ne \u00c7\u0131kanlar<\/h3>\n<p data-start=\"1234\" data-end=\"1519\"><span style=\"color: #ff0000;\"><strong>\u2022<\/strong> <\/span>Antik Likya b\u00f6lgesini ke\u015ffedin<br data-start=\"1270\" data-end=\"1273\" \/><span style=\"color: #ff0000;\"><strong>\u2022<\/strong> <\/span>Kekova Bat\u0131k \u015eehir Sualt\u0131 Caml\u0131 Tekne Turu<br data-start=\"1322\" data-end=\"1325\" \/><span style=\"color: #ff0000;\"><strong>\u2022<\/strong> <\/span>Aziz Nikola Kilisesi'ni (Noel Baba) ziyaret edin<br data-start=\"1373\" data-end=\"1376\" \/><span style=\"color: #ff0000;\"><strong>\u2022<\/strong> <\/span>Myra kaya mezarlar\u0131n\u0131 ve Roma tiyatrosunu ke\u015ffedin<br data-start=\"1419\" data-end=\"1422\" \/><span style=\"color: #ff0000;\"><strong>\u2022<\/strong> <\/span>Kristal berrakl\u0131\u011f\u0131nda Akdeniz sular\u0131nda y\u00fcz\u00fcn<br data-start=\"1466\" data-end=\"1469\" \/><span style=\"color: #ff0000;\"><strong>\u2022<\/strong> <\/span>Manzaral\u0131 sahil yolu ve sorunsuz transferler<\/p>\n<h2>What to Expect on the Belek Demre Myra Kekova<\/h2>\n<div data-start=\"1546\" data-end=\"1705\">G\u00fcn\u00fcn\u00fcz, Belek'teki veya yak\u0131ndaki otellerinizden rahat bir kar\u015f\u0131lama ile ba\u015flar. Antik Likya topraklar\u0131na do\u011fru sahil boyunca manzaral\u0131 bir yolculu\u011fun tad\u0131n\u0131 \u00e7\u0131kar\u0131n.<\/div>\n<div data-start=\"1707\" data-end=\"1882\">\u0130lk durak <strong data-start=\"1725\" data-end=\"1733\">Meyra<\/strong>, Likya'n\u0131n en \u00f6nemli \u015fehirlerinden biri. Burada, kayal\u0131klara oyulmu\u015f etkileyici kaya mezarlar\u0131n\u0131 ve b\u00fcy\u00fck bir Yunan-Roma tiyatrosunun kal\u0131nt\u0131lar\u0131n\u0131 ke\u015ffedin.<\/div>\n<div data-start=\"1884\" data-end=\"2088\">Devam et <strong data-start=\"1896\" data-end=\"1905\">Demre<\/strong> ziyaret etmek i\u00e7in <strong data-start=\"1919\" data-end=\"1945\">Aziz Nikola Kilisesi<\/strong>, Noel Baba efsanesine ilham veren 4. y\u00fczy\u0131l azizinin mezar\u0131n\u0131n \u00fczerine in\u015fa edilmi\u015ftir. Hayat\u0131 ve tarihi \u00f6nemi hakk\u0131nda bilgi edinin.<\/div>\n<div data-start=\"2090\" data-end=\"2452\">Lezzetli bir yerel \u00f6\u011fle yeme\u011finin ard\u0131ndan, \u015furaya gidin <strong data-start=\"2129\" data-end=\"2147\">\u00c7aya\u011fz\u0131 Liman\u0131<\/strong> ve \u00f6zel akvaryum tarz\u0131 cam tabanl\u0131 bir yata binin. Do\u011fru seyredin <strong data-start=\"2217\" data-end=\"2234\">Kekova Adas\u0131<\/strong> ve gizemli kal\u0131nt\u0131lar\u0131na hayran kal <strong data-start=\"2274\" data-end=\"2289\">bat\u0131k \u015fehir<\/strong>, antik bir deprem sonras\u0131 yar\u0131 bat\u0131k. Teknede bulunan cam panellerden su alt\u0131ndaki kal\u0131nt\u0131lar\u0131 g\u00f6zlemleyin ve manzaran\u0131n tad\u0131n\u0131 \u00e7\u0131kar\u0131n <strong data-start=\"2419\" data-end=\"2436\">Simena Kalesi<\/strong> tepede.<\/div>\n<div data-start=\"2454\" data-end=\"2631\">D\u00f6nmeden \u00f6nce turkuaz Akdeniz sular\u0131nda ferahlat\u0131c\u0131 bir y\u00fczme yap\u0131n. Son olarak, tarih ve do\u011fan\u0131n unutulmaz an\u0131lar\u0131yla otelinize d\u00f6nerken rahatlay\u0131n.<\/div>\n<p class=\"mhm-jue-internal-links\">B\u00f6lgede daha fazla macera m\u0131 ar\u0131yorsunuz? Tam listemizi ke\u015ffedin <a href=\"\/tr\/destinasyon\/belek-turlari\/\">Belek tours<\/a> veya \u015funlara g\u00f6z at\u0131n <a href=\"\/tr\/turlar-2\/belek-land-of-legends-gece\/\">Belek'ten The Land of Legends Gece G\u00f6sterisi<\/a> ba\u015fka unutulmaz bir deneyim i\u00e7in.<\/p>\n<h3>\ud83d\uddd3\ufe0f Tur Program\u0131<\/h3>\n<p data-start=\"2656\" data-end=\"2969\"><span style=\"color: #ff0000;\"><strong>\u2022<\/strong> <\/span>Belek ve \u00e7evresindeki otellerden alma<br data-start=\"2705\" data-end=\"2708\" \/><span style=\"color: #ff0000;\"><strong>\u2022<\/strong> <\/span>Myra'ya Manzaral\u0131 S\u00fcr\u00fc\u015f<br data-start=\"2730\" data-end=\"2733\" \/><span style=\"color: #ff0000;\"><strong>\u2022<\/strong> <\/span>Myra kaya mezarlar\u0131n\u0131 ve Roma tiyatrosunu ziyaret edin<br data-start=\"2774\" data-end=\"2777\" \/><span style=\"color: #ff0000;\"><strong>\u2022<\/strong> <\/span>Demre \u2013 Aziz Nikola Kilisesi<br data-start=\"2809\" data-end=\"2812\" \/><span style=\"color: #ff0000;\"><strong>\u2022<\/strong> <\/span>Yerel bir restoranda \u00f6\u011fle yeme\u011fi<br data-start=\"2841\" data-end=\"2844\" \/><span style=\"color: #ff0000;\"><strong>\u2022<\/strong> <\/span>\u00c7aya\u011fz\u0131'ndan cam tabanl\u0131 yat turu<br data-start=\"2884\" data-end=\"2887\" \/><span style=\"color: #ff0000;\"><strong>\u2022<\/strong> <\/span>Kekova Bat\u0131k \u015eehir gezisi<br data-start=\"2919\" data-end=\"2922\" \/><span style=\"color: #ff0000;\"><strong>\u2022<\/strong> <\/span>Y\u00fczme molas\u0131<br data-start=\"2938\" data-end=\"2941\" \/><span style=\"color: #ff0000;\"><strong>\u2022<\/strong> <\/span>Otele gidi\u015f-d\u00f6n\u00fc\u015f transferi<\/p>\n<h3>\u2139\ufe0f Faydal\u0131 Bilgiler<\/h3>\n<p data-start=\"2998\" data-end=\"3153\"><span style=\"color: #ff0000;\"><strong>\u2022<\/strong> <\/span>Tam g\u00fcnl\u00fck tur<br data-start=\"3013\" data-end=\"3016\" \/><span style=\"color: #ff0000;\"><strong>\u2022<\/strong> <\/span>Yat gezisi s\u00fcresi: yakla\u015f\u0131k 2,5 saat<br data-start=\"3058\" data-end=\"3061\" \/><span style=\"color: #ff0000;\"><strong>\u2022<\/strong> <\/span>Y\u00fczmek hava ko\u015fullar\u0131na ba\u011fl\u0131d\u0131r<br data-start=\"3101\" data-end=\"3104\" \/><span style=\"color: #ff0000;\"><strong>\u2022<\/strong> <\/span>Tarihi mekanlarda orta d\u00fczeyde y\u00fcr\u00fcy\u00fc\u015f<\/p>\n<p class=\"mhm-jue-external-link\">Hedef hakk\u0131nda daha fazla bilgi edinin <a href=\"https:\/\/en.wikipedia.org\/wiki\/Myra\" target=\"_blank\" rel=\"noopener\">Myra Antik Kenti Vikipedi sayfas\u0131<\/a>.<\/p>\n<h3>\ud83c\udf92 Getirilecekler<\/h3>\n<p data-start=\"3177\" data-end=\"3314\"><span style=\"color: #ff0000;\"><strong>\u2022<\/strong> <\/span>Rahat y\u00fcr\u00fcy\u00fc\u015f ayakkab\u0131lar\u0131<br data-start=\"3204\" data-end=\"3207\" \/><span style=\"color: #ff0000;\"><strong>\u2022<\/strong> <\/span>Mayo ve havlu<br data-start=\"3227\" data-end=\"3230\" \/><span style=\"color: #ff0000;\"><strong>\u2022<\/strong> <\/span>G\u00fcne\u015f kremi ve \u015fapka<br data-start=\"3249\" data-end=\"3252\" \/><span style=\"color: #ff0000;\"><strong>\u2022<\/strong> <\/span>Kamera veya ak\u0131ll\u0131 telefon<br data-start=\"3274\" data-end=\"3277\" \/><span style=\"color: #ff0000;\"><strong>\u2022<\/strong> <\/span>Giri\u015f \u00fccretleri ve i\u00e7ecekler i\u00e7in nakit<\/p>\n<h3>\ud83d\udeab Uygun De\u011fil<\/h3>\n<p data-start=\"3341\" data-end=\"3385\"><span style=\"color: #ff0000;\"><strong>\u2022<\/strong> <\/span>Ciddi hareket k\u0131s\u0131tl\u0131l\u0131\u011f\u0131 olan misafirler<\/p>\n<h3>\ud83d\udcb8 Fiyat ve Rezervasyon<\/h3>\n<p data-start=\"3413\" data-end=\"3579\"><span style=\"color: #ff0000;\"><strong>\u2022<\/strong> <\/span>Fiyatlar sezona g\u00f6re de\u011fi\u015fiklik g\u00f6sterebilir<br data-start=\"3450\" data-end=\"3453\" \/><span style=\"color: #ff0000;\"><strong>\u2022<\/strong> <\/span>\u015eimdi rezervasyon yap\u0131n ve tur g\u00fcn\u00fc \u00f6deme yap\u0131n<br data-start=\"3494\" data-end=\"3497\" \/><span style=\"color: #ff0000;\"><strong>\u2022<\/strong> <\/span>WhatsApp, Telegram veya Viber \u00fczerinden bizimle ileti\u015fime ge\u00e7in veya a\u015fa\u011f\u0131daki rezervasyon formunu doldurun<\/p>","protected":false},"excerpt":{"rendered":"<p>Belek'ten g\u00fcn\u00fcbirlik Kekova Bat\u0131k \u015eehir, Myra kal\u0131nt\u0131lar\u0131 ve St. Nicholas Kilisesi'ni ke\u015ffedin. Cam tabanl\u0131 yat turunun keyfini \u00e7\u0131kar\u0131n, y\u00fcz\u00fcn ve \u00f6\u011fle yeme\u011fi yiyin.<\/p>","protected":false},"featured_media":10750,"comment_status":"open","ping_status":"closed","template":"","meta":{"_acf_changed":false},"product_brand":[],"product_cat":[43],"product_tag":[66],"class_list":{"0":"post-11123","1":"product","2":"type-product","3":"status-publish","4":"has-post-thumbnail","6":"product_cat-belek","7":"product_tag-belek","9":"first","10":"instock","11":"sale","12":"featured","13":"shipping-taxable","14":"purchasable","15":"product-type-ovabrw_car_rental"},"acf":[],"aioseo_notices":[],"_links":{"self":[{"href":"https:\/\/joinusexcursions.com\/tr\/wp-json\/wp\/v2\/product\/11123","targetHints":{"allow":["GET"]}}],"collection":[{"href":"https:\/\/joinusexcursions.com\/tr\/wp-json\/wp\/v2\/product"}],"about":[{"href":"https:\/\/joinusexcursions.com\/tr\/wp-json\/wp\/v2\/types\/product"}],"replies":[{"embeddable":true,"href":"https:\/\/joinusexcursions.com\/tr\/wp-json\/wp\/v2\/comments?post=11123"}],"wp:featuredmedia":[{"embeddable":true,"href":"https:\/\/joinusexcursions.com\/tr\/wp-json\/wp\/v2\/media\/10750"}],"wp:attachment":[{"href":"https:\/\/joinusexcursions.com\/tr\/wp-json\/wp\/v2\/media?parent=11123"}],"wp:term":[{"taxonomy":"product_brand","embeddable":true,"href":"https:\/\/joinusexcursions.com\/tr\/wp-json\/wp\/v2\/product_brand?post=11123"},{"taxonomy":"product_cat","embeddable":true,"href":"https:\/\/joinusexcursions.com\/tr\/wp-json\/wp\/v2\/product_cat?post=11123"},{"taxonomy":"product_tag","embeddable":true,"href":"https:\/\/joinusexcursions.com\/tr\/wp-json\/wp\/v2\/product_tag?post=11123"}],"curies":[{"name":"wp","href":"https:\/\/api.w.org\/{rel}","templated":true}]}}