{"id":11124,"date":"2025-12-15T15:12:51","date_gmt":"2025-12-15T12:12:51","guid":{"rendered":"https:\/\/joinusexcursions.com\/?post_type=product&#038;p=11124"},"modified":"2026-04-13T19:36:12","modified_gmt":"2026-04-13T16:36:12","slug":"belek-pamukkale-hierapolis","status":"publish","type":"product","link":"https:\/\/joinusexcursions.com\/tr\/tours\/belek-pamukkale-hierapolis\/","title":{"rendered":"Belek'ten Pamukkale &amp; Hierapolis Turu"},"content":{"rendered":"<p data-start=\"378\" data-end=\"546\">Pamukkale'nin do\u011fal g\u00fczelliklerini ve Hierapolis antik kentini, Belek'ten tam g\u00fcnl\u00fck rehberli bir turla ke\u015ffedin. Termal sularda y\u00fcz\u00fcn, kal\u0131nt\u0131lar\u0131 gezin ve \u00f6\u011fle yeme\u011finin tad\u0131n\u0131 \u00e7\u0131kar\u0131n.<\/p>\n<h2>\u2728 Overview of the Belek Pamukkale Hierapolis Tour<\/h2>\n<p data-start=\"564\" data-end=\"857\">Belek, Kadriye ve Bo\u011fazkent'ten Pamukkale'ye, \u00fcnl\u00fc \u201cPamuk Kale\u201dye tam g\u00fcnl\u00fck k\u00fclt\u00fcrel ve do\u011fal deneyime kat\u0131l\u0131n. Kar beyaz\u0131 travertenler \u00fczerinde y\u00fcr\u00fcy\u00fcn, Hierapolis antik kentini ke\u015ffedin ve termal sularda dinlenmek i\u00e7in serbest zaman\u0131n tad\u0131n\u0131 \u00e7\u0131kar\u0131n. Tarih, do\u011fa ve dinlenmenin m\u00fckemmel bir kar\u0131\u015f\u0131m\u0131.<\/p>\n<h3>\ud83c\udf1f \u00d6ne \u00c7\u0131kanlar<\/h3>\n<p data-start=\"1175\" data-end=\"1447\"><strong><span style=\"color: #ff0000;\">\u2022<\/span> <\/strong>Pamukkale'nin beyaz traverten teraslar\u0131nda y\u00fcr\u00fcy\u00fcn<br data-start=\"1227\" data-end=\"1230\" \/><strong><span style=\"color: #ff0000;\">\u2022<\/span> <\/strong>Hierapolis'in antik kal\u0131nt\u0131lar\u0131n\u0131 ke\u015ffedin<br data-start=\"1271\" data-end=\"1274\" \/><strong><span style=\"color: #ff0000;\">\u2022<\/span> <\/strong>Roma tiyatrosunu, hamamlar\u0131 ve antik sokaklar\u0131 ziyaret edin<br data-start=\"1322\" data-end=\"1325\" \/><strong><span style=\"color: #ff0000;\">\u2022<\/span> <\/strong>Do\u011fal termal havuzlarda y\u00fcz\u00fcn<br data-start=\"1356\" data-end=\"1359\" \/><strong><span style=\"color: #ff0000;\">\u2022<\/span> <\/strong>Kleopatra Havuzu'nda iste\u011fe ba\u011fl\u0131 y\u00fczme<br data-start=\"1394\" data-end=\"1397\" \/><strong><span style=\"color: #ff0000;\">\u2022<\/span> <\/strong>T\u00fcrk k\u0131rsal\u0131nda manzaral\u0131 yolculuk<\/p>\n<h2>What to Expect on the Belek Pamukkale Hierapolis Tour<\/h2>\n<div data-start=\"1474\" data-end=\"1647\">Belek veya yak\u0131n \u00e7evresindeki otelinizden rahat bir kar\u015f\u0131lama ile yolculu\u011funuz erken ba\u015fl\u0131yor. Pamukkale'ye do\u011fru giderken g\u00fczel manzaralar e\u015fli\u011finde keyifli bir yolculu\u011fun tad\u0131n\u0131 \u00e7\u0131kar\u0131n.<\/div>\n<div data-start=\"1649\" data-end=\"1874\">Siteden ayr\u0131lmadan \u00f6nce, lezzetli bir a\u00e7\u0131k b\u00fcfe \u00f6\u011fle yeme\u011fi i\u00e7in mola vererek enerjinizi tazeleyin. Ard\u0131ndan, \u015furaya var\u0131n: <strong data-start=\"1742\" data-end=\"1755\">Pamukkale<\/strong>, maden a\u00e7\u0131s\u0131ndan zengin termal sular\u0131n yama\u00e7tan a\u015fa\u011f\u0131 akarak yaratt\u0131\u011f\u0131 g\u00f6z kama\u015ft\u0131r\u0131c\u0131 beyaz traverten teraslar\u0131yla \u00fcnl\u00fc.<\/div>\n<div data-start=\"1876\" data-end=\"2208\">Ke\u015ffetmeye devam et <strong data-start=\"1896\" data-end=\"1910\">Hierapolis<\/strong>, M\u00d6 2. y\u00fczy\u0131lda termal spa olarak kurulan antik bir \u015fehir. Roma tiyatrosu, Apollon Tap\u0131na\u011f\u0131, Roma hamamlar\u0131, \u00e7e\u015fmeler ve antik agora dahil olmak \u00fczere dikkate de\u011fer \u00f6l\u00e7\u00fcde korunmu\u015f kal\u0131nt\u0131lar aras\u0131nda y\u00fcr\u00fcy\u00fcn. Profesyonel rehberiniz, \u015fehrin tarihi ve k\u00fclt\u00fcrel \u00f6nemi hakk\u0131nda b\u00fcy\u00fcleyici bilgiler payla\u015facakt\u0131r.<\/div>\n<div data-start=\"2210\" data-end=\"2495\">Rehberli turun ard\u0131ndan, dinlenmek veya do\u011fal termal havuzlarda y\u00fczmek i\u00e7in serbest zaman\u0131n tad\u0131n\u0131 \u00e7\u0131kar\u0131n. Ek \u00fccret kar\u015f\u0131l\u0131\u011f\u0131nda, efsanevi havuzlarda da y\u00fczebilirsiniz. <strong data-start=\"2349\" data-end=\"2369\">Kleopatra Havuzu<\/strong>, krali\u00e7enin bizzat ziyaret etti\u011fine inan\u0131lan. G\u00fcn\u00fcn sonunda, unutulmaz an\u0131larla otelinize d\u00f6n\u00fcn.<\/div>\n<p class=\"mhm-jue-internal-links\">B\u00f6lgede daha fazla macera m\u0131 ar\u0131yorsunuz? Tam listemizi ke\u015ffedin <a href=\"\/tr\/destinasyon\/belek-turlari\/\">Belek tours<\/a> veya \u015funlara g\u00f6z at\u0131n <a href=\"\/tr\/turlar-2\/belek-land-of-legends-gece\/\">Belek'ten The Land of Legends Gece G\u00f6sterisi<\/a> ba\u015fka unutulmaz bir deneyim i\u00e7in.<\/p>\n<h3>\ud83d\uddd3\ufe0f Tur Program\u0131<\/h3>\n<p data-start=\"2520\" data-end=\"2800\"><strong><span style=\"color: #ff0000;\">\u2022<\/span> <\/strong>Belek ve \u00e7evresindeki otellerden alma<br data-start=\"2569\" data-end=\"2572\" \/><strong><span style=\"color: #ff0000;\">\u2022<\/span> <\/strong>Pamukkale'ye manzaral\u0131 s\u00fcr\u00fc\u015f<br data-start=\"2599\" data-end=\"2602\" \/><strong><span style=\"color: #ff0000;\">\u2022<\/span> <\/strong>\u00d6\u011fle aras\u0131 (a\u00e7\u0131k b\u00fcfe)<br data-start=\"2629\" data-end=\"2632\" \/><strong><span style=\"color: #ff0000;\">\u2022<\/span> <\/strong>Pamukkale travertenlerini ziyaret edin<br data-start=\"2661\" data-end=\"2664\" \/><strong><span style=\"color: #ff0000;\">\u2022<\/span> <\/strong>Hierapolis Rehberli Tur<br data-start=\"2691\" data-end=\"2694\" \/><strong><span style=\"color: #ff0000;\">\u2022<\/span> <\/strong>Y\u00fczme ve dinlenme i\u00e7in bo\u015f zaman<br data-start=\"2733\" data-end=\"2736\" \/><strong><span style=\"color: #ff0000;\">\u2022<\/span> <\/strong>G\u00f6n\u00fcll\u00fc Kleopatra Havuzu ziyareti<br data-start=\"2769\" data-end=\"2772\" \/><strong><span style=\"color: #ff0000;\">\u2022<\/span> <\/strong>Otele gidi\u015f-d\u00f6n\u00fc\u015f transferi<\/p>\n<h3>\u2139\ufe0f Faydal\u0131 Bilgiler<\/h3>\n<p data-start=\"2829\" data-end=\"2953\"><strong><span style=\"color: #ff0000;\">\u2022<\/span> <\/strong>Tam g\u00fcnl\u00fck tur<br data-start=\"2844\" data-end=\"2847\" \/><strong><span style=\"color: #ff0000;\">\u2022<\/span> <\/strong>Orta derecede y\u00fcr\u00fcme i\u00e7erir<br data-start=\"2874\" data-end=\"2877\" \/><strong><span style=\"color: #ff0000;\">\u2022<\/span> <\/strong>Rahat ayakkab\u0131 tavsiyesi<br data-start=\"2908\" data-end=\"2911\" \/><strong><span style=\"color: #ff0000;\">\u2022<\/span> <\/strong>Y\u00fczmek hava ko\u015fullar\u0131na ba\u011fl\u0131d\u0131r<\/p>\n<p class=\"mhm-jue-external-link\">Hedef hakk\u0131nda daha fazla bilgi edinin <a href=\"https:\/\/en.wikipedia.org\/wiki\/Pamukkale\" target=\"_blank\" rel=\"noopener\">Pamukkale Wikipedia page<\/a>.<\/p>\n<h3>\ud83c\udf92 Getirilecekler<\/h3>\n<p data-start=\"2977\" data-end=\"3114\"><strong><span style=\"color: #ff0000;\">\u2022<\/span> <\/strong>Rahat y\u00fcr\u00fcy\u00fc\u015f ayakkab\u0131lar\u0131<br data-start=\"3004\" data-end=\"3007\" \/><strong><span style=\"color: #ff0000;\">\u2022<\/span> <\/strong>Mayo ve havlu<br data-start=\"3027\" data-end=\"3030\" \/><strong><span style=\"color: #ff0000;\">\u2022<\/span> <\/strong>G\u00fcne\u015f kremi ve \u015fapka<br data-start=\"3049\" data-end=\"3052\" \/><strong><span style=\"color: #ff0000;\">\u2022<\/span> <\/strong>Kamera veya ak\u0131ll\u0131 telefon<br data-start=\"3074\" data-end=\"3077\" \/><strong><span style=\"color: #ff0000;\">\u2022<\/span> <\/strong>Giri\u015f \u00fccretleri ve ekstralar i\u00e7in nakit<\/p>\n<h3>\ud83d\udeab Uygun De\u011fil<\/h3>\n<p data-start=\"3141\" data-end=\"3186\"><strong><span style=\"color: #ff0000;\">\u2022<\/span> <\/strong>Ciddi hareket zorlu\u011fu olan misafirler<\/p>\n<h3>\ud83d\udcb8 Fiyat ve Rezervasyon<\/h3>\n<p data-start=\"3214\" data-end=\"3380\"><strong><span style=\"color: #ff0000;\">\u2022<\/span> <\/strong>Fiyatlar sezona g\u00f6re de\u011fi\u015fiklik g\u00f6sterebilir<br data-start=\"3251\" data-end=\"3254\" \/><strong><span style=\"color: #ff0000;\">\u2022<\/span> <\/strong>\u015eimdi rezervasyon yap\u0131n ve tur g\u00fcn\u00fc \u00f6deme yap\u0131n<br data-start=\"3295\" data-end=\"3298\" \/><strong><span style=\"color: #ff0000;\">\u2022<\/span> <\/strong>WhatsApp, Telegram veya Viber \u00fczerinden bizimle ileti\u015fime ge\u00e7in veya a\u015fa\u011f\u0131daki rezervasyon formunu doldurun<\/p>","protected":false},"excerpt":{"rendered":"<p>Belek'ten tam g\u00fcnl\u00fck bir turla Pamukkale ve Hierapolis'i ziyaret edin. Beyaz travertenlerde y\u00fcr\u00fcy\u00fcn, antik kal\u0131nt\u0131lar\u0131 ke\u015ffedin, termal havuzlarda y\u00fcz\u00fcn ve \u00f6\u011fle yeme\u011finin tad\u0131n\u0131 \u00e7\u0131kar\u0131n.<\/p>","protected":false},"featured_media":10711,"comment_status":"open","ping_status":"closed","template":"","meta":{"_acf_changed":false},"product_brand":[],"product_cat":[43],"product_tag":[66],"class_list":{"0":"post-11124","1":"product","2":"type-product","3":"status-publish","4":"has-post-thumbnail","6":"product_cat-belek","7":"product_tag-belek","9":"first","10":"instock","11":"sale","12":"featured","13":"shipping-taxable","14":"purchasable","15":"product-type-ovabrw_car_rental"},"acf":[],"aioseo_notices":[],"_links":{"self":[{"href":"https:\/\/joinusexcursions.com\/tr\/wp-json\/wp\/v2\/product\/11124","targetHints":{"allow":["GET"]}}],"collection":[{"href":"https:\/\/joinusexcursions.com\/tr\/wp-json\/wp\/v2\/product"}],"about":[{"href":"https:\/\/joinusexcursions.com\/tr\/wp-json\/wp\/v2\/types\/product"}],"replies":[{"embeddable":true,"href":"https:\/\/joinusexcursions.com\/tr\/wp-json\/wp\/v2\/comments?post=11124"}],"wp:featuredmedia":[{"embeddable":true,"href":"https:\/\/joinusexcursions.com\/tr\/wp-json\/wp\/v2\/media\/10711"}],"wp:attachment":[{"href":"https:\/\/joinusexcursions.com\/tr\/wp-json\/wp\/v2\/media?parent=11124"}],"wp:term":[{"taxonomy":"product_brand","embeddable":true,"href":"https:\/\/joinusexcursions.com\/tr\/wp-json\/wp\/v2\/product_brand?post=11124"},{"taxonomy":"product_cat","embeddable":true,"href":"https:\/\/joinusexcursions.com\/tr\/wp-json\/wp\/v2\/product_cat?post=11124"},{"taxonomy":"product_tag","embeddable":true,"href":"https:\/\/joinusexcursions.com\/tr\/wp-json\/wp\/v2\/product_tag?post=11124"}],"curies":[{"name":"wp","href":"https:\/\/api.w.org\/{rel}","templated":true}]}}