{"id":11127,"date":"2025-12-15T15:45:29","date_gmt":"2025-12-15T12:45:29","guid":{"rendered":"https:\/\/joinusexcursions.com\/?post_type=product&#038;p=11127"},"modified":"2026-04-13T19:36:12","modified_gmt":"2026-04-13T16:36:12","slug":"side-pamukkale-hierapolis","status":"publish","type":"product","link":"https:\/\/joinusexcursions.com\/tr\/tours\/side-pamukkale-hierapolis\/","title":{"rendered":"Pamukkale &amp; Hierapolis Turu (Belek Side'den)"},"content":{"rendered":"<p data-start=\"3658\" data-end=\"3805\">Side'den tam g\u00fcnl\u00fck rehberli turla Pamukkale'nin beyaz teraslar\u0131n\u0131 ve Hierapolis antik kentini ke\u015ffedin. Termal havuzlar, kal\u0131nt\u0131lar ve \u00f6\u011fle yeme\u011fi dahildir.<\/p>\n<h2>\u2728 Overview of the Side Pamukkale Hierapolis Tour<\/h2>\n<p data-start=\"3823\" data-end=\"4065\">Side, Kumk\u00f6y, Evrenseki, \u00c7olakl\u0131 ve Manavgat'tan tam g\u00fcnl\u00fck bir turla T\u00fcrkiye'nin en ikonik yerlerinden birini deneyimleyin. Pamukkale'nin travertenlerini ke\u015ffedin, antik Hierapolis kentini gezin ve termal sularda y\u00fczmek i\u00e7in serbest zaman\u0131n tad\u0131n\u0131 \u00e7\u0131kar\u0131n.<\/p>\n<h3>\ud83c\udf1f \u00d6ne \u00c7\u0131kanlar<\/h3>\n<p data-start=\"1175\" data-end=\"1447\"><strong><span style=\"color: #ff0000;\">\u2022<\/span> <\/strong>Pamukkale'nin beyaz traverten teraslar\u0131nda y\u00fcr\u00fcy\u00fcn<br data-start=\"1227\" data-end=\"1230\" \/><strong><span style=\"color: #ff0000;\">\u2022<\/span> <\/strong>Hierapolis'in antik kal\u0131nt\u0131lar\u0131n\u0131 ke\u015ffedin<br data-start=\"1271\" data-end=\"1274\" \/><strong><span style=\"color: #ff0000;\">\u2022<\/span> <\/strong>Roma tiyatrosunu, hamamlar\u0131 ve antik sokaklar\u0131 ziyaret edin<br data-start=\"1322\" data-end=\"1325\" \/><strong><span style=\"color: #ff0000;\">\u2022<\/span> <\/strong>Do\u011fal termal havuzlarda y\u00fcz\u00fcn<br data-start=\"1356\" data-end=\"1359\" \/><strong><span style=\"color: #ff0000;\">\u2022<\/span> <\/strong>Kleopatra Havuzu'nda iste\u011fe ba\u011fl\u0131 y\u00fczme<br data-start=\"1394\" data-end=\"1397\" \/><strong><span style=\"color: #ff0000;\">\u2022<\/span> <\/strong>T\u00fcrk k\u0131rsal\u0131nda manzaral\u0131 yolculuk<\/p>\n<h2>What to Expect on the Side Pamukkale Hierapolis Tour<\/h2>\n<div data-start=\"4679\" data-end=\"4853\">Side veya yak\u0131n b\u00f6lgelerdeki otelinizden erken al\u0131n\u0131\u015fla g\u00fcne ba\u015flay\u0131n. Pitoresk k\u0131rsal manzaralardan ge\u00e7en, Pamukkale'ye giden manzaral\u0131 yolculu\u011fun tad\u0131n\u0131 \u00e7\u0131kar\u0131n.<\/div>\n<div data-start=\"4855\" data-end=\"5065\">A\u00e7\u0131k b\u00fcfe \u00f6\u011fle yeme\u011finin tad\u0131n\u0131 \u00e7\u0131kard\u0131ktan sonra, var\u0131n <strong data-start=\"4902\" data-end=\"4915\">Pamukkale<\/strong> ve akan termal sular\u0131n olu\u015fturdu\u011fu \u00fcnl\u00fc beyaz traverten teraslar\u0131n\u0131 ke\u015ffedin. Mineral a\u00e7\u0131s\u0131ndan zengin havuzlarda \u00e7\u0131plak ayakla y\u00fcr\u00fcy\u00fcn ve unutulmaz foto\u011fraflar \u00e7ekin.<\/div>\n<div data-start=\"5067\" data-end=\"5273\">Antik \u015fehre devam edin <strong data-start=\"5099\" data-end=\"5113\">Hierapolis<\/strong>, bir zamanlar\u0131n \u00fcnl\u00fc termal spa \u015fehri. Rehberiniz size zengin tarihi hakk\u0131nda hikayeler anlat\u0131rken etkileyici Roma tiyatrosunu, antik hamamlar\u0131, tap\u0131naklar\u0131 ve agoras\u0131n\u0131 ziyaret edin.<\/div>\n<div data-start=\"5275\" data-end=\"5468\">Termal havuzlarda dinlenmek veya y\u00fczmek i\u00e7in bo\u015f zaman\u0131n\u0131z\u0131n tad\u0131n\u0131 \u00e7\u0131kar\u0131n. \u0130sterseniz, ziyaret de edebilirsiniz <strong data-start=\"5362\" data-end=\"5382\">Kleopatra Havuzu<\/strong> ek bir \u00fccret kar\u015f\u0131l\u0131\u011f\u0131nda. G\u00fcn\u00fcn\u00fcz\u00fc otelinize rahat bir d\u00f6n\u00fc\u015f transferi ile sonland\u0131r\u0131n.<\/div>\n<p class=\"mhm-jue-internal-links\">B\u00f6lgede daha fazla macera m\u0131 ar\u0131yorsunuz? Tam listemizi ke\u015ffedin <a href=\"\/tr\/destinasyon\/side-turlari\/\">Yan geziler<\/a> veya \u015funlara g\u00f6z at\u0131n <a href=\"\/tr\/turlar-2\/side-land-of-legends-gece\/\">Side'den Legendlar Diyar\u0131 Gece \u015eovu<\/a> ba\u015fka unutulmaz bir deneyim i\u00e7in.<\/p>\n<h3>\ud83d\uddd3\ufe0f Tur Program\u0131<\/h3>\n<p data-start=\"2520\" data-end=\"2800\"><strong><span style=\"color: #ff0000;\">\u2022<\/span> <\/strong>Side ve \u00e7evresindeki otellerden alma<br data-start=\"2569\" data-end=\"2572\" \/><strong><span style=\"color: #ff0000;\">\u2022<\/span> <\/strong>Pamukkale'ye manzaral\u0131 s\u00fcr\u00fc\u015f<br data-start=\"2599\" data-end=\"2602\" \/><strong><span style=\"color: #ff0000;\">\u2022<\/span> <\/strong>\u00d6\u011fle aras\u0131 (a\u00e7\u0131k b\u00fcfe)<br data-start=\"2629\" data-end=\"2632\" \/><strong><span style=\"color: #ff0000;\">\u2022<\/span> <\/strong>Pamukkale travertenlerini ziyaret edin<br data-start=\"2661\" data-end=\"2664\" \/><strong><span style=\"color: #ff0000;\">\u2022<\/span> <\/strong>Hierapolis Rehberli Tur<br data-start=\"2691\" data-end=\"2694\" \/><strong><span style=\"color: #ff0000;\">\u2022<\/span> <\/strong>Y\u00fczme ve dinlenme i\u00e7in bo\u015f zaman<br data-start=\"2733\" data-end=\"2736\" \/><strong><span style=\"color: #ff0000;\">\u2022<\/span> <\/strong>G\u00f6n\u00fcll\u00fc Kleopatra Havuzu ziyareti<br data-start=\"2769\" data-end=\"2772\" \/><strong><span style=\"color: #ff0000;\">\u2022<\/span> <\/strong>Otele gidi\u015f-d\u00f6n\u00fc\u015f transferi<\/p>\n<h3>\u2139\ufe0f Faydal\u0131 Bilgiler<\/h3>\n<p data-start=\"2829\" data-end=\"2953\"><strong><span style=\"color: #ff0000;\">\u2022<\/span> <\/strong>Tam g\u00fcnl\u00fck tur<br data-start=\"2844\" data-end=\"2847\" \/><strong><span style=\"color: #ff0000;\">\u2022<\/span> <\/strong>Orta derecede y\u00fcr\u00fcme i\u00e7erir<br data-start=\"2874\" data-end=\"2877\" \/><strong><span style=\"color: #ff0000;\">\u2022<\/span> <\/strong>Rahat ayakkab\u0131 tavsiyesi<br data-start=\"2908\" data-end=\"2911\" \/><strong><span style=\"color: #ff0000;\">\u2022<\/span> <\/strong>Y\u00fczmek hava ko\u015fullar\u0131na ba\u011fl\u0131d\u0131r<\/p>\n<p class=\"mhm-jue-external-link\">Hedef hakk\u0131nda daha fazla bilgi edinin <a href=\"https:\/\/en.wikipedia.org\/wiki\/Pamukkale\" target=\"_blank\" rel=\"noopener\">Pamukkale Wikipedia page<\/a>.<\/p>\n<h3>\ud83c\udf92 Getirilecekler<\/h3>\n<p data-start=\"2977\" data-end=\"3114\"><strong><span style=\"color: #ff0000;\">\u2022<\/span> <\/strong>Rahat y\u00fcr\u00fcy\u00fc\u015f ayakkab\u0131lar\u0131<br data-start=\"3004\" data-end=\"3007\" \/><strong><span style=\"color: #ff0000;\">\u2022<\/span> <\/strong>Mayo ve havlu<br data-start=\"3027\" data-end=\"3030\" \/><strong><span style=\"color: #ff0000;\">\u2022<\/span> <\/strong>G\u00fcne\u015f kremi ve \u015fapka<br data-start=\"3049\" data-end=\"3052\" \/><strong><span style=\"color: #ff0000;\">\u2022<\/span> <\/strong>Kamera veya ak\u0131ll\u0131 telefon<br data-start=\"3074\" data-end=\"3077\" \/><strong><span style=\"color: #ff0000;\">\u2022<\/span> <\/strong>Giri\u015f \u00fccretleri ve ekstralar i\u00e7in nakit<\/p>\n<h3>\ud83d\udeab Uygun De\u011fil<\/h3>\n<p data-start=\"3141\" data-end=\"3186\"><strong><span style=\"color: #ff0000;\">\u2022<\/span> <\/strong>Ciddi hareket zorlu\u011fu olan misafirler<\/p>\n<h3>\ud83d\udcb8 Fiyat ve Rezervasyon<\/h3>\n<p data-start=\"3214\" data-end=\"3380\"><strong><span style=\"color: #ff0000;\">\u2022<\/span> <\/strong>Fiyatlar sezona g\u00f6re de\u011fi\u015fiklik g\u00f6sterebilir<br data-start=\"3251\" data-end=\"3254\" \/><strong><span style=\"color: #ff0000;\">\u2022<\/span> <\/strong>\u015eimdi rezervasyon yap\u0131n ve tur g\u00fcn\u00fc \u00f6deme yap\u0131n<br data-start=\"3295\" data-end=\"3298\" \/><strong><span style=\"color: #ff0000;\">\u2022<\/span> <\/strong>WhatsApp, Telegram veya Viber \u00fczerinden bizimle ileti\u015fime ge\u00e7in veya a\u015fa\u011f\u0131daki rezervasyon formunu doldurun<\/p>","protected":false},"excerpt":{"rendered":"<p data-start=\"6308\" data-end=\"6461\">Side'den tam g\u00fcnl\u00fck bir turla Pamukkale ve Hierapolis'i ke\u015ffedin. Beyaz travertenlerde y\u00fcr\u00fcy\u00fcn, antik kal\u0131nt\u0131lar\u0131 gezin, termal havuzlarda y\u00fcz\u00fcn ve \u00f6\u011fle yeme\u011finin tad\u0131n\u0131 \u00e7\u0131kar\u0131n.<\/p>","protected":false},"featured_media":10711,"comment_status":"open","ping_status":"closed","template":"","meta":{"_acf_changed":false},"product_brand":[],"product_cat":[46],"product_tag":[68],"class_list":{"0":"post-11127","1":"product","2":"type-product","3":"status-publish","4":"has-post-thumbnail","6":"product_cat-side","7":"product_tag-side","9":"first","10":"instock","11":"sale","12":"featured","13":"shipping-taxable","14":"purchasable","15":"product-type-ovabrw_car_rental"},"acf":[],"aioseo_notices":[],"_links":{"self":[{"href":"https:\/\/joinusexcursions.com\/tr\/wp-json\/wp\/v2\/product\/11127","targetHints":{"allow":["GET"]}}],"collection":[{"href":"https:\/\/joinusexcursions.com\/tr\/wp-json\/wp\/v2\/product"}],"about":[{"href":"https:\/\/joinusexcursions.com\/tr\/wp-json\/wp\/v2\/types\/product"}],"replies":[{"embeddable":true,"href":"https:\/\/joinusexcursions.com\/tr\/wp-json\/wp\/v2\/comments?post=11127"}],"wp:featuredmedia":[{"embeddable":true,"href":"https:\/\/joinusexcursions.com\/tr\/wp-json\/wp\/v2\/media\/10711"}],"wp:attachment":[{"href":"https:\/\/joinusexcursions.com\/tr\/wp-json\/wp\/v2\/media?parent=11127"}],"wp:term":[{"taxonomy":"product_brand","embeddable":true,"href":"https:\/\/joinusexcursions.com\/tr\/wp-json\/wp\/v2\/product_brand?post=11127"},{"taxonomy":"product_cat","embeddable":true,"href":"https:\/\/joinusexcursions.com\/tr\/wp-json\/wp\/v2\/product_cat?post=11127"},{"taxonomy":"product_tag","embeddable":true,"href":"https:\/\/joinusexcursions.com\/tr\/wp-json\/wp\/v2\/product_tag?post=11127"}],"curies":[{"name":"wp","href":"https:\/\/api.w.org\/{rel}","templated":true}]}}