{"id":11128,"date":"2025-12-15T17:14:25","date_gmt":"2025-12-15T14:14:25","guid":{"rendered":"https:\/\/joinusexcursions.com\/?post_type=product&#038;p=11128"},"modified":"2026-04-18T04:01:38","modified_gmt":"2026-04-18T01:01:38","slug":"belek-antalya-sehir-turu","status":"publish","type":"product","link":"https:\/\/joinusexcursions.com\/tr\/tours\/belek-antalya-city-tour\/","title":{"rendered":"Belek'ten Antalya \u015eehir Turu \u2013 Eski \u015eehir ve \u015eelaleler"},"content":{"rendered":"<p data-start=\"397\" data-end=\"556\">Belek'ten tam g\u00fcnl\u00fck rehberli bir turla Antalya'n\u0131n b\u00fcy\u00fcs\u00fcn\u00fc ke\u015ffedin. \u015eelalelerin, dinlendirici bir tekne gezisinin, Eski \u015eehir ke\u015ffinin ve lezzetli bir T\u00fcrk \u00f6\u011fle yeme\u011finin tad\u0131n\u0131 \u00e7\u0131kar\u0131n.<\/p>\n<h2>\ud83c\udf06 Overview of the Belek Antalya City Tour<\/h2>\n<p data-start=\"575\" data-end=\"812\">Belek, Kadriye ve Bo\u011fazkent'ten kat\u0131labilece\u011finiz tam g\u00fcnl\u00fck Antalya \u015fehir turu ile tarih, do\u011fa ve deniz manzaralar\u0131n\u0131 bir arada ya\u015fay\u0131n. Kalei\u00e7i'ni ziyaret edin, teknenizle sahil boyunca gezin, Yukar\u0131 ve A\u015fa\u011f\u0131 D\u00fcden \u015eelaleleri'ni ke\u015ffedin ve geleneksel \u00f6\u011fle yeme\u011finin tad\u0131n\u0131 \u00e7\u0131kar\u0131n.<\/p>\n<h3>\ud83c\udf1f \u00d6ne \u00c7\u0131kanlar<\/h3>\n<p data-start=\"1114\" data-end=\"1425\"><span style=\"color: #ff0000;\"><strong>\u2022<\/strong> <\/span>Akdeniz'e d\u00f6k\u00fclen A\u015fa\u011f\u0131 D\u00fcden \u015eelaleleri'ni ziyaret edin<br data-start=\"1175\" data-end=\"1178\" \/><span style=\"color: #ff0000;\"><strong>\u2022<\/strong> <\/span>Kalei\u00e7i Eski Kenti ve tarihi yerleri ke\u015ffedin<br data-start=\"1227\" data-end=\"1230\" \/><span style=\"color: #ff0000;\"><strong>\u2022<\/strong> <\/span>Eski Liman'dan 1 saatlik tekne gezisinin tad\u0131n\u0131 \u00e7\u0131kar\u0131n<br data-start=\"1276\" data-end=\"1279\" \/><span style=\"color: #ff0000;\"><strong>\u2022<\/strong> <\/span>Do\u011fa ile \u00e7evrili Yukar\u0131 D\u00fcden \u015eelalesi'ni ke\u015ffedin<br data-start=\"1333\" data-end=\"1336\" \/><span style=\"color: #ff0000;\"><strong>\u2022<\/strong> <\/span>Geleneksel T\u00fcrk \u00f6\u011fle yeme\u011fi dahil<br data-start=\"1372\" data-end=\"1375\" \/><span style=\"color: #ff0000;\"><strong>\u2022<\/strong> <\/span>Yerel el yap\u0131m\u0131 \u00fcr\u00fcnlerle g\u00fcm\u00fc\u015f ustas\u0131 ziyareti<\/p>\n<h2>What to Expect on the Belek Antalya City Tour<\/h2>\n<div data-start=\"1452\" data-end=\"1785\">G\u00fcne Belek veya yak\u0131ndaki b\u00f6lgelerdeki otelinizden rahat bir transferle ba\u015flay\u0131n. Antalya \u015fehir merkezini ke\u015ffetmek i\u00e7in yola \u00e7\u0131k\u0131n <strong data-start=\"1577\" data-end=\"1597\">Kalei\u00e7i Eski \u015eehir<\/strong>, tarihi Roma, Sel\u00e7uklu ve Osmanl\u0131 eserlerinin aras\u0131nda canland\u0131\u011f\u0131 yer. Hadrian Kap\u0131s\u0131'ndan y\u00fcr\u00fcy\u00fcn, Yivli Minare ve Saat Kulesi'ni hayranl\u0131kla izleyin, ayr\u0131ca d\u00fckkanlar\u0131 veya kafeleri ke\u015ffetmek i\u00e7in serbest zaman\u0131n\u0131z\u0131n tad\u0131n\u0131 \u00e7\u0131kar\u0131n.<\/div>\n<div data-start=\"1787\" data-end=\"1976\">Ard\u0131ndan, tarihi yere gidin <strong data-start=\"1814\" data-end=\"1828\">Eski Liman<\/strong> ve Antalya'n\u0131n nefes kesici sahil \u015feridi boyunca, kayal\u0131klar ve Akdeniz'in g\u00fczel manzaralar\u0131n\u0131 sunan, rahatlat\u0131c\u0131 1 saatlik tekne turunun keyfini \u00e7\u0131kar\u0131n.<\/div>\n<div data-start=\"1978\" data-end=\"2241\">Seyahatten sonra, lezzetli bir <strong data-start=\"2014\" data-end=\"2043\">geleneksel T\u00fcrk \u00f6\u011fle yeme\u011fi<\/strong> Yerel bir restoranda. Turu ziyaretlerle devam ettirin <strong data-start=\"2100\" data-end=\"2126\">\u00dcst D\u00fcden \u015eelaleleri<\/strong>, ye\u015filliklerle ve ma\u011faralarla \u00e7evrili, ve <strong data-start=\"2166\" data-end=\"2192\">A\u015fa\u011f\u0131 D\u00fcden \u015eelalesi<\/strong>, denize dramatik bir \u015fekilde d\u00f6k\u00fclen su.<\/div>\n<div data-start=\"2243\" data-end=\"2408\">D\u00f6nmeden \u00f6nce yerel bir yerde durun <strong data-start=\"2277\" data-end=\"2301\">G\u00fcm\u00fc\u015f ustas\u0131 at\u00f6lyesi<\/strong> Geleneksel el yap\u0131m\u0131 g\u00fcm\u00fc\u015f tak\u0131lar\u0131 g\u00f6rmek i\u00e7in. G\u00fcn\u00fcn sonunda otelinize rahat bir transferle d\u00f6n\u00fcn.<\/div>\n<p class=\"mhm-jue-internal-links\">B\u00f6lgede daha fazla macera m\u0131 ar\u0131yorsunuz? Tam listemizi ke\u015ffedin <a href=\"\/tr\/destinasyon\/belek-turlari\/\">Belek tours<\/a> veya \u015funlara g\u00f6z at\u0131n <a href=\"\/tr\/turlar-2\/belek-land-of-legends-gece\/\">Belek'ten The Land of Legends Gece G\u00f6sterisi<\/a> ba\u015fka unutulmaz bir deneyim i\u00e7in.<\/p>\n<h3>\ud83d\uddd3\ufe0f Tur Program\u0131<\/h3>\n<p data-start=\"2433\" data-end=\"2727\"><span style=\"color: #ff0000;\"><strong>\u2022<\/strong> <\/span>Belek ve \u00e7evresindeki otellerden alma<br data-start=\"2482\" data-end=\"2485\" \/><span style=\"color: #ff0000;\"><strong>\u2022<\/strong> <\/span>Kalei\u00e7i Eski \u015eehir gezisi ve serbest zaman<br data-start=\"2529\" data-end=\"2532\" \/><span style=\"color: #ff0000;\"><strong>\u2022<\/strong> <\/span>Antalya Kalei\u00e7i'nden Tekne Turu (1 saat)<br data-start=\"2576\" data-end=\"2579\" \/><span style=\"color: #ff0000;\"><strong>\u2022<\/strong> <\/span>Yerel bir restoranda \u00f6\u011fle yeme\u011fi<br data-start=\"2608\" data-end=\"2611\" \/><span style=\"color: #ff0000;\"><strong>\u2022<\/strong> <\/span>Yukar\u0131 D\u00fcden \u015eelalesi'ni ziyaret edin<br data-start=\"2641\" data-end=\"2644\" \/><span style=\"color: #ff0000;\"><strong>\u2022<\/strong> <\/span>A\u015fa\u011f\u0131 D\u00fcden \u015eelaleleri'ni ziyaret edin<br data-start=\"2674\" data-end=\"2677\" \/><span style=\"color: #ff0000;\"><strong>\u2022<\/strong> <\/span>G\u00fcm\u00fc\u015f\u00e7\u00fc ziyareti<br data-start=\"2696\" data-end=\"2699\" \/><span style=\"color: #ff0000;\"><strong>\u2022<\/strong> <\/span>Otele gidi\u015f-d\u00f6n\u00fc\u015f transferi<\/p>\n<h3>\u2139\ufe0f Faydal\u0131 Bilgiler<\/h3>\n<p data-start=\"2756\" data-end=\"2886\"><span style=\"color: #ff0000;\"><strong>\u2022<\/strong> <\/span>Tam g\u00fcnl\u00fck \u015fehir turu<br data-start=\"2776\" data-end=\"2779\" \/><span style=\"color: #ff0000;\"><strong>\u2022<\/strong> <\/span>Orta derecede y\u00fcr\u00fcme i\u00e7erir<br data-start=\"2806\" data-end=\"2809\" \/><span style=\"color: #ff0000;\"><strong>\u2022<\/strong> <\/span>Hava ko\u015fullar\u0131na ba\u011fl\u0131 tekne turu<br data-start=\"2850\" data-end=\"2853\" \/><span style=\"color: #ff0000;\"><strong>\u2022<\/strong> <\/span>Rahat ayakkab\u0131 tavsiyesi<\/p>\n<p class=\"mhm-jue-external-link\">Hedef hakk\u0131nda daha fazla bilgi edinin <a href=\"https:\/\/en.wikipedia.org\/wiki\/Antalya\" target=\"_blank\" rel=\"noopener\">Antalya Wikipedia page<\/a>.<\/p>\n<h3>\ud83c\udf92 Getirilecekler<\/h3>\n<p data-start=\"2910\" data-end=\"3017\"><span style=\"color: #ff0000;\"><strong>\u2022<\/strong> <\/span>Rahat y\u00fcr\u00fcy\u00fc\u015f ayakkab\u0131lar\u0131<br data-start=\"2937\" data-end=\"2940\" \/><span style=\"color: #ff0000;\"><strong>\u2022<\/strong> <\/span>Kamera veya ak\u0131ll\u0131 telefon<br data-start=\"2962\" data-end=\"2965\" \/><span style=\"color: #ff0000;\"><strong>\u2022<\/strong> <\/span>G\u00fcne\u015f kremi ve \u015fapka<br data-start=\"2984\" data-end=\"2987\" \/><span style=\"color: #ff0000;\"><strong>\u2022<\/strong> <\/span>Ki\u015fisel harcamalar i\u00e7in nakit<\/p>\n<h3>\ud83d\udeab Uygun De\u011fil<\/h3>\n<p data-start=\"3044\" data-end=\"3088\"><span style=\"color: #ff0000;\"><strong>\u2022<\/strong> <\/span>Ciddi hareket k\u0131s\u0131tl\u0131l\u0131\u011f\u0131 olan misafirler<\/p>\n<h3>\ud83d\udcb8 Fiyat ve Rezervasyon<\/h3>\n<p data-start=\"3116\" data-end=\"3272\"><span style=\"color: #ff0000;\"><strong>\u2022<\/strong> <\/span>Fiyatlar mevsime g\u00f6re de\u011fi\u015fiklik g\u00f6sterebilir<br data-start=\"3143\" data-end=\"3146\" \/><span style=\"color: #ff0000;\"><strong>\u2022<\/strong> <\/span>\u015eimdi rezervasyon yap\u0131n ve tur g\u00fcn\u00fc \u00f6deme yap\u0131n<br data-start=\"3187\" data-end=\"3190\" \/><span style=\"color: #ff0000;\"><strong>\u2022<\/strong> <\/span>WhatsApp, Telegram veya Viber \u00fczerinden bizimle ileti\u015fime ge\u00e7in veya a\u015fa\u011f\u0131daki rezervasyon formunu doldurun<\/p>","protected":false},"excerpt":{"rendered":"<p>Belek'ten tam g\u00fcnl\u00fck turla, tarihi Kalei\u00e7i, tekne gezisi, Yukar\u0131 ve A\u015fa\u011f\u0131 D\u00fcden \u015eelaleleri ve \u00f6\u011fle yeme\u011fi dahil Antalya'y\u0131 ke\u015ffedin. Do\u011fay\u0131 ve tarihi ke\u015ffedin.<\/p>","protected":false},"featured_media":10682,"comment_status":"open","ping_status":"closed","template":"","meta":{"_acf_changed":false},"product_brand":[],"product_cat":[43],"product_tag":[66],"class_list":{"0":"post-11128","1":"product","2":"type-product","3":"status-publish","4":"has-post-thumbnail","6":"product_cat-belek","7":"product_tag-belek","9":"first","10":"instock","11":"sale","12":"featured","13":"shipping-taxable","14":"purchasable","15":"product-type-ovabrw_car_rental"},"acf":[],"aioseo_notices":[],"_links":{"self":[{"href":"https:\/\/joinusexcursions.com\/tr\/wp-json\/wp\/v2\/product\/11128","targetHints":{"allow":["GET"]}}],"collection":[{"href":"https:\/\/joinusexcursions.com\/tr\/wp-json\/wp\/v2\/product"}],"about":[{"href":"https:\/\/joinusexcursions.com\/tr\/wp-json\/wp\/v2\/types\/product"}],"replies":[{"embeddable":true,"href":"https:\/\/joinusexcursions.com\/tr\/wp-json\/wp\/v2\/comments?post=11128"}],"wp:featuredmedia":[{"embeddable":true,"href":"https:\/\/joinusexcursions.com\/tr\/wp-json\/wp\/v2\/media\/10682"}],"wp:attachment":[{"href":"https:\/\/joinusexcursions.com\/tr\/wp-json\/wp\/v2\/media?parent=11128"}],"wp:term":[{"taxonomy":"product_brand","embeddable":true,"href":"https:\/\/joinusexcursions.com\/tr\/wp-json\/wp\/v2\/product_brand?post=11128"},{"taxonomy":"product_cat","embeddable":true,"href":"https:\/\/joinusexcursions.com\/tr\/wp-json\/wp\/v2\/product_cat?post=11128"},{"taxonomy":"product_tag","embeddable":true,"href":"https:\/\/joinusexcursions.com\/tr\/wp-json\/wp\/v2\/product_tag?post=11128"}],"curies":[{"name":"wp","href":"https:\/\/api.w.org\/{rel}","templated":true}]}}