{"id":11130,"date":"2025-12-15T17:29:12","date_gmt":"2025-12-15T14:29:12","guid":{"rendered":"https:\/\/joinusexcursions.com\/?post_type=product&#038;p=11130"},"modified":"2026-04-13T19:36:12","modified_gmt":"2026-04-13T16:36:12","slug":"side-antalya-sehir-turu","status":"publish","type":"product","link":"https:\/\/joinusexcursions.com\/tr\/tours\/side-antalya-city-tour\/","title":{"rendered":"Side'den Antalya \u015eehir Turu \u2013 Eski \u015eehir ve \u015eelaleler"},"content":{"rendered":"<p data-start=\"3567\" data-end=\"3707\">Side'den tam g\u00fcnl\u00fck Antalya \u015fehir turu ile \u015felaleler, manzaral\u0131 tekne gezisi, Eski \u015eehir gezisi ve geleneksel T\u00fcrk \u00f6\u011fle yeme\u011finin tad\u0131n\u0131 \u00e7\u0131kar\u0131n.<\/p>\n<h2>\ud83c\udf06 Overview of the Side Antalya City Tour<\/h2>\n<p data-start=\"3726\" data-end=\"3955\">Side, Kumk\u00f6y, Evrenseki, \u00c7olakl\u0131 ve Manavgat'tan tam g\u00fcnl\u00fck bir turla Antalya'n\u0131n \u00f6ne \u00e7\u0131kan yerlerini ke\u015ffedin. Kalei\u00e7i Eski \u015eehir'i ke\u015ffedin, tekneyle sahil boyunca gezinin, Yukar\u0131 ve A\u015fa\u011f\u0131 D\u00fcden \u015eelaleleri'ni ziyaret edin ve lezzetli bir \u00f6\u011fle yeme\u011finin tad\u0131n\u0131 \u00e7\u0131kar\u0131n.<\/p>\n<h3>\ud83c\udf1f \u00d6ne \u00c7\u0131kanlar<\/h3>\n<p data-start=\"1114\" data-end=\"1425\"><span style=\"color: #ff0000;\"><strong>\u2022<\/strong> <\/span>Akdeniz'e d\u00f6k\u00fclen A\u015fa\u011f\u0131 D\u00fcden \u015eelaleleri'ni ziyaret edin<br data-start=\"1175\" data-end=\"1178\" \/><span style=\"color: #ff0000;\"><strong>\u2022<\/strong> <\/span>Kalei\u00e7i Eski Kenti ve tarihi yerleri ke\u015ffedin<br data-start=\"1227\" data-end=\"1230\" \/><span style=\"color: #ff0000;\"><strong>\u2022<\/strong> <\/span>Eski Liman'dan 1 saatlik tekne gezisinin tad\u0131n\u0131 \u00e7\u0131kar\u0131n<br data-start=\"1276\" data-end=\"1279\" \/><span style=\"color: #ff0000;\"><strong>\u2022<\/strong> <\/span>Do\u011fa ile \u00e7evrili Yukar\u0131 D\u00fcden \u015eelalesi'ni ke\u015ffedin<br data-start=\"1333\" data-end=\"1336\" \/><span style=\"color: #ff0000;\"><strong>\u2022<\/strong> <\/span>Geleneksel T\u00fcrk \u00f6\u011fle yeme\u011fi dahil<br data-start=\"1372\" data-end=\"1375\" \/><span style=\"color: #ff0000;\"><strong>\u2022<\/strong> <\/span>Yerel el yap\u0131m\u0131 \u00fcr\u00fcnlerle g\u00fcm\u00fc\u015f ustas\u0131 ziyareti<\/p>\n<h2>What to Expect on the Side Antalya City Tour<\/h2>\n<div data-start=\"4577\" data-end=\"4859\">G\u00fcn\u00fcn\u00fcz Side'deki veya yak\u0131ndaki b\u00f6lgelerdeki otelinizden al\u0131nman\u0131zla ba\u015fl\u0131yor. Antalya'ya var\u0131\u015f ve ke\u015fif <strong data-start=\"4680\" data-end=\"4700\">Kalei\u00e7i Eski \u015eehir<\/strong>, Hadrian Kap\u0131s\u0131, Yivli Minare ve Saat Kulesi gibi tarihi sokaklar\u0131 ve simge yap\u0131lar\u0131 gezerek. D\u00fckkanlar\u0131, m\u00fczeleri veya kafeleri ke\u015ffetmek i\u00e7in serbest zaman\u0131n tad\u0131n\u0131 \u00e7\u0131kar\u0131n.<\/div>\n<div data-start=\"4861\" data-end=\"5056\">Devam et <strong data-start=\"4877\" data-end=\"4891\">Eski Liman<\/strong> Antalya'n\u0131n sahilini ve kayal\u0131klar\u0131n\u0131 panoramik olarak seyrederek dinlendirici 1 saatlik tekne turu. Tur sonras\u0131, lezzetli bir <strong data-start=\"5016\" data-end=\"5033\">T\u00fcrk \u00f6\u011fle yeme\u011fi<\/strong> yerel bir restoranda.<\/div>\n<div data-start=\"5058\" data-end=\"5310\">\u00d6\u011fleden sonra, ziyaret et <strong data-start=\"5082\" data-end=\"5108\">\u00dcst D\u00fcden \u015eelaleleri<\/strong>, ye\u015fillikler aras\u0131na gizlenmi\u015f, ard\u0131ndan <strong data-start=\"5145\" data-end=\"5171\">A\u015fa\u011f\u0131 D\u00fcden \u015eelalesi<\/strong>, sular\u0131n denize dramatik bir \u015fekilde kar\u0131\u015ft\u0131\u011f\u0131 yerde. D\u00f6nmeden \u00f6nce yerel bir yerde durun <strong data-start=\"5247\" data-end=\"5262\">g\u00fcm\u00fc\u015f\u00e7\u00fc<\/strong> geleneksel el yap\u0131m\u0131 g\u00fcm\u00fc\u015f \u00fcr\u00fcnlerini g\u00f6rmek i\u00e7in.<\/div>\n<div data-start=\"5312\" data-end=\"5406\">Unutulmaz deneyimlerle dolu, konforlu bir otele d\u00f6n\u00fc\u015f transferiyle g\u00fcn\u00fc sonland\u0131r\u0131n.<\/div>\n<p class=\"mhm-jue-internal-links\">B\u00f6lgede daha fazla macera m\u0131 ar\u0131yorsunuz? Tam listemizi ke\u015ffedin <a href=\"\/tr\/destinasyon\/side-turlari\/\">Yan geziler<\/a> veya \u015funlara g\u00f6z at\u0131n <a href=\"\/tr\/turlar-2\/side-land-of-legends-gece\/\">Side'den Legendlar Diyar\u0131 Gece \u015eovu<\/a> ba\u015fka unutulmaz bir deneyim i\u00e7in.<\/p>\n<h3>\ud83d\uddd3\ufe0f Tur Program\u0131<\/h3>\n<p data-start=\"2433\" data-end=\"2727\"><span style=\"color: #ff0000;\"><strong>\u2022<\/strong> <\/span>Side ve \u00e7evresindeki otellerden alma<br data-start=\"2482\" data-end=\"2485\" \/><span style=\"color: #ff0000;\"><strong>\u2022<\/strong> <\/span>Kalei\u00e7i Eski \u015eehir gezisi ve serbest zaman<br data-start=\"2529\" data-end=\"2532\" \/><span style=\"color: #ff0000;\"><strong>\u2022<\/strong> <\/span>Antalya Kalei\u00e7i'nden Tekne Turu (1 saat)<br data-start=\"2576\" data-end=\"2579\" \/><span style=\"color: #ff0000;\"><strong>\u2022<\/strong> <\/span>Yerel bir restoranda \u00f6\u011fle yeme\u011fi<br data-start=\"2608\" data-end=\"2611\" \/><span style=\"color: #ff0000;\"><strong>\u2022<\/strong> <\/span>Yukar\u0131 D\u00fcden \u015eelalesi'ni ziyaret edin<br data-start=\"2641\" data-end=\"2644\" \/><span style=\"color: #ff0000;\"><strong>\u2022<\/strong> <\/span>A\u015fa\u011f\u0131 D\u00fcden \u015eelaleleri'ni ziyaret edin<br data-start=\"2674\" data-end=\"2677\" \/><span style=\"color: #ff0000;\"><strong>\u2022<\/strong> <\/span>G\u00fcm\u00fc\u015f\u00e7\u00fc ziyareti<br data-start=\"2696\" data-end=\"2699\" \/><span style=\"color: #ff0000;\"><strong>\u2022<\/strong> <\/span>Otele gidi\u015f-d\u00f6n\u00fc\u015f transferi<\/p>\n<h3>\u2139\ufe0f Faydal\u0131 Bilgiler<\/h3>\n<p data-start=\"2756\" data-end=\"2886\"><span style=\"color: #ff0000;\"><strong>\u2022<\/strong> <\/span>Tam g\u00fcnl\u00fck \u015fehir turu<br data-start=\"2776\" data-end=\"2779\" \/><span style=\"color: #ff0000;\"><strong>\u2022<\/strong> <\/span>Orta derecede y\u00fcr\u00fcme i\u00e7erir<br data-start=\"2806\" data-end=\"2809\" \/><span style=\"color: #ff0000;\"><strong>\u2022<\/strong> <\/span>Hava ko\u015fullar\u0131na ba\u011fl\u0131 tekne turu<br data-start=\"2850\" data-end=\"2853\" \/><span style=\"color: #ff0000;\"><strong>\u2022<\/strong> <\/span>Rahat ayakkab\u0131 tavsiyesi<\/p>\n<p class=\"mhm-jue-external-link\">Hedef hakk\u0131nda daha fazla bilgi edinin <a href=\"https:\/\/en.wikipedia.org\/wiki\/Antalya\" target=\"_blank\" rel=\"noopener\">Antalya Wikipedia page<\/a>.<\/p>\n<h3>\ud83c\udf92 Getirilecekler<\/h3>\n<p data-start=\"2910\" data-end=\"3017\"><span style=\"color: #ff0000;\"><strong>\u2022<\/strong> <\/span>Rahat y\u00fcr\u00fcy\u00fc\u015f ayakkab\u0131lar\u0131<br data-start=\"2937\" data-end=\"2940\" \/><span style=\"color: #ff0000;\"><strong>\u2022<\/strong> <\/span>Kamera veya ak\u0131ll\u0131 telefon<br data-start=\"2962\" data-end=\"2965\" \/><span style=\"color: #ff0000;\"><strong>\u2022<\/strong> <\/span>G\u00fcne\u015f kremi ve \u015fapka<br data-start=\"2984\" data-end=\"2987\" \/><span style=\"color: #ff0000;\"><strong>\u2022<\/strong> <\/span>Ki\u015fisel harcamalar i\u00e7in nakit<\/p>\n<h3>\ud83d\udeab Uygun De\u011fil<\/h3>\n<p data-start=\"3044\" data-end=\"3088\"><span style=\"color: #ff0000;\"><strong>\u2022<\/strong> <\/span>Ciddi hareket k\u0131s\u0131tl\u0131l\u0131\u011f\u0131 olan misafirler<\/p>\n<h3>\ud83d\udcb8 Fiyat ve Rezervasyon<\/h3>\n<p data-start=\"3116\" data-end=\"3272\"><span style=\"color: #ff0000;\"><strong>\u2022<\/strong> <\/span>Fiyatlar mevsime g\u00f6re de\u011fi\u015fiklik g\u00f6sterebilir<br data-start=\"3143\" data-end=\"3146\" \/><span style=\"color: #ff0000;\"><strong>\u2022<\/strong> <\/span>\u015eimdi rezervasyon yap\u0131n ve tur g\u00fcn\u00fc \u00f6deme yap\u0131n<br data-start=\"3187\" data-end=\"3190\" \/><span style=\"color: #ff0000;\"><strong>\u2022<\/strong> <\/span>WhatsApp, Telegram veya Viber \u00fczerinden bizimle ileti\u015fime ge\u00e7in veya a\u015fa\u011f\u0131daki rezervasyon formunu doldurun<\/p>","protected":false},"excerpt":{"rendered":"<p>Side'den t\u00fcm g\u00fcn s\u00fcrecek bir Antalya turu, Eski \u015eehir, tekne gezisi, Yukar\u0131 ve A\u015fa\u011f\u0131 D\u00fcden \u015eelaleleri ve \u00f6\u011fle yeme\u011fi dahil. Tarih, deniz ve do\u011fa.<\/p>","protected":false},"featured_media":10682,"comment_status":"open","ping_status":"closed","template":"","meta":{"_acf_changed":false},"product_brand":[],"product_cat":[46],"product_tag":[68],"class_list":{"0":"post-11130","1":"product","2":"type-product","3":"status-publish","4":"has-post-thumbnail","6":"product_cat-side","7":"product_tag-side","9":"first","10":"instock","11":"sale","12":"featured","13":"shipping-taxable","14":"purchasable","15":"product-type-ovabrw_car_rental"},"acf":[],"aioseo_notices":[],"_links":{"self":[{"href":"https:\/\/joinusexcursions.com\/tr\/wp-json\/wp\/v2\/product\/11130","targetHints":{"allow":["GET"]}}],"collection":[{"href":"https:\/\/joinusexcursions.com\/tr\/wp-json\/wp\/v2\/product"}],"about":[{"href":"https:\/\/joinusexcursions.com\/tr\/wp-json\/wp\/v2\/types\/product"}],"replies":[{"embeddable":true,"href":"https:\/\/joinusexcursions.com\/tr\/wp-json\/wp\/v2\/comments?post=11130"}],"wp:featuredmedia":[{"embeddable":true,"href":"https:\/\/joinusexcursions.com\/tr\/wp-json\/wp\/v2\/media\/10682"}],"wp:attachment":[{"href":"https:\/\/joinusexcursions.com\/tr\/wp-json\/wp\/v2\/media?parent=11130"}],"wp:term":[{"taxonomy":"product_brand","embeddable":true,"href":"https:\/\/joinusexcursions.com\/tr\/wp-json\/wp\/v2\/product_brand?post=11130"},{"taxonomy":"product_cat","embeddable":true,"href":"https:\/\/joinusexcursions.com\/tr\/wp-json\/wp\/v2\/product_cat?post=11130"},{"taxonomy":"product_tag","embeddable":true,"href":"https:\/\/joinusexcursions.com\/tr\/wp-json\/wp\/v2\/product_tag?post=11130"}],"curies":[{"name":"wp","href":"https:\/\/api.w.org\/{rel}","templated":true}]}}