{"id":11131,"date":"2025-12-15T17:47:13","date_gmt":"2025-12-15T14:47:13","guid":{"rendered":"https:\/\/joinusexcursions.com\/?post_type=product&#038;p=11131"},"modified":"2026-04-18T04:00:37","modified_gmt":"2026-04-18T01:00:37","slug":"belek-yat-turu","status":"publish","type":"product","link":"https:\/\/joinusexcursions.com\/tr\/tours\/belek-relax-yacht\/","title":{"rendered":"Belek'ten VIP Yat Turu \u2013 K\u00fc\u00e7\u00fck Grup ile Rahatlay\u0131n"},"content":{"rendered":"<p data-start=\"365\" data-end=\"524\">Kemer'de kalabal\u0131ktan ka\u00e7\u0131n, sakin ve l\u00fcks bir yat deneyiminin tad\u0131n\u0131 \u00e7\u0131kar\u0131n. Sakl\u0131 koylarda y\u00fcz\u00fcn, \u00f6zel g\u00fcne\u015flenme yata\u011f\u0131n\u0131zda dinlenin ve teknede gurme \u00f6\u011fle yeme\u011finin tad\u0131n\u0131 \u00e7\u0131kar\u0131n.<\/p>\n<h2>\ud83d\udee5\ufe0f Overview of the Belek Relax Yacht Tour<\/h2>\n<p data-start=\"544\" data-end=\"866\">Kemer'de premium bir Relax VIP Yat Turuna Belek, Kadriye ve Bo\u011fazkent'ten transferlerle kat\u0131l\u0131n. Konfor ve huzur i\u00e7in tasarlanm\u0131\u015f bu s\u0131n\u0131rl\u0131 kapasiteli yat turu, berrak y\u00fczme koylar\u0131, sakin g\u00fcne\u015flenme alanlar\u0131 ve lezzetli Akdeniz mutfa\u011f\u0131 sunuyor. \u00c7iftler, aileler ve dinlenmek isteyen gezginler i\u00e7in ideal.<\/p>\n<h3>\ud83c\udf1f \u00d6ne \u00c7\u0131kanlar<\/h3>\n<p data-start=\"1182\" data-end=\"1427\"><span style=\"color: #ff0000;\"><strong>\u2022<\/strong> <\/span>S\u0131n\u0131rl\u0131 kapasiteli l\u00fcks VIP yat<br data-start=\"1222\" data-end=\"1225\" \/><span style=\"color: #ff0000;\"><strong>\u2022<\/strong> <\/span>Sakin atmosfer, y\u00fcksek sesli m\u00fczik yok<br data-start=\"1261\" data-end=\"1264\" \/><span style=\"color: #ff0000;\"><strong>\u2022<\/strong> <\/span>Gizli, kristal berrakl\u0131\u011f\u0131nda koylarda y\u00fczmek<br data-start=\"1304\" data-end=\"1307\" \/><span style=\"color: #ff0000;\"><strong>\u2022<\/strong> <\/span>Her konuk i\u00e7in \u00f6zel g\u00fcne\u015flenme yata\u011f\u0131<br data-start=\"1339\" data-end=\"1342\" \/><span style=\"color: #ff0000;\"><strong>\u2022<\/strong> <\/span>Gemi'de lezzetli bir Akdeniz \u00f6\u011fle yeme\u011fi<br data-start=\"1381\" data-end=\"1384\" \/><span style=\"color: #ff0000;\"><strong>\u2022<\/strong> <\/span>Rahatlama ve muhte\u015fem manzaralar i\u00e7in m\u00fckemmel<\/p>\n<h3>\ud83c\udf7d\ufe0f Gemide \u00d6\u011fle Yeme\u011fi<\/h3>\n<p data-start=\"1453\" data-end=\"1582\"><span style=\"color: #ff0000;\"><strong>\u2022<\/strong> <\/span>Izgara levrek<br data-start=\"1471\" data-end=\"1474\" \/><span style=\"color: #ff0000;\"><strong>\u2022<\/strong> <\/span>Taze mevsim salatalar\u0131<br data-start=\"1497\" data-end=\"1500\" \/><span style=\"color: #ff0000;\"><strong>\u2022<\/strong> <\/span>Pilav m\u0131 makarna m\u0131<br data-start=\"1515\" data-end=\"1518\" \/><span style=\"color: #ff0000;\"><strong>\u2022<\/strong> <\/span>Mevsim meyveleri<br data-start=\"1535\" data-end=\"1538\" \/><span style=\"color: #ff0000;\"><strong>\u2022<\/strong> <\/span>Talep \u00fczerine vejetaryen se\u00e7enek mevcuttur<\/p>\n<h2>What to Expect on the Belek Relax Yacht Tour<\/h2>\n<div data-start=\"1609\" data-end=\"1828\">Rahatlat\u0131c\u0131 g\u00fcn\u00fcn\u00fcz, Belek veya yak\u0131ndaki b\u00f6lgelerdeki otelinizden konforlu bir kar\u015f\u0131lama ile ba\u015flar, ard\u0131ndan Kemer Marina'ya transfer olursunuz. Geminin g\u00fcvertesine ad\u0131m at\u0131n <strong data-start=\"1758\" data-end=\"1777\">Rahatla VIP Yat<\/strong>, bar\u0131\u015f, konfor ve l\u00fcks i\u00e7in \u00f6zel olarak tasarlanm\u0131\u015ft\u0131r.<\/div>\n<div data-start=\"1830\" data-end=\"2128\">Kalabal\u0131k g\u00fcverteler veya g\u00fcr\u00fclt\u00fcl\u00fc e\u011flenceler olmadan ger\u00e7ekten rahatlayabilirsiniz. Her konu\u011fun kendi \u015fezlongu vard\u0131r, bu da Kemer'in turkuaz sahil \u015feridinin panoramik manzaras\u0131n\u0131n keyfini \u00e7\u0131kar\u0131rken dinlenmenizi sa\u011flar. Yat, berrak sularda y\u00fczebilece\u011finiz veya sadece tatl\u0131 deniz esintisinin tad\u0131n\u0131 \u00e7\u0131karabilece\u011finiz sakin koylarda demirler.<\/div>\n<div data-start=\"2130\" data-end=\"2353\">Seyahatiniz boyunca gemideki \u015fefin taze ve kaliteli malzemelerle haz\u0131rlad\u0131\u011f\u0131 \u00f6\u011fle yeme\u011finin tad\u0131n\u0131 \u00e7\u0131kar\u0131n. Hafif fon m\u00fczi\u011fi ve sakin atmosfer, her g\u00fcn\u00fcn stresinden uzakla\u015f\u0131p yenilenmek i\u00e7in m\u00fckemmel bir ortam yarat\u0131r.<\/div>\n<div data-start=\"2355\" data-end=\"2487\">Y\u00fczmenin, g\u00fcne\u015flenmenin ve tam bir rahatlaman\u0131n ard\u0131ndan ge\u00e7en bir g\u00fcn\u00fcn sonunda Kemer Marina'ya d\u00f6n\u00fcn ve otelinize konforlu bir transferin tad\u0131n\u0131 \u00e7\u0131kar\u0131n.<\/div>\n<p class=\"mhm-jue-internal-links\">B\u00f6lgede daha fazla macera m\u0131 ar\u0131yorsunuz? Tam listemizi ke\u015ffedin <a href=\"\/tr\/destinasyon\/belek-turlari\/\">Belek tours<\/a> veya \u015funlara g\u00f6z at\u0131n <a href=\"\/tr\/turlar-2\/belek-land-of-legends-gece\/\">Belek'ten The Land of Legends Gece G\u00f6sterisi<\/a> ba\u015fka unutulmaz bir deneyim i\u00e7in.<\/p>\n<h3>\ud83d\uddd3\ufe0f Tur Program\u0131<\/h3>\n<p data-start=\"2512\" data-end=\"2765\"><span style=\"color: #ff0000;\"><strong>\u2022<\/strong> <\/span>Belek ve \u00e7evresindeki otellerden alma<br data-start=\"2561\" data-end=\"2564\" \/><span style=\"color: #ff0000;\"><strong>\u2022<\/strong> <\/span>Kemer Marina'ya transfer<br data-start=\"2590\" data-end=\"2593\" \/><span style=\"color: #ff0000;\"><strong>\u2022<\/strong> <\/span>Relax VIP yat gezisi ba\u015fl\u0131yor<br data-start=\"2624\" data-end=\"2627\" \/><span style=\"color: #ff0000;\"><strong>\u2022<\/strong> <\/span>Sakl\u0131 koyda y\u00fczme molalar\u0131<br data-start=\"2660\" data-end=\"2663\" \/><span style=\"color: #ff0000;\"><strong>\u2022<\/strong> <\/span>Gemide \u00f6\u011fle yeme\u011fi servis edilir<br data-start=\"2685\" data-end=\"2688\" \/><span style=\"color: #ff0000;\"><strong>\u2022<\/strong> <\/span>G\u00fcne\u015flenme ve dinlenme i\u00e7in bo\u015f zaman<br data-start=\"2732\" data-end=\"2735\" \/><span style=\"color: #ff0000;\"><strong>\u2022<\/strong> <\/span>Marina ve otele d\u00f6n<\/p>\n<h3>\u2139\ufe0f Faydal\u0131 Bilgiler<\/h3>\n<p data-start=\"2794\" data-end=\"2980\"><span style=\"color: #ff0000;\"><strong>\u2022<\/strong> <\/span>S\u0131n\u0131rl\u0131 kapasite: maksimum 25 misafir<br data-start=\"2831\" data-end=\"2834\" \/><span style=\"color: #ff0000;\"><strong>\u2022<\/strong> <\/span>Her misafirin kendine ait \u015fezlongu vard\u0131r<br data-start=\"2867\" data-end=\"2870\" \/><span style=\"color: #ff0000;\"><strong>\u2022<\/strong> <\/span>Y\u00fcksek sesli m\u00fczik veya parti ortam\u0131 olmamal\u0131d\u0131r<br data-start=\"2905\" data-end=\"2908\" \/><span style=\"color: #ff0000;\"><strong>\u2022<\/strong> <\/span>Bebekler ayr\u0131 koltuk kullanmadan kucakta oturur<br data-start=\"2948\" data-end=\"2951\" \/><span style=\"color: #ff0000;\"><strong>\u2022<\/strong> <\/span>Tekerlekli sandalye ile eri\u015filemez<\/p>\n<p class=\"mhm-jue-external-link\">Hedef hakk\u0131nda daha fazla bilgi edinin <a href=\"https:\/\/en.wikipedia.org\/wiki\/Belek\" target=\"_blank\" rel=\"noopener\">Belek Wikipedia page<\/a>.<\/p>\n<h3>\ud83c\udf92 Getirilecekler<\/h3>\n<p data-start=\"3004\" data-end=\"3091\"><span style=\"color: #ff0000;\"><strong>\u2022<\/strong> <\/span>G\u00fcne\u015f g\u00f6zl\u00fc\u011f\u00fc<br data-start=\"3016\" data-end=\"3019\" \/><span style=\"color: #ff0000;\"><strong>\u2022<\/strong> <\/span>Mayo ve havlu<br data-start=\"3039\" data-end=\"3042\" \/><span style=\"color: #ff0000;\"><strong>\u2022<\/strong> <\/span>G\u00fcne\u015f kremi<br data-start=\"3053\" data-end=\"3056\" \/><span style=\"color: #ff0000;\"><strong>\u2022<\/strong> <\/span>Ki\u015fisel harcamalar i\u00e7in bir miktar nakit<\/p>\n<h3>\ud83d\udeab Uygun De\u011fil<\/h3>\n<p data-start=\"3118\" data-end=\"3181\"><span style=\"color: #ff0000;\"><strong>\u2022<\/strong> <\/span>Ciddi t\u0131bbi rahats\u0131zl\u0131klar\u0131 olan misafirler<br data-start=\"3158\" data-end=\"3161\" \/><span style=\"color: #ff0000;\"><strong>\u2022<\/strong> <\/span>Tekerlekli sandalye kullan\u0131c\u0131lar\u0131<\/p>\n<h3>\ud83d\udcb8 Fiyat ve Rezervasyon<\/h3>\n<p data-start=\"3209\" data-end=\"3424\"><span style=\"color: #ff0000;\"><strong>\u2022<\/strong> <\/span>Fiyatlar sezona g\u00f6re de\u011fi\u015fiklik g\u00f6sterebilir<br data-start=\"3246\" data-end=\"3249\" \/><span style=\"color: #ff0000;\"><strong>\u2022<\/strong> <\/span>S\u0131n\u0131rl\u0131 kapasite \u2014 erken rezervasyon \u00f6nerilir<br data-start=\"3295\" data-end=\"3298\" \/><span style=\"color: #ff0000;\"><strong>\u2022<\/strong> <\/span>\u015eimdi rezervasyon yap\u0131n ve tur g\u00fcn\u00fc \u00f6deme yap\u0131n<br data-start=\"3339\" data-end=\"3342\" \/><span style=\"color: #ff0000;\"><strong>\u2022<\/strong> <\/span>WhatsApp, Telegram veya Viber \u00fczerinden bizimle ileti\u015fime ge\u00e7in veya a\u015fa\u011f\u0131daki rezervasyon formunu doldurun<\/p>","protected":false},"excerpt":{"rendered":"<p>Belek'ten Kemer'e Relax VIP yat turunun tad\u0131n\u0131 \u00e7\u0131kar\u0131n. Gizli koylarda y\u00fcz\u00fcn, \u00f6zel \u015fezlonglarda dinlenin ve otel transferleri ile l\u00fcks bir \u00f6\u011fle yeme\u011finin tad\u0131n\u0131 \u00e7\u0131kar\u0131n.<\/p>","protected":false},"featured_media":10691,"comment_status":"open","ping_status":"closed","template":"","meta":{"_acf_changed":false},"product_brand":[],"product_cat":[43],"product_tag":[66],"class_list":{"0":"post-11131","1":"product","2":"type-product","3":"status-publish","4":"has-post-thumbnail","6":"product_cat-belek","7":"product_tag-belek","9":"first","10":"instock","11":"sale","12":"featured","13":"shipping-taxable","14":"purchasable","15":"product-type-ovabrw_car_rental"},"acf":[],"aioseo_notices":[],"_links":{"self":[{"href":"https:\/\/joinusexcursions.com\/tr\/wp-json\/wp\/v2\/product\/11131","targetHints":{"allow":["GET"]}}],"collection":[{"href":"https:\/\/joinusexcursions.com\/tr\/wp-json\/wp\/v2\/product"}],"about":[{"href":"https:\/\/joinusexcursions.com\/tr\/wp-json\/wp\/v2\/types\/product"}],"replies":[{"embeddable":true,"href":"https:\/\/joinusexcursions.com\/tr\/wp-json\/wp\/v2\/comments?post=11131"}],"wp:featuredmedia":[{"embeddable":true,"href":"https:\/\/joinusexcursions.com\/tr\/wp-json\/wp\/v2\/media\/10691"}],"wp:attachment":[{"href":"https:\/\/joinusexcursions.com\/tr\/wp-json\/wp\/v2\/media?parent=11131"}],"wp:term":[{"taxonomy":"product_brand","embeddable":true,"href":"https:\/\/joinusexcursions.com\/tr\/wp-json\/wp\/v2\/product_brand?post=11131"},{"taxonomy":"product_cat","embeddable":true,"href":"https:\/\/joinusexcursions.com\/tr\/wp-json\/wp\/v2\/product_cat?post=11131"},{"taxonomy":"product_tag","embeddable":true,"href":"https:\/\/joinusexcursions.com\/tr\/wp-json\/wp\/v2\/product_tag?post=11131"}],"curies":[{"name":"wp","href":"https:\/\/api.w.org\/{rel}","templated":true}]}}