{"id":11133,"date":"2025-12-15T18:19:34","date_gmt":"2025-12-15T15:19:34","guid":{"rendered":"https:\/\/joinusexcursions.com\/?post_type=product&#038;p=11133"},"modified":"2026-04-18T03:59:12","modified_gmt":"2026-04-18T00:59:12","slug":"belek-porto-ceneviz-mavi-lagun","status":"publish","type":"product","link":"https:\/\/joinusexcursions.com\/tr\/tours\/belek-porto-genoese-blue-lagoon\/","title":{"rendered":"Belek'ten Porto Genoese Tekne Gezisi ve Mavi Lag\u00fcn"},"content":{"rendered":"<p data-start=\"404\" data-end=\"563\">Belek'ten unutulmaz bir Akdeniz g\u00fcn\u00fcbirlik gemi yolculu\u011funa \u00e7\u0131k\u0131n. Turkuaz koylarda y\u00fcz\u00fcn, \u00e7amur banyosunun tad\u0131n\u0131 \u00e7\u0131kar\u0131n, gizli ma\u011faralar\u0131 ke\u015ffedin ve gemide taze bir \u00f6\u011fle yeme\u011finin tad\u0131n\u0131 \u00e7\u0131kar\u0131n.<\/p>\n<h2>\ud83c\udf0a Overview of the Belek Porto Genoese Boat Trip<\/h2>\n<p data-start=\"582\" data-end=\"840\">Belek, Kadriye ve Bo\u011fazkent'ten Akdeniz'in en g\u00fczel koylar\u0131ndan baz\u0131lar\u0131na butik yat turunun keyfini \u00e7\u0131kar\u0131n. Akseki Koyu, Porto Ceneviz, Korsan Koyu ve Fosforlu Ma\u011fara'y\u0131 ziyaret edin, kristal berrakl\u0131\u011f\u0131nda sularda y\u00fcz\u00fcn ve \u00f6\u011fle yeme\u011fi dahil b\u00fcy\u00fcleyici bir yatta dinlenin.<\/p>\n<h3>\ud83c\udf1f \u00d6ne \u00c7\u0131kanlar<\/h3>\n<p data-start=\"1143\" data-end=\"1404\"><span style=\"color: #ff0000;\"><strong>\u2022<\/strong> <\/span>Porto Ceneviz Koyu'nun turkuaz sular\u0131nda y\u00fcz\u00fcn<br data-start=\"1190\" data-end=\"1193\" \/><span style=\"color: #ff0000;\"><strong>\u2022<\/strong> <\/span>Akseki Koyu, Korsan Koyu ve Fosforlu Ma\u011faras\u0131'n\u0131 ziyaret edin<br data-start=\"1241\" data-end=\"1244\" \/><span style=\"color: #ff0000;\"><strong>\u2022<\/strong> <\/span>Do\u011fal bir \u00e7amur banyosu deneyiminin tad\u0131n\u0131 \u00e7\u0131kar\u0131n<br data-start=\"1281\" data-end=\"1284\" \/><span style=\"color: #ff0000;\"><strong>\u2022<\/strong> <\/span>Manzaral\u0131 butik bir teknede dinlenin<br data-start=\"1329\" data-end=\"1332\" \/><span style=\"color: #ff0000;\"><strong>\u2022<\/strong> <\/span>Gemide taze haz\u0131rlanm\u0131\u015f \u00f6\u011fle yeme\u011fi<br data-start=\"1364\" data-end=\"1367\" \/><span style=\"color: #ff0000;\"><strong>\u2022<\/strong> <\/span>Huzurlu Akdeniz atmosferi<\/p>\n<h2>What to Expect on the Belek Porto Genoese Boat Trip<\/h2>\n<div data-start=\"1431\" data-end=\"1596\">G\u00fcn\u00fcn\u00fcz Belek veya yak\u0131n \u00e7evresindeki otelinizden rahat bir kar\u015f\u0131lama ile ba\u015flar, ard\u0131ndan manzaral\u0131 bir yolculuk sizi \u015furaya g\u00f6t\u00fcr\u00fcr <strong data-start=\"1545\" data-end=\"1561\">Adrasan Liman\u0131<\/strong>, Buti\u011finizin yat\u0131n\u0131n bekledi\u011fi yerde.<\/div>\n<div data-start=\"1598\" data-end=\"1814\">\u0130lk y\u00fczme molas\u0131 <strong data-start=\"1625\" data-end=\"1639\">Akseki Koyu<\/strong>, burada deniz ya\u015fam\u0131 a\u00e7\u0131s\u0131ndan zengin berrak sularda yakla\u015f\u0131k 30 dakika y\u00fcz\u00fcp \u015fnorkelle dalman\u0131n keyfini \u00e7\u0131karacaks\u0131n\u0131z. Deniz taban\u0131nda deniz kestaneleri bulunabilece\u011finden, \u015fnorkel ayakkab\u0131lar\u0131 tavsiye edilir.<\/div>\n<div data-start=\"1816\" data-end=\"2030\">Ard\u0131ndan, g\u00f6z al\u0131c\u0131 bir \u015fekilde s\u00fcz\u00fclerek <strong data-start=\"1845\" data-end=\"1866\">Porto Ceneviz Koyu<\/strong> yakla\u015f\u0131k 60 dakika s\u00fcrecek daha uzun bir mola i\u00e7in. Canl\u0131 turkuaz sularda y\u00fcz\u00fcn, e\u011flenceli ve ferahlat\u0131c\u0131 bir \u00e7amur banyosunun tad\u0131n\u0131 \u00e7\u0131kar\u0131n ve lezzetli bir \u00f6\u011fle yeme\u011fi servis edilirken gemide dinlenin.<\/div>\n<div data-start=\"2032\" data-end=\"2294\">K\u0131sa bir seyirden sonra var\u0131l\u0131r <strong data-start=\"2064\" data-end=\"2078\">Kaptan Korsan<\/strong> yakla\u015f\u0131k 40 dakika boyunca bu huzurlu, sakin koyda y\u00fczme ve dinlenme i\u00e7in. Hava ve deniz ko\u015fullar\u0131 izin verirse, yat ayn\u0131 zamanda b\u00fcy\u00fcl\u00fc yeri de ziyaret edecek <strong data-start=\"2235\" data-end=\"2252\">Fosforlu Ma\u011fara<\/strong>, benzersiz bir \u0131\u015f\u0131ldayan atmosferiyle tan\u0131nan.<\/div>\n<div data-start=\"2296\" data-end=\"2420\">Bu rahatlat\u0131c\u0131 ve manzaral\u0131 yolculu\u011fun sonunda Adrasan Sahili'ne d\u00f6n\u00fcn ve otelinize konforlu bir transferin keyfini \u00e7\u0131kar\u0131n.<\/div>\n<p class=\"mhm-jue-internal-links\">B\u00f6lgede daha fazla macera m\u0131 ar\u0131yorsunuz? Tam listemizi ke\u015ffedin <a href=\"\/tr\/destinasyon\/belek-turlari\/\">Belek tours<\/a> veya \u015funlara g\u00f6z at\u0131n <a href=\"\/tr\/turlar-2\/belek-land-of-legends-gece\/\">Belek'ten The Land of Legends Gece G\u00f6sterisi<\/a> ba\u015fka unutulmaz bir deneyim i\u00e7in.<\/p>\n<h3>\ud83d\uddd3\ufe0f Tur Program\u0131<\/h3>\n<p data-start=\"2445\" data-end=\"2721\"><span style=\"color: #ff0000;\"><strong>\u2022<\/strong> <\/span>Belek ve \u00e7evresindeki otellerden alma<br data-start=\"2494\" data-end=\"2497\" \/><span style=\"color: #ff0000;\"><strong>\u2022<\/strong> <\/span>Adrasan Liman\u0131'na transfer<br data-start=\"2523\" data-end=\"2526\" \/><span style=\"color: #ff0000;\"><strong>\u2022<\/strong> <\/span>Akseki Koy y\u00fczme molas\u0131<br data-start=\"2552\" data-end=\"2555\" \/><span style=\"color: #ff0000;\"><strong>\u2022<\/strong> <\/span>Porto Ceneviz Y\u00fczme, \u00e7amur banyosu ve \u00f6\u011fle yeme\u011fi<br data-start=\"2601\" data-end=\"2604\" \/><span style=\"color: #ff0000;\"><strong>\u2022<\/strong> <\/span>Korsan Bay y\u00fczme molas\u0131<br data-start=\"2630\" data-end=\"2633\" \/><span style=\"color: #ff0000;\"><strong>\u2022<\/strong> <\/span>Fosforlu Ma\u011faras\u0131 ziyareti (hava izin verirse)<br data-start=\"2675\" data-end=\"2678\" \/><span style=\"color: #ff0000;\"><strong>\u2022<\/strong> <\/span>Adrasan'a d\u00f6n\u00fcn ve otele transfer olun<\/p>\n<h3>\u2139\ufe0f Faydal\u0131 Bilgiler<\/h3>\n<p data-start=\"2750\" data-end=\"2896\"><span style=\"color: #ff0000;\"><strong>\u2022<\/strong> <\/span>Tam g\u00fcnl\u00fck tekne turu<br data-start=\"2770\" data-end=\"2773\" \/><span style=\"color: #ff0000;\"><strong>\u2022<\/strong> <\/span>Fosforlu Ma\u011faras\u0131 ziyareti deniz ko\u015fullar\u0131na ba\u011fl\u0131d\u0131r<br data-start=\"2820\" data-end=\"2823\" \/><span style=\"color: #ff0000;\"><strong>\u2022<\/strong> <\/span>\u015enorkel ayakkab\u0131s\u0131 tavsiye edilir<br data-start=\"2853\" data-end=\"2856\" \/><span style=\"color: #ff0000;\"><strong>\u2022<\/strong> <\/span>Hava ko\u015fullar\u0131 nedeniyle tur g\u00fczergah\u0131 de\u011fi\u015febilir<\/p>\n<p class=\"mhm-jue-external-link\">Hedef hakk\u0131nda daha fazla bilgi edinin <a href=\"https:\/\/en.wikipedia.org\/wiki\/Phaselis\" target=\"_blank\" rel=\"noopener\">Phaselis Antik Kenti Vikipedi sayfas\u0131<\/a>.<\/p>\n<h3>\ud83c\udf92 Getirilecekler<\/h3>\n<p data-start=\"2920\" data-end=\"3026\"><span style=\"color: #ff0000;\"><strong>\u2022<\/strong> <\/span>Mayo ve havlu<br data-start=\"2940\" data-end=\"2943\" \/><span style=\"color: #ff0000;\"><strong>\u2022<\/strong> <\/span>G\u00fcne\u015f kremi ve \u015fapka<br data-start=\"2962\" data-end=\"2965\" \/><span style=\"color: #ff0000;\"><strong>\u2022<\/strong> <\/span>\u015enorkel ekipman\u0131 (iste\u011fe ba\u011fl\u0131)<br data-start=\"2993\" data-end=\"2996\" \/><span style=\"color: #ff0000;\"><strong>\u2022<\/strong> <\/span>\u0130\u00e7ecekler ve ekstralar i\u00e7in nakit<\/p>\n<h3>\ud83d\udeab Uygun De\u011fil<\/h3>\n<p data-start=\"3053\" data-end=\"3097\"><span style=\"color: #ff0000;\"><strong>\u2022<\/strong> <\/span>Hareket kabiliyeti k\u0131s\u0131tl\u0131 misafirler<\/p>\n<h3>\ud83d\udcb8 Fiyat ve Rezervasyon<\/h3>\n<p data-start=\"3125\" data-end=\"3287\"><span style=\"color: #ff0000;\"><strong>\u2022<\/strong> <\/span>Fiyatlar sezona g\u00f6re de\u011fi\u015fiklik g\u00f6sterir<br data-start=\"3158\" data-end=\"3161\" \/><span style=\"color: #ff0000;\"><strong>\u2022<\/strong> <\/span>\u015eimdi rezervasyon yap\u0131n ve tur g\u00fcn\u00fc \u00f6deme yap\u0131n<br data-start=\"3202\" data-end=\"3205\" \/><span style=\"color: #ff0000;\"><strong>\u2022<\/strong> <\/span>WhatsApp, Telegram veya Viber \u00fczerinden bizimle ileti\u015fime ge\u00e7in veya a\u015fa\u011f\u0131daki rezervasyon formunu doldurun<\/p>","protected":false},"excerpt":{"rendered":"<p>Belek'ten Porto Ceneviz, Akseki ve Korsan Koyu'na yat turunun tad\u0131n\u0131 \u00e7\u0131kar\u0131n. Y\u00fczme, \u00e7amur banyosu, gemide \u00f6\u011fle yeme\u011fi ve otel transferleri dahildir.<\/p>","protected":false},"featured_media":10662,"comment_status":"open","ping_status":"closed","template":"","meta":{"_acf_changed":false},"product_brand":[],"product_cat":[43,72],"product_tag":[66],"class_list":{"0":"post-11133","1":"product","2":"type-product","3":"status-publish","4":"has-post-thumbnail","6":"product_cat-belek","7":"product_cat-porto-genoese-bay","8":"product_tag-belek","10":"first","11":"instock","12":"featured","13":"shipping-taxable","14":"purchasable","15":"product-type-ovabrw_car_rental"},"acf":[],"aioseo_notices":[],"_links":{"self":[{"href":"https:\/\/joinusexcursions.com\/tr\/wp-json\/wp\/v2\/product\/11133","targetHints":{"allow":["GET"]}}],"collection":[{"href":"https:\/\/joinusexcursions.com\/tr\/wp-json\/wp\/v2\/product"}],"about":[{"href":"https:\/\/joinusexcursions.com\/tr\/wp-json\/wp\/v2\/types\/product"}],"replies":[{"embeddable":true,"href":"https:\/\/joinusexcursions.com\/tr\/wp-json\/wp\/v2\/comments?post=11133"}],"wp:featuredmedia":[{"embeddable":true,"href":"https:\/\/joinusexcursions.com\/tr\/wp-json\/wp\/v2\/media\/10662"}],"wp:attachment":[{"href":"https:\/\/joinusexcursions.com\/tr\/wp-json\/wp\/v2\/media?parent=11133"}],"wp:term":[{"taxonomy":"product_brand","embeddable":true,"href":"https:\/\/joinusexcursions.com\/tr\/wp-json\/wp\/v2\/product_brand?post=11133"},{"taxonomy":"product_cat","embeddable":true,"href":"https:\/\/joinusexcursions.com\/tr\/wp-json\/wp\/v2\/product_cat?post=11133"},{"taxonomy":"product_tag","embeddable":true,"href":"https:\/\/joinusexcursions.com\/tr\/wp-json\/wp\/v2\/product_tag?post=11133"}],"curies":[{"name":"wp","href":"https:\/\/api.w.org\/{rel}","templated":true}]}}