{"id":11135,"date":"2025-12-15T18:34:10","date_gmt":"2025-12-15T15:34:10","guid":{"rendered":"https:\/\/joinusexcursions.com\/?post_type=product&#038;p=11135"},"modified":"2026-04-13T19:36:12","modified_gmt":"2026-04-13T16:36:12","slug":"belek-suluada-adasi-tekne","status":"publish","type":"product","link":"https:\/\/joinusexcursions.com\/tr\/tours\/belek-suluada-island-boat\/","title":{"rendered":"Belek'ten Suluada Adas\u0131 Tekne Turu - T\u00fcrk Maldivleri"},"content":{"rendered":"<p data-start=\"317\" data-end=\"479\">Belek'ten tam g\u00fcnl\u00fck Suluada tekne turuyla cennete ka\u00e7\u0131n. Turkuaz sularda y\u00fcz, beyaz kumlu kumsallarda dinlen ve \u00f6\u011fle yeme\u011fi dahil A\u015fk Ma\u011faras\u0131'n\u0131 ke\u015ffet.<\/p>\n<h2>\ud83c\udfdd\ufe0f Overview of the Belek Suluada Island Boat Trip<\/h2>\n<p data-start=\"499\" data-end=\"786\">Belek, Kadriye ve Bo\u011fazkent'ten tam g\u00fcnl\u00fck tekne turunun tad\u0131n\u0131 \u00e7\u0131kar\u0131n <strong data-start=\"563\" data-end=\"581\">Suluada Adas\u0131<\/strong>, Genellikle T\u00fcrkiye'nin Maldivleri olarak an\u0131l\u0131r. Adrasan Liman\u0131'ndan berrak koylarda gezi yap\u0131n, turkuaz sularda y\u00fcz\u00fcn ve el de\u011fmemi\u015f kumsallarda dinlenin. Do\u011fa severler ve aileler i\u00e7in m\u00fckemmel bir Akdeniz ka\u00e7ama\u011f\u0131.<\/p>\n<h3>\ud83c\udf1f \u00d6ne \u00c7\u0131kanlar<\/h3>\n<p data-start=\"1070\" data-end=\"1327\"><span style=\"color: #ff0000;\"><strong>\u2022<\/strong> <\/span>Suluada Maldivleri Koyu'nda kristal berrakl\u0131\u011f\u0131nda sularda y\u00fcz\u00fcn<br data-start=\"1124\" data-end=\"1127\" \/><span style=\"color: #ff0000;\"><strong>\u2022<\/strong> <\/span>Gizli beyaz kumsallarda dinlenin<br data-start=\"1164\" data-end=\"1167\" \/><span style=\"color: #ff0000;\"><strong>\u2022<\/strong> <\/span>A\u015fk Ma\u011faras\u0131'n\u0131 ke\u015ffedin<br data-start=\"1197\" data-end=\"1200\" \/><span style=\"color: #ff0000;\"><strong>\u2022<\/strong> <\/span>Gemi g\u00fcvertesinde taze haz\u0131rlanm\u0131\u015f barbek\u00fc \u00f6\u011fle yeme\u011finin tad\u0131n\u0131 \u00e7\u0131kar\u0131n<br data-start=\"1244\" data-end=\"1247\" \/><span style=\"color: #ff0000;\"><strong>\u2022<\/strong> <\/span>Sakin, aile dostu atmosfer<br data-start=\"1281\" data-end=\"1284\" \/><span style=\"color: #ff0000;\"><strong>\u2022<\/strong> <\/span>\u00c7arp\u0131c\u0131 Akdeniz ve ada manzaralar\u0131<\/p>\n<h2>What to Expect on the Belek Suluada Island Boat Trip<\/h2>\n<p data-start=\"1354\" data-end=\"1583\">G\u00fcn\u00fcn\u00fcz Belek veya yak\u0131n \u00e7evresindeki otelinizden rahat bir kar\u015f\u0131lama ile ba\u015flar, ard\u0131ndan manzaral\u0131 bir yolculuk sizi \u015furaya g\u00f6t\u00fcr\u00fcr <strong data-start=\"1468\" data-end=\"1484\">Adrasan Liman\u0131<\/strong>. Geni\u015f ve konforlu bir tekneye binin ve turkuaz Suluada Adas\u0131 sular\u0131na do\u011fru yelken a\u00e7\u0131n.<\/p>\n<p data-start=\"1585\" data-end=\"1896\">Tur, Suluada'n\u0131n en g\u00fczel noktalar\u0131nda \u00fc\u00e7 y\u00fczme molas\u0131 i\u00e7erir. \u0130lk olarak, <strong data-start=\"1672\" data-end=\"1688\">Maldivler Koyu<\/strong>, beyaz kumu ve berrak sular\u0131yla \u00fcnl\u00fc, y\u00fczme ve \u015fnorkelle dal\u0131\u015f i\u00e7in ideal. Devam edin <strong data-start=\"1789\" data-end=\"1817\">Suluada'n\u0131n gizli plajlar\u0131<\/strong>, sakin k\u0131y\u0131lar\u0131nda dinlenebilece\u011finiz, sahil boyunca y\u00fcr\u00fcy\u00fc\u015f yapabilece\u011finiz veya sadece g\u00fcne\u015flenebilece\u011finiz yer.<\/p>\n<p data-start=\"1898\" data-end=\"2163\">Ek bir \u00f6nemli nokta da <strong data-start=\"1923\" data-end=\"1936\">A\u015fk Ma\u011faras\u0131<\/strong>, benzersiz bir y\u00fczme ve foto\u011fraf \u00e7ekme f\u0131rsat\u0131 sunan do\u011fal bir olu\u015fum. \u00d6\u011flen civar\u0131nda, bal\u0131k, tavuk veya vejetaryen yemekleri gibi se\u00e7eneklerle, geleneksel T\u00fcrk mezeleri e\u015fli\u011finde teknede taze barbek\u00fc \u00f6\u011fle yeme\u011finizin tad\u0131n\u0131 \u00e7\u0131kar\u0131n.<\/p>\n<p data-start=\"2165\" data-end=\"2356\">Rahatlat\u0131c\u0131 bir \u00e7ay molas\u0131n\u0131n ard\u0131ndan tekne, Adrasan Liman\u0131'na geri d\u00f6ner. Son olarak, T\u00fcrkiye'nin Akdeniz cennetine dair unutulmaz an\u0131larla Belek'teki otelinize konforlu bir transferin tad\u0131n\u0131 \u00e7\u0131kar\u0131n.<\/p>\n<p class=\"mhm-jue-internal-links\">B\u00f6lgede daha fazla macera m\u0131 ar\u0131yorsunuz? Tam listemizi ke\u015ffedin <a href=\"\/tr\/destinasyon\/belek-turlari\/\">Belek tours<\/a> veya \u015funlara g\u00f6z at\u0131n <a href=\"\/tr\/turlar-2\/belek-land-of-legends-gece\/\">Belek'ten The Land of Legends Gece G\u00f6sterisi<\/a> ba\u015fka unutulmaz bir deneyim i\u00e7in.<\/p>\n<h3>\ud83d\uddd3\ufe0f Tur Program\u0131<\/h3>\n<p data-start=\"2381\" data-end=\"2663\"><span style=\"color: #ff0000;\"><strong>\u2022<\/strong> <\/span>Belek ve \u00e7evresindeki otellerden alma<br data-start=\"2430\" data-end=\"2433\" \/><span style=\"color: #ff0000;\"><strong>\u2022<\/strong> <\/span>Adrasan Liman\u0131'na transfer<br data-start=\"2459\" data-end=\"2462\" \/><span style=\"color: #ff0000;\"><strong>\u2022<\/strong> <\/span>Suluada'ya Tekne Kalk\u0131\u015f\u0131<br data-start=\"2496\" data-end=\"2499\" \/><span style=\"color: #ff0000;\"><strong>\u2022<\/strong> <\/span>Maldivler Koyu y\u00fczme molas\u0131<br data-start=\"2527\" data-end=\"2530\" \/><span style=\"color: #ff0000;\"><strong>\u2022<\/strong> <\/span>Gizli plaj y\u00fczme molas\u0131<br data-start=\"2560\" data-end=\"2563\" \/><span style=\"color: #ff0000;\"><strong>\u2022<\/strong> <\/span>A\u015fk Ma\u011faras\u0131 ziyareti<br data-start=\"2580\" data-end=\"2583\" \/><span style=\"color: #ff0000;\"><strong>\u2022<\/strong> <\/span>Teknede mangal \u00f6\u011fle yeme\u011fi<br data-start=\"2602\" data-end=\"2605\" \/><span style=\"color: #ff0000;\"><strong>\u2022<\/strong> <\/span>\u00c7ay molas\u0131 ve geri d\u00f6n\u00fc\u015f yolculu\u011fu<br data-start=\"2634\" data-end=\"2637\" \/><span style=\"color: #ff0000;\"><strong>\u2022<\/strong> <\/span>Otele geri transfer<\/p>\n<h3>\u2139\ufe0f Faydal\u0131 Bilgiler<\/h3>\n<p data-start=\"2692\" data-end=\"2865\"><span style=\"color: #ff0000;\"><strong>\u2022<\/strong> <\/span>Tam g\u00fcnl\u00fck tekne turu<br data-start=\"2712\" data-end=\"2715\" \/><span style=\"color: #ff0000;\"><strong>\u2022<\/strong> <\/span>Aileler i\u00e7in uygun, sakin ve s\u0131\u011f sular<br data-start=\"2762\" data-end=\"2765\" \/><span style=\"color: #ff0000;\"><strong>\u2022<\/strong> <\/span>Hava ko\u015fullar\u0131 nedeniyle tur rotas\u0131 de\u011fi\u015febilir<br data-start=\"2814\" data-end=\"2817\" \/><span style=\"color: #ff0000;\"><strong>\u2022<\/strong> <\/span>K\u00fc\u00e7\u00fck grup ve b\u00fcy\u00fck tekne se\u00e7enekleri mevcuttur<\/p>\n<p class=\"mhm-jue-external-link\">Hedef hakk\u0131nda daha fazla bilgi edinin <a href=\"https:\/\/en.wikipedia.org\/wiki\/Suluada\" target=\"_blank\" rel=\"noopener\">Suluada Vikipedi sayfas\u0131<\/a>.<\/p>\n<h3>\ud83c\udf92 Getirilecekler<\/h3>\n<p data-start=\"2889\" data-end=\"3004\"><span style=\"color: #ff0000;\"><strong>\u2022<\/strong> <\/span>Mayo ve havlu<br data-start=\"2909\" data-end=\"2912\" \/><span style=\"color: #ff0000;\"><strong>\u2022<\/strong> <\/span>G\u00fcne\u015f kremi ve \u015fapka<br data-start=\"2931\" data-end=\"2934\" \/><span style=\"color: #ff0000;\"><strong>\u2022<\/strong> <\/span>G\u00fcne\u015f g\u00f6zl\u00fc\u011f\u00fc<br data-start=\"2946\" data-end=\"2949\" \/><span style=\"color: #ff0000;\"><strong>\u2022<\/strong> <\/span>Kamera veya ak\u0131ll\u0131 telefon<br data-start=\"2971\" data-end=\"2974\" \/><span style=\"color: #ff0000;\"><strong>\u2022<\/strong> <\/span>\u0130\u00e7ecekler ve ekstralar i\u00e7in nakit<\/p>\n<h3>\ud83d\udeab Uygun De\u011fil<\/h3>\n<p data-start=\"3031\" data-end=\"3074\"><span style=\"color: #ff0000;\"><strong>\u2022<\/strong> <\/span>A\u011f\u0131r hareket k\u0131s\u0131tl\u0131l\u0131\u011f\u0131 olan misafirler<\/p>\n<h3>\ud83d\udcb8 Fiyat ve Rezervasyon<\/h3>\n<p data-start=\"3102\" data-end=\"3278\"><span style=\"color: #ff0000;\"><strong>\u2022<\/strong> <\/span>Fiyatlar mevsime ve tekne tipine g\u00f6re de\u011fi\u015fiklik g\u00f6stermektedir<br data-start=\"3149\" data-end=\"3152\" \/><span style=\"color: #ff0000;\"><strong>\u2022<\/strong> <\/span>\u015eimdi rezervasyon yap\u0131n ve tur g\u00fcn\u00fc \u00f6deme yap\u0131n<br data-start=\"3193\" data-end=\"3196\" \/><span style=\"color: #ff0000;\"><strong>\u2022<\/strong> <\/span>WhatsApp, Telegram veya Viber \u00fczerinden bizimle ileti\u015fime ge\u00e7in veya a\u015fa\u011f\u0131daki rezervasyon formunu doldurun<\/p>","protected":false},"excerpt":{"rendered":"<p>Belek'ten Suluada tekne turuna kat\u0131l\u0131n. Turkuaz sularda y\u00fcz\u00fcn, A\u015fk Ma\u011faras\u0131'n\u0131 ke\u015ffedin, beyaz kumsallarda dinlenin ve transferler e\u015fli\u011finde barbek\u00fc \u00f6\u011fle yeme\u011finin tad\u0131n\u0131 \u00e7\u0131kar\u0131n.<\/p>","protected":false},"featured_media":10643,"comment_status":"open","ping_status":"closed","template":"","meta":{"_acf_changed":false},"product_brand":[],"product_cat":[43,71],"product_tag":[66],"class_list":{"0":"post-11135","1":"product","2":"type-product","3":"status-publish","4":"has-post-thumbnail","6":"product_cat-belek","7":"product_cat-suluada-maldives","8":"product_tag-belek","10":"first","11":"instock","12":"sale","13":"featured","14":"shipping-taxable","15":"purchasable","16":"product-type-ovabrw_car_rental"},"acf":[],"aioseo_notices":[],"_links":{"self":[{"href":"https:\/\/joinusexcursions.com\/tr\/wp-json\/wp\/v2\/product\/11135","targetHints":{"allow":["GET"]}}],"collection":[{"href":"https:\/\/joinusexcursions.com\/tr\/wp-json\/wp\/v2\/product"}],"about":[{"href":"https:\/\/joinusexcursions.com\/tr\/wp-json\/wp\/v2\/types\/product"}],"replies":[{"embeddable":true,"href":"https:\/\/joinusexcursions.com\/tr\/wp-json\/wp\/v2\/comments?post=11135"}],"wp:featuredmedia":[{"embeddable":true,"href":"https:\/\/joinusexcursions.com\/tr\/wp-json\/wp\/v2\/media\/10643"}],"wp:attachment":[{"href":"https:\/\/joinusexcursions.com\/tr\/wp-json\/wp\/v2\/media?parent=11135"}],"wp:term":[{"taxonomy":"product_brand","embeddable":true,"href":"https:\/\/joinusexcursions.com\/tr\/wp-json\/wp\/v2\/product_brand?post=11135"},{"taxonomy":"product_cat","embeddable":true,"href":"https:\/\/joinusexcursions.com\/tr\/wp-json\/wp\/v2\/product_cat?post=11135"},{"taxonomy":"product_tag","embeddable":true,"href":"https:\/\/joinusexcursions.com\/tr\/wp-json\/wp\/v2\/product_tag?post=11135"}],"curies":[{"name":"wp","href":"https:\/\/api.w.org\/{rel}","templated":true}]}}