{"id":11137,"date":"2025-12-15T22:24:11","date_gmt":"2025-12-15T19:24:11","guid":{"rendered":"https:\/\/joinusexcursions.com\/?post_type=product&#038;p=11137"},"modified":"2026-04-18T03:58:10","modified_gmt":"2026-04-18T00:58:10","slug":"belek-korsan-tekne-gonster","status":"publish","type":"product","link":"https:\/\/joinusexcursions.com\/tr\/tours\/belek-pirate-boat-gonster\/","title":{"rendered":"Belek'ten Korsan Tekne Turu Gonster \u2013 Her \u015eey Dahil"},"content":{"rendered":"<p data-start=\"317\" data-end=\"472\">Belek'ten efsanevi Gonster Korsan Teknesi Turu'na kat\u0131l\u0131n ve korsan g\u00f6sterileri, y\u00fczme molalar\u0131, \u00f6\u011fle yeme\u011fi ve alkols\u00fcz i\u00e7ecekler dahil denizde e\u011flence dolu bir g\u00fcn\u00fcn tad\u0131n\u0131 \u00e7\u0131kar\u0131n.<\/p>\n<h2>\u26f5 Overview of the Belek Pirate Boat Trip<\/h2>\n<p data-start=\"490\" data-end=\"762\">Belek, Kadriye ve Bo\u011fazkent'ten Kemer'in turkuaz koylar\u0131na korsan temal\u0131 unutulmaz bir tekne turuna yelken a\u00e7\u0131n. Canl\u0131 e\u011flencenin, y\u00fczme molalar\u0131n\u0131n, do\u011fal manzaralar\u0131n ve gemide lezzetli bir \u00f6\u011fle yeme\u011finin tad\u0131n\u0131 \u00e7\u0131kar\u0131n. E\u011flence ve s\u00fcrprizlerle dolu, aile dostu m\u00fckemmel bir deniz maceras\u0131.<\/p>\n<h3>\ud83c\udf1f \u00d6ne \u00c7\u0131kanlar<\/h3>\n<p data-start=\"1099\" data-end=\"1367\"><span style=\"color: #ff0000;\"><strong>\u2022<\/strong> <\/span>Canl\u0131 atmosferli korsan temal\u0131 tekne<br data-start=\"1142\" data-end=\"1145\" \/><span style=\"color: #ff0000;\"><strong>\u2022<\/strong> <\/span>Kemer'in kristal berrakl\u0131\u011f\u0131ndaki koylar\u0131nda y\u00fcz\u00fcn<br data-start=\"1182\" data-end=\"1185\" \/><span style=\"color: #ff0000;\"><strong>\u2022<\/strong> <\/span>Phaselis Koyu, Cennet Koyu ve Mehtap Koyu'nu ziyaret edin<br data-start=\"1235\" data-end=\"1238\" \/><span style=\"color: #ff0000;\"><strong>\u2022<\/strong> <\/span>Gizemli Korsan Ma\u011faras\u0131'ndan ge\u00e7in<br data-start=\"1278\" data-end=\"1281\" \/><span style=\"color: #ff0000;\"><strong>\u2022<\/strong> <\/span>\u00d6\u011fle yeme\u011fi ve alkols\u00fcz i\u00e7ecekler dahildir<br data-start=\"1313\" data-end=\"1316\" \/><span style=\"color: #ff0000;\"><strong>\u2022<\/strong> <\/span>Her ya\u015ftan insan\u0131n keyif alaca\u011f\u0131 e\u011flence dolu g\u00f6steriler, m\u00fczik ve e\u011flence<\/p>\n<h2>What to Expect on the Belek Pirate Boat Trip<\/h2>\n<div data-start=\"1394\" data-end=\"1642\">Macera, Belek veya yak\u0131n \u00e7evresindeki otelinizden rahat bir kar\u015f\u0131lama ile ba\u015flar, ard\u0131ndan transfer edilirsiniz <strong data-start=\"1510\" data-end=\"1526\">Kemer Marina<\/strong>. \u0130\u00e7eri ad\u0131m at\u0131n <strong data-start=\"1544\" data-end=\"1567\">Canavar Korsan Gemisi<\/strong>, kendine \u00f6zg\u00fc tasar\u0131ml\u0131, karakter ve heyecan dolu korsan tarz\u0131 bir gemi.<\/div>\n<div data-start=\"1644\" data-end=\"1916\">Tekne Kemer'in muhte\u015fem k\u0131y\u0131s\u0131 boyunca ilerlerken, m\u00fcrettebat m\u00fczik, dans ve korsan temal\u0131 e\u011flencelerle e\u011flenceli ve enerjik bir atmosfer yarat\u0131yor. Tur, turkuaz sularda serinleyebilece\u011finiz veya g\u00fcvertede dinlenebilece\u011finiz g\u00fczel koylarda y\u00fczme molalar\u0131n\u0131 da i\u00e7eriyor.<\/div>\n<div data-start=\"1918\" data-end=\"2211\">Antik harabelerin yan\u0131nda y\u00fcz\u00fcn <strong data-start=\"1949\" data-end=\"1965\">Phaselis Koyu<\/strong>, huzurlu g\u00fczelli\u011finin tad\u0131n\u0131 \u00e7\u0131kar\u0131n <strong data-start=\"1996\" data-end=\"2010\">Cennet Koyu<\/strong>, ve dinlen <strong data-start=\"2025\" data-end=\"2042\">Ay I\u015f\u0131\u011f\u0131 Koyu<\/strong>, Kemer'in en pop\u00fcler sahil noktalar\u0131ndan biri. Ayr\u0131ca efsanevi olan\u0131n yan\u0131ndan da ge\u00e7eceksiniz <strong data-start=\"2125\" data-end=\"2140\">Korsan Ma\u011faras\u0131<\/strong>, dramatik kaya olu\u015fumlar\u0131yla harika foto\u011fraf f\u0131rsatlar\u0131 sunuyor.<\/div>\n<div data-start=\"2213\" data-end=\"2450\">Gemide lezzetli bir \u00f6\u011fle yeme\u011fi servis edilir ve g\u00fcn boyunca me\u015frubat se\u00e7enekleri mevcuttur. G\u00fcne\u015flenmek i\u00e7in geni\u015f g\u00fcverteleri, bol aktivite se\u00e7ene\u011fi ve g\u00fcler y\u00fczl\u00fc m\u00fcrettebat\u0131 ile bu tur, e\u011flence, rahatlama ve unutulmaz an\u0131larla dolu bir g\u00fcn vaat ediyor.<\/div>\n<p class=\"mhm-jue-internal-links\">B\u00f6lgede daha fazla macera m\u0131 ar\u0131yorsunuz? Tam listemizi ke\u015ffedin <a href=\"\/tr\/destinasyon\/belek-turlari\/\">Belek tours<\/a> veya \u015funlara g\u00f6z at\u0131n <a href=\"\/tr\/turlar-2\/belek-land-of-legends-gece\/\">Belek'ten The Land of Legends Gece G\u00f6sterisi<\/a> ba\u015fka unutulmaz bir deneyim i\u00e7in.<\/p>\n<h3>\ud83d\uddd3\ufe0f Tur Program\u0131<\/h3>\n<p data-start=\"2475\" data-end=\"2788\"><span style=\"color: #ff0000;\"><strong>\u2022<\/strong> <\/span>Belek ve \u00e7evresindeki otellerden alma<br data-start=\"2524\" data-end=\"2527\" \/><span style=\"color: #ff0000;\"><strong>\u2022<\/strong> <\/span>Kemer Marina'ya transfer<br data-start=\"2553\" data-end=\"2556\" \/><span style=\"color: #ff0000;\"><strong>\u2022<\/strong> <\/span>Gonster Korsan Gemisine Binme<br data-start=\"2590\" data-end=\"2593\" \/><span style=\"color: #ff0000;\"><strong>\u2022<\/strong> <\/span>Phaselis Koyu y\u00fczme molas\u0131<br data-start=\"2621\" data-end=\"2624\" \/><span style=\"color: #ff0000;\"><strong>\u2022<\/strong> <\/span>Cennet Koyu y\u00fczme dura\u011f\u0131<br data-start=\"2650\" data-end=\"2653\" \/><span style=\"color: #ff0000;\"><strong>\u2022<\/strong> <\/span>Ay \u0131\u015f\u0131\u011f\u0131 koyu y\u00fczme molas\u0131<br data-start=\"2682\" data-end=\"2685\" \/><span style=\"color: #ff0000;\"><strong>\u2022<\/strong> <\/span>Korsan Ma\u011faras\u0131 gezisi<br data-start=\"2710\" data-end=\"2713\" \/><span style=\"color: #ff0000;\"><strong>\u2022<\/strong> <\/span>Gemide \u00f6\u011fle yeme\u011fi ve e\u011flence<br data-start=\"2746\" data-end=\"2749\" \/><span style=\"color: #ff0000;\"><strong>\u2022<\/strong> <\/span>Marinaya ve otele transfer<\/p>\n<h3>\u2139\ufe0f Faydal\u0131 Bilgiler<\/h3>\n<p data-start=\"2817\" data-end=\"2977\"><span style=\"color: #ff0000;\"><strong>\u2022<\/strong> <\/span>Tam g\u00fcnl\u00fck tekne turu<br data-start=\"2837\" data-end=\"2840\" \/><span style=\"color: #ff0000;\"><strong>\u2022<\/strong> <\/span>Aile dostu ve \u00e7ocuklara uygun<br data-start=\"2883\" data-end=\"2886\" \/><span style=\"color: #ff0000;\"><strong>\u2022<\/strong> <\/span>Tur s\u0131ras\u0131nda alkols\u00fcz i\u00e7ecekler dahildir<br data-start=\"2924\" data-end=\"2927\" \/><span style=\"color: #ff0000;\"><strong>\u2022<\/strong> <\/span>Hava ko\u015fullar\u0131na ba\u011fl\u0131 olarak rota de\u011fi\u015febilir<\/p>\n<p class=\"mhm-jue-external-link\">Hedef hakk\u0131nda daha fazla bilgi edinin <a href=\"https:\/\/en.wikipedia.org\/wiki\/Phaselis\" target=\"_blank\" rel=\"noopener\">Phaselis Antik Kenti Vikipedi sayfas\u0131<\/a>.<\/p>\n<h3>\ud83c\udf92 Getirilecekler<\/h3>\n<p data-start=\"3001\" data-end=\"3116\"><span style=\"color: #ff0000;\"><strong>\u2022<\/strong> <\/span>Mayo ve havlu<br data-start=\"3021\" data-end=\"3024\" \/><span style=\"color: #ff0000;\"><strong>\u2022<\/strong> <\/span>G\u00fcne\u015f kremi ve \u015fapka<br data-start=\"3043\" data-end=\"3046\" \/><span style=\"color: #ff0000;\"><strong>\u2022<\/strong> <\/span>G\u00fcne\u015f g\u00f6zl\u00fc\u011f\u00fc<br data-start=\"3058\" data-end=\"3061\" \/><span style=\"color: #ff0000;\"><strong>\u2022<\/strong> <\/span>Kamera veya ak\u0131ll\u0131 telefon<br data-start=\"3083\" data-end=\"3086\" \/><span style=\"color: #ff0000;\"><strong>\u2022<\/strong> <\/span>Ki\u015fisel harcamalar i\u00e7in nakit<\/p>\n<h3>\ud83d\udeab Uygun De\u011fil<\/h3>\n<p data-start=\"3143\" data-end=\"3186\"><span style=\"color: #ff0000;\"><strong>\u2022<\/strong> <\/span>A\u011f\u0131r hareket k\u0131s\u0131tl\u0131l\u0131\u011f\u0131 olan misafirler<\/p>\n<h3>\ud83d\udcb8 Fiyat ve Rezervasyon<\/h3>\n<p data-start=\"3214\" data-end=\"3380\"><span style=\"color: #ff0000;\"><strong>\u2022<\/strong> <\/span>Fiyatlar sezona g\u00f6re de\u011fi\u015fiklik g\u00f6sterebilir<br data-start=\"3251\" data-end=\"3254\" \/><span style=\"color: #ff0000;\"><strong>\u2022<\/strong> <\/span>\u015eimdi rezervasyon yap\u0131n ve tur g\u00fcn\u00fc \u00f6deme yap\u0131n<br data-start=\"3295\" data-end=\"3298\" \/><span style=\"color: #ff0000;\"><strong>\u2022<\/strong> <\/span>WhatsApp, Telegram veya Viber \u00fczerinden bizimle ileti\u015fime ge\u00e7in veya a\u015fa\u011f\u0131daki rezervasyon formunu doldurun<\/p>","protected":false},"excerpt":{"rendered":"<p>Belek'ten Muhte\u015fem Korsan Tekne Turu'nu Deneyimleyin. Kemer koylar\u0131nda y\u00fczmenin, korsan g\u00f6sterilerinin, \u00f6\u011fle yeme\u011finin, alkols\u00fcz i\u00e7eceklerin ve e\u011flenceli animasyonlar\u0131n tad\u0131n\u0131 \u00e7\u0131kar\u0131n, transferler dahildir.<\/p>","protected":false},"featured_media":10574,"comment_status":"open","ping_status":"closed","template":"","meta":{"_acf_changed":false},"product_brand":[],"product_cat":[43,70],"product_tag":[66],"class_list":{"0":"post-11137","1":"product","2":"type-product","3":"status-publish","4":"has-post-thumbnail","6":"product_cat-belek","7":"product_cat-pirates-boat-tours","8":"product_tag-belek","10":"first","11":"instock","12":"sale","13":"featured","14":"shipping-taxable","15":"purchasable","16":"product-type-ovabrw_car_rental"},"acf":[],"aioseo_notices":[],"_links":{"self":[{"href":"https:\/\/joinusexcursions.com\/tr\/wp-json\/wp\/v2\/product\/11137","targetHints":{"allow":["GET"]}}],"collection":[{"href":"https:\/\/joinusexcursions.com\/tr\/wp-json\/wp\/v2\/product"}],"about":[{"href":"https:\/\/joinusexcursions.com\/tr\/wp-json\/wp\/v2\/types\/product"}],"replies":[{"embeddable":true,"href":"https:\/\/joinusexcursions.com\/tr\/wp-json\/wp\/v2\/comments?post=11137"}],"wp:featuredmedia":[{"embeddable":true,"href":"https:\/\/joinusexcursions.com\/tr\/wp-json\/wp\/v2\/media\/10574"}],"wp:attachment":[{"href":"https:\/\/joinusexcursions.com\/tr\/wp-json\/wp\/v2\/media?parent=11137"}],"wp:term":[{"taxonomy":"product_brand","embeddable":true,"href":"https:\/\/joinusexcursions.com\/tr\/wp-json\/wp\/v2\/product_brand?post=11137"},{"taxonomy":"product_cat","embeddable":true,"href":"https:\/\/joinusexcursions.com\/tr\/wp-json\/wp\/v2\/product_cat?post=11137"},{"taxonomy":"product_tag","embeddable":true,"href":"https:\/\/joinusexcursions.com\/tr\/wp-json\/wp\/v2\/product_tag?post=11137"}],"curies":[{"name":"wp","href":"https:\/\/api.w.org\/{rel}","templated":true}]}}