{"id":11138,"date":"2025-12-15T22:34:36","date_gmt":"2025-12-15T19:34:36","guid":{"rendered":"https:\/\/joinusexcursions.com\/?post_type=product&#038;p=11138"},"modified":"2026-04-18T03:56:55","modified_gmt":"2026-04-18T00:56:55","slug":"belek-korsan-tekne-kizil-ejderha","status":"publish","type":"product","link":"https:\/\/joinusexcursions.com\/tr\/tours\/belek-pirate-boat-red-dragon\/","title":{"rendered":"Belek'ten Korsan Teknesi Turu - K\u0131rm\u0131z\u0131 Ejderha"},"content":{"rendered":"<p data-start=\"314\" data-end=\"471\">Belek'ten Kemer'in turkuaz koylar\u0131na \u015f\u0131k bir katamaran turunun tad\u0131n\u0131 \u00e7\u0131kar\u0131n. Kristal berrakl\u0131\u011f\u0131nda sularda y\u00fcz\u00fcn, geni\u015f g\u00fcvertelerde dinlenin ve denizde e\u011flenceli bir g\u00fcn ge\u00e7irin.<\/p>\n<h2>\u26f5 Overview of the Belek Pirate Boat Tour<\/h2>\n<p data-start=\"489\" data-end=\"741\">Belek, Kadriye ve Bo\u011fazkent'ten Kemer'in g\u00fczel sahil \u015feridine tam g\u00fcnl\u00fck bir katamaran tekne turuna kat\u0131l\u0131n. Modern, konforlu bir katamaranda yelken a\u00e7\u0131n, muhte\u015fem koylarda y\u00fczme molalar\u0131n\u0131n, teknede hafif e\u011flencenin ve nefes kesici Akdeniz manzaralar\u0131n\u0131n tad\u0131n\u0131 \u00e7\u0131kar\u0131n.<\/p>\n<h3>\ud83c\udf1f \u00d6ne \u00c7\u0131kanlar<\/h3>\n<p data-start=\"1068\" data-end=\"1328\"><span style=\"color: #ff0000;\"><strong>\u2022<\/strong> <\/span>L\u00fcks modern bir katamaranda gezi<br data-start=\"1108\" data-end=\"1111\" \/><span style=\"color: #ff0000;\"><strong>\u2022<\/strong> <\/span>Kemer'in kristal berrakl\u0131\u011f\u0131ndaki koylar\u0131nda y\u00fcz\u00fcn<br data-start=\"1148\" data-end=\"1151\" \/><span style=\"color: #ff0000;\"><strong>\u2022<\/strong> <\/span>Phaselis Koyu, Cennet Koyu ve Mehtap Koyu'nu ziyaret edin<br data-start=\"1201\" data-end=\"1204\" \/><span style=\"color: #ff0000;\"><strong>\u2022<\/strong> <\/span>Efsanevi Korsan Ma\u011faras\u0131'n\u0131n \u00f6n\u00fcnden yelken a\u00e7\u0131n<br data-start=\"1241\" data-end=\"1244\" \/><span style=\"color: #ff0000;\"><strong>\u2022<\/strong> <\/span>Geni\u015f g\u00fcvertelerde rahatlay\u0131n ve g\u00fcne\u015flenin<br data-start=\"1282\" data-end=\"1285\" \/><span style=\"color: #ff0000;\"><strong>\u2022<\/strong> <\/span>Harika foto\u011fraf f\u0131rsatlar\u0131 ve deniz manzaralar\u0131<\/p>\n<h2>What to Expect on the Belek Pirate Boat Tour<\/h2>\n<div data-start=\"1355\" data-end=\"1576\">Belek veya yak\u0131n \u00e7evredeki otelinizden rahat bir kar\u015f\u0131lama ile ba\u015flayan rahatlat\u0131c\u0131 deniz g\u00fcn\u00fcn\u00fcz, transfer ile devam edecektir <strong data-start=\"1478\" data-end=\"1494\">Kemer Marina<\/strong>. \u015e\u0131k ve modern, konfor, ferahl\u0131k ve dinlenme i\u00e7in tasarlanm\u0131\u015f bir katamaran'a binin.<\/div>\n<div data-start=\"1578\" data-end=\"1774\">Kemer k\u0131y\u0131lar\u0131nda katamaran gezerken canl\u0131 m\u00fczi\u011fin ve gemideki keyifli atmosferin tad\u0131n\u0131 \u00e7\u0131kar\u0131n. Tur, b\u00f6lgenin en g\u00fczel koylar\u0131nda y\u00fczme molalar\u0131n\u0131 da i\u00e7eriyor.<\/div>\n<div data-start=\"1776\" data-end=\"2065\">Antik harabelerin yan\u0131nda y\u00fcz\u00fcn <strong data-start=\"1807\" data-end=\"1823\">Phaselis Koyu<\/strong>, huzurlu sular\u0131nda dinlenin <strong data-start=\"1857\" data-end=\"1871\">Cennet Koyu<\/strong>, ve canl\u0131 atmosferinin tad\u0131n\u0131 \u00e7\u0131kar\u0131n <strong data-start=\"1908\" data-end=\"1925\">Ay I\u015f\u0131\u011f\u0131 Koyu<\/strong>, y\u00fczmek ve foto\u011fraf \u00e7ekmek i\u00e7in idealdir. Ayr\u0131ca gizemli yerlerin yan\u0131ndan da ge\u00e7eceksiniz <strong data-start=\"1999\" data-end=\"2014\">Korsan Ma\u011faras\u0131<\/strong>, harika manzaralar ve foto\u011fraf f\u0131rsatlar\u0131 sunan.<\/div>\n<div data-start=\"2067\" data-end=\"2287\">Tur s\u0131ras\u0131nda, se\u00e7ti\u011finiz pakete ba\u011fl\u0131 olarak teknede \u00f6\u011fle yeme\u011fi ve i\u00e7eceklerin tad\u0131n\u0131 \u00e7\u0131karabilirsiniz. G\u00fcne\u015flenmek, y\u00fczmek veya sadece dinlenmek i\u00e7in bolca alana sahip bu katamaran gezisi, e\u011flence ve huzurun m\u00fckemmel dengesini sunar.<\/div>\n<p class=\"mhm-jue-internal-links\">B\u00f6lgede daha fazla macera m\u0131 ar\u0131yorsunuz? Tam listemizi ke\u015ffedin <a href=\"\/tr\/destinasyon\/belek-turlari\/\">Belek tours<\/a> veya \u015funlara g\u00f6z at\u0131n <a href=\"\/tr\/turlar-2\/belek-land-of-legends-gece\/\">Belek'ten The Land of Legends Gece G\u00f6sterisi<\/a> ba\u015fka unutulmaz bir deneyim i\u00e7in.<\/p>\n<h3>\ud83d\uddd3\ufe0f Tur Program\u0131<\/h3>\n<p data-start=\"2312\" data-end=\"2623\"><span style=\"color: #ff0000;\"><strong>\u2022<\/strong> <\/span>Belek ve \u00e7evresindeki otellerden alma<br data-start=\"2361\" data-end=\"2364\" \/><span style=\"color: #ff0000;\"><strong>\u2022<\/strong> <\/span>Kemer Marina'ya transfer<br data-start=\"2390\" data-end=\"2393\" \/><span style=\"color: #ff0000;\"><strong>\u2022<\/strong> <\/span>Katamana binmek<br data-start=\"2417\" data-end=\"2420\" \/><span style=\"color: #ff0000;\"><strong>\u2022<\/strong> <\/span>Phaselis Koyu y\u00fczme molas\u0131<br data-start=\"2448\" data-end=\"2451\" \/><span style=\"color: #ff0000;\"><strong>\u2022<\/strong> <\/span>Cennet Koyu y\u00fczme dura\u011f\u0131<br data-start=\"2477\" data-end=\"2480\" \/><span style=\"color: #ff0000;\"><strong>\u2022<\/strong> <\/span>Ay \u0131\u015f\u0131\u011f\u0131 koyu y\u00fczme molas\u0131<br data-start=\"2509\" data-end=\"2512\" \/><span style=\"color: #ff0000;\"><strong>\u2022<\/strong> <\/span>Korsan Ma\u011faras\u0131 gezisi<br data-start=\"2537\" data-end=\"2540\" \/><span style=\"color: #ff0000;\"><strong>\u2022<\/strong> <\/span>Dinlenme ve g\u00fcne\u015flenme i\u00e7in bo\u015f zaman<br data-start=\"2581\" data-end=\"2584\" \/><span style=\"color: #ff0000;\"><strong>\u2022<\/strong> <\/span>Marinaya ve otele transfer<\/p>\n<h3>\u2139\ufe0f Faydal\u0131 Bilgiler<\/h3>\n<p data-start=\"2652\" data-end=\"2820\"><span style=\"color: #ff0000;\"><strong>\u2022<\/strong> <\/span>Tam g\u00fcnl\u00fck tekne turu<br data-start=\"2672\" data-end=\"2675\" \/><span style=\"color: #ff0000;\"><strong>\u2022<\/strong> <\/span>\u00c7iftler, aileler ve yaln\u0131z seyahat edenler i\u00e7in uygundur<br data-start=\"2726\" data-end=\"2729\" \/><span style=\"color: #ff0000;\"><strong>\u2022<\/strong> <\/span>Geni\u015f g\u00f6lgeli ve g\u00fcne\u015flenme alanlar\u0131<br data-start=\"2767\" data-end=\"2770\" \/><span style=\"color: #ff0000;\"><strong>\u2022<\/strong> <\/span>Hava ko\u015fullar\u0131na ba\u011fl\u0131 olarak rota de\u011fi\u015febilir<\/p>\n<p class=\"mhm-jue-external-link\">Hedef hakk\u0131nda daha fazla bilgi edinin <a href=\"https:\/\/en.wikipedia.org\/wiki\/Phaselis\" target=\"_blank\" rel=\"noopener\">Phaselis Antik Kenti Vikipedi sayfas\u0131<\/a>.<\/p>\n<h3>\ud83c\udf92 Getirilecekler<\/h3>\n<p data-start=\"2844\" data-end=\"2959\"><span style=\"color: #ff0000;\"><strong>\u2022<\/strong> <\/span>Mayo ve havlu<br data-start=\"2864\" data-end=\"2867\" \/><span style=\"color: #ff0000;\"><strong>\u2022<\/strong> <\/span>G\u00fcne\u015f kremi ve \u015fapka<br data-start=\"2886\" data-end=\"2889\" \/><span style=\"color: #ff0000;\"><strong>\u2022<\/strong> <\/span>G\u00fcne\u015f g\u00f6zl\u00fc\u011f\u00fc<br data-start=\"2901\" data-end=\"2904\" \/><span style=\"color: #ff0000;\"><strong>\u2022<\/strong> <\/span>Kamera veya ak\u0131ll\u0131 telefon<br data-start=\"2926\" data-end=\"2929\" \/><span style=\"color: #ff0000;\"><strong>\u2022<\/strong> <\/span>Ara\u00e7 i\u00e7i sat\u0131n al\u0131mlar i\u00e7in nakit<\/p>\n<h3>\ud83d\udeab Uygun De\u011fil<\/h3>\n<p data-start=\"2986\" data-end=\"3029\"><span style=\"color: #ff0000;\"><strong>\u2022<\/strong> <\/span>A\u011f\u0131r hareket k\u0131s\u0131tl\u0131l\u0131\u011f\u0131 olan misafirler<\/p>\n<h3>\ud83d\udcb8 Fiyat ve Rezervasyon<\/h3>\n<p data-start=\"3057\" data-end=\"3235\"><span style=\"color: #ff0000;\"><strong>\u2022<\/strong> <\/span>Fiyatlar mevsime ve pakete g\u00f6re de\u011fi\u015fiklik g\u00f6sterebilir<br data-start=\"3106\" data-end=\"3109\" \/><span style=\"color: #ff0000;\"><strong>\u2022<\/strong> <\/span>\u015eimdi rezervasyon yap\u0131n ve tur g\u00fcn\u00fc \u00f6deme yap\u0131n<br data-start=\"3150\" data-end=\"3153\" \/><span style=\"color: #ff0000;\"><strong>\u2022<\/strong> <\/span>WhatsApp, Telegram veya Viber \u00fczerinden bizimle ileti\u015fime ge\u00e7in veya a\u015fa\u011f\u0131daki rezervasyon formunu doldurun<\/p>","protected":false},"excerpt":{"rendered":"<p>Belek'ten Kemer'e katamaran tekne turuna kat\u0131l\u0131n. Kristal berrakl\u0131\u011f\u0131nda koylarda y\u00fczmenin, deniz manzaras\u0131n\u0131n, canl\u0131 m\u00fczik ve transferlerin dahil oldu\u011fu rahatlat\u0131c\u0131 bir turun tad\u0131n\u0131 \u00e7\u0131kar\u0131n.<\/p>","protected":false},"featured_media":10878,"comment_status":"open","ping_status":"closed","template":"","meta":{"_acf_changed":false},"product_brand":[],"product_cat":[43,70],"product_tag":[66],"class_list":{"0":"post-11138","1":"product","2":"type-product","3":"status-publish","4":"has-post-thumbnail","6":"product_cat-belek","7":"product_cat-pirates-boat-tours","8":"product_tag-belek","10":"first","11":"instock","12":"sale","13":"featured","14":"shipping-taxable","15":"purchasable","16":"product-type-ovabrw_car_rental"},"acf":[],"aioseo_notices":[],"_links":{"self":[{"href":"https:\/\/joinusexcursions.com\/tr\/wp-json\/wp\/v2\/product\/11138","targetHints":{"allow":["GET"]}}],"collection":[{"href":"https:\/\/joinusexcursions.com\/tr\/wp-json\/wp\/v2\/product"}],"about":[{"href":"https:\/\/joinusexcursions.com\/tr\/wp-json\/wp\/v2\/types\/product"}],"replies":[{"embeddable":true,"href":"https:\/\/joinusexcursions.com\/tr\/wp-json\/wp\/v2\/comments?post=11138"}],"wp:featuredmedia":[{"embeddable":true,"href":"https:\/\/joinusexcursions.com\/tr\/wp-json\/wp\/v2\/media\/10878"}],"wp:attachment":[{"href":"https:\/\/joinusexcursions.com\/tr\/wp-json\/wp\/v2\/media?parent=11138"}],"wp:term":[{"taxonomy":"product_brand","embeddable":true,"href":"https:\/\/joinusexcursions.com\/tr\/wp-json\/wp\/v2\/product_brand?post=11138"},{"taxonomy":"product_cat","embeddable":true,"href":"https:\/\/joinusexcursions.com\/tr\/wp-json\/wp\/v2\/product_cat?post=11138"},{"taxonomy":"product_tag","embeddable":true,"href":"https:\/\/joinusexcursions.com\/tr\/wp-json\/wp\/v2\/product_tag?post=11138"}],"curies":[{"name":"wp","href":"https:\/\/api.w.org\/{rel}","templated":true}]}}