{"id":11139,"date":"2025-12-15T22:46:22","date_gmt":"2025-12-15T19:46:22","guid":{"rendered":"https:\/\/joinusexcursions.com\/?post_type=product&#038;p=11139"},"modified":"2026-04-20T17:09:44","modified_gmt":"2026-04-20T14:09:44","slug":"antalya-korsan-tekne-gonster","status":"publish","type":"product","link":"https:\/\/joinusexcursions.com\/tr\/tours\/antalya-pirate-boat-gonster\/","title":{"rendered":"Antalya'dan Korsan Tekne Turu Gonster \u2013 Her \u015eey Dahil"},"content":{"rendered":"<h2>Antalya Korsan Teknesi Turunda Neler Beklemelisiniz<\/h2>\n<p class=\"mhm-jue-internal-links\">B\u00f6lgede daha fazla macera m\u0131 ar\u0131yorsunuz? Tam listemizi ke\u015ffedin <a href=\"\/tr\/destinasyon\/antalya-turlari\/\">Antalya turlar\u0131<\/a> veya \u015funlara g\u00f6z at\u0131n <a href=\"\/tr\/turlar-2\/antalya-suluada-gunbatimi-tekne\/\">Antalya'dan Suluada Adas\u0131 G\u00fcn Bat\u0131m\u0131 Tekne Turu ve Ak\u015fam Yeme\u011fi<\/a> ba\u015fka unutulmaz bir deneyim i\u00e7in.<\/p>\n<p class=\"mhm-jue-external-link\">Hedef hakk\u0131nda daha fazla bilgi edinin <a href=\"https:\/\/en.wikipedia.org\/wiki\/Phaselis\" target=\"_blank\" rel=\"noopener\">Phaselis Antik Kenti Vikipedi sayfas\u0131<\/a>.<\/p>\n<p class=\"\" data-start=\"882\" data-end=\"1040\">Denizde unutulmaz bir g\u00fcne haz\u0131r olun <strong data-start=\"937\" data-end=\"965\">Canavar<\/strong> <strong data-start=\"937\" data-end=\"965\">Korsan Tekne Turu<\/strong> \u2014 heyecan\u0131n, do\u011fan\u0131n ve rahatlat\u0131c\u0131 Akdeniz esintilerinin m\u00fckemmel kar\u0131\u015f\u0131m\u0131.<\/p>\n<p class=\"\" data-start=\"1042\" data-end=\"1335\">Yolculu\u011funuz, karakter dolu korsan temal\u0131 tekne Gonster'a binece\u011finiz Kemer Marina'da ba\u015fl\u0131yor. Muhte\u015fem sahil \u015feridi boyunca ilerlerken, m\u00fcrettebat m\u00fczik, dans ve temal\u0131 e\u011flencelerle atmosferi canl\u0131 tutacak - aileler, arkada\u015flar ve macera arayanlar i\u00e7in m\u00fckemmel!<\/p>\n<p class=\"\" data-start=\"1337\" data-end=\"1408\">Y\u00fczmek ve dinlenmek i\u00e7in m\u00fckemmel olan \u00fc\u00e7 muhte\u015fem koyu ziyaret edeceksiniz:<\/p>\n<p class=\"\" data-start=\"1410\" data-end=\"1559\">\ud83c\udfdb\ufe0f <strong data-start=\"1414\" data-end=\"1430\">Phaselis Koyu<\/strong> \u2013 Likya kenti Phaselis'in antik kal\u0131nt\u0131lar\u0131 yak\u0131nlar\u0131nda y\u00fcz\u00fcn. Tarihin do\u011fayla sakin ve huzurlu bir ortamda bulu\u015ftu\u011fu bir yer.<\/p>\n<p class=\"\" data-start=\"1561\" data-end=\"1673\">\ud83c\udfdd\ufe0f <strong data-start=\"1565\" data-end=\"1579\">Cennet Koyu<\/strong> \u2013 Ye\u015fil do\u011fa ve berrak sularla \u00e7evrili gizli bir cennet \u2014 sakin, manzaral\u0131 bir y\u00fczme i\u00e7in ideal.<\/p>\n<p class=\"\" data-start=\"1675\" data-end=\"1791\">\ud83c\udf0a <strong data-start=\"1678\" data-end=\"1695\">Ay I\u015f\u0131\u011f\u0131 Koyu<\/strong> \u2013 Kemer'e yak\u0131n, dinlenebilece\u011finiz, foto\u011fraf \u00e7ekebilece\u011finiz veya denizin tad\u0131n\u0131 \u00e7\u0131karabilece\u011finiz pop\u00fcler ve \u015firin bir durak.<\/p>\n<p class=\"\" data-start=\"1793\" data-end=\"1936\">\ud83e\udd9c <strong data-start=\"1796\" data-end=\"1811\">Korsan Ma\u011faras\u0131<\/strong> \u2013 Korsan efsaneleri ve inan\u0131lmaz kaya olu\u015fumlar\u0131yla dolu bu gizemli deniz ma\u011faras\u0131n\u0131n yan\u0131ndan ge\u00e7in \u2014 kameran\u0131z\u0131 yan\u0131n\u0131za almay\u0131 unutmay\u0131n!<\/p>\n<p class=\"\" data-start=\"1938\" data-end=\"2123\">Seyahatiniz s\u0131ras\u0131nda gemide lezzetli bir \u00f6\u011fle yeme\u011fi servis edilecektir, <strong data-start=\"2009\" data-end=\"2033\">me\u015frubat dahildir<\/strong> g\u00fcn boyunca. G\u00fcne\u015flenmek, dans etmek veya sadece manzaran\u0131n tad\u0131n\u0131 \u00e7\u0131karmak i\u00e7in bolca alan var.<\/p>\n<p class=\"\" data-start=\"2125\" data-end=\"2273\">\u00c7ocuklu aileler, \u00e7iftler veya suda e\u011flenmeyi seven herkes i\u00e7in m\u00fckemmel olan Korsan Gemi Gonster, unutulmaz an\u0131larla dolu bir g\u00fcn sunuyor!<\/p>\n<p class=\"\" data-start=\"2275\" data-end=\"2375\">\ud83d\udeab <strong data-start=\"2278\" data-end=\"2298\">Uygun De\u011fil<\/strong><br data-start=\"2298\" data-end=\"2301\" \/><span style=\"color: #ff0000;\">\u2022<\/span> \u015eiddetli deniz tutmas\u0131 olan misafirler<br data-start=\"2337\" data-end=\"2340\" \/><span style=\"color: #ff0000;\">\u2022<\/span> Hareket k\u0131s\u0131tl\u0131l\u0131\u011f\u0131 olanlar<\/p>\n<p class=\"\" data-start=\"2377\" data-end=\"2538\">\ud83c\udf92 <strong data-start=\"2380\" data-end=\"2397\">Neler Getirilmeli<\/strong><br data-start=\"2397\" data-end=\"2400\" \/><span style=\"color: #ff0000;\">\u2022<\/span> Mayo ve havlu<br data-start=\"2420\" data-end=\"2423\" \/><span style=\"color: #ff0000;\">\u2022<\/span> G\u00fcne\u015f kremi ve g\u00fcne\u015f g\u00f6zl\u00fc\u011f\u00fc<br data-start=\"2447\" data-end=\"2450\" \/><span style=\"color: #ff0000;\">\u2022<\/span> \u015eapka<br data-start=\"2462\" data-end=\"2465\" \/><span style=\"color: #ff0000;\">\u2022<\/span> Su ge\u00e7irmez telefon k\u0131l\u0131f\u0131 veya kamera<br data-start=\"2498\" data-end=\"2501\" \/><span style=\"color: #ff0000;\">\u2022<\/span> Hediyelik e\u015fya veya ekstralar i\u00e7in biraz nakit<\/p>\n<p class=\"\" data-start=\"2540\" data-end=\"2626\">\u274c <strong data-start=\"2542\" data-end=\"2557\">\u0130zin Verilmeyen<\/strong><br data-start=\"2557\" data-end=\"2560\" \/><span style=\"color: #ff0000;\">\u2022<\/span> D\u0131\u015far\u0131dan yiyecek ve i\u00e7ecek<br data-start=\"2585\" data-end=\"2588\" \/><span style=\"color: #ff0000;\">\u2022<\/span> Evcil Hayvanlar<br data-start=\"2594\" data-end=\"2597\" \/><span style=\"color: #ff0000;\">\u2022<\/span> Kapal\u0131 alanlarda sigara i\u00e7mek<\/p>\n<p class=\"\" data-start=\"2628\" data-end=\"2916\">\u2139\ufe0f <strong data-start=\"2631\" data-end=\"2653\">Gitmeden \u00d6nce Bilinmesi Gerekenler<\/strong><br data-start=\"2653\" data-end=\"2656\" \/><span style=\"color: #ff0000;\">\u2022<\/span> Tur s\u00fcresi: 5\u20136 saat<br data-start=\"2682\" data-end=\"2685\" \/><span style=\"color: #ff0000;\">\u2022<\/span> Teknede hem g\u00f6lgeli hem de g\u00fcne\u015flenme alanlar\u0131 bulunmaktad\u0131r.<br data-start=\"2732\" data-end=\"2735\" \/><span style=\"color: #ff0000;\">\u2022<\/span> \u00dccretsiz seyahat eden \u00e7ocuklar otob\u00fcste ayr\u0131 bir koltuk hakk\u0131na sahip olmayacakt\u0131r. Otob\u00fcs dolusu olursa, bir velinin kuca\u011f\u0131nda oturmak zorunda kalacaklar veya rezervasyon s\u0131ras\u0131nda ayr\u0131 bir koltuk sat\u0131n al\u0131nmal\u0131d\u0131r.<\/p>\n<p class=\"\" data-start=\"2918\" data-end=\"3107\">\ud83d\udcb8 <strong data-start=\"2921\" data-end=\"2941\">Fiyatlar ve Rezervasyon<\/strong><br data-start=\"2941\" data-end=\"2944\" \/><span style=\"color: #ff0000;\">\u2022<\/span> Fiyatlar mevsime ve kat\u0131l\u0131mc\u0131 say\u0131s\u0131na g\u00f6re de\u011fi\u015fiklik g\u00f6sterebilir.<br data-start=\"3013\" data-end=\"3016\" \/><span style=\"color: #ff0000;\">\u2022<\/span> \u015eimdi rezerve edin, tur g\u00fcn\u00fcnde \u00f6deme yap\u0131n - en iyi oranlar i\u00e7in erken rezervasyon \u00f6nerilir.<\/p>\n<p class=\"\" data-start=\"3109\" data-end=\"3186\">\ud83d\udcde Rezervasyon ve daha fazla bilgi i\u00e7in WhatsApp, Telegram veya Viber \u00fczerinden bize ula\u015f\u0131n.<\/p>","protected":false},"excerpt":{"rendered":"<p>What to Expect on the Antalya Pirate Boat Tour Gonster Looking for more adventures in the area? Explore our full list of Antalya tours or check out the Suluada Island Sunset Boat Trip from Antalya with Dinner for another unforgettable experience. Learn more about the destination on the Phaselis ancient city Wikipedia page. Get ready [&hellip;]<\/p>\n","protected":false},"featured_media":10574,"comment_status":"open","ping_status":"closed","template":"","meta":{"_acf_changed":false},"product_brand":[],"product_cat":[32,70],"product_tag":[69],"class_list":{"0":"post-11139","1":"product","2":"type-product","3":"status-publish","4":"has-post-thumbnail","6":"product_cat-antalya","7":"product_cat-pirates-boat-tours","8":"product_tag-antalya","10":"first","11":"instock","12":"featured","13":"shipping-taxable","14":"purchasable","15":"product-type-ovabrw_car_rental"},"acf":[],"aioseo_notices":[],"_links":{"self":[{"href":"https:\/\/joinusexcursions.com\/tr\/wp-json\/wp\/v2\/product\/11139","targetHints":{"allow":["GET"]}}],"collection":[{"href":"https:\/\/joinusexcursions.com\/tr\/wp-json\/wp\/v2\/product"}],"about":[{"href":"https:\/\/joinusexcursions.com\/tr\/wp-json\/wp\/v2\/types\/product"}],"replies":[{"embeddable":true,"href":"https:\/\/joinusexcursions.com\/tr\/wp-json\/wp\/v2\/comments?post=11139"}],"wp:featuredmedia":[{"embeddable":true,"href":"https:\/\/joinusexcursions.com\/tr\/wp-json\/wp\/v2\/media\/10574"}],"wp:attachment":[{"href":"https:\/\/joinusexcursions.com\/tr\/wp-json\/wp\/v2\/media?parent=11139"}],"wp:term":[{"taxonomy":"product_brand","embeddable":true,"href":"https:\/\/joinusexcursions.com\/tr\/wp-json\/wp\/v2\/product_brand?post=11139"},{"taxonomy":"product_cat","embeddable":true,"href":"https:\/\/joinusexcursions.com\/tr\/wp-json\/wp\/v2\/product_cat?post=11139"},{"taxonomy":"product_tag","embeddable":true,"href":"https:\/\/joinusexcursions.com\/tr\/wp-json\/wp\/v2\/product_tag?post=11139"}],"curies":[{"name":"wp","href":"https:\/\/api.w.org\/{rel}","templated":true}]}}