{"id":11140,"date":"2025-12-15T22:49:59","date_gmt":"2025-12-15T19:49:59","guid":{"rendered":"https:\/\/joinusexcursions.com\/?post_type=product&#038;p=11140"},"modified":"2026-04-20T17:08:40","modified_gmt":"2026-04-20T14:08:40","slug":"antalya-korsan-tekne-kizil-ejderha","status":"publish","type":"product","link":"https:\/\/joinusexcursions.com\/tr\/tours\/antalya-pirate-boat-red-dragon\/","title":{"rendered":"Antalya'dan K\u0131rm\u0131z\u0131 Ejder Tekne Turu \u00d6\u011fle Yeme\u011fi Dahil"},"content":{"rendered":"<h2>Kemer Katamaran Tekne Turu: L\u00fcks, E\u011flence ve Deniz Havas\u0131<\/h2>\n<div>\n<p class=\"\" data-start=\"221\" data-end=\"455\">Turkuaz k\u0131y\u0131da \u015f\u0131k bir yolculu\u011fun tad\u0131n\u0131 \u00e7\u0131kar\u0131n <strong data-start=\"279\" data-end=\"308\">Kemer Katamaran Tekne Turu<\/strong> \u2014 dinlenme, e\u011flence ve do\u011fal g\u00fczelli\u011fin m\u00fckemmel bir kar\u0131\u015f\u0131m\u0131. Modern bir katamaranda yelken a\u00e7\u0131n ve Akdeniz'i daha \u00f6nce hi\u00e7 ya\u015famad\u0131\u011f\u0131n\u0131z gibi deneyimleyin!<\/p>\n<h3 data-start=\"462\" data-end=\"485\">\ud83c\udf1f Tur \u00d6zetleri<\/h3>\n<p><span style=\"color: #ff0000;\"><strong>\u2022 <\/strong><\/span>L\u00fcks, modern bir katamaranda seyir<\/p>\n<\/div>\n<div><span style=\"color: #ff0000;\"><strong>\u2022 <\/strong><\/span>Kemer'in kristal berrakl\u0131\u011f\u0131ndaki koylar\u0131nda y\u00fcz\u00fcn<\/div>\n<div><span style=\"color: #ff0000;\"><strong>\u2022 <\/strong><\/span>Gemide canl\u0131 m\u00fczik ve e\u011flence<\/div>\n<div><span style=\"color: #ff0000;\"><strong>\u2022 <\/strong><\/span>Lezzetli yiyecek ve i\u00e7ecekler (u\u00e7akta mevcuttur)<\/div>\n<div><span style=\"color: #ff0000;\"><strong>\u2022 <\/strong><\/span>Geni\u015f g\u00fcvertelerde g\u00fcne\u015flenin ve dinlenin<\/div>\n<div><span style=\"color: #ff0000;\"><strong>\u2022 <\/strong><\/span>Harika foto\u011fraf \u00e7ekme f\u0131rsatlar\u0131 ve kartpostal g\u00fczelli\u011finde manzaralar<\/div>\n<div>\n<p><strong><span style=\"color: #ff0000;\">\u2022<\/span> <\/strong>Uygun fiyatl\u0131 ve y\u00fcksek kaliteli deneyim<\/p>\n<h2>Antalya Korsan Teknesi Turunda Neler Beklemeli<\/h2>\n<p class=\"\" data-start=\"259\" data-end=\"526\">Harika bir g\u00fcne yelken a\u00e7\u0131n, <strong data-start=\"292\" data-end=\"321\">Kemer Katamaran Tekne Turu<\/strong>, par\u0131ldayan mavi denizin rahatlama, e\u011flence ve do\u011fal harikalarla bulu\u015ftu\u011fu yer. Geni\u015f g\u00fcvertede g\u00fcne\u015fleniyor, berrak sularda y\u00fcz\u00fcyor veya gizli koylar\u0131 ke\u015ffediyor olun, bu turda her \u015fey var.<\/p>\n<p class=\"\" data-start=\"528\" data-end=\"757\">Yolculu\u011funuz ... ba\u015fl\u0131yor <strong data-start=\"551\" data-end=\"567\">Kemer Marina<\/strong>, 'da konfor ve zarafet i\u00e7in donat\u0131lm\u0131\u015f modern bir katamarana bineceksiniz. Tekne, pitoresk k\u0131y\u0131 \u015feridi boyunca seyahat edecek ve mola verecektir <strong data-start=\"700\" data-end=\"727\">\u00fc\u00e7 nefes kesici koy<\/strong> y\u00fczme ve ke\u015fif i\u00e7in<\/p>\n<p class=\"\" data-start=\"761\" data-end=\"943\">\ud83c\udfdb\ufe0f <strong data-start=\"765\" data-end=\"781\">Phaselis Koyu<\/strong>Phaselis'in antik Likya kentinin kal\u0131nt\u0131lar\u0131 yak\u0131nlar\u0131nda y\u00fcz\u00fcn. Tarihi ve do\u011fay\u0131 bir araya getiren bu e\u015fsiz konum, \u00e7am a\u011fa\u00e7lar\u0131 ve sakin, berrak sularla \u00e7evrilidir.<\/p>\n<p class=\"\" data-start=\"946\" data-end=\"1081\"><strong>Cennet Koyu<\/strong>: Masmavi denizi ve el de\u011fmemi\u015f g\u00fczelli\u011fiyle bilinen, huzurlu bir y\u00fczme i\u00e7in m\u00fckemmel, tenha bir cennet.<\/p>\n<p class=\"\" data-start=\"1084\" data-end=\"1229\">\ud83c\udf0a <strong data-start=\"1087\" data-end=\"1119\">Ay I\u015f\u0131\u011f\u0131 Koyu<\/strong>: Kemer'e yak\u0131n, rahat bir atmosfere sahip, y\u00fczmek, g\u00fcne\u015flenmek ve harika foto\u011fraflar \u00e7ekmek i\u00e7in harika bir sevilen yer.<\/p>\n<p class=\"\" data-start=\"1232\" data-end=\"1420\">korsan <strong data-start=\"1238\" data-end=\"1271\">Korsan Ma\u011faras\u0131<\/strong>: Korsan efsanelerinin hala yank\u0131land\u0131\u011f\u0131 bu gizemli deniz ma\u011faras\u0131n\u0131n \u00f6n\u00fcnden ge\u00e7in. Dramatik kaya olu\u015fumlar\u0131 ve derin mavi su ile harika bir foto\u011fraf f\u0131rsat\u0131.<\/p>\n<p class=\"\" data-start=\"1422\" data-end=\"1692\">Manzaran\u0131n tad\u0131n\u0131 \u00e7\u0131kar\u0131rken, m\u00fcrettebat m\u00fczik ve iste\u011fe ba\u011fl\u0131 hafif e\u011flence ile olumlu havay\u0131 s\u00fcrd\u00fcrecektir. Keyifli vakit ge\u00e7irmek i\u00e7in zaman olacakt\u0131r <strong data-start=\"1564\" data-end=\"1581\">gemide \u00f6\u011fle yeme\u011fi<\/strong> (paketine ba\u011fl\u0131 olarak), rahatlamak, g\u00fcne\u015flenmek veya manzaran\u0131n tad\u0131n\u0131 \u00e7\u0131karmak i\u00e7in bolca f\u0131rsat\u0131n yan\u0131 s\u0131ra.<\/p>\n<p class=\"\" data-start=\"1694\" data-end=\"1818\">\u00c7iftler, gruplar, aileler veya yaln\u0131z gezginler i\u00e7in m\u00fckemmel olan bu katamaran gezisi, Kemer'in en keyifli g\u00fcn\u00fcbirlik turlar\u0131ndan biridir.<\/p>\n<p class=\"mhm-jue-internal-links\">B\u00f6lgede daha fazla macera m\u0131 ar\u0131yorsunuz? Tam listemizi ke\u015ffedin <a href=\"\/tr\/destinasyon\/antalya-turlari\/\">Antalya turlar\u0131<\/a> veya \u015funlara g\u00f6z at\u0131n <a href=\"\/tr\/turlar-2\/antalya-suluada-gunbatimi-tekne\/\">Antalya'dan Suluada Adas\u0131 G\u00fcn Bat\u0131m\u0131 Tekne Turu ve Ak\u015fam Yeme\u011fi<\/a> ba\u015fka unutulmaz bir deneyim i\u00e7in.<\/p>\n<h3 data-start=\"1551\" data-end=\"1575\">\ud83d\udeab Uygun De\u011fil<\/h3>\n<ul data-start=\"1576\" data-end=\"1650\">\n<li class=\"\" data-start=\"1576\" data-end=\"1614\">\u015eiddetli deniz tutmas\u0131 olan misafirler<\/li>\n<li class=\"\" data-start=\"1615\" data-end=\"1650\">Hareket k\u0131s\u0131tl\u0131l\u0131\u011f\u0131 olanlar<\/li>\n<\/ul>\n<p class=\"mhm-jue-external-link\">Hedef hakk\u0131nda daha fazla bilgi edinin <a href=\"https:\/\/en.wikipedia.org\/wiki\/Phaselis\" target=\"_blank\" rel=\"noopener\">Phaselis Antik Kenti Vikipedi sayfas\u0131<\/a>.<\/p>\n<h3 data-start=\"1657\" data-end=\"1678\">\ud83c\udf92 Getirilecekler<\/h3>\n<ul data-start=\"1679\" data-end=\"1812\">\n<li class=\"\" data-start=\"1679\" data-end=\"1701\">Mayo ve havlu<\/li>\n<li class=\"\" data-start=\"1702\" data-end=\"1728\">G\u00fcne\u015f kremi ve g\u00fcne\u015f g\u00f6zl\u00fc\u011f\u00fc<\/li>\n<li class=\"\" data-start=\"1729\" data-end=\"1743\">\u015eapka<\/li>\n<li class=\"\" data-start=\"1744\" data-end=\"1779\">Su ge\u00e7irmez telefon k\u0131l\u0131f\u0131 veya kamera<\/li>\n<li class=\"\" data-start=\"1780\" data-end=\"1812\">Gemideki ekstralar i\u00e7in biraz nakit<\/li>\n<\/ul>\n<h3 data-start=\"1819\" data-end=\"1837\">\u274c \u0130zin Verilmiyor<\/h3>\n<ul data-start=\"1838\" data-end=\"1904\">\n<li class=\"\" data-start=\"1838\" data-end=\"1865\">D\u0131\u015far\u0131dan yiyecek ve i\u00e7ecek<\/li>\n<li class=\"\" data-start=\"1866\" data-end=\"1874\">Evcil Hayvanlar<\/li>\n<li class=\"\" data-start=\"1875\" data-end=\"1904\">Kapal\u0131 alanlarda sigara i\u00e7mek<\/li>\n<\/ul>\n<h3 data-start=\"1911\" data-end=\"1937\">\u2139\ufe0f Gitmeden \u00d6nce Bilmeniz Gerekenler<\/h3>\n<ul data-start=\"1938\" data-end=\"2098\">\n<li class=\"\" data-start=\"1938\" data-end=\"1970\">Tur s\u00fcresi: <strong data-start=\"1955\" data-end=\"1968\">5\u20136 saat<\/strong><\/li>\n<li data-start=\"1938\" data-end=\"1970\">Katamara hem g\u00f6lgeli hem de g\u00fcne\u015flenme alanlar\u0131na sahiptir<\/li>\n<li class=\"\" data-start=\"2048\" data-end=\"2098\">\u00dccretsiz seyahat eden \u00e7ocuklar otob\u00fcste ayr\u0131 bir koltuk hakk\u0131na sahip olmayacakt\u0131r. Otob\u00fcs dolusu olursa, bir velinin kuca\u011f\u0131nda oturmak zorunda kalacaklar veya rezervasyon s\u0131ras\u0131nda ayr\u0131 bir koltuk sat\u0131n al\u0131nmal\u0131d\u0131r.<\/li>\n<\/ul>\n<p><strong>\ud83d\udcb8 Fiyatlar ve Rezervasyon<\/strong><\/p>\n<p><span style=\"color: #ff0000;\"><strong>\u2022 <\/strong><\/span>Fiyatlar mevsime ve kat\u0131l\u0131mc\u0131 say\u0131s\u0131na g\u00f6re de\u011fi\u015fiklik g\u00f6sterebilir.<\/p>\n<p><strong><span style=\"color: #ff0000;\">\u2022 <\/span>\u015eimdi rezervasyon yap\u0131n tur g\u00fcn\u00fcnde \u00f6deyin <\/strong>\u2013 En iyi fiyatlar i\u00e7in erken rezervasyon \u00f6nerilir.<\/p>\n<p><strong>\ud83d\udcde WhatsApp, Telegram veya Viber \u00fczerinden bizimle ileti\u015fime ge\u00e7in<\/strong> rezervasyon ve daha fazla bilgi i\u00e7in.<\/p>\n<\/div>","protected":false},"excerpt":{"rendered":"<p>\u26f5 Kemer Catamaran Boat Tour: Luxury, Fun &amp; Sea Vibes Enjoy a stylish cruise along the turquoise coast with the Kemer Catamaran Boat Tour \u2014 a perfect blend of relaxation, entertainment, and natural beauty. Sail on a modern catamaran and experience the Mediterranean like never before! \ud83c\udf1f Tour Highlights \u2022 Cruise on a luxurious, modern [&hellip;]<\/p>\n","protected":false},"featured_media":10861,"comment_status":"open","ping_status":"closed","template":"","meta":{"_acf_changed":false},"product_brand":[],"product_cat":[32,70],"product_tag":[69],"class_list":{"0":"post-11140","1":"product","2":"type-product","3":"status-publish","4":"has-post-thumbnail","6":"product_cat-antalya","7":"product_cat-pirates-boat-tours","8":"product_tag-antalya","10":"first","11":"instock","12":"featured","13":"shipping-taxable","14":"purchasable","15":"product-type-ovabrw_car_rental"},"acf":[],"aioseo_notices":[],"_links":{"self":[{"href":"https:\/\/joinusexcursions.com\/tr\/wp-json\/wp\/v2\/product\/11140","targetHints":{"allow":["GET"]}}],"collection":[{"href":"https:\/\/joinusexcursions.com\/tr\/wp-json\/wp\/v2\/product"}],"about":[{"href":"https:\/\/joinusexcursions.com\/tr\/wp-json\/wp\/v2\/types\/product"}],"replies":[{"embeddable":true,"href":"https:\/\/joinusexcursions.com\/tr\/wp-json\/wp\/v2\/comments?post=11140"}],"wp:featuredmedia":[{"embeddable":true,"href":"https:\/\/joinusexcursions.com\/tr\/wp-json\/wp\/v2\/media\/10861"}],"wp:attachment":[{"href":"https:\/\/joinusexcursions.com\/tr\/wp-json\/wp\/v2\/media?parent=11140"}],"wp:term":[{"taxonomy":"product_brand","embeddable":true,"href":"https:\/\/joinusexcursions.com\/tr\/wp-json\/wp\/v2\/product_brand?post=11140"},{"taxonomy":"product_cat","embeddable":true,"href":"https:\/\/joinusexcursions.com\/tr\/wp-json\/wp\/v2\/product_cat?post=11140"},{"taxonomy":"product_tag","embeddable":true,"href":"https:\/\/joinusexcursions.com\/tr\/wp-json\/wp\/v2\/product_tag?post=11140"}],"curies":[{"name":"wp","href":"https:\/\/api.w.org\/{rel}","templated":true}]}}