{"id":11144,"date":"2025-12-16T09:47:24","date_gmt":"2025-12-16T06:47:24","guid":{"rendered":"https:\/\/joinusexcursions.com\/?post_type=product&#038;p=11144"},"modified":"2026-04-13T20:43:46","modified_gmt":"2026-04-13T17:43:46","slug":"kemer-yesil-kanyon-tekne","status":"publish","type":"product","link":"https:\/\/joinusexcursions.com\/tr\/tours\/kemer-green-canyon-boat\/","title":{"rendered":"Kemer'den Ye\u015fil Kanyon Tekne Turu \u2013 Do\u011fa, Dinlenme"},"content":{"rendered":"<p class=\"mhm-jue-internal-links\">B\u00f6lgede daha fazla macera m\u0131 ar\u0131yorsunuz? Tam listemizi ke\u015ffedin <a href=\"\/tr\/destinasyon\/kemer-turlari\/\">Kemer turlar\u0131<\/a> veya \u015funlara g\u00f6z at\u0131n <a href=\"\/tr\/turlar-2\/kemer-suluada-adasi-tekne\/\">Kemer Suluada Adas\u0131 Tekne Turu<\/a> ba\u015fka unutulmaz bir deneyim i\u00e7in.<\/p>\n<p class=\"mhm-jue-external-link\">Hedef hakk\u0131nda daha fazla bilgi edinin <a href=\"https:\/\/en.wikipedia.org\/wiki\/Oymap%C4%B1nar_Dam\" target=\"_blank\" rel=\"noopener\">Oymap\u0131nar Baraj\u0131 Vikipedi sayfas\u0131<\/a>.<\/p>\n<p data-start=\"327\" data-end=\"466\">Kemer'den huzurlu bir Ye\u015fil Kanyon turuyla do\u011faya ka\u00e7\u0131\u015f. Z\u00fcmr\u00fct ye\u015fili sularda tekne turunun, y\u00fczme molalar\u0131n\u0131n ve g\u00f6l kenar\u0131nda \u00f6\u011fle yeme\u011finin tad\u0131n\u0131 \u00e7\u0131kar\u0131n.<\/p>\n<h2>\ud83c\udfdd\ufe0f Kemer Ye\u015fil Kanyon Tekne Turuna Genel Bak\u0131\u015f<\/h2>\n<p data-start=\"486\" data-end=\"776\">Kemer ve yak\u0131n b\u00f6lgelerden dinlendirici bir tam g\u00fcnl\u00fck Ye\u015fil Kanyon turuna kat\u0131l\u0131n. Toros Da\u011flar\u0131 ile \u00e7evrili turkuaz sularda gezin, y\u00fczme molalar\u0131n\u0131n ve g\u00f6l kenar\u0131nda lezzetli bir \u00f6\u011fle yeme\u011finin tad\u0131n\u0131 \u00e7\u0131kar\u0131n. Aileler ve do\u011fa severler i\u00e7in m\u00fckemmel bir deneyim. Tur s\u00fcresi yakla\u015f\u0131k 9-10 saattir.<\/p>\n<h2>Kemer Ye\u015fil Kanyon Tekne Turunda Sizi Neler Bekliyor?<\/h2>\n<p data-start=\"2787\" data-end=\"2953\"><span style=\"color: #ff0000;\"><strong>\u2022<\/strong> <\/span>Fiyatlar sezona g\u00f6re de\u011fi\u015fiklik g\u00f6sterebilir<br data-start=\"2824\" data-end=\"2827\" \/><span style=\"color: #ff0000;\"><strong>\u2022<\/strong> <\/span>\u015eimdi rezervasyon yap\u0131n ve tur g\u00fcn\u00fc \u00f6deme yap\u0131n<br data-start=\"2868\" data-end=\"2871\" \/><span style=\"color: #ff0000;\"><strong>\u2022<\/strong> <\/span>WhatsApp, Telegram veya Viber \u00fczerinden bizimle ileti\u015fime ge\u00e7in veya a\u015fa\u011f\u0131daki rezervasyon formunu doldurun<\/p>","protected":false},"excerpt":{"rendered":"<p>Kemer'den Ye\u015fil Kanyon'a y\u00fczme molalar\u0131, do\u011fal da\u011f manzaralar\u0131 ve g\u00f6l kenar\u0131nda \u00f6\u011fle yeme\u011fi i\u00e7eren bir tekne turunun tad\u0131n\u0131 \u00e7\u0131kar\u0131n. Rahatlat\u0131c\u0131 tam g\u00fcnl\u00fck do\u011fa ka\u00e7ama\u011f\u0131.<\/p>","protected":false},"featured_media":11150,"comment_status":"open","ping_status":"closed","template":"","meta":{"_acf_changed":false},"product_brand":[],"product_cat":[37],"product_tag":[65],"class_list":{"0":"post-11144","1":"product","2":"type-product","3":"status-publish","4":"has-post-thumbnail","6":"product_cat-kemer","7":"product_tag-kemer","9":"first","10":"instock","11":"sale","12":"featured","13":"shipping-taxable","14":"purchasable","15":"product-type-ovabrw_car_rental"},"acf":[],"aioseo_notices":[],"_links":{"self":[{"href":"https:\/\/joinusexcursions.com\/tr\/wp-json\/wp\/v2\/product\/11144","targetHints":{"allow":["GET"]}}],"collection":[{"href":"https:\/\/joinusexcursions.com\/tr\/wp-json\/wp\/v2\/product"}],"about":[{"href":"https:\/\/joinusexcursions.com\/tr\/wp-json\/wp\/v2\/types\/product"}],"replies":[{"embeddable":true,"href":"https:\/\/joinusexcursions.com\/tr\/wp-json\/wp\/v2\/comments?post=11144"}],"wp:featuredmedia":[{"embeddable":true,"href":"https:\/\/joinusexcursions.com\/tr\/wp-json\/wp\/v2\/media\/11150"}],"wp:attachment":[{"href":"https:\/\/joinusexcursions.com\/tr\/wp-json\/wp\/v2\/media?parent=11144"}],"wp:term":[{"taxonomy":"product_brand","embeddable":true,"href":"https:\/\/joinusexcursions.com\/tr\/wp-json\/wp\/v2\/product_brand?post=11144"},{"taxonomy":"product_cat","embeddable":true,"href":"https:\/\/joinusexcursions.com\/tr\/wp-json\/wp\/v2\/product_cat?post=11144"},{"taxonomy":"product_tag","embeddable":true,"href":"https:\/\/joinusexcursions.com\/tr\/wp-json\/wp\/v2\/product_tag?post=11144"}],"curies":[{"name":"wp","href":"https:\/\/api.w.org\/{rel}","templated":true}]}}