{"id":11153,"date":"2025-12-16T10:42:44","date_gmt":"2025-12-16T07:42:44","guid":{"rendered":"https:\/\/joinusexcursions.com\/?post_type=product&#038;p=11153"},"modified":"2026-04-18T20:00:37","modified_gmt":"2026-04-18T17:00:37","slug":"side-yesil-kanyon-tekne","status":"publish","type":"product","link":"https:\/\/joinusexcursions.com\/tr\/tours\/side-green-canyon-boat\/","title":{"rendered":"Side'den Ye\u015fil Kanyon Tekne Turu \u2013 Do\u011fa, Rahatlama"},"content":{"rendered":"<p data-start=\"4513\" data-end=\"4651\">Side'den huzurlu bir Ye\u015fil Kanyon turuyla do\u011faya ka\u00e7\u0131n. Z\u00fcmr\u00fct ye\u015fili sularda tekne turu, y\u00fczme molalar\u0131 ve g\u00f6l kenar\u0131nda \u00f6\u011fle yeme\u011fi keyfini \u00e7\u0131kar\u0131n.<\/p>\n<h3>\ud83c\udfdd\ufe0f Genel Bak\u0131\u015f<\/h3>\n<p data-start=\"4671\" data-end=\"4979\">Side, Manavgat, Kumk\u00f6y ve yak\u0131ndaki b\u00f6lgelerden rahatlat\u0131c\u0131 bir tam g\u00fcnl\u00fck Ye\u015fil Kanyon turuna kat\u0131l\u0131n. Toros Da\u011flar\u0131 ile \u00e7evrili turkuaz sularda seyir edin, y\u00fczme molalar\u0131n\u0131n ve g\u00f6l kenar\u0131nda lezzetli bir \u00f6\u011fle yeme\u011finin tad\u0131n\u0131 \u00e7\u0131kar\u0131n. Aileler ve do\u011fa severler i\u00e7in m\u00fckemmel bir deneyim. Tur s\u00fcresi yakla\u015f\u0131k 9\u201310 saattir.<\/p>\n<h3 data-start=\"998\" data-end=\"1015\">\ud83c\udf1f \u00d6ne \u00c7\u0131kanlar<\/h3>\n<p data-start=\"1017\" data-end=\"1222\"><span style=\"color: #ff0000;\"><strong>\u2022<\/strong> <\/span>Ye\u015fil Kanyon'da manzaral\u0131 tekne turu<br data-start=\"1058\" data-end=\"1061\" \/><span style=\"color: #ff0000;\"><strong>\u2022<\/strong> <\/span>Toros Da\u011flar\u0131'n\u0131n b\u00fcy\u00fcleyici manzaralar\u0131<br data-start=\"1101\" data-end=\"1104\" \/><span style=\"color: #ff0000;\"><strong>\u2022<\/strong> <\/span>Serin kanyon sular\u0131nda y\u00fczmek<br data-start=\"1142\" data-end=\"1145\" \/><span style=\"color: #ff0000;\"><strong>\u2022<\/strong> <\/span>G\u00f6l kenar\u0131nda lezzetli \u00f6\u011fle yeme\u011fi<br data-start=\"1174\" data-end=\"1177\" \/><span style=\"color: #ff0000;\"><strong>\u2022<\/strong> <\/span>\u015eehir kalabal\u0131\u011f\u0131ndan uzak, huzurlu bir atmosfer<\/p>\n<h3 dir=\"ltr\"><img decoding=\"async\" class=\"emoji\" role=\"img\" draggable=\"false\" src=\"https:\/\/s.w.org\/images\/core\/emoji\/17.0.2\/svg\/1f4d6.svg\" alt=\"\ud83d\udcd6\" \/>\u00a0<strong>Tam A\u00e7\u0131klama<\/strong><\/h3>\n<p data-start=\"5232\" data-end=\"5391\">G\u00fcn\u00fcn\u00fcz Side veya yak\u0131n \u00e7evredeki otelinizden rahat bir \u015fekilde al\u0131nman\u0131zla ba\u015flar, ard\u0131ndan Toros Da\u011flar\u0131 boyunca Ye\u015fil Kanyon'a do\u011fru manzaral\u0131 bir yolculuk yap\u0131l\u0131r.<\/p>\n<p data-start=\"5393\" data-end=\"5643\">Var\u0131\u015f\u0131n\u0131zda, rahat bir tekneye binerek ye\u015fil z\u00fcmr\u00fct rengi sular \u00fczerinde, sarp kayal\u0131klar ve yemye\u015fil orman manzaralar\u0131 e\u015fli\u011finde dinlendirici bir yolculu\u011fa \u00e7\u0131k\u0131n. Rota, K\u00fc\u00e7\u00fck ve B\u00fcy\u00fck Kanyon'dan ge\u00e7erek sakin, berrak sularda y\u00fczme molalar\u0131 verilecektir.<\/p>\n<p data-start=\"5645\" data-end=\"5884\">Daha sonra, g\u00f6l kenar\u0131nda bir restoranda lezzetli bir \u00f6\u011fle yeme\u011finin tad\u0131n\u0131 \u00e7\u0131kar\u0131n; burada tam anlam\u0131yla dinlenebilir ve do\u011fan\u0131n sessizli\u011finin keyfini \u00e7\u0131karabilirsiniz. Bu tur, kendinizi yenilenmi\u015f ve zinde hissederek otelinize d\u00f6nmeden \u00f6nce dinlenme ve manzara aras\u0131nda m\u00fckemmel bir denge sunuyor.<\/p>\n<p class=\"mhm-jue-internal-links\">B\u00f6lgede daha fazla macera m\u0131 ar\u0131yorsunuz? Tam listemizi ke\u015ffedin <a href=\"\/tr\/destinasyon\/side-turlari\/\">Yan geziler<\/a> veya \u015funlara g\u00f6z at\u0131n <a href=\"\/tr\/turlar-2\/side-land-of-legends-gece\/\">Side'den Legendlar Diyar\u0131 Gece \u015eovu<\/a> ba\u015fka unutulmaz bir deneyim i\u00e7in.<\/p>\n<h3 data-start=\"1904\" data-end=\"1925\">\ud83d\uddd3\ufe0f Tur Program\u0131<\/h3>\n<p data-start=\"1927\" data-end=\"2155\"><span style=\"color: #ff0000;\"><strong>\u2022<\/strong> <\/span>Side ve \u00e7evresindeki otellerden alma<br data-start=\"1976\" data-end=\"1979\" \/><span style=\"color: #ff0000;\"><strong>\u2022<\/strong> <\/span>Toros Da\u011flar\u0131'nda manzaral\u0131 s\u00fcr\u00fc\u015f<br data-start=\"2022\" data-end=\"2025\" \/><span style=\"color: #ff0000;\"><strong>\u2022<\/strong> <\/span>Ye\u015fil Kanyon'da tekne gezisi<br data-start=\"2054\" data-end=\"2057\" \/><span style=\"color: #ff0000;\"><strong>\u2022<\/strong> <\/span>Y\u00fczme durur<br data-start=\"2073\" data-end=\"2076\" \/><span style=\"color: #ff0000;\"><strong>\u2022<\/strong> <\/span> G\u00f6l kenar\u0131nda bir restoranda \u00f6\u011fle yeme\u011fi<br data-start=\"2108\" data-end=\"2111\" \/><span style=\"color: #ff0000;\"><strong>\u2022<\/strong> <\/span>Gidi\u015f-d\u00f6n\u00fc\u015f gemi yolculu\u011fu<br data-start=\"2126\" data-end=\"2129\" \/><span style=\"color: #ff0000;\"><strong>\u2022<\/strong> <\/span>Otele geri transfer<\/p>\n<h3 data-start=\"2157\" data-end=\"2182\">\u2139\ufe0f Faydal\u0131 Bilgiler<\/h3>\n<p data-start=\"2184\" data-end=\"2550\"><span style=\"color: #ff0000;\"><strong>\u2022<\/strong> <\/span>Tam g\u00fcnl\u00fck tekne turu (yakla\u015f\u0131k 9-10 saat)<br data-start=\"2224\" data-end=\"2227\" \/><span style=\"color: #ff0000;\"><strong>\u2022<\/strong> <\/span>D\u00fc\u015f\u00fck fiziksel aktivite (tekne turu ve iste\u011fe ba\u011fl\u0131 y\u00fczme)<br data-start=\"2286\" data-end=\"2289\" \/><span style=\"color: #ff0000;\"><strong>\u2022<\/strong> <\/span>Kemer'den G\u00fcnl\u00fck Kalk\u0131\u015flar<br data-start=\"2318\" data-end=\"2321\" \/><span style=\"color: #ff0000;\"><strong>\u2022<\/strong> <\/span>Teknede g\u00f6lgeli oturma yerleri ve tuvaletler mevcuttur<br data-start=\"2371\" data-end=\"2374\" \/><span style=\"color: #ff0000;\"><strong>\u2022<\/strong> <\/span>Hayat kurtar\u0131c\u0131 can yelekleri mevcuttur<br data-start=\"2397\" data-end=\"2400\" \/><span style=\"color: #ff0000;\"><strong>\u2022<\/strong> <\/span>5 ya\u015f\u0131n alt\u0131ndaki \u00e7ocuklar \u00fccretsiz seyahat eder ve ayr\u0131 bir otob\u00fcs koltuklar\u0131 olmaz; otob\u00fcs doluysa, bir yeti\u015fkinin kuca\u011f\u0131nda otururlar veya ayr\u0131 bir koltuk rezerve edilebilir.<\/p>\n<p class=\"mhm-jue-external-link\">Hedef hakk\u0131nda daha fazla bilgi edinin <a href=\"https:\/\/en.wikipedia.org\/wiki\/Oymap%C4%B1nar_Dam\" target=\"_blank\" rel=\"noopener\">Oymap\u0131nar Baraj\u0131 Vikipedi sayfas\u0131<\/a>.<\/p>\n<h3 data-start=\"2552\" data-end=\"2572\">\ud83c\udf92 Getirilecekler<\/h3>\n<p data-start=\"2574\" data-end=\"2689\"><span style=\"color: #ff0000;\"><strong>\u2022<\/strong> <\/span>Mayo ve havlu<br data-start=\"2594\" data-end=\"2597\" \/><span style=\"color: #ff0000;\"><strong>\u2022<\/strong> <\/span>G\u00fcne\u015f kremi ve \u015fapka<br data-start=\"2616\" data-end=\"2619\" \/><span style=\"color: #ff0000;\"><strong>\u2022<\/strong> <\/span>G\u00fcne\u015f g\u00f6zl\u00fc\u011f\u00fc<br data-start=\"2631\" data-end=\"2634\" \/><span style=\"color: #ff0000;\"><strong>\u2022<\/strong> <\/span>Kamera veya ak\u0131ll\u0131 telefon<br data-start=\"2656\" data-end=\"2659\" \/><span style=\"color: #ff0000;\"><strong>\u2022<\/strong> <\/span>Ki\u015fisel harcamalar i\u00e7in nakit<\/p>\n<h3 data-start=\"2691\" data-end=\"2714\">\ud83d\udeab Uygun De\u011fil<\/h3>\n<p data-start=\"2716\" data-end=\"2759\"><span style=\"color: #ff0000;\"><strong>\u2022<\/strong> <\/span>A\u011f\u0131r hareket k\u0131s\u0131tl\u0131l\u0131\u011f\u0131 olan misafirler<\/p>\n<h3 data-start=\"2761\" data-end=\"2785\">\ud83d\udcb8 Fiyat ve Rezervasyon<\/h3>\n<p data-start=\"2787\" data-end=\"2953\"><span style=\"color: #ff0000;\"><strong>\u2022<\/strong> <\/span>Fiyatlar sezona g\u00f6re de\u011fi\u015fiklik g\u00f6sterebilir<br data-start=\"2824\" data-end=\"2827\" \/><span style=\"color: #ff0000;\"><strong>\u2022<\/strong> <\/span>\u015eimdi rezervasyon yap\u0131n ve tur g\u00fcn\u00fc \u00f6deme yap\u0131n<br data-start=\"2868\" data-end=\"2871\" \/><span style=\"color: #ff0000;\"><strong>\u2022<\/strong> <\/span>WhatsApp, Telegram veya Viber \u00fczerinden bizimle ileti\u015fime ge\u00e7in veya a\u015fa\u011f\u0131daki rezervasyon formunu doldurun<\/p>","protected":false},"excerpt":{"rendered":"<p>Side'den do\u011faya ka\u00e7\u0131\u015f, y\u00fczme molalar\u0131, b\u00fcy\u00fcleyici manzaralar ve rahatlat\u0131c\u0131 bir g\u00f6l kenar\u0131 \u00f6\u011fle yeme\u011fi i\u00e7eren Ye\u015fil Kanyon tekne turu.<\/p>","protected":false},"featured_media":11150,"comment_status":"open","ping_status":"closed","template":"","meta":{"_acf_changed":false},"product_brand":[],"product_cat":[46],"product_tag":[68],"class_list":{"0":"post-11153","1":"product","2":"type-product","3":"status-publish","4":"has-post-thumbnail","6":"product_cat-side","7":"product_tag-side","9":"first","10":"instock","11":"sale","12":"featured","13":"shipping-taxable","14":"purchasable","15":"product-type-ovabrw_car_rental"},"acf":[],"aioseo_notices":[],"_links":{"self":[{"href":"https:\/\/joinusexcursions.com\/tr\/wp-json\/wp\/v2\/product\/11153","targetHints":{"allow":["GET"]}}],"collection":[{"href":"https:\/\/joinusexcursions.com\/tr\/wp-json\/wp\/v2\/product"}],"about":[{"href":"https:\/\/joinusexcursions.com\/tr\/wp-json\/wp\/v2\/types\/product"}],"replies":[{"embeddable":true,"href":"https:\/\/joinusexcursions.com\/tr\/wp-json\/wp\/v2\/comments?post=11153"}],"wp:featuredmedia":[{"embeddable":true,"href":"https:\/\/joinusexcursions.com\/tr\/wp-json\/wp\/v2\/media\/11150"}],"wp:attachment":[{"href":"https:\/\/joinusexcursions.com\/tr\/wp-json\/wp\/v2\/media?parent=11153"}],"wp:term":[{"taxonomy":"product_brand","embeddable":true,"href":"https:\/\/joinusexcursions.com\/tr\/wp-json\/wp\/v2\/product_brand?post=11153"},{"taxonomy":"product_cat","embeddable":true,"href":"https:\/\/joinusexcursions.com\/tr\/wp-json\/wp\/v2\/product_cat?post=11153"},{"taxonomy":"product_tag","embeddable":true,"href":"https:\/\/joinusexcursions.com\/tr\/wp-json\/wp\/v2\/product_tag?post=11153"}],"curies":[{"name":"wp","href":"https:\/\/api.w.org\/{rel}","templated":true}]}}